{"id":7934,"date":"2025-06-11T07:24:19","date_gmt":"2025-06-11T07:24:19","guid":{"rendered":"https:\/\/sinoextrud.com\/product\/aluminum-extruded-profile-for-5g-communication-instrument\/"},"modified":"2025-06-24T06:14:10","modified_gmt":"2025-06-24T06:14:10","slug":"perfil-de-aluminio-extruido-para-instrumento-de-comunicacion-5g","status":"publish","type":"product","link":"https:\/\/sinoextrud.com\/es\/product\/aluminum-extruded-profile-for-5g-communication-instrument\/","title":{"rendered":"Perfil extruido de aluminio para instrumentos de comunicaci\u00f3n 5G"},"content":{"rendered":"<h2>Productos<\/h2>\n<table class=\"custom-table\">\n<tbody>\n<tr>\n<td> <strong>Art\u00edculo:<\/strong><\/td>\n<td> <strong>Perfil extruido de aluminio para instrumentos de comunicaci\u00f3n 5G<\/strong><\/td>\n<td> <strong>Grado:<\/strong><\/td>\n<td> <strong>6061, 6063<\/strong><\/td>\n<\/tr>\n<tr>\n<td> <strong>Temperamento:<\/strong><\/td>\n<td> <strong>6063-T5<\/strong><\/td>\n<td> <strong>Lugar de origen:<\/strong><\/td>\n<td> <strong>Foshan, Guangdong<\/strong><\/td>\n<\/tr>\n<tr>\n<td> <strong>Forma:<\/strong><\/td>\n<td> <strong>personalizaci\u00f3n<\/strong><\/td>\n<td> <strong>De aleaci\u00f3n o no:<\/strong><\/td>\n<td> <strong>Aleaci\u00f3n de aluminio<\/strong><\/td>\n<\/tr>\n<tr>\n<td> <strong>Tolerancia:<\/strong><\/td>\n<td> <strong>\u00b10,5%<\/strong><\/td>\n<td> <strong>Marca:<\/strong><\/td>\n<td> <strong>Sinoextrud, Sinoextrud<\/strong><\/td>\n<\/tr>\n<tr>\n<td> <strong>Est\u00e1ndar:<\/strong><\/td>\n<td> <strong>calidad media y alta<\/strong><\/td>\n<td> <strong>Tratamiento de la superficie:<\/strong><\/td>\n<td> <strong>pintura en polvo, electroforesis, grano de madera, anodizado, cepillado, pulido<\/strong><\/td>\n<\/tr>\n<tr>\n<td> <strong>Plazo de entrega:<\/strong><\/td>\n<td> <strong>25-30 d\u00edas<\/strong><\/td>\n<td> <strong>MOQ:<\/strong><\/td>\n<td> <strong>200KGs<\/strong><\/td>\n<\/tr>\n<tr>\n<td> <strong>Plazo de pago:<\/strong><\/td>\n<td> <strong>T\/T(30% Dep\u00f3sito), L\/C<\/strong><\/td>\n<td> <strong>Servicio de tramitaci\u00f3n:<\/strong><\/td>\n<td> <strong>Plegado, desenrollado, soldadura, punzonado, corte<\/strong><\/td>\n<\/tr>\n<tr>\n<td> <strong>Puerto:<\/strong><\/td>\n<td> <strong>Guangzhou, Shenzhen,Foshan<\/strong><\/td>\n<td> <strong>Longitud:<\/strong><\/td>\n<td> <strong>1-9m o personalizado<\/strong><\/td>\n<\/tr>\n<\/tbody>\n<\/table>\n<h2>Nuestra base de fabricaci\u00f3n<\/h2>\n<h3>Panorama de la f\u00e1brica<\/h3>\n<p><img decoding=\"async\" src=\"\/wp-content\/uploads\/factory-01.webp\"\/><\/p>\n<h3>Taller de fabricaci\u00f3n de barras de aluminio<\/h3>\n<p><img decoding=\"async\" src=\"\/wp-content\/uploads\/factory-02.webp\"\/><\/p>\n<\/p>\n<p><img decoding=\"async\" src=\"\/wp-content\/uploads\/factory-03.webp\"\/><\/p>\n<h3>Almac\u00e9n de moldes<\/h3>\n<p><img decoding=\"async\" src=\"\/wp-content\/uploads\/factory-04.webp\"\/><\/p>\n<h3>43 l\u00edneas de extrusi\u00f3n de aluminio (500-5500 toneladas)<\/h3>\n<p><img decoding=\"async\" src=\"\/wp-content\/uploads\/factory-05.webp\"\/><\/p>\n<p><img decoding=\"async\" src=\"\/wp-content\/uploads\/factory-06.webp\"\/><\/p>\n<p><img decoding=\"async\" src=\"\/wp-content\/uploads\/factory-07.webp\"\/><\/p>\n<h3>Taller de pintura en polvo<\/h3>\n<p><img decoding=\"async\" src=\"\/wp-content\/uploads\/factory-09.webp\"\/><\/p>\n<h3>Taller de anodizado<\/h3>\n<p><img decoding=\"async\" src=\"\/wp-content\/uploads\/factory-10.webp\"\/><\/p>\n<h3>Taller de procesamiento profundo<\/h3>\n<p><img decoding=\"async\" src=\"\/wp-content\/uploads\/factory-11.webp\"\/><\/p>\n<h3>Taller de mecanizado de precisi\u00f3n CNC<\/h3>\n<p><img decoding=\"async\" src=\"\/wp-content\/uploads\/factory-11.5.webp\"\/><\/p>\n<h3>Almac\u00e9n de productos acabados y de exportaci\u00f3n<\/h3>\n<p><img decoding=\"async\" src=\"\/wp-content\/uploads\/factory-12.webp\"\/><\/p>\n<p><img decoding=\"async\" src=\"\/wp-content\/uploads\/factory-13.webp\"\/><\/p>\n<p><img decoding=\"async\" src=\"\/wp-content\/uploads\/factory-14.webp\"\/><\/p>\n<h2>PREGUNTAS FRECUENTES<\/h2>\n<p><b>1.\u00bfQu\u00e9 es un perfil extruido de aluminio para instrumentos de comunicaci\u00f3n 5G? <\/b><\/p>\n<p> Se trata de un componente de aluminio conformado con precisi\u00f3n que se utiliza para alojar y proteger dispositivos de comunicaci\u00f3n 5G, ofreciendo resistencia, disipaci\u00f3n t\u00e9rmica y blindaje EMI.\n<\/p>\n<p><\/p>\n<p><b>2.\u00bfPor qu\u00e9 se utiliza el aluminio en las cajas de los instrumentos de comunicaci\u00f3n 5G? <\/b><\/p>\n<p> El aluminio es ligero, resistente a la corrosi\u00f3n y tiene una excelente conductividad t\u00e9rmica, por lo que es ideal para proteger y refrigerar equipos 5G.\n<\/p>\n<p><\/p>\n<p><b>3.\u00bfC\u00f3mo ayuda la extrusi\u00f3n de aluminio al rendimiento de la se\u00f1al 5G? <\/b><\/p>\n<p> Los perfiles de aluminio extruido pueden dise\u00f1arse con caracter\u00edsticas de blindaje EMI que minimizan las interferencias y mejoran la estabilidad de la se\u00f1al 5G.\n<\/p>\n<p><\/p>\n<p><b>4.\u00bfSe pueden personalizar las extrusiones de aluminio para aplicaciones 5G? <\/b><\/p>\n<p> S\u00ed, ofrecemos perfiles de aluminio extruido a medida adaptados a diferentes dimensiones de carcasas 5G, necesidades de montaje y requisitos t\u00e9rmicos.\n<\/p>\n<p><\/p>\n<p><b>5.\u00bfLos perfiles de aluminio para equipos 5G son adecuados para su uso en exteriores? <\/b><\/p>\n<p> Por supuesto, las superficies anodizadas o con recubrimiento de polvo ofrecen una excelente protecci\u00f3n contra la intemperie y la corrosi\u00f3n en instalaciones exteriores.\n<\/p>\n<p><\/p>\n<p><b>6.\u00bfCu\u00e1les son las ventajas t\u00e9rmicas del aluminio en los instrumentos 5G? <\/b><\/p>\n<p> Las extrusiones de aluminio disipan el calor con eficacia, lo que es esencial para mantener el rendimiento y la fiabilidad en los dispositivos 5G de alta frecuencia.\n<\/p>\n<p><\/p>\n<p><b>7.\u00bfSon compatibles los perfiles de aluminio con los dise\u00f1os 5G compactos e integrados? <\/b><\/p>\n<p> S\u00ed, los perfiles extruidos con precisi\u00f3n permiten crear carcasas delgadas y personalizadas que satisfacen las exigencias de dise\u00f1o compacto e integrado de la infraestructura 5G.\n<\/p>\n<p><\/p>","protected":false},"featured_media":7933,"template":"","categories":[54],"class_list":["post-7934","product","type-product","status-publish","has-post-thumbnail","hentry","category-industrial-aluminum-profiles"],"meta_box":{"hilight_text_group":{"product_hilight_text":"<li>Precision-extruded aluminum ensures high dimensional accuracy for 5G equipment enclosures.<\/li>\r\r\n<li>Lightweight structure reduces load on communication towers and devices.<\/li>\r\r\n<li>Excellent thermal conductivity helps dissipate heat from sensitive 5G components.<\/li>\r\r\n<li>Corrosion-resistant surface coating for long-term outdoor performance.<\/li>\r\r\n<li>Customizable shapes and finishes for specific 5G instrument housing needs.<\/li>\r\r\n<li>Supports electromagnetic shielding to enhance signal stability.<\/li>\r\r\n<li>Ideal for compact, high-frequency, and high-performance communication modules.<\/li>","product_chanpin_blog":"<ul>\r\r\n<li><a href=\"https:\/\/sinoextrud.com\/t-slot-v-slot-differences\/\" target=\"_blank\">t slot vs v slot<\/a><\/li>\r\r\n<li><a href=\"https:\/\/sinoextrud.com\/what-is-4040-aluminium-extrud\/\" target=\"_blank\">4040 aluminium extrusion<\/a><\/li>\r\r\n<li><a href=\"https:\/\/sinoextrud.com\/what-is-4040-aluminium-extrud\/\" target=\"_blank\">aluminum extrusions for industrial racks<\/a><\/li>\r\r\n<li><a href=\"https:\/\/sinoextrud.com\/powder-coating-aluminium-process\/\" target=\"_blank\">powder coating aluminium<\/a><\/li>\r\r\n<li><a href=\"https:\/\/sinoextrud.com\/what-is-an-aluminium-strip-ceiling\/\" target=\"_blank\">aluminium strip ceiling<\/a><\/li>\r\r\n<li><a href=\"https:\/\/sinoextrud.com\/what-is-a-heat-sink\/\" target=\"_blank\">what is a heat sink<\/a><\/li>\r\r\n<\/ul>","product_chanpin_chanpin":"<li><a href=\"https:\/\/sinoextrud.com\/product\/aluminium-solar-profile\/\" target=\"_blank\">Aluminium Solar Profile<\/a><\/li>\r\n<li><a href=\"https:\/\/sinoextrud.com\/product\/aluminium-t-extrusion\/\" target=\"_blank\">Aluminium T Extrusion<\/a><\/li>\r\n<li><a href=\"https:\/\/sinoextrud.com\/product\/aluminium-t-track-extrusions\/\" target=\"_blank\">Aluminium T Track Extrusions<\/a><\/li>\r\n<li><a href=\"https:\/\/sinoextrud.com\/product\/aluminum-electronic-enclosure-heatsink\/\" target=\"_blank\">Aluminum Electronic Enclosure heatsink<\/a><\/li>\r\n<li><a href=\"https:\/\/sinoextrud.com\/product\/aluminum-extruded-profile-for-5g-communication-instrument\/\" target=\"_blank\">Aluminum Extruded Profile For 5G Communication Instrument<\/a><\/li>\r\n<li><a href=\"https:\/\/sinoextrud.com\/product\/aluminum-extrusion-framing-components\/\" target=\"_blank\">Aluminum Extrusion Framing Components<\/a><\/li>\r\n<li><a href=\"https:\/\/sinoextrud.com\/product\/aluminum-extrusion-heat-profiles-sink\/\" target=\"_blank\">Aluminum Extrusion Heat Profiles Sink<\/a><\/li>\r\n<li><a href=\"https:\/\/sinoextrud.com\/product\/aluminum-extrusion-housing\/\" target=\"_blank\">Aluminum Extrusion Housing<\/a><\/li>\r\n<li><a href=\"https:\/\/sinoextrud.com\/product\/aluminum-extrusion-profiles-products\/\" target=\"_blank\">Aluminum Extrusion Profiles Products<\/a><\/li>\r\n<li><a href=\"https:\/\/sinoextrud.com\/product\/aluminum-extrusion-solar-panel-frame\/\" target=\"_blank\">Aluminum extrusion solar panel frame<\/a><\/li>\r\n<li><a href=\"https:\/\/sinoextrud.com\/product\/aluminium-fabrication\/\" target=\"_blank\">Aluminium Fabrication<\/a><\/li>"},"feature_list":[]},"_links":{"self":[{"href":"https:\/\/sinoextrud.com\/es\/wp-json\/wp\/v2\/product\/7934","targetHints":{"allow":["GET"]}}],"collection":[{"href":"https:\/\/sinoextrud.com\/es\/wp-json\/wp\/v2\/product"}],"about":[{"href":"https:\/\/sinoextrud.com\/es\/wp-json\/wp\/v2\/types\/product"}],"wp:featuredmedia":[{"embeddable":true,"href":"https:\/\/sinoextrud.com\/es\/wp-json\/wp\/v2\/media\/7933"}],"wp:attachment":[{"href":"https:\/\/sinoextrud.com\/es\/wp-json\/wp\/v2\/media?parent=7934"}],"wp:term":[{"taxonomy":"category","embeddable":true,"href":"https:\/\/sinoextrud.com\/es\/wp-json\/wp\/v2\/categories?post=7934"}],"curies":[{"name":"wp","href":"https:\/\/api.w.org\/{rel}","templated":true}]}}