{"id":7920,"date":"2025-06-11T07:08:28","date_gmt":"2025-06-11T07:08:28","guid":{"rendered":"https:\/\/sinoextrud.com\/product\/aluminium-slot-profile\/"},"modified":"2025-06-24T06:14:06","modified_gmt":"2025-06-24T06:14:06","slug":"perfil-ranurado-de-aluminio","status":"publish","type":"product","link":"https:\/\/sinoextrud.com\/es\/product\/aluminium-slot-profile\/","title":{"rendered":"Perfil ranurado de aluminio"},"content":{"rendered":"<h2>Productos<\/h2>\n<table class=\"custom-table\">\n<tbody>\n<tr>\n<td>Clasificaci\u00f3n:<\/td>\n<td>M\u00e1quina de taller<\/td>\n<\/tr>\n<tr>\n<td>Grado Autom\u00e1tico:<\/td>\n<td>No autom\u00e1tico<\/td>\n<\/tr>\n<tr>\n<td>Rendimiento:<\/td>\n<td>Antiincendios, antiagua, antisuciedad<\/td>\n<\/tr>\n<tr>\n<td>Grosor:<\/td>\n<td>2,7 mm<\/td>\n<\/tr>\n<tr>\n<td>Longitud:<\/td>\n<td>1-9m<\/td>\n<\/tr>\n<tr>\n<td>Marca registrada:<\/td>\n<td>Sinoextrud<\/td>\n<\/tr>\n<tr>\n<td>C\u00f3digo SA:<\/td>\n<td>76041010<\/td>\n<\/tr>\n<tr>\n<td>Tipo de propulsi\u00f3n:<\/td>\n<td>Mesa de taller<\/td>\n<\/tr>\n<tr>\n<td>Aplicaci\u00f3n:<\/td>\n<td>Industrial, Material de filmaci\u00f3n, Ventanas, Puertas, Persianas, Vallas<\/td>\n<\/tr>\n<tr>\n<td>Material de la membrana:<\/td>\n<td>6063-t5<\/td>\n<\/tr>\n<tr>\n<td>Anchura:<\/td>\n<td>80*80mm<\/td>\n<\/tr>\n<tr>\n<td>Material:<\/td>\n<td>Aleaci\u00f3n 6000<\/td>\n<\/tr>\n<tr>\n<td>Color:<\/td>\n<td>astilla anodizada, astilla electroforesis, recubrimiento en polvo, Alrededor de 5000 Colores<\/td>\n<\/tr>\n<tr>\n<td>Paquete de transporte:<\/td>\n<td>Embalado en pl\u00e1stico PE firme cada uno, y las piezas del paquete embalado en los papeles de la espuma<\/td>\n<\/tr>\n<tr>\n<td>Origen:<\/td>\n<td>Foshan, China<\/td>\n<\/tr>\n<\/tbody>\n<\/table>\n<h2>Nuestra base de fabricaci\u00f3n<\/h2>\n<h3>Panorama de la f\u00e1brica<\/h3>\n<p><img decoding=\"async\" src=\"\/wp-content\/uploads\/factory-01.webp\"\/><\/p>\n<h3>Taller de fabricaci\u00f3n de barras de aluminio<\/h3>\n<p><img decoding=\"async\" src=\"\/wp-content\/uploads\/factory-02.webp\"\/><\/p>\n<\/p>\n<p><img decoding=\"async\" src=\"\/wp-content\/uploads\/factory-03.webp\"\/><\/p>\n<h3>Almac\u00e9n de moldes<\/h3>\n<p><img decoding=\"async\" src=\"\/wp-content\/uploads\/factory-04.webp\"\/><\/p>\n<h3>43 L\u00c3neas de extrusi\u00c3\u00b3n de aluminio (500\u00e2\u20ac\"5500 toneladas)<\/h3>\n<p><img decoding=\"async\" src=\"\/wp-content\/uploads\/factory-05.webp\"\/><\/p>\n<p><img decoding=\"async\" src=\"\/wp-content\/uploads\/factory-06.webp\"\/><\/p>\n<p><img decoding=\"async\" src=\"\/wp-content\/uploads\/factory-07.webp\"\/><\/p>\n<h3>Taller de pintura en polvo<\/h3>\n<p><img decoding=\"async\" src=\"\/wp-content\/uploads\/factory-09.webp\"\/><\/p>\n<h3>Taller de anodizado<\/h3>\n<p><img decoding=\"async\" src=\"\/wp-content\/uploads\/factory-10.webp\"\/><\/p>\n<h3>Taller de procesamiento profundo<\/h3>\n<p><img decoding=\"async\" src=\"\/wp-content\/uploads\/factory-11.webp\"\/><\/p>\n<h3>Taller de mecanizado de precisi\u00f3n CNC<\/h3>\n<p><img decoding=\"async\" src=\"\/wp-content\/uploads\/factory-11.5.webp\"\/><\/p>\n<h3>Almac\u00e9n de productos acabados y de exportaci\u00f3n<\/h3>\n<p><img decoding=\"async\" src=\"\/wp-content\/uploads\/factory-12.webp\"\/><\/p>\n<p><img decoding=\"async\" src=\"\/wp-content\/uploads\/factory-13.webp\"\/><\/p>\n<p><img decoding=\"async\" src=\"\/wp-content\/uploads\/factory-14.webp\"\/><\/p>\n<h2>PREGUNTAS FRECUENTES<\/h2>\n<p><b>1.\u00bfQu\u00e9 hace que los perfiles ranurados de aluminio sean vers\u00e1tiles?<\/b><\/p>\n<p>Los perfiles ranurados de aluminio son altamente personalizables, ofreciendo flexibilidad en la construcci\u00f3n de estructuras modulares y ajustables para una amplia gama de aplicaciones industriales.\n<\/p>\n<p><\/p>\n<p><b>2.\u00bfEn qu\u00e9 beneficia el material de aluminio a los perfiles ranurados de aluminio?<\/b><\/p>\n<p>El material de aluminio proporciona solidez, resistencia a la corrosi\u00f3n y ligereza, lo que hace que los perfiles sean duraderos y f\u00e1ciles de manejar para diversas aplicaciones.\n<\/p>\n<p><\/p>\n<p><b>3.\u00bfSe pueden personalizar los perfiles ranurados de aluminio para proyectos espec\u00edficos?<\/b><\/p>\n<p>S\u00ed, los perfiles est\u00e1n dise\u00f1ados para ser personalizables, lo que permite crear estructuras a medida que satisfagan requisitos espec\u00edficos de dise\u00f1o y capacidad de carga.\n<\/p>\n<p><\/p>\n<p><b>4.\u00bfC\u00f3mo mejora la resistencia a la corrosi\u00f3n de los perfiles ranurados de aluminio?<\/b><\/p>\n<p>Las propiedades anticorrosi\u00f3n garantizan que los perfiles mantengan su aspecto y rendimiento incluso en entornos exteriores e industriales dif\u00edciles.\n<\/p>\n<p><\/p>\n<p><b>5. \u00bfEs f\u00e1cil montar perfiles ranurados de aluminio?<\/b><\/p>\n<p>El dise\u00f1o de las ranuras permite un montaje f\u00e1cil y r\u00e1pido, permitiendo que los componentes encajen de forma segura sin necesidad de herrajes adicionales ni herramientas complejas.\n<\/p>\n<p><\/p>\n<p><b>6. \u00bfQu\u00e9 industrias utilizan perfiles ranurados de aluminio?<\/b><\/p>\n<p>Se utilizan habitualmente en la construcci\u00f3n, la automatizaci\u00f3n, la fabricaci\u00f3n y el enmarcado, donde se requieren sistemas ajustables y modulares.\n<\/p>\n<p><\/p>\n<p><b>7.\u00bfCu\u00e1l es la rentabilidad de los perfiles ranurados de aluminio?<\/b><\/p>\n<p>Ofrecen una soluci\u00f3n rentable al eliminar la necesidad de componentes adicionales y reducir el tiempo de mano de obra, por lo que son ideales para proyectos estructurales y de construcci\u00f3n de marcos a medida.\n<\/p>\n<p><\/p>","protected":false},"featured_media":7919,"template":"","categories":[54],"class_list":["post-7920","product","type-product","status-publish","has-post-thumbnail","hentry","category-industrial-aluminum-profiles"],"meta_box":{"hilight_text_group":{"product_hilight_text":"<li>Versatile and customizable slot profiles, ideal for creating modular and adjustable structures.<\/li>\r\r\n<li>Durable aluminum construction, offering lightweight strength and long-lasting performance.<\/li>\r\r\n<li>Corrosion-resistant, making it suitable for both indoor and outdoor applications in various environments.<\/li>\r\r\n<li>Easy to assemble, reducing installation time and labor costs due to its slot design compatibility.<\/li>\r\r\n<li>Cost-effective solution for building flexible frames and enclosures without additional hardware.<\/li>","product_chanpin_blog":"<ul>\r\r\n<li><a href=\"https:\/\/sinoextrud.com\/t-slot-v-slot-differences\/\" target=\"_blank\">t slot vs v slot<\/a><\/li>\r\r\n<li><a href=\"https:\/\/sinoextrud.com\/what-is-4040-aluminium-extrud\/\" target=\"_blank\">4040 aluminium extrusion<\/a><\/li>\r\r\n<li><a href=\"https:\/\/sinoextrud.com\/what-is-4040-aluminium-extrud\/\" target=\"_blank\">aluminum extrusions for industrial racks<\/a><\/li>\r\r\n<li><a href=\"https:\/\/sinoextrud.com\/powder-coating-aluminium-process\/\" target=\"_blank\">powder coating aluminium<\/a><\/li>\r\r\n<li><a href=\"https:\/\/sinoextrud.com\/what-is-an-aluminium-strip-ceiling\/\" target=\"_blank\">aluminium strip ceiling<\/a><\/li>\r\r\n<li><a href=\"https:\/\/sinoextrud.com\/what-is-a-heat-sink\/\" target=\"_blank\">what is a heat sink<\/a><\/li>\r\r\n<\/ul>","product_chanpin_chanpin":"<li><a href=\"https:\/\/sinoextrud.com\/product\/aluminium-extrusion-for-solar-panel-mounting-frame\/\" target=\"_blank\">Aluminium extrusion for solar panel mounting frame<\/a><\/li>\r\n<li><a href=\"https:\/\/sinoextrud.com\/product\/aluminium-extrusion-profile-for-led-light-strip-heat-sink\/\" target=\"_blank\">Aluminium Extrusion Profile For LED Light Strip Heat Sink<\/a><\/li>\r\n<li><a href=\"https:\/\/sinoextrud.com\/product\/aluminium-industrial-profile\/\" target=\"_blank\">Aluminium Industrial Profile<\/a><\/li>\r\n<li><a href=\"https:\/\/sinoextrud.com\/product\/aluminium-round-tube-aluminium-profile-with-series-3003-3001\/\" target=\"_blank\">Aluminium Round Tube Aluminium Profile With Series 3003 3001<\/a><\/li>\r\n<li><a href=\"https:\/\/sinoextrud.com\/product\/aluminium-slot-profile\/\" target=\"_blank\">Aluminium Slot Profile<\/a><\/li>\r\n<li><a href=\"https:\/\/sinoextrud.com\/product\/aluminium-solar-frame-profile\/\" target=\"_blank\">Aluminium Solar Frame Profile<\/a><\/li>\r\n<li><a href=\"https:\/\/sinoextrud.com\/product\/aluminium-solar-profile\/\" target=\"_blank\">Aluminium Solar Profile<\/a><\/li>\r\n<li><a href=\"https:\/\/sinoextrud.com\/product\/aluminium-t-extrusion\/\" target=\"_blank\">Aluminium T Extrusion<\/a><\/li>\r\n<li><a href=\"https:\/\/sinoextrud.com\/product\/aluminium-t-track-extrusions\/\" target=\"_blank\">Aluminium T Track Extrusions<\/a><\/li>\r\n<li><a href=\"https:\/\/sinoextrud.com\/product\/aluminum-profile-for-windows-and-door-aluminum-curtain-wall-profile-extrusion\/\" target=\"_blank\">Aluminum Profile for Windows and Door Aluminum Curtain Wall Profile Extrusion<\/a><\/li>\r\n<li><a href=\"https:\/\/sinoextrud.com\/product\/aluminum-shutter\/\" target=\"_blank\">Aluminum Shutter<\/a><\/li>"},"feature_list":[]},"_links":{"self":[{"href":"https:\/\/sinoextrud.com\/es\/wp-json\/wp\/v2\/product\/7920","targetHints":{"allow":["GET"]}}],"collection":[{"href":"https:\/\/sinoextrud.com\/es\/wp-json\/wp\/v2\/product"}],"about":[{"href":"https:\/\/sinoextrud.com\/es\/wp-json\/wp\/v2\/types\/product"}],"wp:featuredmedia":[{"embeddable":true,"href":"https:\/\/sinoextrud.com\/es\/wp-json\/wp\/v2\/media\/7919"}],"wp:attachment":[{"href":"https:\/\/sinoextrud.com\/es\/wp-json\/wp\/v2\/media?parent=7920"}],"wp:term":[{"taxonomy":"category","embeddable":true,"href":"https:\/\/sinoextrud.com\/es\/wp-json\/wp\/v2\/categories?post=7920"}],"curies":[{"name":"wp","href":"https:\/\/api.w.org\/{rel}","templated":true}]}}