{"id":7912,"date":"2025-06-11T06:53:23","date_gmt":"2025-06-11T06:53:23","guid":{"rendered":"https:\/\/sinoextrud.com\/product\/aluminium-extrusion-for-solar-panel-mounting-frame\/"},"modified":"2025-06-24T06:14:04","modified_gmt":"2025-06-24T06:14:04","slug":"extrusion-de-aluminio-para-bastidor-de-montaje-de-paneles-solares","status":"publish","type":"product","link":"https:\/\/sinoextrud.com\/es\/product\/aluminium-extrusion-for-solar-panel-mounting-frame\/","title":{"rendered":"Extrusi\u00f3n de aluminio para el marco de montaje del panel solar"},"content":{"rendered":"<h2>Productos<\/h2>\n<table class=\"custom-table\">\n<tbody>\n<tr>\n<td> Art\u00edculo:<\/td>\n<td> Extrusi\u00f3n de aluminio para el marco de montaje del panel solar<\/td>\n<td> Grado:<\/td>\n<td> Serie 6000<\/td>\n<\/tr>\n<tr>\n<td> Temperamento:<\/td>\n<td> T5<\/td>\n<td> Lugar de origen:<\/td>\n<td> Foshan, Guangdong<\/td>\n<\/tr>\n<tr>\n<td> Forma:<\/td>\n<td> Personalizado<\/td>\n<td> De aleaci\u00f3n o no:<\/td>\n<td> Aleaci\u00f3n<\/td>\n<\/tr>\n<tr>\n<td> Material:<\/td>\n<td> 6063<\/td>\n<td> Marca:<\/td>\n<td> Sinoextrud, Sinoextrud<\/td>\n<\/tr>\n<tr>\n<td> Color:<\/td>\n<td> Clolor personalizado<\/td>\n<td> Tratamiento superficial:<\/td>\n<td> Anodizado, pintura en polvo, cepillado, chorro de arena, grano de madera<\/td>\n<\/tr>\n<tr>\n<td> Plazo de entrega:<\/td>\n<td> 25-30 d\u00edas<\/td>\n<td> MOQ:<\/td>\n<td> 200KG<\/td>\n<\/tr>\n<tr>\n<td> Plazo de pago:<\/td>\n<td> 30% dep\u00f3sito, 70% saldo antes de la entrega<\/td>\n<td> Servicio de tramitaci\u00f3n:<\/td>\n<td> Plegado, desenrollado, soldadura, punzonado, corte<\/td>\n<\/tr>\n<tr>\n<td> Puerto:<\/td>\n<td> Guangzhou, Shenzhen,Foshan<\/td>\n<td> Garantizado:<\/td>\n<td> certificado del cliente, como BV, Soncap, ISO<\/td>\n<\/tr>\n<tr>\n<td> Aplicaci\u00f3n:<\/td>\n<td> panel solar<\/td>\n<td> Longitud:<\/td>\n<td> 1-9m o personalizado<\/td>\n<\/tr>\n<\/tbody>\n<\/table>\n<h2>Nuestra base de fabricaci\u00f3n<\/h2>\n<h3>Panorama de la f\u00e1brica<\/h3>\n<p><img decoding=\"async\" src=\"\/wp-content\/uploads\/factory-01.webp\"\/><\/p>\n<h3>Taller de fabricaci\u00f3n de barras de aluminio<\/h3>\n<p><img decoding=\"async\" src=\"\/wp-content\/uploads\/factory-02.webp\"\/><\/p>\n<\/p>\n<p><img decoding=\"async\" src=\"\/wp-content\/uploads\/factory-03.webp\"\/><\/p>\n<h3>Almac\u00e9n de moldes<\/h3>\n<p><img decoding=\"async\" src=\"\/wp-content\/uploads\/factory-04.webp\"\/><\/p>\n<h3>43 L\u00c3neas de extrusi\u00c3\u00b3n de aluminio (500\u00e2\u20ac\"5500 toneladas)<\/h3>\n<p><img decoding=\"async\" src=\"\/wp-content\/uploads\/factory-05.webp\"\/><\/p>\n<p><img decoding=\"async\" src=\"\/wp-content\/uploads\/factory-06.webp\"\/><\/p>\n<p><img decoding=\"async\" src=\"\/wp-content\/uploads\/factory-07.webp\"\/><\/p>\n<h3>Taller de pintura en polvo<\/h3>\n<p><img decoding=\"async\" src=\"\/wp-content\/uploads\/factory-09.webp\"\/><\/p>\n<h3>Taller de anodizado<\/h3>\n<p><img decoding=\"async\" src=\"\/wp-content\/uploads\/factory-10.webp\"\/><\/p>\n<h3>Taller de procesamiento profundo<\/h3>\n<p><img decoding=\"async\" src=\"\/wp-content\/uploads\/factory-11.webp\"\/><\/p>\n<h3>Taller de mecanizado de precisi\u00f3n CNC<\/h3>\n<p><img decoding=\"async\" src=\"\/wp-content\/uploads\/factory-11.5.webp\"\/><\/p>\n<h3>Almac\u00e9n de productos acabados y de exportaci\u00f3n<\/h3>\n<p><img decoding=\"async\" src=\"\/wp-content\/uploads\/factory-12.webp\"\/><\/p>\n<p><img decoding=\"async\" src=\"\/wp-content\/uploads\/factory-13.webp\"\/><\/p>\n<p><img decoding=\"async\" src=\"\/wp-content\/uploads\/factory-14.webp\"\/><\/p>\n<h2>PREGUNTAS FRECUENTES<\/h2>\n<p><b>1. \u00bfQu\u00e9 es la extrusi\u00f3n de aluminio para bastidores de montaje de paneles solares? <\/b><\/p>\n<p> La extrusi\u00f3n de aluminio para bastidores de montaje de paneles solares es un perfil estructural que se utiliza para soportar y alinear de forma segura los paneles solares en instalaciones residenciales o comerciales.\n<\/p>\n<p><\/p>\n<p><b>2.\u00bfPor qu\u00e9 el aluminio es ideal para los marcos de montaje de paneles solares? <\/b><\/p>\n<p> El aluminio es ligero, fuerte y resistente a la corrosi\u00f3n, por lo que es perfecto para su uso a largo plazo en aplicaciones solares exteriores.\n<\/p>\n<p><\/p>\n<p><b>3. \u00bfSe puede personalizar la extrusi\u00f3n de aluminio para diferentes configuraciones solares? <\/b><\/p>\n<p> S\u00ed, ofrecemos longitudes, perfiles y acabados personalizados para adaptarnos a dimensiones espec\u00edficas de paneles solares y sistemas de estanter\u00edas.\n<\/p>\n<p><\/p>\n<p><b>4.\u00bfEs compatible la extrusi\u00f3n de aluminio con los herrajes de montaje est\u00e1ndar? <\/b><\/p>\n<p> Por supuesto, nuestras extrusiones de montaje solar est\u00e1n dise\u00f1adas para integrarse con los soportes, abrazaderas y conectores est\u00e1ndar del sector.\n<\/p>\n<p><\/p>\n<p><b>5.\u00bfC\u00f3mo mejora la extrusi\u00f3n de aluminio la instalaci\u00f3n solar? <\/b><\/p>\n<p> Permite un montaje r\u00e1pido, preciso y duradero de los paneles solares, reduciendo los costes de mano de obra y el tiempo de instalaci\u00f3n.\n<\/p>\n<p><\/p>\n<p><b>6.\u00bfEs el acabado superficial adecuado para entornos dif\u00edciles? <\/b><\/p>\n<p> S\u00ed, los acabados anodizados o recubiertos protegen el aluminio de la corrosi\u00f3n, la exposici\u00f3n a los rayos UV y la humedad en exteriores.\n<\/p>\n<p><\/p>\n<p><b>7.\u00bfQu\u00e9 tipos de proyectos solares utilizan marcos de extrusi\u00f3n de aluminio? <\/b><\/p>\n<p> Estos bastidores se utilizan en sistemas instalados en tejados, huertos solares instalados en el suelo e instalaciones aisladas de la red, tanto para aplicaciones residenciales como comerciales.\n<\/p>\n<p><\/p>","protected":false},"featured_media":7911,"template":"","categories":[54],"class_list":["post-7912","product","type-product","status-publish","has-post-thumbnail","hentry","category-industrial-aluminum-profiles"],"meta_box":{"hilight_text_group":{"product_hilight_text":"<li>High-strength aluminium extrusion ensures stable and secure solar panel mounting.<\/li>\r\r\n<li>Corrosion-resistant surface treatment for long-term outdoor durability.<\/li>\r\r\n<li>Lightweight material simplifies transport and installation.<\/li>\r\r\n<li>Customizable lengths and cross-sections to fit various solar panel systems.<\/li>\r\r\n<li>Compatible with most standard solar mounting brackets and components.<\/li>\r\r\n<li>Precision-extruded for consistent quality and easy alignment.<\/li>\r\r\n<li>Cost-effective solution for large-scale solar energy projects.<\/li>","product_chanpin_blog":"<ul>\r\r\n<li><a href=\"https:\/\/sinoextrud.com\/t-slot-v-slot-differences\/\" target=\"_blank\">t slot vs v slot<\/a><\/li>\r\r\n<li><a href=\"https:\/\/sinoextrud.com\/what-is-4040-aluminium-extrud\/\" target=\"_blank\">4040 aluminium extrusion<\/a><\/li>\r\r\n<li><a href=\"https:\/\/sinoextrud.com\/what-is-4040-aluminium-extrud\/\" target=\"_blank\">aluminum extrusions for industrial racks<\/a><\/li>\r\r\n<li><a href=\"https:\/\/sinoextrud.com\/powder-coating-aluminium-process\/\" target=\"_blank\">powder coating aluminium<\/a><\/li>\r\r\n<li><a href=\"https:\/\/sinoextrud.com\/what-is-an-aluminium-strip-ceiling\/\" target=\"_blank\">aluminium strip ceiling<\/a><\/li>\r\r\n<li><a href=\"https:\/\/sinoextrud.com\/what-is-a-heat-sink\/\" target=\"_blank\">what is a heat sink<\/a><\/li>\r\r\n<\/ul>","product_chanpin_chanpin":"<li><a href=\"https:\/\/sinoextrud.com\/product\/aluminium-6061\/\" target=\"_blank\">Aluminium 6061<\/a><\/li>\r\n<li><a href=\"https:\/\/sinoextrud.com\/product\/aluminium-c-profile\/\" target=\"_blank\">Aluminium C Profile<\/a><\/li>\r\n<li><a href=\"https:\/\/sinoextrud.com\/product\/aluminium-extrusion-caravan-profiles\/\" target=\"_blank\">Aluminium Extrusion Caravan Profiles<\/a><\/li>\r\n<li><a href=\"https:\/\/sinoextrud.com\/product\/aluminium-extrusion-fittings-for-led\/\" target=\"_blank\">Aluminium Extrusion Fittings For Led<\/a><\/li>\r\n<li><a href=\"https:\/\/sinoextrud.com\/product\/aluminium-extrusion-for-solar-panel-mounting-frame\/\" target=\"_blank\">Aluminium extrusion for solar panel mounting frame<\/a><\/li>\r\n<li><a href=\"https:\/\/sinoextrud.com\/product\/aluminium-extrusion-profile-for-led-light-strip-heat-sink\/\" target=\"_blank\">Aluminium Extrusion Profile For LED Light Strip Heat Sink<\/a><\/li>\r\n<li><a href=\"https:\/\/sinoextrud.com\/product\/aluminium-industrial-profile\/\" target=\"_blank\">Aluminium Industrial Profile<\/a><\/li>\r\n<li><a href=\"https:\/\/sinoextrud.com\/product\/aluminium-round-tube-aluminium-profile-with-series-3003-3001\/\" target=\"_blank\">Aluminium Round Tube Aluminium Profile With Series 3003 3001<\/a><\/li>\r\n<li><a href=\"https:\/\/sinoextrud.com\/product\/aluminium-slot-profile\/\" target=\"_blank\">Aluminium Slot Profile<\/a><\/li>\r\n<li><a href=\"https:\/\/sinoextrud.com\/product\/aluminum-extrusion-rail\/\" target=\"_blank\">Aluminum Extrusion Rail<\/a><\/li>\r\n<li><a href=\"https:\/\/sinoextrud.com\/product\/heavy-duty-aluminium-sliding-door-golden\/\" target=\"_blank\">Heavy Duty Aluminium Sliding Door Golden<\/a><\/li>"},"feature_list":[]},"_links":{"self":[{"href":"https:\/\/sinoextrud.com\/es\/wp-json\/wp\/v2\/product\/7912","targetHints":{"allow":["GET"]}}],"collection":[{"href":"https:\/\/sinoextrud.com\/es\/wp-json\/wp\/v2\/product"}],"about":[{"href":"https:\/\/sinoextrud.com\/es\/wp-json\/wp\/v2\/types\/product"}],"wp:featuredmedia":[{"embeddable":true,"href":"https:\/\/sinoextrud.com\/es\/wp-json\/wp\/v2\/media\/7911"}],"wp:attachment":[{"href":"https:\/\/sinoextrud.com\/es\/wp-json\/wp\/v2\/media?parent=7912"}],"wp:term":[{"taxonomy":"category","embeddable":true,"href":"https:\/\/sinoextrud.com\/es\/wp-json\/wp\/v2\/categories?post=7912"}],"curies":[{"name":"wp","href":"https:\/\/api.w.org\/{rel}","templated":true}]}}