{"id":7882,"date":"2025-06-11T03:21:50","date_gmt":"2025-06-11T03:21:50","guid":{"rendered":"https:\/\/sinoextrud.com\/product\/aluminium-shelf-extrusion\/"},"modified":"2025-06-24T06:13:57","modified_gmt":"2025-06-24T06:13:57","slug":"extrusion-de-aluminio-para-estanterias","status":"publish","type":"product","link":"https:\/\/sinoextrud.com\/es\/product\/aluminium-shelf-extrusion\/","title":{"rendered":"Extrusi\u00f3n de estanter\u00edas de aluminio"},"content":{"rendered":"<h2>Productos<\/h2>\n<table class=\"custom-table\">\n<tr>\n<td class=\"label\">\nArt\u00edculo:<\/td>\n<td> Extrusi\u00f3n de estanter\u00edas de aluminio<\/td>\n<\/tr>\n<tr>\n<td class=\"label\">Calidad:<\/td>\n<td> 6063-T5, aleaci\u00f3n<\/td>\n<\/tr>\n<tr>\n<td class=\"label\">Terminado:<\/td>\n<td> GB Plata anodizada<\/td>\n<\/tr>\n<tr>\n<td class=\"label\">Dise\u00f1o:<\/td>\n<td> Seg\u00fan plano del cliente<\/td>\n<\/tr>\n<tr>\n<td class=\"label\">Longitud:<\/td>\n<td> 1-9m o personalizado<\/td>\n<\/tr>\n<tr>\n<td class=\"label\">Uso:<\/td>\n<td> Industria de la construcci\u00f3n<\/td>\n<\/tr>\n<tr>\n<td class=\"label\">Certificaci\u00f3n:<\/td>\n<td> ISO9001:2008;ISO14001:\uff0c2004;SGS\uff0c<\/td>\n<\/tr>\n<tr>\n<td class=\"label\">De:<\/td>\n<td> Foshan, Guangdong, China<\/td>\n<\/tr>\n<\/table>\n<h2>Nuestra base de fabricaci\u00f3n<\/h2>\n<h3>Panorama de la f\u00e1brica<\/h3>\n<p><img decoding=\"async\" src=\"\/wp-content\/uploads\/factory-01.webp\"\/><\/p>\n<h3>Taller de fabricaci\u00f3n de barras de aluminio<\/h3>\n<p><img decoding=\"async\" src=\"\/wp-content\/uploads\/factory-02.webp\"\/><\/p>\n<p><img decoding=\"async\" src=\"\/wp-content\/uploads\/factory-03.webp\"\/><\/p>\n<h3>Almac\u00e9n de moldes<\/h3>\n<p><img decoding=\"async\" src=\"\/wp-content\/uploads\/factory-04.webp\"\/><\/p>\n<h3>43 l\u00edneas de extrusi\u00f3n de aluminio (500-5500 toneladas)<\/h3>\n<p><img decoding=\"async\" src=\"\/wp-content\/uploads\/factory-05.webp\"\/><\/p>\n<p><img decoding=\"async\" src=\"\/wp-content\/uploads\/factory-06.webp\"\/><\/p>\n<p><img decoding=\"async\" src=\"\/wp-content\/uploads\/factory-07.webp\"\/><\/p>\n<h3>Taller de pintura en polvo<\/h3>\n<p><img decoding=\"async\" src=\"\/wp-content\/uploads\/factory-09.webp\"\/><\/p>\n<h3>Taller de anodizado<\/h3>\n<p><img decoding=\"async\" src=\"\/wp-content\/uploads\/factory-10.webp\"\/><\/p>\n<h3>Taller de procesamiento profundo<\/h3>\n<p><img decoding=\"async\" src=\"\/wp-content\/uploads\/factory-11.webp\"\/><\/p>\n<h3>Taller de mecanizado de precisi\u00f3n CNC<\/h3>\n<p><img decoding=\"async\" src=\"\/wp-content\/uploads\/factory-11.5.webp\"\/><\/p>\n<h3>Almac\u00e9n de productos acabados y de exportaci\u00f3n<\/h3>\n<p><img decoding=\"async\" src=\"\/wp-content\/uploads\/factory-12.webp\"\/><\/p>\n<p><img decoding=\"async\" src=\"\/wp-content\/uploads\/factory-13.webp\"\/><\/p>\n<p><img decoding=\"async\" src=\"\/wp-content\/uploads\/factory-14.webp\"\/><\/p>\n<h2>PREGUNTAS FRECUENTES<\/h2>\n<p><p><b>1. \u00bfPara qu\u00e9 se utilizan las extrusiones de aluminio para estanter\u00edas?<\/b><\/p>\n<p>Las extrusiones de aluminio para estanter\u00edas se utilizan para crear sistemas de estanter\u00edas resistentes, duraderos y personalizables en diversas aplicaciones industriales, comerciales y minoristas.<br \/>\n<\/p><br \/>\n<br \/>\n<p><b>2.\u00bfPor qu\u00e9 el aluminio es un buen material para las extrusiones de estanter\u00edas?<\/b><\/p>\n<p>El aluminio es ligero, resistente a la corrosi\u00f3n y fuerte, lo que lo convierte en un material ideal para sistemas de estanter\u00edas que deben soportar mercanc\u00edas y ofrecer durabilidad a largo plazo.<br \/>\n<\/p><br \/>\n<br \/>\n<p><b>3.\u00bfSe pueden personalizar las extrusiones de aluminio para estanter\u00edas?<\/b><\/p>\n<p>S\u00ed, estas extrusiones pueden adaptarse a tama\u00f1os, dise\u00f1os y necesidades estructurales espec\u00edficos de las estanter\u00edas, lo que garantiza un uso \u00f3ptimo en distintos entornos.<br \/>\n<\/p><br \/>\n<br \/>\n<p><b>4. \u00bfQu\u00e9 ventajas ofrece la resistencia a la corrosi\u00f3n de las extrusiones de aluminio para estanter\u00edas?<\/b><\/p>\n<p>Las propiedades de resistencia a la corrosi\u00f3n del aluminio hacen que estas extrusiones sean ideales para entornos de alta humedad o exteriores, garantizando un rendimiento duradero sin degradaci\u00f3n.<br \/>\n<\/p><br \/>\n<br \/>\n<p><b>5.\u00bfSon f\u00e1ciles de instalar las extrusiones de aluminio para estanter\u00edas?<\/b><\/p>\n<p>S\u00ed, las extrusiones de aluminio para estanter\u00edas est\u00e1n dise\u00f1adas para una instalaci\u00f3n sencilla, con componentes que pueden montarse r\u00e1pidamente sin necesidad de herramientas o procesos complejos.<br \/>\n<\/p><br \/>\n<br \/>\n<p><b>6.\u00bfEstas estanter\u00edas son adecuadas para un uso intensivo?<\/b><\/p>\n<p>S\u00ed, los perfiles extruidos de aluminio para estanter\u00edas son lo suficientemente resistentes y duraderos como para soportar cargas pesadas, por lo que son adecuados para aplicaciones industriales y comerciales de uso intensivo.<br \/>\n<\/p><br \/>\n<br \/>\n<p><b>7.\u00bfQu\u00e9 industrias se benefician de las extrusiones de aluminio para estanter\u00edas?<\/b><\/p>\n<p>Industrias como el comercio minorista, el almacenamiento, la log\u00edstica y la fabricaci\u00f3n se benefician de las extrusiones de aluminio para estanter\u00edas por sus soluciones personalizables, duraderas y rentables.<br \/>\n<\/p><br \/><\/p>","protected":false},"featured_media":7881,"template":"","categories":[54],"class_list":["post-7882","product","type-product","status-publish","has-post-thumbnail","hentry","category-industrial-aluminum-profiles"],"meta_box":{"hilight_text_group":{"product_hilight_text":"<li>Strong and lightweight design, ideal for shelving solutions in various industrial settings.<\/li>\r\r\n<li>Corrosion-resistant aluminum ensures long-lasting performance, even in high-moisture environments.<\/li>\r\r\n<li>Customizable profiles to meet specific shelving dimensions and structural requirements.<\/li>\r\r\n<li>Easy to install and maintain, reducing labor and operational costs.<\/li>\r\r\n<li>Versatile applications in retail, storage, and industrial environments for organizing goods and materials.<\/li>","product_chanpin_blog":"<ul>\r\r\n<li><a href=\"https:\/\/sinoextrud.com\/t-slot-v-slot-differences\/\" target=\"_blank\">t slot vs v slot<\/a><\/li>\r\r\n<li><a href=\"https:\/\/sinoextrud.com\/what-is-4040-aluminium-extrud\/\" target=\"_blank\">4040 aluminium extrusion<\/a><\/li>\r\r\n<li><a href=\"https:\/\/sinoextrud.com\/what-is-4040-aluminium-extrud\/\" target=\"_blank\">aluminum extrusions for industrial racks<\/a><\/li>\r\r\n<li><a href=\"https:\/\/sinoextrud.com\/powder-coating-aluminium-process\/\" target=\"_blank\">powder coating aluminium<\/a><\/li>\r\r\n<li><a href=\"https:\/\/sinoextrud.com\/what-is-an-aluminium-strip-ceiling\/\" target=\"_blank\">aluminium strip ceiling<\/a><\/li>\r\r\n<li><a href=\"https:\/\/sinoextrud.com\/what-is-a-heat-sink\/\" target=\"_blank\">what is a heat sink<\/a><\/li>\r\r\n<\/ul>","product_chanpin_chanpin":"<li><a href=\"https:\/\/sinoextrud.com\/product\/aluminum-extrusion-framing\/\" target=\"_blank\">Aluminum Extrusion Framing<\/a><\/li>\r\n<li><a href=\"https:\/\/sinoextrud.com\/product\/aluminium-exrtrusion-slot\/\" target=\"_blank\">Aluminium Exrtrusion Slot<\/a><\/li>\r\n<li><a href=\"https:\/\/sinoextrud.com\/product\/round-t-slot-extrusion\/\" target=\"_blank\">Round T Slot Extrusion<\/a><\/li>\r\n<li><a href=\"https:\/\/sinoextrud.com\/product\/custom-aluminum-extrusion\/\" target=\"_blank\">Custom Aluminum Extrusion<\/a><\/li>\r\n<li><a href=\"https:\/\/sinoextrud.com\/product\/aluminium-shelf-extrusion\/\" target=\"_blank\">Aluminium Shelf Extrusion<\/a><\/li>\r\n<li><a href=\"https:\/\/sinoextrud.com\/product\/metal-extrusion-products\/\" target=\"_blank\">Metal Extrusion Products<\/a><\/li>\r\n<li><a href=\"https:\/\/sinoextrud.com\/product\/t-slot-aluminum-extursion\/\" target=\"_blank\">T-slot Aluminum Extursion<\/a><\/li>\r\n<li><a href=\"https:\/\/sinoextrud.com\/product\/2020-aluminum-extrusion-t-slot-aluminum-extrusion\/\" target=\"_blank\">2020 Aluminum Extrusion T Slot Aluminum Extrusion<\/a><\/li>\r\n<li><a href=\"https:\/\/sinoextrud.com\/product\/6063-anodized-road-case-aluminum-extrusions\/\" target=\"_blank\">6063 Anodized Road Case Aluminum Extrusions<\/a><\/li>\r\n<li><a href=\"https:\/\/sinoextrud.com\/product\/aluminum-window-extrusion-profiles\/\" target=\"_blank\">Aluminum Window Extrusion Profiles<\/a><\/li>\r\n<li><a href=\"https:\/\/sinoextrud.com\/product\/20mm-x-20mm-aluminum-extrusion\/\" target=\"_blank\">20mm X 20mm Aluminum Extrusion<\/a><\/li>"},"feature_list":[]},"_links":{"self":[{"href":"https:\/\/sinoextrud.com\/es\/wp-json\/wp\/v2\/product\/7882","targetHints":{"allow":["GET"]}}],"collection":[{"href":"https:\/\/sinoextrud.com\/es\/wp-json\/wp\/v2\/product"}],"about":[{"href":"https:\/\/sinoextrud.com\/es\/wp-json\/wp\/v2\/types\/product"}],"wp:featuredmedia":[{"embeddable":true,"href":"https:\/\/sinoextrud.com\/es\/wp-json\/wp\/v2\/media\/7881"}],"wp:attachment":[{"href":"https:\/\/sinoextrud.com\/es\/wp-json\/wp\/v2\/media?parent=7882"}],"wp:term":[{"taxonomy":"category","embeddable":true,"href":"https:\/\/sinoextrud.com\/es\/wp-json\/wp\/v2\/categories?post=7882"}],"curies":[{"name":"wp","href":"https:\/\/api.w.org\/{rel}","templated":true}]}}