{"id":7872,"date":"2025-06-11T03:13:24","date_gmt":"2025-06-11T03:13:24","guid":{"rendered":"https:\/\/sinoextrud.com\/product\/aluminum-solar-panel-frame\/"},"modified":"2025-06-24T06:13:54","modified_gmt":"2025-06-24T06:13:54","slug":"marco-de-aluminio-para-paneles-solares-2","status":"publish","type":"product","link":"https:\/\/sinoextrud.com\/es\/product\/aluminum-solar-panel-frame\/","title":{"rendered":"Marco de aluminio para paneles solares"},"content":{"rendered":"<h2>Productos<\/h2>\n<table class=\"custom-table\">\n<tr>\n<td class=\"label\">1. Material:<\/td>\n<td> Aleaci\u00f3n de aluminio 6063,,6061,6463,6061,6082,6060,6005 o seg\u00fan petici\u00f3n del cliente.<\/td>\n<\/tr>\n<tr>\n<td class=\"label\">2. Temperamento:<\/td>\n<td> T5, T6<\/td>\n<\/tr>\n<tr>\n<td class=\"label\">3. Tratamiento de la superficie:<\/td>\n<td> Acabado de fresado, anodizado, recubrimiento de polvo, electroforesis, arenado, etc. Revestimiento de PVDF, pintura de grano de madera, mateado, pulido brillante.<\/td>\n<\/tr>\n<tr>\n<td class=\"label\">4. Color disponible:<\/td>\n<td> Plata, bronce, champ\u00e1n, mate, natural para anodizado, Ral para pintura en polvo<\/td>\n<\/tr>\n<tr>\n<td class=\"label\">5. Detalles del embalaje:<\/td>\n<td> Pel\u00edcula protegida en el interior y pel\u00edcula retr\u00e1ctil en el exterior<\/td>\n<\/tr>\n<tr>\n<td class=\"label\">6. Tiempo de muestras:<\/td>\n<td> dos semanas despu\u00e9s de recibir la tasa de molde<\/td>\n<\/tr>\n<tr>\n<td class=\"label\">7. Entrega:<\/td>\n<td> 20 d\u00edas despu\u00e9s del dep\u00f3sito<\/td>\n<\/tr>\n<tr>\n<td class=\"label\">8. Capacidad de producci\u00f3n:<\/td>\n<td> 15.000 Tm\/Mes<\/td>\n<\/tr>\n<tr>\n<td class=\"label\">9. MOQ:<\/td>\n<td> 200KG<\/td>\n<\/tr>\n<tr>\n<td class=\"label\">10. Puerto:<\/td>\n<td> Shenzhen, Guangzhou, Foshan<\/td>\n<\/tr>\n<\/table>\n<h2>Nuestra base de fabricaci\u00f3n<\/h2>\n<h3>Panorama de la f\u00e1brica<\/h3>\n<p><img decoding=\"async\" src=\"\/wp-content\/uploads\/factory-01.webp\"\/><\/p>\n<h3>Taller de fabricaci\u00f3n de barras de aluminio<\/h3>\n<p><img decoding=\"async\" src=\"\/wp-content\/uploads\/factory-02.webp\"\/><\/p>\n<\/p>\n<p><img decoding=\"async\" src=\"\/wp-content\/uploads\/factory-03.webp\"\/><\/p>\n<h3>Almac\u00e9n de moldes<\/h3>\n<p><img decoding=\"async\" src=\"\/wp-content\/uploads\/factory-04.webp\"\/><\/p>\n<h3>43 L\u00c3neas de extrusi\u00c3\u00b3n de aluminio (500\u00e2\u20ac\"5500 toneladas)<\/h3>\n<p><img decoding=\"async\" src=\"\/wp-content\/uploads\/factory-05.webp\"\/><\/p>\n<p><img decoding=\"async\" src=\"\/wp-content\/uploads\/factory-06.webp\"\/><\/p>\n<p><img decoding=\"async\" src=\"\/wp-content\/uploads\/factory-07.webp\"\/><\/p>\n<h3>Taller de pintura en polvo<\/h3>\n<p><img decoding=\"async\" src=\"\/wp-content\/uploads\/factory-09.webp\"\/><\/p>\n<h3>Taller de anodizado<\/h3>\n<p><img decoding=\"async\" src=\"\/wp-content\/uploads\/factory-10.webp\"\/><\/p>\n<h3>Taller de procesamiento profundo<\/h3>\n<p><img decoding=\"async\" src=\"\/wp-content\/uploads\/factory-11.webp\"\/><\/p>\n<h3>Taller de mecanizado de precisi\u00f3n CNC<\/h3>\n<p><img decoding=\"async\" src=\"\/wp-content\/uploads\/factory-11.5.webp\"\/><\/p>\n<h3>Almac\u00e9n de productos acabados y de exportaci\u00f3n<\/h3>\n<p><img decoding=\"async\" src=\"\/wp-content\/uploads\/factory-12.webp\"\/><\/p>\n<p><img decoding=\"async\" src=\"\/wp-content\/uploads\/factory-13.webp\"\/><\/p>\n<p><img decoding=\"async\" src=\"\/wp-content\/uploads\/factory-14.webp\"\/><\/p>\n<h2>PREGUNTAS FRECUENTES<\/h2>\n<p><b>1. \u00bfCu\u00e1les son las principales ventajas de utilizar marcos de aluminio para paneles solares?<\/b><\/p>\n<p>Los bastidores de aluminio para paneles solares ofrecen durabilidad, resistencia a la corrosi\u00f3n, ligereza y capacidad de personalizaci\u00f3n, lo que los hace ideales para soportar paneles solares en diversos entornos.\n<\/p>\n<p><\/p>\n<p><b>2.\u00bfC\u00f3mo mejora el material de aluminio el rendimiento del marco del panel solar?<\/b><\/p>\n<p>El aluminio es ligero, fuerte y resistente a la corrosi\u00f3n, lo que garantiza una estructura fiable y duradera para instalaciones de paneles solares en entornos exteriores e industriales.\n<\/p>\n<p><\/p>\n<p><b>3. \u00bfSe pueden personalizar los marcos de aluminio para paneles solares?<\/b><\/p>\n<p>S\u00ed, pueden adaptarse a diferentes tama\u00f1os y configuraciones, lo que las hace vers\u00e1tiles para diversos modelos de paneles solares y necesidades de instalaci\u00f3n.\n<\/p>\n<p><\/p>\n<p><b>4. \u00bfCu\u00e1l es la resistencia a la corrosi\u00f3n de los marcos de aluminio para paneles solares?<\/b><\/p>\n<p>El aluminio es resistente por naturaleza a la corrosi\u00f3n, lo que garantiza que los marcos mantengan su integridad y su aspecto en condiciones ambientales adversas, como la exposici\u00f3n a la humedad y a los rayos UV.\n<\/p>\n<p><\/p>\n<p><b>5.\u00bfC\u00f3mo beneficia el dise\u00f1o ligero a las instalaciones de paneles solares?<\/b><\/p>\n<p>La naturaleza ligera del aluminio hace que sea m\u00e1s f\u00e1cil de manejar e instalar, reduciendo los costes de mano de obra y el tiempo de instalaci\u00f3n al tiempo que proporciona un soporte fiable para los paneles solares.\n<\/p>\n<p><\/p>\n<p><b>6. \u00bfQu\u00e9 industrias utilizan marcos de aluminio para paneles solares?<\/b><\/p>\n<p>Se utilizan principalmente en la industria de las energ\u00edas renovables, concretamente en sistemas de energ\u00eda solar, pero tambi\u00e9n son aplicables a instalaciones comerciales y residenciales.\n<\/p>\n<p><\/p>\n<p><b>7. \u00bfCu\u00e1l es la rentabilidad de los marcos de aluminio para paneles solares?<\/b><\/p>\n<p>Son una soluci\u00f3n rentable por su durabilidad, escaso mantenimiento e instalaci\u00f3n eficiente, lo que ayuda a reducir los costes generales de los proyectos de paneles solares.\n<\/p>\n<p><\/p>","protected":false},"featured_media":7871,"template":"","categories":[54],"class_list":["post-7872","product","type-product","status-publish","has-post-thumbnail","hentry","category-industrial-aluminum-profiles"],"meta_box":{"hilight_text_group":{"product_hilight_text":"<li>Durable aluminum construction, providing strength and long-lasting support for solar panels.<\/li>\r\r\n<li>Corrosion-resistant, ensuring reliable performance in both outdoor and harsh environmental conditions.<\/li>\r\r\n<li>Lightweight design, making it easier to handle and install while maintaining structural integrity.<\/li>\r\r\n<li>Customizable sizes and designs, suitable for various solar panel models and mounting systems.<\/li>\r\r\n<li>Cost-effective solution, reducing installation time and providing a stable, efficient framework for solar energy systems.<\/li>","product_chanpin_blog":"<ul>\r\r\n<li><a href=\"https:\/\/sinoextrud.com\/t-slot-v-slot-differences\/\" target=\"_blank\">t slot vs v slot<\/a><\/li>\r\r\n<li><a href=\"https:\/\/sinoextrud.com\/what-is-4040-aluminium-extrud\/\" target=\"_blank\">4040 aluminium extrusion<\/a><\/li>\r\r\n<li><a href=\"https:\/\/sinoextrud.com\/what-is-4040-aluminium-extrud\/\" target=\"_blank\">aluminum extrusions for industrial racks<\/a><\/li>\r\r\n<li><a href=\"https:\/\/sinoextrud.com\/powder-coating-aluminium-process\/\" target=\"_blank\">powder coating aluminium<\/a><\/li>\r\r\n<li><a href=\"https:\/\/sinoextrud.com\/what-is-an-aluminium-strip-ceiling\/\" target=\"_blank\">aluminium strip ceiling<\/a><\/li>\r\r\n<li><a href=\"https:\/\/sinoextrud.com\/what-is-a-heat-sink\/\" target=\"_blank\">what is a heat sink<\/a><\/li>\r\r\n<\/ul>","product_chanpin_chanpin":"<li><a href=\"https:\/\/sinoextrud.com\/product\/aluminium-profile-channel-factory\/\" target=\"_blank\">Aluminium Profile Channel Factory<\/a><\/li>\r\n<li><a href=\"https:\/\/sinoextrud.com\/product\/aluminum-extrusion-box\/\" target=\"_blank\">aluminum extrusion box<\/a><\/li>\r\n<li><a href=\"https:\/\/sinoextrud.com\/product\/decoration-aluminium\/\" target=\"_blank\">Decoration aluminium<\/a><\/li>\r\n<li><a href=\"https:\/\/sinoextrud.com\/product\/extruded-aluminum-heatsink-enclosure\/\" target=\"_blank\">Extruded Aluminum Heatsink Enclosure<\/a><\/li>\r\n<li><a href=\"https:\/\/sinoextrud.com\/product\/aluminum-solar-panel-frame\/\" target=\"_blank\">Aluminum Solar Panel Frame<\/a><\/li>\r\n<li><a href=\"https:\/\/sinoextrud.com\/product\/aluminum-extrusion-framing\/\" target=\"_blank\">Aluminum Extrusion Framing<\/a><\/li>\r\n<li><a href=\"https:\/\/sinoextrud.com\/product\/aluminium-exrtrusion-slot\/\" target=\"_blank\">Aluminium Exrtrusion Slot<\/a><\/li>\r\n<li><a href=\"https:\/\/sinoextrud.com\/product\/round-t-slot-extrusion\/\" target=\"_blank\">Round T Slot Extrusion<\/a><\/li>\r\n<li><a href=\"https:\/\/sinoextrud.com\/product\/custom-aluminum-extrusion\/\" target=\"_blank\">Custom Aluminum Extrusion<\/a><\/li>\r\n<li><a href=\"https:\/\/sinoextrud.com\/product\/alu-profile-system\/\" target=\"_blank\">Alu Profile System<\/a><\/li>\r\n<li><a href=\"https:\/\/sinoextrud.com\/product\/aluminium-solar-profile\/\" target=\"_blank\">Aluminium Solar Profile<\/a><\/li>"},"feature_list":[]},"_links":{"self":[{"href":"https:\/\/sinoextrud.com\/es\/wp-json\/wp\/v2\/product\/7872","targetHints":{"allow":["GET"]}}],"collection":[{"href":"https:\/\/sinoextrud.com\/es\/wp-json\/wp\/v2\/product"}],"about":[{"href":"https:\/\/sinoextrud.com\/es\/wp-json\/wp\/v2\/types\/product"}],"wp:featuredmedia":[{"embeddable":true,"href":"https:\/\/sinoextrud.com\/es\/wp-json\/wp\/v2\/media\/7871"}],"wp:attachment":[{"href":"https:\/\/sinoextrud.com\/es\/wp-json\/wp\/v2\/media?parent=7872"}],"wp:term":[{"taxonomy":"category","embeddable":true,"href":"https:\/\/sinoextrud.com\/es\/wp-json\/wp\/v2\/categories?post=7872"}],"curies":[{"name":"wp","href":"https:\/\/api.w.org\/{rel}","templated":true}]}}