{"id":7870,"date":"2025-06-11T03:11:36","date_gmt":"2025-06-11T03:11:36","guid":{"rendered":"https:\/\/sinoextrud.com\/product\/extruded-aluminum-heatsink-enclosure\/"},"modified":"2025-06-24T06:13:53","modified_gmt":"2025-06-24T06:13:53","slug":"carcasa-del-disipador-termico-de-aluminio-extruido","status":"publish","type":"product","link":"https:\/\/sinoextrud.com\/es\/product\/extruded-aluminum-heatsink-enclosure\/","title":{"rendered":"Disipador t\u00e9rmico de aluminio extruido"},"content":{"rendered":"<h2>Productos<\/h2>\n<table class=\"custom-table\">\n<tr>\n<td class=\"label\">T\u00edtulo<\/td>\n<td>Disipador t\u00e9rmico de aluminio extruido<\/td>\n<\/tr>\n<\/table>\n<h2>Nuestra base de fabricaci\u00f3n<\/h2>\n<h3>Panorama de la f\u00e1brica<\/h3>\n<p><img decoding=\"async\" src=\"\/wp-content\/uploads\/factory-01.webp\"\/><\/p>\n<h3>Taller de fabricaci\u00f3n de barras de aluminio<\/h3>\n<p><img decoding=\"async\" src=\"\/wp-content\/uploads\/factory-02.webp\"\/><\/p>\n<p><img decoding=\"async\" src=\"\/wp-content\/uploads\/factory-03.webp\"\/><\/p>\n<h3>Almac\u00e9n de moldes<\/h3>\n<p><img decoding=\"async\" src=\"\/wp-content\/uploads\/factory-04.webp\"\/><\/p>\n<h3>43 L\u00c3neas de extrusi\u00c3\u00b3n de aluminio (500\u00e2\u20ac\"5500 toneladas)<\/h3>\n<p><img decoding=\"async\" src=\"\/wp-content\/uploads\/factory-05.webp\"\/><\/p>\n<p><img decoding=\"async\" src=\"\/wp-content\/uploads\/factory-06.webp\"\/><\/p>\n<p><img decoding=\"async\" src=\"\/wp-content\/uploads\/factory-07.webp\"\/><\/p>\n<h3>Taller de pintura en polvo<\/h3>\n<p><img decoding=\"async\" src=\"\/wp-content\/uploads\/factory-09.webp\"\/><\/p>\n<h3>Taller de anodizado<\/h3>\n<p><img decoding=\"async\" src=\"\/wp-content\/uploads\/factory-10.webp\"\/><\/p>\n<h3>Taller de procesamiento profundo<\/h3>\n<p><img decoding=\"async\" src=\"\/wp-content\/uploads\/factory-11.webp\"\/><\/p>\n<h3>Taller de mecanizado de precisi\u00f3n CNC<\/h3>\n<p><img decoding=\"async\" src=\"\/wp-content\/uploads\/factory-11.5.webp\"\/><\/p>\n<h3>Almac\u00e9n de productos acabados y de exportaci\u00f3n<\/h3>\n<p><img decoding=\"async\" src=\"\/wp-content\/uploads\/factory-12.webp\"\/><\/p>\n<p><img decoding=\"async\" src=\"\/wp-content\/uploads\/factory-13.webp\"\/><\/p>\n<p><img decoding=\"async\" src=\"\/wp-content\/uploads\/factory-14.webp\"\/><\/p>\n<h2>PREGUNTAS FRECUENTES<\/h2>\n<p><p><b>1.\u00bfQu\u00e9 hace que la carcasa del disipador t\u00e9rmico de aluminio extruido sea ideal para la gesti\u00f3n t\u00e9rmica? <\/b><\/p>\n<p> Los disipadores de aluminio extruido proporcionan una excelente disipaci\u00f3n del calor, garantizando que los componentes electr\u00f3nicos se mantengan a temperaturas \u00f3ptimas para un rendimiento fiable.<br \/>\n<\/p><br \/>\n<br \/>\n<p><b>2.\u00bfSe puede personalizar la caja del disipador t\u00e9rmico de aluminio extruido? <\/b><\/p>\n<p> S\u00ed, estas carcasas pueden personalizarse en cuanto a tama\u00f1o, forma y dise\u00f1o para cumplir los requisitos t\u00e9rmicos y de protecci\u00f3n espec\u00edficos de diversas aplicaciones.<br \/>\n<\/p><br \/>\n<br \/>\n<p><b>3. \u00bfCu\u00e1l es la durabilidad del disipador t\u00e9rmico de aluminio extruido? <\/b><\/p>\n<p> Estas carcasas est\u00e1n fabricadas en aluminio resistente a la corrosi\u00f3n, lo que garantiza una larga durabilidad y protecci\u00f3n en entornos dif\u00edciles.<br \/>\n<\/p><br \/>\n<br \/>\n<p><b>4. \u00bfQu\u00e9 industrias se benefician del uso de disipadores t\u00e9rmicos de aluminio extruido? <\/b><\/p>\n<p> Industrias como la electr\u00f3nica, las telecomunicaciones, la automoci\u00f3n y los sistemas de alimentaci\u00f3n el\u00e9ctrica se benefician de la eficaz gesti\u00f3n t\u00e9rmica que ofrecen estas carcasas.<br \/>\n<\/p><br \/>\n<br \/>\n<p><b>5.\u00bfEs f\u00e1cil de instalar el disipador t\u00e9rmico de aluminio extruido? <\/b><\/p>\n<p> S\u00ed, est\u00e1 dise\u00f1ado para facilitar su montaje y modificaci\u00f3n, lo que reduce el tiempo de preparaci\u00f3n y los costes de mano de obra, al tiempo que ofrece flexibilidad para las distintas necesidades de los proyectos.<br \/>\n<\/p><br \/>\n<br \/>\n<p><b>6.\u00bfC\u00f3mo mejora el disipador t\u00e9rmico de aluminio extruido el rendimiento del sistema? <\/b><\/p>\n<p> La eficaz disipaci\u00f3n del calor garantiza que los componentes sensibles permanezcan a temperaturas de funcionamiento seguras, lo que mejora la fiabilidad y el rendimiento general del sistema.<br \/>\n<\/p><br \/>\n<br \/>\n<p><b>7. \u00bfEs el disipador t\u00e9rmico de aluminio extruido respetuoso con el medio ambiente? <\/b><\/p>\n<p> S\u00ed, el aluminio es totalmente reciclable, lo que convierte a la carcasa en una soluci\u00f3n ecol\u00f3gica para la gesti\u00f3n t\u00e9rmica en una amplia gama de aplicaciones.<br \/>\n<\/p><br \/><\/p>","protected":false},"featured_media":7869,"template":"","categories":[54],"class_list":["post-7870","product","type-product","status-publish","has-post-thumbnail","hentry","category-industrial-aluminum-profiles"],"meta_box":{"hilight_text_group":{"product_hilight_text":"<li>High-performance extruded aluminum heatsink enclosure for effective thermal management<\/li>\r\r\n<li>Corrosion-resistant, ensuring durability and longevity in demanding environments<\/li>\r\r\n<li>Customizable sizes and designs to fit specific heat dissipation requirements<\/li>\r\r\n<li>Efficient heat dissipation, ensuring components stay within safe operating temperatures<\/li>\r\r\n<li>Lightweight yet robust, providing protection without adding excessive weight<\/li>\r\r\n<li>Easy to assemble and modify, reducing setup time and increasing flexibility<\/li>\r\r\n<li>Environmentally friendly, made from recyclable aluminum material<\/li>","product_chanpin_blog":"<ul>\r\r\n<li><a href=\"https:\/\/sinoextrud.com\/t-slot-v-slot-differences\/\" target=\"_blank\">t slot vs v slot<\/a><\/li>\r\r\n<li><a href=\"https:\/\/sinoextrud.com\/what-is-4040-aluminium-extrud\/\" target=\"_blank\">4040 aluminium extrusion<\/a><\/li>\r\r\n<li><a href=\"https:\/\/sinoextrud.com\/what-is-4040-aluminium-extrud\/\" target=\"_blank\">aluminum extrusions for industrial racks<\/a><\/li>\r\r\n<li><a href=\"https:\/\/sinoextrud.com\/powder-coating-aluminium-process\/\" target=\"_blank\">powder coating aluminium<\/a><\/li>\r\r\n<li><a href=\"https:\/\/sinoextrud.com\/what-is-an-aluminium-strip-ceiling\/\" target=\"_blank\">aluminium strip ceiling<\/a><\/li>\r\r\n<li><a href=\"https:\/\/sinoextrud.com\/what-is-a-heat-sink\/\" target=\"_blank\">what is a heat sink<\/a><\/li>\r\r\n<\/ul>","product_chanpin_chanpin":"<li><a href=\"https:\/\/sinoextrud.com\/product\/aluminium-decorative-furniture-metal-wall-trim\/\" target=\"_blank\">Aluminium Decorative Furniture Metal Wall Trim<\/a><\/li>\r\n<li><a href=\"https:\/\/sinoextrud.com\/product\/aluminium-profile-channel-factory\/\" target=\"_blank\">Aluminium Profile Channel Factory<\/a><\/li>\r\n<li><a href=\"https:\/\/sinoextrud.com\/product\/aluminum-extrusion-box\/\" target=\"_blank\">aluminum extrusion box<\/a><\/li>\r\n<li><a href=\"https:\/\/sinoextrud.com\/product\/decoration-aluminium\/\" target=\"_blank\">Decoration aluminium<\/a><\/li>\r\n<li><a href=\"https:\/\/sinoextrud.com\/product\/extruded-aluminum-heatsink-enclosure\/\" target=\"_blank\">Extruded Aluminum Heatsink Enclosure<\/a><\/li>\r\n<li><a href=\"https:\/\/sinoextrud.com\/product\/aluminum-solar-panel-frame\/\" target=\"_blank\">Aluminum Solar Panel Frame<\/a><\/li>\r\n<li><a href=\"https:\/\/sinoextrud.com\/product\/aluminum-extrusion-framing\/\" target=\"_blank\">Aluminum Extrusion Framing<\/a><\/li>\r\n<li><a href=\"https:\/\/sinoextrud.com\/product\/aluminium-exrtrusion-slot\/\" target=\"_blank\">Aluminium Exrtrusion Slot<\/a><\/li>\r\n<li><a href=\"https:\/\/sinoextrud.com\/product\/round-t-slot-extrusion\/\" target=\"_blank\">Round T Slot Extrusion<\/a><\/li>\r\n<li><a href=\"https:\/\/sinoextrud.com\/product\/sandblasted-aluminum-profile\/\" target=\"_blank\">Sandblasted Aluminum Profile<\/a><\/li>\r\n<li><a href=\"https:\/\/sinoextrud.com\/product\/aluminum-hydraulic-oil-tank\/\" target=\"_blank\">Aluminum Hydraulic Oil Tank<\/a><\/li>"},"feature_list":[]},"_links":{"self":[{"href":"https:\/\/sinoextrud.com\/es\/wp-json\/wp\/v2\/product\/7870","targetHints":{"allow":["GET"]}}],"collection":[{"href":"https:\/\/sinoextrud.com\/es\/wp-json\/wp\/v2\/product"}],"about":[{"href":"https:\/\/sinoextrud.com\/es\/wp-json\/wp\/v2\/types\/product"}],"wp:featuredmedia":[{"embeddable":true,"href":"https:\/\/sinoextrud.com\/es\/wp-json\/wp\/v2\/media\/7869"}],"wp:attachment":[{"href":"https:\/\/sinoextrud.com\/es\/wp-json\/wp\/v2\/media?parent=7870"}],"wp:term":[{"taxonomy":"category","embeddable":true,"href":"https:\/\/sinoextrud.com\/es\/wp-json\/wp\/v2\/categories?post=7870"}],"curies":[{"name":"wp","href":"https:\/\/api.w.org\/{rel}","templated":true}]}}