{"id":7856,"date":"2025-06-11T02:58:18","date_gmt":"2025-06-11T02:58:18","guid":{"rendered":"https:\/\/sinoextrud.com\/product\/t-slot-aluminium-profile-extrusion-bulk-selling-98-pure-aluminum-price\/"},"modified":"2025-06-24T06:13:51","modified_gmt":"2025-06-24T06:13:51","slug":"t-ranura-perfil-de-aluminio-extrusion-venta-a-granel-98-aluminio-puro-precio","status":"publish","type":"product","link":"https:\/\/sinoextrud.com\/es\/product\/t-slot-aluminium-profile-extrusion-bulk-selling-98-pure-aluminum-price\/","title":{"rendered":"t-ranura perfil de aluminio extrusi\u00f3n venta a granel 98% precio de aluminio puro"},"content":{"rendered":"<h2>Productos<\/h2>\n<table class=\"custom-table\">\n<tr>\n<td class=\"label\">Art\u00edculo:<\/td>\n<td> t-ranura perfil de aluminio extrusi\u00f3n venta a granel 98% precio de aluminio puro<\/td>\n<\/tr>\n<tr>\n<td class=\"label\">Materila:<\/td>\n<td> Aleaci\u00f3n de aluminio 6063<\/td>\n<\/tr>\n<tr>\n<td class=\"label\">Temperamento:<\/td>\n<td> T5<\/td>\n<\/tr>\n<tr>\n<td class=\"label\">Forma:<\/td>\n<td> Igual que en las fotos. Personalizado disponible.<\/td>\n<\/tr>\n<tr>\n<td class=\"label\">Espesor del perfil:<\/td>\n<td> 0,8 mm por encima.<\/td>\n<\/tr>\n<tr>\n<td class=\"label\">Tratamiento de la superficie:<\/td>\n<td> anodizado<\/td>\n<\/tr>\n<tr>\n<td class=\"label\">Color:<\/td>\n<td> Marr\u00f3n, color personalizado disponible.<\/td>\n<\/tr>\n<tr>\n<td class=\"label\">Empresa de revestimiento:<\/td>\n<td> 10-13um.<\/td>\n<\/tr>\n<tr>\n<td class=\"label\">Uso:<\/td>\n<td> indurstrial, transporte, etc.<\/td>\n<\/tr>\n<tr>\n<td class=\"label\">MOQ:<\/td>\n<td> 200 kgs por art\u00edculo, precio del aluminio puro<\/td>\n<\/tr>\n<tr>\n<td class=\"label\">Certificado y norma:<\/td>\n<td> ISO 9008-2001. CQM, SGS<\/td>\n<\/tr>\n<tr>\n<td class=\"label\">Garant\u00eda:<\/td>\n<td> El color de la superficie puede ser estable durante 10 a\u00f1os sobre el uso en interiores.<br \/>\nProcesamiento profundo como taladrado, fresado, corte, soldadura, plegado disponible.<\/td>\n<\/tr>\n<tr>\n<td class=\"label\">Origen:<\/td>\n<td> Foshan, Guangdong.<\/td>\n<\/tr>\n<tr>\n<td class=\"label\">C\u00f3digo SA:<\/td>\n<td> 761699000<\/td>\n<\/tr>\n<\/table>\n<h2>Nuestra base de fabricaci\u00f3n<\/h2>\n<h3>Panorama de la f\u00e1brica<\/h3>\n<p><img decoding=\"async\" src=\"\/wp-content\/uploads\/factory-01.webp\"\/><\/p>\n<h3>Taller de fabricaci\u00f3n de barras de aluminio<\/h3>\n<p><img decoding=\"async\" src=\"\/wp-content\/uploads\/factory-02.webp\"\/><\/p>\n<p><img decoding=\"async\" src=\"\/wp-content\/uploads\/factory-03.webp\"\/><\/p>\n<h3>Almac\u00e9n de moldes<\/h3>\n<p><img decoding=\"async\" src=\"\/wp-content\/uploads\/factory-04.webp\"\/><\/p>\n<h3>43 L\u00c3neas de extrusi\u00c3\u00b3n de aluminio (500\u00e2\u20ac\"5500 toneladas)<\/h3>\n<p><img decoding=\"async\" src=\"\/wp-content\/uploads\/factory-05.webp\"\/><\/p>\n<p><img decoding=\"async\" src=\"\/wp-content\/uploads\/factory-06.webp\"\/><\/p>\n<p><img decoding=\"async\" src=\"\/wp-content\/uploads\/factory-07.webp\"\/><\/p>\n<h3>Taller de pintura en polvo<\/h3>\n<p><img decoding=\"async\" src=\"\/wp-content\/uploads\/factory-09.webp\"\/><\/p>\n<h3>Taller de anodizado<\/h3>\n<p><img decoding=\"async\" src=\"\/wp-content\/uploads\/factory-10.webp\"\/><\/p>\n<h3>Taller de procesamiento profundo<\/h3>\n<p><img decoding=\"async\" src=\"\/wp-content\/uploads\/factory-11.webp\"\/><\/p>\n<h3>Taller de mecanizado de precisi\u00f3n CNC<\/h3>\n<p><img decoding=\"async\" src=\"\/wp-content\/uploads\/factory-11.5.webp\"\/><\/p>\n<h3>Almac\u00e9n de productos acabados y de exportaci\u00f3n<\/h3>\n<p><img decoding=\"async\" src=\"\/wp-content\/uploads\/factory-12.webp\"\/><\/p>\n<p><img decoding=\"async\" src=\"\/wp-content\/uploads\/factory-13.webp\"\/><\/p>\n<p><img decoding=\"async\" src=\"\/wp-content\/uploads\/factory-14.webp\"\/><\/p>\n<h2>PREGUNTAS FRECUENTES<\/h2>\n<p><p><b>1.\u00bfCu\u00e1l es la ventaja de utilizar aluminio puro 98% en perfiles de ranura en T? <\/b><\/p>\n<p> El uso de aluminio puro 98% garantiza una excelente resistencia a la corrosi\u00f3n, conductividad el\u00e9ctrica y acabado superficial, ideal para sistemas de entramado industrial.<br \/>\n<\/p><br \/>\n<br \/>\n<p><b>2.\u00bfPor qu\u00e9 es popular el aluminio con ranura en T en la construcci\u00f3n modular? <\/b><\/p>\n<p> El aluminio con ranura en T permite un montaje sin herramientas, ajustes sencillos y reutilizaci\u00f3n, por lo que es perfecto para bastidores modulares y sistemas de automatizaci\u00f3n.<br \/>\n<\/p><br \/>\n<br \/>\n<p><b>3.\u00bfPuedo comprar perfiles de aluminio con ranura en T a granel? <\/b><\/p>\n<p> S\u00ed, ofrecemos opciones de venta al por mayor a precios competitivos, ideales para distribuidores, fabricantes de equipos originales y proyectos a escala industrial.<br \/>\n<\/p><br \/>\n<br \/>\n<p><b>4.\u00bfC\u00f3mo afecta la pureza del aluminio al rendimiento? <\/b><\/p>\n<p> El aluminio de mayor pureza mejora la resistencia a la corrosi\u00f3n y la conductividad el\u00e9ctrica, y proporciona una superficie m\u00e1s consistente para el acabado.<br \/>\n<\/p><br \/>\n<br \/>\n<p><b>5.\u00bfSon sus perfiles de ranura en T compatibles con los accesorios est\u00e1ndar? <\/b><\/p>\n<p> Por supuesto, nuestras extrusiones de aluminio con ranura en T est\u00e1n dise\u00f1adas para funcionar con la mayor\u00eda de los conectores, soportes y fijaciones est\u00e1ndar del sector.<br \/>\n<\/p><br \/>\n<br \/>\n<p><b>6.\u00bfSe pueden personalizar los perfiles de aluminio con ranura en T? <\/b><\/p>\n<p> S\u00ed, proporcionamos longitudes, patrones de orificios y acabados personalizados para satisfacer requisitos estructurales o est\u00e9ticos \u00fanicos.<br \/>\n<\/p><br \/>\n<br \/>\n<p><b>7. \u00bfQu\u00e9 industrias utilizan habitualmente extrusiones de perfiles de aluminio con ranura en T? <\/b><\/p>\n<p> Los perfiles de aluminio con ranura en T se utilizan ampliamente en fabricaci\u00f3n, automatizaci\u00f3n, rob\u00f3tica, estaciones de trabajo y sistemas de visualizaci\u00f3n debido a su flexibilidad y durabilidad.<br \/>\n<\/p><br \/><\/p>","protected":false},"featured_media":7855,"template":"","categories":[54],"class_list":["post-7856","product","type-product","status-publish","has-post-thumbnail","hentry","category-industrial-aluminum-profiles"],"meta_box":{"hilight_text_group":{"product_hilight_text":"<li>Manufactured from 98% pure aluminum for superior conductivity and corrosion resistance.<\/li>\r\r\n<li>Bulk selling ensures competitive pricing for large-scale industrial use.<\/li>\r\r\n<li>T-slot design enables easy modular assembly without welding.<\/li>\r\r\n<li>High strength-to-weight ratio ideal for structural applications.<\/li>\r\r\n<li>Compatible with a wide range of standard connectors and fasteners.<\/li>\r\r\n<li>Precision extruded for consistent dimensions and high assembly accuracy.<\/li>\r\r\n<li>Customizable lengths and profiles available for different project needs.<\/li>","product_chanpin_blog":"<ul>\r\r\n<li><a href=\"https:\/\/sinoextrud.com\/t-slot-v-slot-differences\/\" target=\"_blank\">t slot vs v slot<\/a><\/li>\r\r\n<li><a href=\"https:\/\/sinoextrud.com\/what-is-4040-aluminium-extrud\/\" target=\"_blank\">4040 aluminium extrusion<\/a><\/li>\r\r\n<li><a href=\"https:\/\/sinoextrud.com\/what-is-4040-aluminium-extrud\/\" target=\"_blank\">aluminum extrusions for industrial racks<\/a><\/li>\r\r\n<li><a href=\"https:\/\/sinoextrud.com\/powder-coating-aluminium-process\/\" target=\"_blank\">powder coating aluminium<\/a><\/li>\r\r\n<li><a href=\"https:\/\/sinoextrud.com\/what-is-an-aluminium-strip-ceiling\/\" target=\"_blank\">aluminium strip ceiling<\/a><\/li>\r\r\n<li><a href=\"https:\/\/sinoextrud.com\/what-is-a-heat-sink\/\" target=\"_blank\">what is a heat sink<\/a><\/li>\r\r\n<\/ul>","product_chanpin_chanpin":"<li><a href=\"https:\/\/sinoextrud.com\/product\/aluminum-structural-framing-system\/\" target=\"_blank\">Aluminum Structural Framing System<\/a><\/li>\r\n<li><a href=\"https:\/\/sinoextrud.com\/product\/standard-aluminum-shapes\/\" target=\"_blank\">Standard Aluminum Shapes<\/a><\/li>\r\n<li><a href=\"https:\/\/sinoextrud.com\/product\/aluminium-profiles-doors-windows-wood-imitation\/\" target=\"_blank\">Aluminium Profiles Doors Windows Wood Imitation<\/a><\/li>\r\n<li><a href=\"https:\/\/sinoextrud.com\/product\/extrusion-aluminum-handrails-profile-powder-coated-white\/\" target=\"_blank\">Extrusion Aluminum Handrails Profile Powder Coated White<\/a><\/li>\r\n<li><a href=\"https:\/\/sinoextrud.com\/product\/t-slot-aluminium-profile-extrusion-bulk-selling-98-pure-aluminum-price\/\" target=\"_blank\">t-slot aluminium profile extrusion bulk selling 98% pure aluminum price<\/a><\/li>\r\n<li><a href=\"https:\/\/sinoextrud.com\/product\/industrial-aluminium-extrusions-hollow-pipe-big-dimensions\/\" target=\"_blank\">Industrial Aluminium Extrusions Hollow Pipe Big Dimensions<\/a><\/li>\r\n<li><a href=\"https:\/\/sinoextrud.com\/product\/aluminium-profile-extrusion\/\" target=\"_blank\">Aluminium Profile Extrusion<\/a><\/li>\r\n<li><a href=\"https:\/\/sinoextrud.com\/product\/aluminium-decorative-furniture-metal-wall-trim\/\" target=\"_blank\">Aluminium Decorative Furniture Metal Wall Trim<\/a><\/li>\r\n<li><a href=\"https:\/\/sinoextrud.com\/product\/aluminium-profile-channel-factory\/\" target=\"_blank\">Aluminium Profile Channel Factory<\/a><\/li>\r\n<li><a href=\"https:\/\/sinoextrud.com\/product\/aluminum-railing\/\" target=\"_blank\">Aluminum Railing<\/a><\/li>\r\n<li><a href=\"https:\/\/sinoextrud.com\/product\/aluminium-profile-bed-frame\/\" target=\"_blank\">Aluminium Profile Bed Frame<\/a><\/li>"},"feature_list":[]},"_links":{"self":[{"href":"https:\/\/sinoextrud.com\/es\/wp-json\/wp\/v2\/product\/7856","targetHints":{"allow":["GET"]}}],"collection":[{"href":"https:\/\/sinoextrud.com\/es\/wp-json\/wp\/v2\/product"}],"about":[{"href":"https:\/\/sinoextrud.com\/es\/wp-json\/wp\/v2\/types\/product"}],"wp:featuredmedia":[{"embeddable":true,"href":"https:\/\/sinoextrud.com\/es\/wp-json\/wp\/v2\/media\/7855"}],"wp:attachment":[{"href":"https:\/\/sinoextrud.com\/es\/wp-json\/wp\/v2\/media?parent=7856"}],"wp:term":[{"taxonomy":"category","embeddable":true,"href":"https:\/\/sinoextrud.com\/es\/wp-json\/wp\/v2\/categories?post=7856"}],"curies":[{"name":"wp","href":"https:\/\/api.w.org\/{rel}","templated":true}]}}