{"id":7839,"date":"2025-06-11T02:36:36","date_gmt":"2025-06-11T02:36:36","guid":{"rendered":"https:\/\/sinoextrud.com\/product\/curtain-aluminum-profile-extrusion-for-window\/"},"modified":"2025-06-24T06:13:47","modified_gmt":"2025-06-24T06:13:47","slug":"extrusion-de-perfil-de-aluminio-de-cortina-para-ventana","status":"publish","type":"product","link":"https:\/\/sinoextrud.com\/es\/product\/curtain-aluminum-profile-extrusion-for-window\/","title":{"rendered":"Extrusi\u00f3n de perfil de aluminio para cortina de ventana"},"content":{"rendered":"<h2>Productos<\/h2>\n<table class=\"custom-table\">\n<tbody>\n<tr>\n<td> Nombre del producto<\/td>\n<td> Extrusi\u00f3n de perfil de aluminio para cortina de ventana<\/td>\n<\/tr>\n<tr>\n<td> Material<\/td>\n<td> Aleaci\u00f3n de aluminio 6063-T5<\/td>\n<\/tr>\n<tr>\n<td> Terminado<\/td>\n<td> Est\u00e1ndar internacional Plata anodizada<\/td>\n<\/tr>\n<tr>\n<td> Est\u00e1ndar<\/td>\n<td> GB5237-2008<\/td>\n<\/tr>\n<\/tbody>\n<\/table>\n<h2>Nuestra base de fabricaci\u00f3n<\/h2>\n<h3>Panorama de la f\u00e1brica<\/h3>\n<p><img decoding=\"async\" src=\"\/wp-content\/uploads\/factory-01.webp\"\/><\/p>\n<h3>Taller de fabricaci\u00f3n de barras de aluminio<\/h3>\n<p><img decoding=\"async\" src=\"\/wp-content\/uploads\/factory-02.webp\"\/><\/p>\n<p><img decoding=\"async\" src=\"\/wp-content\/uploads\/factory-03.webp\"\/><\/p>\n<h3>Almac\u00e9n de moldes<\/h3>\n<p><img decoding=\"async\" src=\"\/wp-content\/uploads\/factory-04.webp\"\/><\/p>\n<h3>43 L\u00c3neas de extrusi\u00c3\u00b3n de aluminio (500\u00e2\u20ac\"5500 toneladas)<\/h3>\n<p><img decoding=\"async\" src=\"\/wp-content\/uploads\/factory-05.webp\"\/><\/p>\n<p><img decoding=\"async\" src=\"\/wp-content\/uploads\/factory-06.webp\"\/><\/p>\n<p><img decoding=\"async\" src=\"\/wp-content\/uploads\/factory-07.webp\"\/><\/p>\n<h3>Taller de pintura en polvo<\/h3>\n<p><img decoding=\"async\" src=\"\/wp-content\/uploads\/factory-09.webp\"\/><\/p>\n<h3>Taller de anodizado<\/h3>\n<p><img decoding=\"async\" src=\"\/wp-content\/uploads\/factory-10.webp\"\/><\/p>\n<h3>Taller de procesamiento profundo<\/h3>\n<p><img decoding=\"async\" src=\"\/wp-content\/uploads\/factory-11.webp\"\/><\/p>\n<h3>Taller de mecanizado de precisi\u00f3n CNC<\/h3>\n<p><img decoding=\"async\" src=\"\/wp-content\/uploads\/factory-11.5.webp\"\/><\/p>\n<h3>Almac\u00e9n de productos acabados y de exportaci\u00f3n<\/h3>\n<p><img decoding=\"async\" src=\"\/wp-content\/uploads\/factory-12.webp\"\/><\/p>\n<p><img decoding=\"async\" src=\"\/wp-content\/uploads\/factory-13.webp\"\/><\/p>\n<p><img decoding=\"async\" src=\"\/wp-content\/uploads\/factory-14.webp\"\/><\/p>\n<h2>PREGUNTAS FRECUENTES<\/h2>\n<p><p><b>1. \u00bfQu\u00e9 es la extrusi\u00f3n de perfiles de aluminio para cortinas de ventanas?<\/b><\/p>\n<p>Es un perfil de aluminio especialmente extruido para soportar la instalaci\u00f3n de cortinas en ventanas, ofreciendo soporte estructural e integraci\u00f3n est\u00e9tica.<br \/>\n<\/p><br \/>\n<br \/>\n<p><b>2.\u00bfCu\u00e1les son las principales ventajas de los perfiles de aluminio para cortinas?<\/b><\/p>\n<p>Son ligeros, resistentes a la corrosi\u00f3n, duraderos y proporcionan un movimiento suave de la cortina con un mantenimiento m\u00ednimo.<br \/>\n<\/p><br \/>\n<br \/>\n<p><b>3.\u00bfSe puede utilizar este perfil en ambientes h\u00famedos?<\/b><\/p>\n<p>S\u00ed, el acabado anodizado o con recubrimiento en polvo resiste la humedad y la corrosi\u00f3n, ideal para cocinas y ba\u00f1os.<br \/>\n<\/p><br \/>\n<br \/>\n<p><b>4.\u00bfEs compatible el perfil con todo tipo de cortinas de ventana?<\/b><\/p>\n<p>S\u00ed, admite varios tipos de cortinas: plisadas, transparentes, opacas y t\u00e9rmicas.<br \/>\n<\/p><br \/>\n<br \/>\n<p><b>5.\u00bfHay longitudes y acabados personalizados?<\/b><\/p>\n<p>S\u00ed, ofrecemos tama\u00f1os, tratamientos superficiales y colores personalizados para satisfacer diferentes necesidades arquitect\u00f3nicas y de dise\u00f1o de interiores.<br \/>\n<\/p><br \/>\n<br \/>\n<p><b>6.\u00bfPermite el perfil un funcionamiento silencioso?<\/b><\/p>\n<p>S\u00ed, el dise\u00f1o de precisi\u00f3n de las gu\u00edas garantiza un deslizamiento suave y silencioso para mejorar la comodidad en espacios de trabajo o de vida.<br \/>\n<\/p><br \/>\n<br \/>\n<p><b>7.\u00bfD\u00f3nde se utiliza habitualmente este tipo de perfil?<\/b><\/p>\n<p>Se utiliza ampliamente en viviendas, hoteles, hospitales y edificios de oficinas para sistemas de cortinas tanto funcionales como decorativos.<br \/>\n<\/p><br \/>\n<br \/>\n<p><b>8.\u00bfEs sencillo el proceso de instalaci\u00f3n?<\/b><\/p>\n<p>S\u00ed, puede instalarse f\u00e1cilmente con los soportes y accesorios de montaje incluidos, lo que reduce el tiempo y los costes de mano de obra.<br \/>\n<\/p><br \/><\/p>","protected":false},"featured_media":7838,"template":"","categories":[67],"class_list":["post-7839","product","type-product","status-publish","has-post-thumbnail","hentry","category-architectural-aluminium-profile"],"meta_box":{"hilight_text_group":{"product_hilight_text":"<li>High-strength aluminum extrusion ensures durability and long service life<\/li>\r\r\n<li>Lightweight design allows easy installation and handling<\/li>\r\r\n<li>Corrosion-resistant surface suitable for indoor and semi-outdoor use<\/li>\r\r\n<li>Smooth track design provides quiet and effortless curtain movement<\/li>\r\r\n<li>Compatible with most window curtain systems and accessories<\/li>\r\r\n<li>Customizable sizes, colors, and finishes to match window design<\/li>\r\r\n<li>Ideal for residential, hotel, office, and commercial window treatments<\/li>","product_chanpin_blog":"<ul>\r\r\n<li><a href=\"https:\/\/sinoextrud.com\/t-slot-v-slot-differences\/\" target=\"_blank\">t slot vs v slot<\/a><\/li>\r\r\n<li><a href=\"https:\/\/sinoextrud.com\/what-is-4040-aluminium-extrud\/\" target=\"_blank\">4040 aluminium extrusion<\/a><\/li>\r\r\n<li><a href=\"https:\/\/sinoextrud.com\/what-is-4040-aluminium-extrud\/\" target=\"_blank\">aluminum extrusions for industrial racks<\/a><\/li>\r\r\n<li><a href=\"https:\/\/sinoextrud.com\/powder-coating-aluminium-process\/\" target=\"_blank\">powder coating aluminium<\/a><\/li>\r\r\n<li><a href=\"https:\/\/sinoextrud.com\/what-is-an-aluminium-strip-ceiling\/\" target=\"_blank\">aluminium strip ceiling<\/a><\/li>\r\r\n<li><a href=\"https:\/\/sinoextrud.com\/what-is-a-heat-sink\/\" target=\"_blank\">what is a heat sink<\/a><\/li>\r\r\n<\/ul>","product_chanpin_chanpin":"<li><a href=\"https:\/\/sinoextrud.com\/product\/extrusions-aluminum-structural-framing-kitchen-cabinet-doors-oem-anodized-champagne-selling-in-pakistan\/\" target=\"_blank\">extrusions aluminum structural framing kitchen cabinet doors OEM Anodized champagne selling in pakistan<\/a><\/li>\r\n<li><a href=\"https:\/\/sinoextrud.com\/product\/aluminum-door-jamb-extrusion\/\" target=\"_blank\">Aluminum Door Jamb Extrusion<\/a><\/li>\r\n<li><a href=\"https:\/\/sinoextrud.com\/product\/sandblasted-aluminum-finish-profile\/\" target=\"_blank\">Sandblasted Aluminum Finish Profile<\/a><\/li>\r\n<li><a href=\"https:\/\/sinoextrud.com\/product\/aluminum-handrail-systems\/\" target=\"_blank\">Aluminum Handrail Systems<\/a><\/li>\r\n<li><a href=\"https:\/\/sinoextrud.com\/product\/curtain-aluminum-profile-extrusion-for-window\/\" target=\"_blank\">Curtain Aluminum Profile Extrusion For Window<\/a><\/li>\r\n<li><a href=\"https:\/\/sinoextrud.com\/product\/extrusion-of-aluminium-alloys-celing-aluminum-tube-wood-grain\/\" target=\"_blank\">Extrusion Of Aluminium Alloys Celing Aluminum Tube Wood Grain<\/a><\/li>\r\n<li><a href=\"https:\/\/sinoextrud.com\/product\/wardrobe-cabinet-sliding-aluminum-profile\/\" target=\"_blank\">Wardrobe Cabinet Sliding Aluminum Profile<\/a><\/li>\r\n<li><a href=\"https:\/\/sinoextrud.com\/product\/aluminum-cabinet-door-extrusion\/\" target=\"_blank\">Aluminum Cabinet Door Extrusion<\/a><\/li>\r\n<li><a href=\"https:\/\/sinoextrud.com\/product\/aluminum-structural-framing-system\/\" target=\"_blank\">Aluminum Structural Framing System<\/a><\/li>\r\n<li><a href=\"https:\/\/sinoextrud.com\/product\/quadrate-pipe-baffle-ceiling-system\/\" target=\"_blank\">Quadrate-pipe Baffle Ceiling System<\/a><\/li>\r\n<li><a href=\"https:\/\/sinoextrud.com\/product\/aluminium-extrusion-profiles-for-the-windows\/\" target=\"_blank\">Aluminium Extrusion Profiles For The Windows<\/a><\/li>"},"feature_list":[]},"_links":{"self":[{"href":"https:\/\/sinoextrud.com\/es\/wp-json\/wp\/v2\/product\/7839","targetHints":{"allow":["GET"]}}],"collection":[{"href":"https:\/\/sinoextrud.com\/es\/wp-json\/wp\/v2\/product"}],"about":[{"href":"https:\/\/sinoextrud.com\/es\/wp-json\/wp\/v2\/types\/product"}],"wp:featuredmedia":[{"embeddable":true,"href":"https:\/\/sinoextrud.com\/es\/wp-json\/wp\/v2\/media\/7838"}],"wp:attachment":[{"href":"https:\/\/sinoextrud.com\/es\/wp-json\/wp\/v2\/media?parent=7839"}],"wp:term":[{"taxonomy":"category","embeddable":true,"href":"https:\/\/sinoextrud.com\/es\/wp-json\/wp\/v2\/categories?post=7839"}],"curies":[{"name":"wp","href":"https:\/\/api.w.org\/{rel}","templated":true}]}}