{"id":7829,"date":"2025-06-11T02:27:20","date_gmt":"2025-06-11T02:27:20","guid":{"rendered":"https:\/\/sinoextrud.com\/product\/aluminum-profile-price-of-aluminium-partition-wall-studs-aluminum-manufacturer\/"},"modified":"2025-06-24T06:13:44","modified_gmt":"2025-06-24T06:13:44","slug":"perfil-de-aluminio-precio-de-los-montantes-de-tabique-de-aluminio-fabricante-de-aluminio","status":"publish","type":"product","link":"https:\/\/sinoextrud.com\/es\/product\/aluminum-profile-price-of-aluminium-partition-wall-studs-aluminum-manufacturer\/","title":{"rendered":"perfil de aluminio precio de los montantes de tabique de aluminio fabricante de aluminio"},"content":{"rendered":"<h2>Productos<\/h2>\n<table class=\"custom-table\">\n<tbody>\n<tr>\n<td> Elemento de aleaci\u00f3n:<\/td>\n<td> 6063 perfil de aluminio precio de la pared de partici\u00f3n de aluminio montantes fabricante de aluminio<\/td>\n<\/tr>\n<tr>\n<td> perfil de aluminio:<\/td>\n<td> Pulido mec\u00e1nico<\/td>\n<\/tr>\n<tr>\n<td> Tipo:<\/td>\n<td> precio del tabique de aluminio<\/td>\n<\/tr>\n<tr>\n<td> Grado:<\/td>\n<td> Serie 6000<\/td>\n<\/tr>\n<tr>\n<td> Acabado superficial:<\/td>\n<td> Anodizado, Recubrimiento en polvo, Grano de madera, Personalizado<\/td>\n<\/tr>\n<tr>\n<td> Certificaci\u00f3n:<\/td>\n<td> CE, SONCAP, ISO, CIQ, RoHS, TUV<\/td>\n<\/tr>\n<tr>\n<td> Producto:<\/td>\n<td> Perfil de aluminio<\/td>\n<\/tr>\n<tr>\n<td> Tratamiento de la superficie:<\/td>\n<td> Anodizado, Electroforesis, Recubrimiento en polvo, Grano de madera<\/td>\n<\/tr>\n<tr>\n<td> Color:<\/td>\n<td> Personalizado (amplia gama de colores disponibles)<\/td>\n<\/tr>\n<tr>\n<td> Puerto de carga:<\/td>\n<td> Shenzhen\/ Guangzhou\/ Foshan<\/td>\n<\/tr>\n<tr>\n<td> Garant\u00eda:<\/td>\n<td> El color de la superficie puede permanecer estable de 10 a 20 a\u00f1os en interiores<\/td>\n<\/tr>\n<tr>\n<td> Marca registrada:<\/td>\n<td> Sinoextrud(Sinoextrud)\/ OEM<\/td>\n<\/tr>\n<tr>\n<td> Especificaci\u00f3n:<\/td>\n<td> personalizado<\/td>\n<\/tr>\n<tr>\n<td> C\u00f3digo SA:<\/td>\n<td> 7604210000<\/td>\n<\/tr>\n<\/tbody>\n<\/table>\n<h2>Nuestra base de fabricaci\u00f3n<\/h2>\n<h3>Panorama de la f\u00e1brica<\/h3>\n<p><img decoding=\"async\" src=\"\/wp-content\/uploads\/factory-01.webp\"\/><\/p>\n<h3>Taller de fabricaci\u00f3n de barras de aluminio<\/h3>\n<p><img decoding=\"async\" src=\"\/wp-content\/uploads\/factory-02.webp\"\/><\/p>\n<p><img decoding=\"async\" src=\"\/wp-content\/uploads\/factory-03.webp\"\/><\/p>\n<h3>Almac\u00e9n de moldes<\/h3>\n<p><img decoding=\"async\" src=\"\/wp-content\/uploads\/factory-04.webp\"\/><\/p>\n<h3>43 L\u00c3neas de extrusi\u00c3\u00b3n de aluminio (500\u00e2\u20ac\"5500 toneladas)<\/h3>\n<p><img decoding=\"async\" src=\"\/wp-content\/uploads\/factory-05.webp\"\/><\/p>\n<p><img decoding=\"async\" src=\"\/wp-content\/uploads\/factory-06.webp\"\/><\/p>\n<p><img decoding=\"async\" src=\"\/wp-content\/uploads\/factory-07.webp\"\/><\/p>\n<h3>Taller de pintura en polvo<\/h3>\n<p><img decoding=\"async\" src=\"\/wp-content\/uploads\/factory-09.webp\"\/><\/p>\n<h3>Taller de anodizado<\/h3>\n<p><img decoding=\"async\" src=\"\/wp-content\/uploads\/factory-10.webp\"\/><\/p>\n<h3>Taller de procesamiento profundo<\/h3>\n<p><img decoding=\"async\" src=\"\/wp-content\/uploads\/factory-11.webp\"\/><\/p>\n<h3>Taller de mecanizado de precisi\u00f3n CNC<\/h3>\n<p><img decoding=\"async\" src=\"\/wp-content\/uploads\/factory-11.5.webp\"\/><\/p>\n<h3>Almac\u00e9n de productos acabados y de exportaci\u00f3n<\/h3>\n<p><img decoding=\"async\" src=\"\/wp-content\/uploads\/factory-12.webp\"\/><\/p>\n<p><img decoding=\"async\" src=\"\/wp-content\/uploads\/factory-13.webp\"\/><\/p>\n<p><img decoding=\"async\" src=\"\/wp-content\/uploads\/factory-14.webp\"\/><\/p>\n<h2>PREGUNTAS FRECUENTES<\/h2>\n<p><p><b>1.\u00bfQu\u00e9 son los montantes de aluminio para tabiques?<\/b><\/p>\n<p>Los montantes de aluminio para tabiques son perfiles estructurales utilizados para construir tabiques interiores no portantes, que ofrecen una alternativa ligera y duradera a los materiales tradicionales.<br \/>\n<\/p><br \/>\n<br \/>\n<p><b>2.\u00bfPor qu\u00e9 elegir perfiles de aluminio para tabiques?<\/b><\/p>\n<p>Los perfiles de aluminio son ligeros, resistentes a la corrosi\u00f3n y f\u00e1ciles de instalar, por lo que resultan ideales para mamparas modulares de oficina e interiores comerciales.<br \/>\n<\/p><br \/>\n<br \/>\n<p><b>3.\u00bfSon m\u00e1s asequibles los montantes divisorios de aluminio que las opciones de acero?<\/b><\/p>\n<p>S\u00ed, cuando se adquieren directamente a los fabricantes de aluminio, los montantes de tabiquer\u00eda ofrecen precios competitivos y ahorro de costes a largo plazo gracias a un menor mantenimiento.<br \/>\n<\/p><br \/>\n<br \/>\n<p><b>4. \u00bfCu\u00e1l es el precio habitual de los perfiles de aluminio para tabiques?<\/b><\/p>\n<p>El precio depende del tama\u00f1o, el acabado y la cantidad, pero los fabricantes suelen ofrecer tarifas econ\u00f3micas para pedidos al por mayor y OEM.<br \/>\n<\/p><br \/>\n<br \/>\n<p><b>5.\u00bfSe pueden personalizar los perfiles de aluminio para tabiques?<\/b><\/p>\n<p>Por supuesto, los fabricantes de aluminio ofrecen servicios de extrusi\u00f3n a medida, que incluyen opciones de forma, acabado y tama\u00f1o para los requisitos espec\u00edficos de cada proyecto.<br \/>\n<\/p><br \/>\n<br \/>\n<p><b>6.\u00bfAdmiten los montantes de aluminio una instalaci\u00f3n r\u00e1pida?<\/b><\/p>\n<p>S\u00ed, su ligereza y sus dimensiones uniformes hacen que los montantes de aluminio sean f\u00e1ciles de cortar, alinear y montar in situ.<br \/>\n<\/p><br \/>\n<br \/>\n<p><b>7.\u00bfSon adecuados los perfiles divisorios de aluminio para zonas de mucho tr\u00e1nsito?<\/b><\/p>\n<p>S\u00ed, su durabilidad y resistencia a la corrosi\u00f3n los hacen ideales para oficinas, tiendas minoristas e interiores p\u00fablicos que requieren sistemas de paredes duraderos.<br \/>\n<\/p><br \/><\/p>","protected":false},"featured_media":7828,"template":"","categories":[67],"class_list":["post-7829","product","type-product","status-publish","has-post-thumbnail","hentry","category-architectural-aluminium-profile"],"meta_box":{"hilight_text_group":{"product_hilight_text":"<li>High-strength aluminum profiles engineered for partition wall applications<\/li>\r\r\n<li>Lightweight material reduces construction load and simplifies installation<\/li>\r\r\n<li>Corrosion-resistant surface ensures long-term indoor performance<\/li>\r\r\n<li>Consistent profile dimensions ensure easy assembly and alignment<\/li>\r\r\n<li>Cost-effective pricing from direct aluminum manufacturer<\/li>\r\r\n<li>Custom sizes and finishes available for commercial and office interiors<\/li>","product_chanpin_blog":"<ul>\r\r\n<li><a href=\"https:\/\/sinoextrud.com\/t-slot-v-slot-differences\/\" target=\"_blank\">t slot vs v slot<\/a><\/li>\r\r\n<li><a href=\"https:\/\/sinoextrud.com\/what-is-4040-aluminium-extrud\/\" target=\"_blank\">4040 aluminium extrusion<\/a><\/li>\r\r\n<li><a href=\"https:\/\/sinoextrud.com\/what-is-4040-aluminium-extrud\/\" target=\"_blank\">aluminum extrusions for industrial racks<\/a><\/li>\r\r\n<li><a href=\"https:\/\/sinoextrud.com\/powder-coating-aluminium-process\/\" target=\"_blank\">powder coating aluminium<\/a><\/li>\r\r\n<li><a href=\"https:\/\/sinoextrud.com\/what-is-an-aluminium-strip-ceiling\/\" target=\"_blank\">aluminium strip ceiling<\/a><\/li>\r\r\n<li><a href=\"https:\/\/sinoextrud.com\/what-is-a-heat-sink\/\" target=\"_blank\">what is a heat sink<\/a><\/li>\r\r\n<\/ul>","product_chanpin_chanpin":"<li><a href=\"https:\/\/sinoextrud.com\/product\/double-angle-aluminum-extrusion\/\" target=\"_blank\">Double Angle Aluminum Extrusion<\/a><\/li>\r\n<li><a href=\"https:\/\/sinoextrud.com\/product\/sructrual-aluminum-extrusion-profiles-ceiling-drop-ceiling\/\" target=\"_blank\">Sructrual Aluminum Extrusion Profiles Ceiling Drop Ceiling<\/a><\/li>\r\n<li><a href=\"https:\/\/sinoextrud.com\/product\/l-shaped-aluminium-profile\/\" target=\"_blank\">L Shaped Aluminium Profile<\/a><\/li>\r\n<li><a href=\"https:\/\/sinoextrud.com\/product\/80-x-80-aluminum-extrusion\/\" target=\"_blank\">80 X 80 Aluminum Extrusion<\/a><\/li>\r\n<li><a href=\"https:\/\/sinoextrud.com\/product\/aluminum-profile-price-of-aluminium-partition-wall-studs-aluminum-manufacturer\/\" target=\"_blank\">aluminum profile price of aluminium partition wall studs aluminum manufacturer<\/a><\/li>\r\n<li><a href=\"https:\/\/sinoextrud.com\/product\/extrusions-aluminum-structural-framing-kitchen-cabinet-doors-oem-anodized-champagne-selling-in-pakistan\/\" target=\"_blank\">extrusions aluminum structural framing kitchen cabinet doors OEM Anodized champagne selling in pakistan<\/a><\/li>\r\n<li><a href=\"https:\/\/sinoextrud.com\/product\/aluminum-door-jamb-extrusion\/\" target=\"_blank\">Aluminum Door Jamb Extrusion<\/a><\/li>\r\n<li><a href=\"https:\/\/sinoextrud.com\/product\/sandblasted-aluminum-finish-profile\/\" target=\"_blank\">Sandblasted Aluminum Finish Profile<\/a><\/li>\r\n<li><a href=\"https:\/\/sinoextrud.com\/product\/aluminum-handrail-systems\/\" target=\"_blank\">Aluminum Handrail Systems<\/a><\/li>\r\n<li><a href=\"https:\/\/sinoextrud.com\/product\/aluminium-extrusion-hinge\/\" target=\"_blank\">Aluminium Extrusion Hinge<\/a><\/li>\r\n<li><a href=\"https:\/\/sinoextrud.com\/product\/aluminum-wood-grain-handrail\/\" target=\"_blank\">Aluminum Wood Grain Handrail<\/a><\/li>"},"feature_list":[]},"_links":{"self":[{"href":"https:\/\/sinoextrud.com\/es\/wp-json\/wp\/v2\/product\/7829","targetHints":{"allow":["GET"]}}],"collection":[{"href":"https:\/\/sinoextrud.com\/es\/wp-json\/wp\/v2\/product"}],"about":[{"href":"https:\/\/sinoextrud.com\/es\/wp-json\/wp\/v2\/types\/product"}],"wp:featuredmedia":[{"embeddable":true,"href":"https:\/\/sinoextrud.com\/es\/wp-json\/wp\/v2\/media\/7828"}],"wp:attachment":[{"href":"https:\/\/sinoextrud.com\/es\/wp-json\/wp\/v2\/media?parent=7829"}],"wp:term":[{"taxonomy":"category","embeddable":true,"href":"https:\/\/sinoextrud.com\/es\/wp-json\/wp\/v2\/categories?post=7829"}],"curies":[{"name":"wp","href":"https:\/\/api.w.org\/{rel}","templated":true}]}}