{"id":7827,"date":"2025-06-11T02:20:23","date_gmt":"2025-06-11T02:20:23","guid":{"rendered":"https:\/\/sinoextrud.com\/product\/80-x-80-aluminum-extrusion\/"},"modified":"2025-06-24T06:13:44","modified_gmt":"2025-06-24T06:13:44","slug":"extrusion-de-aluminio-80-x-81","status":"publish","type":"product","link":"https:\/\/sinoextrud.com\/es\/product\/80-x-80-aluminum-extrusion\/","title":{"rendered":"Extrusi\u00f3n de aluminio 80 X 80"},"content":{"rendered":"<h2>Productos<\/h2>\n<table class=\"custom-table\">\n<tbody>\n<tr>\n<td> Modelo NO.:<\/td>\n<td> Extrusi\u00f3n de aluminio 80 X 80<\/td>\n<\/tr>\n<tr>\n<td> Forma:<\/td>\n<td> Cuadrado<\/td>\n<\/tr>\n<tr>\n<td> Temperamento:<\/td>\n<td> T3-T8<\/td>\n<\/tr>\n<tr>\n<td> Acabado superficial:<\/td>\n<td> Oxidaci\u00f3n an\u00f3dica<\/td>\n<\/tr>\n<tr>\n<td> Certificaci\u00f3n:<\/td>\n<td> ISO<\/td>\n<\/tr>\n<tr>\n<td> Color:<\/td>\n<td> Plata<\/td>\n<\/tr>\n<tr>\n<td> Paquete de transporte:<\/td>\n<td> Pel\u00edcula + Caja de madera\/cart\u00f3n<\/td>\n<\/tr>\n<tr>\n<td> Origen:<\/td>\n<td> Foshan, Guangdong, China<\/td>\n<\/tr>\n<tr>\n<td> Tipo:<\/td>\n<td> Perfil de aluminio para puertas y ventanas, Perfil de aluminio para decoraci\u00f3n, Perfil de aluminio para transporte, Marco para equipos<\/td>\n<\/tr>\n<tr>\n<td> Grado:<\/td>\n<td> Serie 6000<\/td>\n<\/tr>\n<tr>\n<td> Aleaci\u00f3n:<\/td>\n<td> Aleaci\u00f3n<\/td>\n<\/tr>\n<tr>\n<td> Ingrediente de aleaci\u00f3n:<\/td>\n<td> 6063<\/td>\n<\/tr>\n<tr>\n<td> Perfil de aluminio pulido:<\/td>\n<td> Pulido qu\u00edmico<\/td>\n<\/tr>\n<tr>\n<td> Marca registrada:<\/td>\n<td> Sinoextrud<\/td>\n<\/tr>\n<tr>\n<td> Especificaci\u00f3n:<\/td>\n<td> 80*80mm<\/td>\n<\/tr>\n<tr>\n<td> C\u00f3digo SA:<\/td>\n<td> 760421000<\/td>\n<\/tr>\n<tr>\n<td> Material:<\/td>\n<td> Aluminio<\/td>\n<\/tr>\n<tr>\n<td> Especificaci\u00f3n:<\/td>\n<td> perfil 80*80mm<\/td>\n<\/tr>\n<tr>\n<td> Acabado:<\/td>\n<td> Oxidaci\u00f3n anodizada<\/td>\n<\/tr>\n<\/tbody>\n<\/table>\n<h2>Nuestra base de fabricaci\u00f3n<\/h2>\n<h3>Panorama de la f\u00e1brica<\/h3>\n<p><img decoding=\"async\" src=\"\/wp-content\/uploads\/factory-01.webp\"\/><\/p>\n<h3>Taller de fabricaci\u00f3n de barras de aluminio<\/h3>\n<p><img decoding=\"async\" src=\"\/wp-content\/uploads\/factory-02.webp\"\/><\/p>\n<p><img decoding=\"async\" src=\"\/wp-content\/uploads\/factory-03.webp\"\/><\/p>\n<h3>Almac\u00e9n de moldes<\/h3>\n<p><img decoding=\"async\" src=\"\/wp-content\/uploads\/factory-04.webp\"\/><\/p>\n<h3>43 L\u00c3neas de extrusi\u00c3\u00b3n de aluminio (500\u00e2\u20ac\"5500 toneladas)<\/h3>\n<p><img decoding=\"async\" src=\"\/wp-content\/uploads\/factory-05.webp\"\/><\/p>\n<p><img decoding=\"async\" src=\"\/wp-content\/uploads\/factory-06.webp\"\/><\/p>\n<p><img decoding=\"async\" src=\"\/wp-content\/uploads\/factory-07.webp\"\/><\/p>\n<h3>Taller de pintura en polvo<\/h3>\n<p><img decoding=\"async\" src=\"\/wp-content\/uploads\/factory-09.webp\"\/><\/p>\n<h3>Taller de anodizado<\/h3>\n<p><img decoding=\"async\" src=\"\/wp-content\/uploads\/factory-10.webp\"\/><\/p>\n<h3>Taller de procesamiento profundo<\/h3>\n<p><img decoding=\"async\" src=\"\/wp-content\/uploads\/factory-11.webp\"\/><\/p>\n<h3>Taller de mecanizado de precisi\u00f3n CNC<\/h3>\n<p><img decoding=\"async\" src=\"\/wp-content\/uploads\/factory-11.5.webp\"\/><\/p>\n<h3>Almac\u00e9n de productos acabados y de exportaci\u00f3n<\/h3>\n<p><img decoding=\"async\" src=\"\/wp-content\/uploads\/factory-12.webp\"\/><\/p>\n<p><img decoding=\"async\" src=\"\/wp-content\/uploads\/factory-13.webp\"\/><\/p>\n<p><img decoding=\"async\" src=\"\/wp-content\/uploads\/factory-14.webp\"\/><\/p>\n<h2>PREGUNTAS FRECUENTES<\/h2>\n<p><p><b>1.\u00bfQu\u00e9 es una extrusi\u00f3n de aluminio 80 x 80?<\/b><\/p>\n<p>Se trata de un perfil de aluminio estructural con una secci\u00f3n transversal de 80 mm por 80 mm, utilizado habitualmente en estructuras industriales y sistemas de automatizaci\u00f3n.<br \/>\n<\/p><br \/>\n<br \/>\n<p><b>2.\u00bfPor qu\u00e9 elegir un perfil de extrusi\u00f3n de aluminio 80 x 80?<\/b><\/p>\n<p>Este tama\u00f1o ofrece una resistencia y una rigidez superiores, por lo que resulta ideal para aplicaciones pesadas como bases de m\u00e1quinas y armarios industriales.<br \/>\n<\/p><br \/>\n<br \/>\n<p><b>3.\u00bfQu\u00e9 material se utiliza en las extrusiones de aluminio 80 x 80?<\/b><\/p>\n<p>Suelen fabricarse con aleaciones de aluminio de alta calidad, como 6063-T5 o 6061-T6, conocidas por su solidez, resistencia a la corrosi\u00f3n y capacidad de trabajo.<br \/>\n<\/p><br \/>\n<br \/>\n<p><b>4.\u00bfSon compatibles los perfiles de aluminio 80 x 80 con los accesorios para ranuras en T?<\/b><\/p>\n<p>S\u00ed, el perfil est\u00e1 dise\u00f1ado con ranuras en T est\u00e1ndar, lo que permite una f\u00e1cil integraci\u00f3n con conectores, fijaciones y paneles.<br \/>\n<\/p><br \/>\n<br \/>\n<p><b>5.\u00bfSe puede cortar y personalizar el perfil 80 x 80?<\/b><\/p>\n<p>Por supuesto, la extrusi\u00f3n puede cortarse a medida y mecanizarse con orificios, roscas o ranuras para satisfacer los requisitos espec\u00edficos del proyecto.<br \/>\n<\/p><br \/>\n<br \/>\n<p><b>6.\u00bfEs adecuada la extrusi\u00f3n de aluminio 80 x 80 para su uso en exteriores?<\/b><\/p>\n<p>S\u00ed, las propiedades anticorrosivas del aluminio lo hacen adecuado para entornos industriales tanto interiores como exteriores.<br \/>\n<\/p><br \/>\n<br \/>\n<p><b>7.\u00bfQu\u00e9 aplicaciones son ideales para los perfiles de aluminio 80 x 80?<\/b><\/p>\n<p>Las aplicaciones m\u00e1s comunes incluyen bastidores de automatizaci\u00f3n, estructuras de m\u00e1quinas CNC, transportadores, estaciones de trabajo y sistemas modulares personalizados.<br \/>\n<\/p><br \/><\/p>","protected":false},"featured_media":7825,"template":"","categories":[67],"class_list":["post-7827","product","type-product","status-publish","has-post-thumbnail","hentry","category-architectural-aluminium-profile"],"meta_box":{"hilight_text_group":{"product_hilight_text":"<li>Robust 80x80mm profile provides high load-bearing capacity for industrial applications<\/li>\r\r\n<li>T-slot design allows for flexible and modular assembly<\/li>\r\r\n<li>Made from high-strength, corrosion-resistant aluminum alloy<\/li>\r\r\n<li>Precision extruded for excellent dimensional accuracy<\/li>\r\r\n<li>Compatible with a wide range of accessories and connectors<\/li>\r\r\n<li>Ideal for machine frames, workstations, enclosures, and automation systems<\/li>","product_chanpin_blog":"<ul>\r\r\n<li><a href=\"https:\/\/sinoextrud.com\/t-slot-v-slot-differences\/\" target=\"_blank\">t slot vs v slot<\/a><\/li>\r\r\n<li><a href=\"https:\/\/sinoextrud.com\/what-is-4040-aluminium-extrud\/\" target=\"_blank\">4040 aluminium extrusion<\/a><\/li>\r\r\n<li><a href=\"https:\/\/sinoextrud.com\/what-is-4040-aluminium-extrud\/\" target=\"_blank\">aluminum extrusions for industrial racks<\/a><\/li>\r\r\n<li><a href=\"https:\/\/sinoextrud.com\/powder-coating-aluminium-process\/\" target=\"_blank\">powder coating aluminium<\/a><\/li>\r\r\n<li><a href=\"https:\/\/sinoextrud.com\/what-is-an-aluminium-strip-ceiling\/\" target=\"_blank\">aluminium strip ceiling<\/a><\/li>\r\r\n<li><a href=\"https:\/\/sinoextrud.com\/what-is-a-heat-sink\/\" target=\"_blank\">what is a heat sink<\/a><\/li>\r\r\n<\/ul>","product_chanpin_chanpin":"<li><a href=\"https:\/\/sinoextrud.com\/product\/large-custom-aluminum-extrusions\/\" target=\"_blank\">Large Custom Aluminum Extrusions<\/a><\/li>\r\n<li><a href=\"https:\/\/sinoextrud.com\/product\/double-angle-aluminum-extrusion\/\" target=\"_blank\">Double Angle Aluminum Extrusion<\/a><\/li>\r\n<li><a href=\"https:\/\/sinoextrud.com\/product\/sructrual-aluminum-extrusion-profiles-ceiling-drop-ceiling\/\" target=\"_blank\">Sructrual Aluminum Extrusion Profiles Ceiling Drop Ceiling<\/a><\/li>\r\n<li><a href=\"https:\/\/sinoextrud.com\/product\/l-shaped-aluminium-profile\/\" target=\"_blank\">L Shaped Aluminium Profile<\/a><\/li>\r\n<li><a href=\"https:\/\/sinoextrud.com\/product\/80-x-80-aluminum-extrusion\/\" target=\"_blank\">80 X 80 Aluminum Extrusion<\/a><\/li>\r\n<li><a href=\"https:\/\/sinoextrud.com\/product\/aluminum-profile-price-of-aluminium-partition-wall-studs-aluminum-manufacturer\/\" target=\"_blank\">aluminum profile price of aluminium partition wall studs aluminum manufacturer<\/a><\/li>\r\n<li><a href=\"https:\/\/sinoextrud.com\/product\/extrusions-aluminum-structural-framing-kitchen-cabinet-doors-oem-anodized-champagne-selling-in-pakistan\/\" target=\"_blank\">extrusions aluminum structural framing kitchen cabinet doors OEM Anodized champagne selling in pakistan<\/a><\/li>\r\n<li><a href=\"https:\/\/sinoextrud.com\/product\/aluminum-door-jamb-extrusion\/\" target=\"_blank\">Aluminum Door Jamb Extrusion<\/a><\/li>\r\n<li><a href=\"https:\/\/sinoextrud.com\/product\/sandblasted-aluminum-finish-profile\/\" target=\"_blank\">Sandblasted Aluminum Finish Profile<\/a><\/li>\r\n<li><a href=\"https:\/\/sinoextrud.com\/product\/glass-balcony-railing-aluminum-u-channel-design\/\" target=\"_blank\">Glass Balcony Railing Aluminum U Channel Design<\/a><\/li>\r\n<li><a href=\"https:\/\/sinoextrud.com\/product\/aluminum-rectangular-extrusion\/\" target=\"_blank\">Aluminum Rectangular Extrusion<\/a><\/li>"},"feature_list":[]},"_links":{"self":[{"href":"https:\/\/sinoextrud.com\/es\/wp-json\/wp\/v2\/product\/7827","targetHints":{"allow":["GET"]}}],"collection":[{"href":"https:\/\/sinoextrud.com\/es\/wp-json\/wp\/v2\/product"}],"about":[{"href":"https:\/\/sinoextrud.com\/es\/wp-json\/wp\/v2\/types\/product"}],"wp:featuredmedia":[{"embeddable":true,"href":"https:\/\/sinoextrud.com\/es\/wp-json\/wp\/v2\/media\/7825"}],"wp:attachment":[{"href":"https:\/\/sinoextrud.com\/es\/wp-json\/wp\/v2\/media?parent=7827"}],"wp:term":[{"taxonomy":"category","embeddable":true,"href":"https:\/\/sinoextrud.com\/es\/wp-json\/wp\/v2\/categories?post=7827"}],"curies":[{"name":"wp","href":"https:\/\/api.w.org\/{rel}","templated":true}]}}