{"id":7794,"date":"2025-06-10T07:46:10","date_gmt":"2025-06-10T07:46:10","guid":{"rendered":"https:\/\/sinoextrud.com\/product\/large-custom-aluminum-extrusions\/"},"modified":"2025-06-24T06:13:42","modified_gmt":"2025-06-24T06:13:42","slug":"grandes-extrusiones-de-aluminio-a-medida","status":"publish","type":"product","link":"https:\/\/sinoextrud.com\/es\/product\/large-custom-aluminum-extrusions\/","title":{"rendered":"Grandes extrusiones de aluminio a medida"},"content":{"rendered":"<h2>Productos<\/h2>\n<table class=\"custom-table\">\n<tbody>\n<tr>\n<td> <\/td>\n<td>Grandes extrusiones de aluminio a medida<\/td>\n<\/tr>\n<tr>\n<td>Material<\/td>\n<td>6063,6061,6463,6005,6082 etc.<\/td>\n<\/tr>\n<tr>\n<td>Forma<\/td>\n<td>Cuadrado, redondo, tri\u00e1ngulo, hex\u00e1gono y otras formas personalizadas<\/td>\n<\/tr>\n<tr>\n<td>Talla<\/td>\n<td>A petici\u00f3n del cliente<\/td>\n<\/tr>\n<tr>\n<td>Longitud<\/td>\n<td>Est\u00e1ndar 1-9M, otras longitudes disponibles.<\/td>\n<\/tr>\n<tr>\n<td>Aplicaciones t\u00edpicas<\/td>\n<td>Muro cortina,Muro de cristal,Parte de oficina,Industria,Decoraci\u00f3n etc.<\/td>\n<\/tr>\n<tr>\n<td>Norma de calidad<\/td>\n<td>Alta calidad<\/td>\n<\/tr>\n<tr>\n<td>Marca<\/td>\n<td>Sinoextrud,Sinoextrud, o marca OEM<\/td>\n<\/tr>\n<tr>\n<td>M\u00e1s proceso<\/td>\n<td>Fresado CNC, taladrado, punzonado, perforaci\u00f3n, roscado, plegado<\/td>\n<\/tr>\n<tr>\n<td>Tratamiento de superficies<\/td>\n<td>Acabado de molino, anodizado, recubierto de polvo, grano de madera, etc.<\/td>\n<\/tr>\n<tr>\n<td>Certificados<\/td>\n<td>ISO9001,ISO4001,CQM,SGS,CE,BV etc.<\/td>\n<\/tr>\n<tr>\n<td>Lugar de origen<\/td>\n<td>Guangdong,China<\/td>\n<\/tr>\n<\/tbody>\n<\/table>\n<h2>Nuestra base de fabricaci\u00f3n<\/h2>\n<h3>Panorama de la f\u00e1brica<\/h3>\n<p><img decoding=\"async\" src=\"\/wp-content\/uploads\/factory-01.webp\"\/><\/p>\n<h3>Taller de fabricaci\u00f3n de barras de aluminio<\/h3>\n<p><img decoding=\"async\" src=\"\/wp-content\/uploads\/factory-02.webp\"\/><\/p>\n<p><img decoding=\"async\" src=\"\/wp-content\/uploads\/factory-03.webp\"\/><\/p>\n<h3>Almac\u00e9n de moldes<\/h3>\n<p><img decoding=\"async\" src=\"\/wp-content\/uploads\/factory-04.webp\"\/><\/p>\n<h3>43 L\u00c3neas de extrusi\u00c3\u00b3n de aluminio (500\u00e2\u20ac\"5500 toneladas)<\/h3>\n<p><img decoding=\"async\" src=\"\/wp-content\/uploads\/factory-05.webp\"\/><\/p>\n<p><img decoding=\"async\" src=\"\/wp-content\/uploads\/factory-06.webp\"\/><\/p>\n<p><img decoding=\"async\" src=\"\/wp-content\/uploads\/factory-07.webp\"\/><\/p>\n<h3>Taller de pintura en polvo<\/h3>\n<p><img decoding=\"async\" src=\"\/wp-content\/uploads\/factory-09.webp\"\/><\/p>\n<h3>Taller de anodizado<\/h3>\n<p><img decoding=\"async\" src=\"\/wp-content\/uploads\/factory-10.webp\"\/><\/p>\n<h3>Taller de procesamiento profundo<\/h3>\n<p><img decoding=\"async\" src=\"\/wp-content\/uploads\/factory-11.webp\"\/><\/p>\n<h3>Taller de mecanizado de precisi\u00f3n CNC<\/h3>\n<p><img decoding=\"async\" src=\"\/wp-content\/uploads\/factory-11.5.webp\"\/><\/p>\n<h3>Almac\u00e9n de productos acabados y de exportaci\u00f3n<\/h3>\n<p><img decoding=\"async\" src=\"\/wp-content\/uploads\/factory-12.webp\"\/><\/p>\n<p><img decoding=\"async\" src=\"\/wp-content\/uploads\/factory-13.webp\"\/><\/p>\n<p><img decoding=\"async\" src=\"\/wp-content\/uploads\/factory-14.webp\"\/><\/p>\n<h2>PREGUNTAS FRECUENTES<\/h2>\n<p><p><b>1. \u00bfQu\u00e9 son las extrusiones grandes de aluminio a medida?<\/b><\/p>\n<p>Las grandes extrusiones de aluminio a medida son perfiles de aluminio especialmente dise\u00f1ados que se fabrican en grandes tama\u00f1os y con formas personalizadas para satisfacer aplicaciones industriales espec\u00edficas.<br \/>\n<\/p><br \/>\n<br \/>\n<p><b>2. \u00bfQu\u00e9 industrias suelen utilizar extrusiones de aluminio grandes a medida?<\/b><\/p>\n<p>Industrias como la automoci\u00f3n, la aeroespacial, la construcci\u00f3n y el transporte utilizan grandes extrusiones de aluminio a medida por su resistencia, ligereza y capacidad de personalizaci\u00f3n.<br \/>\n<\/p><br \/>\n<br \/>\n<p><b>3. \u00bfCu\u00e1les son las principales ventajas de las grandes extrusiones de aluminio a medida?<\/b><\/p>\n<p>Las principales ventajas son la flexibilidad de dise\u00f1o, la elevada relaci\u00f3n resistencia-peso, la resistencia a la corrosi\u00f3n y la idoneidad para estructuras de gran tama\u00f1o.<br \/>\n<\/p><br \/>\n<br \/>\n<p><b>4.\u00bfPueden fabricar extrusiones de aluminio con formas complejas a medida?<\/b><\/p>\n<p>S\u00ed, nos especializamos en la creaci\u00f3n de grandes extrusiones de aluminio a medida con geometr\u00edas intrincadas para satisfacer sus requisitos de dise\u00f1o.<br \/>\n<\/p><br \/>\n<br \/>\n<p><b>5.\u00bfSon rentables las grandes extrusiones de aluminio a medida para la producci\u00f3n de grandes vol\u00famenes?<\/b><\/p>\n<p>S\u00ed, son ideales para tiradas de gran volumen gracias a la reducci\u00f3n del desperdicio de material y a la eficacia de los procesos de producci\u00f3n.<br \/>\n<\/p><br \/><\/p>","protected":false},"featured_media":7793,"template":"","categories":[67],"class_list":["post-7794","product","type-product","status-publish","has-post-thumbnail","hentry","category-architectural-aluminium-profile"],"meta_box":{"hilight_text_group":{"product_hilight_text":"<li>High precision tolerance ensures compatibility with complex designs<\/li>\r\r\n<li>Customized profiles tailored to specific industrial requirements<\/li>\r\r\n<li>Lightweight yet strong for structural applications<\/li>\r\r\n<li>Excellent corrosion resistance for long-lasting performance<\/li>\r\r\n<li>Large extrusion capacity supports oversized and heavy-duty projects<\/li>","product_chanpin_blog":"<ul>\r\r\n<li><a href=\"https:\/\/sinoextrud.com\/t-slot-v-slot-differences\/\" target=\"_blank\">t slot vs v slot<\/a><\/li>\r\r\n<li><a href=\"https:\/\/sinoextrud.com\/what-is-4040-aluminium-extrud\/\" target=\"_blank\">4040 aluminium extrusion<\/a><\/li>\r\r\n<li><a href=\"https:\/\/sinoextrud.com\/what-is-4040-aluminium-extrud\/\" target=\"_blank\">aluminum extrusions for industrial racks<\/a><\/li>\r\r\n<li><a href=\"https:\/\/sinoextrud.com\/powder-coating-aluminium-process\/\" target=\"_blank\">powder coating aluminium<\/a><\/li>\r\r\n<li><a href=\"https:\/\/sinoextrud.com\/what-is-an-aluminium-strip-ceiling\/\" target=\"_blank\">aluminium strip ceiling<\/a><\/li>\r\r\n<li><a href=\"https:\/\/sinoextrud.com\/what-is-a-heat-sink\/\" target=\"_blank\">what is a heat sink<\/a><\/li>\r\r\n<\/ul>","product_chanpin_chanpin":"<li><a href=\"https:\/\/sinoextrud.com\/product\/aluminum-outdoor-louver\/\" target=\"_blank\">Aluminum Outdoor Louver<\/a><\/li>\r\n<li><a href=\"https:\/\/sinoextrud.com\/product\/aluminium-extrusion-profile\/\" target=\"_blank\">Aluminium Extrusion Profile<\/a><\/li>\r\n<li><a href=\"https:\/\/sinoextrud.com\/product\/extruded-aluminium-electronics-enclosures\/\" target=\"_blank\">Extruded aluminium electronics enclosures<\/a><\/li>\r\n<li><a href=\"https:\/\/sinoextrud.com\/product\/aluminum-curtain-wall-powder-coating-properties-prices-competitive-extrusion-uses-in-construction\/\" target=\"_blank\">aluminum curtain wall Powder Coating properties prices competitive Extrusion uses in construction<\/a><\/li>\r\n<li><a href=\"https:\/\/sinoextrud.com\/product\/large-custom-aluminum-extrusions\/\" target=\"_blank\">Large Custom Aluminum Extrusions<\/a><\/li>\r\n<li><a href=\"https:\/\/sinoextrud.com\/product\/double-angle-aluminum-extrusion\/\" target=\"_blank\">Double Angle Aluminum Extrusion<\/a><\/li>\r\n<li><a href=\"https:\/\/sinoextrud.com\/product\/sructrual-aluminum-extrusion-profiles-ceiling-drop-ceiling\/\" target=\"_blank\">Sructrual Aluminum Extrusion Profiles Ceiling Drop Ceiling<\/a><\/li>\r\n<li><a href=\"https:\/\/sinoextrud.com\/product\/l-shaped-aluminium-profile\/\" target=\"_blank\">L Shaped Aluminium Profile<\/a><\/li>\r\n<li><a href=\"https:\/\/sinoextrud.com\/product\/80-x-80-aluminum-extrusion\/\" target=\"_blank\">80 X 80 Aluminum Extrusion<\/a><\/li>\r\n<li><a href=\"https:\/\/sinoextrud.com\/product\/china-high-quality-polishing-shower-enclosure-aluminum-extrusion-profile\/\" target=\"_blank\">China High-quality Polishing Shower Enclosure Aluminum Extrusion Profile<\/a><\/li>\r\n<li><a href=\"https:\/\/sinoextrud.com\/product\/powder-coating-aluminum-window-profile\/\" target=\"_blank\">Powder Coating Aluminum Window Profile<\/a><\/li>"},"feature_list":[]},"_links":{"self":[{"href":"https:\/\/sinoextrud.com\/es\/wp-json\/wp\/v2\/product\/7794","targetHints":{"allow":["GET"]}}],"collection":[{"href":"https:\/\/sinoextrud.com\/es\/wp-json\/wp\/v2\/product"}],"about":[{"href":"https:\/\/sinoextrud.com\/es\/wp-json\/wp\/v2\/types\/product"}],"wp:featuredmedia":[{"embeddable":true,"href":"https:\/\/sinoextrud.com\/es\/wp-json\/wp\/v2\/media\/7793"}],"wp:attachment":[{"href":"https:\/\/sinoextrud.com\/es\/wp-json\/wp\/v2\/media?parent=7794"}],"wp:term":[{"taxonomy":"category","embeddable":true,"href":"https:\/\/sinoextrud.com\/es\/wp-json\/wp\/v2\/categories?post=7794"}],"curies":[{"name":"wp","href":"https:\/\/api.w.org\/{rel}","templated":true}]}}