{"id":7784,"date":"2025-06-10T07:22:41","date_gmt":"2025-06-10T07:22:41","guid":{"rendered":"https:\/\/sinoextrud.com\/product\/window-extrusion-profiles\/"},"modified":"2025-06-24T06:13:40","modified_gmt":"2025-06-24T06:13:40","slug":"perfiles-de-extrusion-para-ventanas","status":"publish","type":"product","link":"https:\/\/sinoextrud.com\/es\/product\/window-extrusion-profiles\/","title":{"rendered":"Perfiles de extrusi\u00f3n para ventanas"},"content":{"rendered":"<h2>Productos<\/h2>\n<table class=\"custom-table\">\n<tr>\n<td class=\"label\">Nombre del producto<\/td>\n<td>Perfiles de extrusi\u00f3n para ventanas<\/td>\n<\/tr>\n<tr>\n<td class=\"label\">Ingrediente<\/td>\n<td>6063 o 6061<\/td>\n<\/tr>\n<tr>\n<td class=\"label\">Temple<\/td>\n<td>T3-T8<\/td>\n<\/tr>\n<tr>\n<td class=\"label\">Longitud<\/td>\n<td>Longitud est\u00e1ndar1-9M, otras longitudes especiales disponibles.<\/td>\n<\/tr>\n<tr>\n<td class=\"label\">Aplicaciones t\u00edpicas<\/td>\n<td>Ventanas y puertas<\/td>\n<\/tr>\n<tr>\n<td class=\"label\">Marca<\/td>\n<td>Sinoextrud u OEM<\/td>\n<\/tr>\n<tr>\n<td class=\"label\">Proceso CNC<\/td>\n<td>Soporte de fresado CNC, punzonado, taladrado, roscado, plegado<\/td>\n<\/tr>\n<tr>\n<td class=\"label\">MOQ<\/td>\n<td>200KG<\/td>\n<\/tr>\n<tr>\n<td class=\"label\">Tratamiento de superficies<\/td>\n<td>Acabado de fresado, grano de madera, anodizado, recubrimiento en polvo, electroforesis, recubrimiento de PVDF, cepillado, etc.<\/td>\n<\/tr>\n<tr>\n<td class=\"label\">Certificaciones<\/td>\n<td>ISO9001,ISO4001,CQM,SGS,CE,BV etc.<\/td>\n<\/tr>\n<tr>\n<td class=\"label\">Plazo de entrega<\/td>\n<td>1.Apertura del molde y confirmaci\u00f3n de la muestra 12-15 d\u00edas.<br \/>\n2.Producci\u00f3n en serie 25-30 d\u00edas.<\/td>\n<\/tr>\n<tr>\n<td class=\"label\">Plazo de entrega<\/td>\n<td>EXW o FOB Foshan\/Guangzhou\/Shenzhen<\/td>\n<\/tr>\n<tr>\n<td class=\"label\">Plazo de pago<\/td>\n<td>Alipay,LC o TT 30% dep\u00f3sito,70% saldo antes del env\u00edo<\/td>\n<\/tr>\n<tr>\n<td class=\"label\">Origen<\/td>\n<td>Guangdong,China<\/td>\n<\/tr>\n<tr>\n<td class=\"label\">M\u00e9todo de embalaje<\/td>\n<td>1.Inside : embalado con pel\u00edcula protectora de pl\u00e1stico o polybag.<br \/>\n2.Exterior: embalado con papel kraft impermeable para cada fardo.<br \/>\n3.Otro m\u00e9todo de embalaje seg\u00fan lo acordado.<\/td>\n<\/tr>\n<\/table>\n<h2>Nuestra base de fabricaci\u00f3n<\/h2>\n<h3>Panorama de la f\u00e1brica<\/h3>\n<p><img decoding=\"async\" src=\"\/wp-content\/uploads\/factory-01.webp\"\/><\/p>\n<h3>Taller de fabricaci\u00f3n de barras de aluminio<\/h3>\n<p><img decoding=\"async\" src=\"\/wp-content\/uploads\/factory-02.webp\"\/><\/p>\n<p><img decoding=\"async\" src=\"\/wp-content\/uploads\/factory-03.webp\"\/><\/p>\n<h3>Almac\u00e9n de moldes<\/h3>\n<p><img decoding=\"async\" src=\"\/wp-content\/uploads\/factory-04.webp\"\/><\/p>\n<h3>43 L\u00c3neas de extrusi\u00c3\u00b3n de aluminio (500\u00e2\u20ac\"5500 toneladas)<\/h3>\n<p><img decoding=\"async\" src=\"\/wp-content\/uploads\/factory-05.webp\"\/><\/p>\n<p><img decoding=\"async\" src=\"\/wp-content\/uploads\/factory-06.webp\"\/><\/p>\n<p><img decoding=\"async\" src=\"\/wp-content\/uploads\/factory-07.webp\"\/><\/p>\n<h3>Taller de pintura en polvo<\/h3>\n<p><img decoding=\"async\" src=\"\/wp-content\/uploads\/factory-09.webp\"\/><\/p>\n<h3>Taller de anodizado<\/h3>\n<p><img decoding=\"async\" src=\"\/wp-content\/uploads\/factory-10.webp\"\/><\/p>\n<h3>Taller de procesamiento profundo<\/h3>\n<p><img decoding=\"async\" src=\"\/wp-content\/uploads\/factory-11.webp\"\/><\/p>\n<h3>Taller de mecanizado de precisi\u00f3n CNC<\/h3>\n<p><img decoding=\"async\" src=\"\/wp-content\/uploads\/factory-11.5.webp\"\/><\/p>\n<h3>Almac\u00e9n de productos acabados y de exportaci\u00f3n<\/h3>\n<p><img decoding=\"async\" src=\"\/wp-content\/uploads\/factory-12.webp\"\/><\/p>\n<p><img decoding=\"async\" src=\"\/wp-content\/uploads\/factory-13.webp\"\/><\/p>\n<p><img decoding=\"async\" src=\"\/wp-content\/uploads\/factory-14.webp\"\/><\/p>\n<h2>PREGUNTAS FRECUENTES<\/h2>\n<p><p><b>1.\u00bfQu\u00e9 son los perfiles de extrusi\u00f3n para ventanas? <\/b><\/p>\n<p> Los perfiles de extrusi\u00f3n para ventanas son perfiles de aluminio con formas especiales que se utilizan para construir y soportar marcos de ventanas en aplicaciones arquitect\u00f3nicas e industriales.<br \/>\n<\/p><br \/>\n<br \/>\n<p><b>2.\u00bfPor qu\u00e9 utilizar aluminio para los perfiles de extrusi\u00f3n de ventanas? <\/b><\/p>\n<p> El aluminio ofrece durabilidad, resistencia a la corrosi\u00f3n y una estructura ligera, por lo que es ideal para el rendimiento a largo plazo de los marcos de ventana.<br \/>\n<\/p><br \/>\n<br \/>\n<p><b>3.\u00bfPueden estos perfiles admitir doble o triple acristalamiento? <\/b><\/p>\n<p> S\u00ed, los perfiles de extrusi\u00f3n para ventanas est\u00e1n dise\u00f1ados para adaptarse a una amplia gama de tipos de acristalamiento, incluidas las unidades de doble y triple vidrio.<br \/>\n<\/p><br \/>\n<br \/>\n<p><b>4.\u00bfSe pueden personalizar los perfiles de extrusi\u00f3n de ventanas? <\/b><\/p>\n<p> Por supuesto, pueden personalizarse en forma, tama\u00f1o, grosor y acabado superficial para satisfacer requisitos espec\u00edficos de dise\u00f1o y funcionalidad.<br \/>\n<\/p><br \/>\n<br \/>\n<p><b>5.\u00bfQu\u00e9 acabados hay disponibles para los perfiles de las ventanas? <\/b><\/p>\n<p> Entre los acabados m\u00e1s comunes se encuentran el anodizado, el recubrimiento en polvo, el PVDF y el veteado de la madera, tanto para la protecci\u00f3n funcional como para el atractivo visual.<br \/>\n<\/p><br \/>\n<br \/>\n<p><b>6.\u00bfLos perfiles de aluminio para ventanas son resistentes a la intemperie? <\/b><\/p>\n<p> S\u00ed, con un tratamiento adecuado de la superficie, resisten excepcionalmente bien la humedad, los rayos UV y las fluctuaciones de temperatura.<br \/>\n<\/p><br \/>\n<br \/>\n<p><b>7.\u00bfEstos perfiles requieren mucho mantenimiento? <\/b><\/p>\n<p> No, los perfiles de aluminio para ventanas requieren poco mantenimiento y normalmente s\u00f3lo necesitan una limpieza ocasional para conservar su aspecto y rendimiento.<br \/>\n<\/p><br \/>\n<br \/>\n<p><b>8.\u00bfQu\u00e9 industrias utilizan perfiles de aluminio para ventanas? <\/b><\/p>\n<p> Estos perfiles se utilizan ampliamente en viviendas residenciales, edificios comerciales, muros cortina y sistemas de ventanas industriales.<br \/>\n<\/p><br \/><\/p>","protected":false},"featured_media":7783,"template":"","categories":[67],"class_list":["post-7784","product","type-product","status-publish","has-post-thumbnail","hentry","category-architectural-aluminium-profile"],"meta_box":{"hilight_text_group":{"product_hilight_text":"<li>Precision-extruded profiles ensure airtight and secure window frame construction.<\/li>\r\r\n<li>Lightweight aluminum material offers high strength and corrosion resistance.<\/li>\r\r\n<li>Customizable shapes, thicknesses, and finishes for various window designs.<\/li>\r\r\n<li>Compatible with multiple glazing options for thermal and acoustic insulation.<\/li>\r\r\n<li>Low maintenance and long-lasting performance in all weather conditions.<\/li>\r\r\n<li>Ideal for residential, commercial, and industrial window systems.<\/li>","product_chanpin_blog":"<ul>\r\r\n<li><a href=\"https:\/\/sinoextrud.com\/t-slot-v-slot-differences\/\" target=\"_blank\">t slot vs v slot<\/a><\/li>\r\r\n<li><a href=\"https:\/\/sinoextrud.com\/what-is-4040-aluminium-extrud\/\" target=\"_blank\">4040 aluminium extrusion<\/a><\/li>\r\r\n<li><a href=\"https:\/\/sinoextrud.com\/what-is-4040-aluminium-extrud\/\" target=\"_blank\">aluminum extrusions for industrial racks<\/a><\/li>\r\r\n<li><a href=\"https:\/\/sinoextrud.com\/powder-coating-aluminium-process\/\" target=\"_blank\">powder coating aluminium<\/a><\/li>\r\r\n<li><a href=\"https:\/\/sinoextrud.com\/what-is-an-aluminium-strip-ceiling\/\" target=\"_blank\">aluminium strip ceiling<\/a><\/li>\r\r\n<li><a href=\"https:\/\/sinoextrud.com\/what-is-a-heat-sink\/\" target=\"_blank\">what is a heat sink<\/a><\/li>\r\r\n<\/ul>","product_chanpin_chanpin":"<li><a href=\"https:\/\/sinoextrud.com\/product\/aluminum-profile-for-curtain\/\" target=\"_blank\">Aluminum Profile for Curtain<\/a><\/li>\r\n<li><a href=\"https:\/\/sinoextrud.com\/product\/aluminum-profile-slider-for-window-curtain\/\" target=\"_blank\">Aluminum Profile Slider For Window Curtain<\/a><\/li>\r\n<li><a href=\"https:\/\/sinoextrud.com\/product\/aluminum-profile-wardrobe-hanging-rail\/\" target=\"_blank\">Aluminum Profile Wardrobe Hanging Rail<\/a><\/li>\r\n<li><a href=\"https:\/\/sinoextrud.com\/product\/anodizing-aluminium-alloy-wire-slot\/\" target=\"_blank\">Anodizing Aluminium Alloy Wire Slot<\/a><\/li>\r\n<li><a href=\"https:\/\/sinoextrud.com\/product\/window-extrusion-profiles\/\" target=\"_blank\">Window Extrusion Profiles<\/a><\/li>\r\n<li><a href=\"https:\/\/sinoextrud.com\/product\/aluminum-outdoor-louver\/\" target=\"_blank\">Aluminum Outdoor Louver<\/a><\/li>\r\n<li><a href=\"https:\/\/sinoextrud.com\/product\/aluminium-extrusion-profile\/\" target=\"_blank\">Aluminium Extrusion Profile<\/a><\/li>\r\n<li><a href=\"https:\/\/sinoextrud.com\/product\/extruded-aluminium-electronics-enclosures\/\" target=\"_blank\">Extruded aluminium electronics enclosures<\/a><\/li>\r\n<li><a href=\"https:\/\/sinoextrud.com\/product\/aluminum-curtain-wall-powder-coating-properties-prices-competitive-extrusion-uses-in-construction\/\" target=\"_blank\">aluminum curtain wall Powder Coating properties prices competitive Extrusion uses in construction<\/a><\/li>\r\n<li><a href=\"https:\/\/sinoextrud.com\/product\/aluminium-profile-systems\/\" target=\"_blank\">Aluminium Profile Systems<\/a><\/li>\r\n<li><a href=\"https:\/\/sinoextrud.com\/product\/aluminum-mirror-frame-extrusions\/\" target=\"_blank\">Aluminum Mirror Frame Extrusions<\/a><\/li>"},"feature_list":[]},"_links":{"self":[{"href":"https:\/\/sinoextrud.com\/es\/wp-json\/wp\/v2\/product\/7784","targetHints":{"allow":["GET"]}}],"collection":[{"href":"https:\/\/sinoextrud.com\/es\/wp-json\/wp\/v2\/product"}],"about":[{"href":"https:\/\/sinoextrud.com\/es\/wp-json\/wp\/v2\/types\/product"}],"wp:featuredmedia":[{"embeddable":true,"href":"https:\/\/sinoextrud.com\/es\/wp-json\/wp\/v2\/media\/7783"}],"wp:attachment":[{"href":"https:\/\/sinoextrud.com\/es\/wp-json\/wp\/v2\/media?parent=7784"}],"wp:term":[{"taxonomy":"category","embeddable":true,"href":"https:\/\/sinoextrud.com\/es\/wp-json\/wp\/v2\/categories?post=7784"}],"curies":[{"name":"wp","href":"https:\/\/api.w.org\/{rel}","templated":true}]}}