{"id":7767,"date":"2025-06-10T07:00:43","date_gmt":"2025-06-10T07:00:43","guid":{"rendered":"https:\/\/sinoextrud.com\/product\/aluminum-picture-photo-artware-frame-mirror-polished-gold\/"},"modified":"2025-06-24T06:13:38","modified_gmt":"2025-06-24T06:13:38","slug":"marco-de-aluminio-para-fotos-espejo-oro-pulido","status":"publish","type":"product","link":"https:\/\/sinoextrud.com\/es\/product\/aluminum-picture-photo-artware-frame-mirror-polished-gold\/","title":{"rendered":"Aluminio Cuadro Foto Artware Marco Espejo Oro Pulido"},"content":{"rendered":"<h2>Productos<\/h2>\n<table class=\"custom-table\">\n<tbody>\n<tr>\n<td> Art\u00edculo<\/td>\n<td> Aluminio Cuadro Foto Artware Marco Espejo Oro Pulido<\/td>\n<\/tr>\n<tr>\n<td> Material aleaci\u00f3n<\/td>\n<td> 6063-T5<\/td>\n<\/tr>\n<tr>\n<td> Talla<\/td>\n<td> 1-9m, personalizaci\u00f3n<\/td>\n<\/tr>\n<tr>\n<td> Tratamiento superficial<\/td>\n<td> Anodizado, pulido, personalizaci\u00f3n<\/td>\n<\/tr>\n<tr>\n<td> Color<\/td>\n<td> espejo, oro, muchos colores personalizaci\u00f3n<\/td>\n<\/tr>\n<tr>\n<td> Aplicaci\u00f3n<\/td>\n<td> decoraci\u00f3n art\u00edstica, marco<\/td>\n<\/tr>\n<tr>\n<td> Marca<\/td>\n<td> Sinoextrud\/Sinoextrud aluminio<\/td>\n<\/tr>\n<tr>\n<td> Material<\/td>\n<td> 6063-T5, 6061-T6, 6005, 6005A, 6463-T5, 6082, etc.<\/td>\n<\/tr>\n<tr>\n<td> Marca<\/td>\n<td> Sinoextrud \/ Sinoextrud aluminio<\/td>\n<\/tr>\n<tr>\n<td> Talla<\/td>\n<td> 1m-9m o personalizaci\u00f3n<\/td>\n<\/tr>\n<tr>\n<td> Aplicaci\u00f3n<\/td>\n<td> artware marco decorativo, cuadro, foto, etc<\/td>\n<\/tr>\n<tr>\n<td> Tratamiento superficial<\/td>\n<td> Acabado de fresado, anodizado, pulido, cepillado, chorro de arena, grano de madera, electroforesis, recubrimiento en polvo, recubrimiento en polvo de flurocarbono (PVDF), etc.<\/td>\n<\/tr>\n<tr>\n<td> Color<\/td>\n<td> Blanco plateado, negro, gris, dorado, azul, rojo, grano de madera, etc.<\/td>\n<\/tr>\n<tr>\n<td> MOQ<\/td>\n<td> 200KG para cada art\u00edculo \/ color<\/td>\n<\/tr>\n<tr>\n<td> Servicio OEM<\/td>\n<td> a partir de planos o muestras dise\u00f1ados por el cliente<\/td>\n<\/tr>\n<tr>\n<td> Certificado<\/td>\n<td> SONCAP, BV, SGS, etc.<\/td>\n<\/tr>\n<tr>\n<td> Detalles del embalaje<\/td>\n<td> Embalaje interior con pel\u00edcula protectora de pl\u00e1stico, embalaje exterior con papel kraft impermeable<\/td>\n<\/tr>\n<tr>\n<td> Plazo de entrega<\/td>\n<td> Die desarrollo y prueba de la muestra es12-18days entonces la duraci\u00f3n de la producci\u00f3n es 25-30days despu\u00e9s del recibo del dep\u00f3sito del comprador.<\/td>\n<\/tr>\n<tr>\n<td> Condiciones de pago<\/td>\n<td> 30% pago por adelantado, saldo antes del env\u00edo<\/td>\n<\/tr>\n<tr>\n<td> Puerto de carga<\/td>\n<td> FOB Shenzhen, Guangzhou, Foshan<\/td>\n<\/tr>\n<tr>\n<td> Plazo de liquidaci\u00f3n<\/td>\n<td> El pago final se basar\u00e1 en el pesaje f\u00edsico real final.<\/td>\n<\/tr>\n<tr>\n<td> Capacidad del producto<\/td>\n<td> 15.000 toneladas\/mes<\/td>\n<\/tr>\n<tr>\n<td> Garant\u00eda de calidad<\/td>\n<td> El color de la superficie puede durar entre 10 y 20 a\u00f1os en interiores.<\/td>\n<\/tr>\n<\/tbody>\n<\/table>\n<h2>Nuestra base de fabricaci\u00f3n<\/h2>\n<h3>Panorama de la f\u00e1brica<\/h3>\n<p><img decoding=\"async\" src=\"\/wp-content\/uploads\/factory-01.webp\"\/><\/p>\n<h3>Taller de fabricaci\u00f3n de barras de aluminio<\/h3>\n<p><img decoding=\"async\" src=\"\/wp-content\/uploads\/factory-02.webp\"\/><\/p>\n<\/p>\n<p><img decoding=\"async\" src=\"\/wp-content\/uploads\/factory-03.webp\"\/><\/p>\n<h3>Almac\u00e9n de moldes<\/h3>\n<p><img decoding=\"async\" src=\"\/wp-content\/uploads\/factory-04.webp\"\/><\/p>\n<h3>43 L\u00c3neas de extrusi\u00c3\u00b3n de aluminio (500\u00e2\u20ac\"5500 toneladas)<\/h3>\n<p><img decoding=\"async\" src=\"\/wp-content\/uploads\/factory-05.webp\"\/><\/p>\n<p><img decoding=\"async\" src=\"\/wp-content\/uploads\/factory-06.webp\"\/><\/p>\n<p><img decoding=\"async\" src=\"\/wp-content\/uploads\/factory-07.webp\"\/><\/p>\n<h3>Taller de pintura en polvo<\/h3>\n<p><img decoding=\"async\" src=\"\/wp-content\/uploads\/factory-09.webp\"\/><\/p>\n<h3>Taller de anodizado<\/h3>\n<p><img decoding=\"async\" src=\"\/wp-content\/uploads\/factory-10.webp\"\/><\/p>\n<h3>Taller de procesamiento profundo<\/h3>\n<p><img decoding=\"async\" src=\"\/wp-content\/uploads\/factory-11.webp\"\/><\/p>\n<h3>Taller de mecanizado de precisi\u00f3n CNC<\/h3>\n<p><img decoding=\"async\" src=\"\/wp-content\/uploads\/factory-11.5.webp\"\/><\/p>\n<h3>Almac\u00e9n de productos acabados y de exportaci\u00f3n<\/h3>\n<p><img decoding=\"async\" src=\"\/wp-content\/uploads\/factory-12.webp\"\/><\/p>\n<p><img decoding=\"async\" src=\"\/wp-content\/uploads\/factory-13.webp\"\/><\/p>\n<p><img decoding=\"async\" src=\"\/wp-content\/uploads\/factory-14.webp\"\/><\/p>\n<h2>PREGUNTAS FRECUENTES<\/h2>\n<p><b>1.\u00bfQu\u00e9 es el aluminio Cuadro Foto Artware Marco Espejo Pulido Oro? <\/b><\/p>\n<p> Se trata de un marco de alta calidad fabricado en aluminio con acabado en oro pulido, dise\u00f1ado para exponer cuadros, fotos y obras de arte con un aspecto elegante y lujoso.\n<\/p>\n<p><\/p>\n<p><b>2.\u00bfPor qu\u00e9 elegir un marco de aluminio para las obras de arte? <\/b><\/p>\n<p> Los marcos de aluminio son duraderos, ligeros, resistentes a la corrosi\u00f3n y elegantes, lo que los convierte en una opci\u00f3n popular para las necesidades de enmarcado tanto residenciales como comerciales.\n<\/p>\n<p><\/p>\n<p><b>3.\u00bfCu\u00e1les son las ventajas del acabado en oro pulido? <\/b><\/p>\n<p> El acabado en oro pulido realza el atractivo est\u00e9tico de las obras de arte proporcionando un aspecto sofisticado y de primera calidad que complementa cualquier estilo de decoraci\u00f3n.\n<\/p>\n<p><\/p>\n<p><b>4.\u00bfPueden utilizarse estos marcos tanto para cuadros como para espejos? <\/b><\/p>\n<p> S\u00ed, los marcos est\u00e1n dise\u00f1ados para una amplia gama de usos, como enmarcar cuadros, fotos, obras de arte y espejos, lo que ofrece flexibilidad en entornos dom\u00e9sticos y empresariales.\n<\/p>\n<p><\/p>\n<p><b>5.\u00bfSon adecuadas estas monturas para su uso en exteriores? <\/b><\/p>\n<p> Aunque los marcos de aluminio son duraderos y resistentes a la corrosi\u00f3n, el acabado en oro pulido es m\u00e1s adecuado para interiores o zonas protegidas para mantener su aspecto.\n<\/p>\n<p><\/p>\n<p><b>6.\u00bfEs f\u00e1cil instalar estos marcos? <\/b><\/p>\n<p> La construcci\u00f3n ligera de aluminio hace que estos bastidores sean f\u00e1ciles de manejar e instalar, lo que ahorra tiempo y reduce los costes de mano de obra.\n<\/p>\n<p><\/p>\n<p><b>7.\u00bfEs el material de aluminio respetuoso con el medio ambiente? <\/b><\/p>\n<p> S\u00ed, el aluminio es 100% reciclable, lo que convierte a estos marcos en una opci\u00f3n ecol\u00f3gica para soluciones de enmarcaci\u00f3n sostenibles.\n<\/p>\n<p><\/p>\n<p><b>8.\u00bfQu\u00e9 tama\u00f1os hay disponibles para estas monturas? <\/b><\/p>\n<p> Los marcos est\u00e1n disponibles en varios tama\u00f1os, y se pueden encargar tama\u00f1os personalizados para adaptarlos a obras de arte, fotos o espejos espec\u00edficos.\n<\/p>\n<p><\/p>","protected":false},"featured_media":7766,"template":"","categories":[67],"class_list":["post-7767","product","type-product","status-publish","has-post-thumbnail","hentry","category-architectural-aluminium-profile"],"meta_box":{"hilight_text_group":{"product_hilight_text":"<li>Premium polished gold finish adds elegance and luxury to any picture, photo, or artwork.<\/li>\r\r\n<li>Durable aluminum construction ensures long-lasting support and protection for frames.<\/li>\r\r\n<li>Lightweight material allows for easy handling and installation, reducing shipping costs.<\/li>\r\r\n<li>Highly resistant to corrosion and wear, making it suitable for both residential and commercial applications.<\/li>\r\r\n<li>Versatile design that complements a wide range of interior decor styles.<\/li>\r\r\n<li>Eco-friendly, as aluminum is 100% recyclable, offering a sustainable option for framing solutions.<\/li>","product_chanpin_blog":"<ul>\r\r\n<li><a href=\"https:\/\/sinoextrud.com\/t-slot-v-slot-differences\/\" target=\"_blank\">t slot vs v slot<\/a><\/li>\r\r\n<li><a href=\"https:\/\/sinoextrud.com\/what-is-4040-aluminium-extrud\/\" target=\"_blank\">4040 aluminium extrusion<\/a><\/li>\r\r\n<li><a href=\"https:\/\/sinoextrud.com\/what-is-4040-aluminium-extrud\/\" target=\"_blank\">aluminum extrusions for industrial racks<\/a><\/li>\r\r\n<li><a href=\"https:\/\/sinoextrud.com\/powder-coating-aluminium-process\/\" target=\"_blank\">powder coating aluminium<\/a><\/li>\r\r\n<li><a href=\"https:\/\/sinoextrud.com\/what-is-an-aluminium-strip-ceiling\/\" target=\"_blank\">aluminium strip ceiling<\/a><\/li>\r\r\n<li><a href=\"https:\/\/sinoextrud.com\/what-is-a-heat-sink\/\" target=\"_blank\">what is a heat sink<\/a><\/li>\r\r\n<\/ul>","product_chanpin_chanpin":"<li><a href=\"https:\/\/sinoextrud.com\/product\/aluminum-window-extrusion-profiles-2\/\" target=\"_blank\">Aluminum Window Extrusion Profiles<\/a><\/li>\r\n<li><a href=\"https:\/\/sinoextrud.com\/product\/glazing-channels-extrusions\/\" target=\"_blank\">Glazing Channels Extrusions<\/a><\/li>\r\n<li><a href=\"https:\/\/sinoextrud.com\/product\/aluminum-picture-frame-extrusions\/\" target=\"_blank\">Aluminum Picture Frame Extrusions<\/a><\/li>\r\n<li><a href=\"https:\/\/sinoextrud.com\/product\/triangular-extruded-aluminum-tube\/\" target=\"_blank\">Triangular Extruded Aluminum Tube<\/a><\/li>\r\n<li><a href=\"https:\/\/sinoextrud.com\/product\/aluminum-picture-photo-artware-frame-mirror-polished-gold\/\" target=\"_blank\">Aluminum Picture Photo Artware Frame Mirror Polished Gold<\/a><\/li>\r\n<li><a href=\"https:\/\/sinoextrud.com\/product\/aluminum-profile-for-glass-railings\/\" target=\"_blank\">Aluminum Profile For Glass Railings<\/a><\/li>\r\n<li><a href=\"https:\/\/sinoextrud.com\/product\/extruded-aluminum-slide\/\" target=\"_blank\">Extruded Aluminum Slide<\/a><\/li>\r\n<li><a href=\"https:\/\/sinoextrud.com\/product\/aluminum-profile-for-advertising-photo-frame\/\" target=\"_blank\">Aluminum Profile For Advertising Photo Frame<\/a><\/li>\r\n<li><a href=\"https:\/\/sinoextrud.com\/product\/aluminum-profile-for-curtain\/\" target=\"_blank\">Aluminum Profile for Curtain<\/a><\/li>\r\n<li><a href=\"https:\/\/sinoextrud.com\/product\/black-extruded-aluminum-heat-sink-profiles\/\" target=\"_blank\">Black Extruded Aluminum Heat Sink Profiles<\/a><\/li>\r\n<li><a href=\"https:\/\/sinoextrud.com\/product\/aluminium-sliding-door-brushed-silver\/\" target=\"_blank\">Aluminium Sliding Door Brushed Silver<\/a><\/li>"},"feature_list":[]},"_links":{"self":[{"href":"https:\/\/sinoextrud.com\/es\/wp-json\/wp\/v2\/product\/7767","targetHints":{"allow":["GET"]}}],"collection":[{"href":"https:\/\/sinoextrud.com\/es\/wp-json\/wp\/v2\/product"}],"about":[{"href":"https:\/\/sinoextrud.com\/es\/wp-json\/wp\/v2\/types\/product"}],"wp:featuredmedia":[{"embeddable":true,"href":"https:\/\/sinoextrud.com\/es\/wp-json\/wp\/v2\/media\/7766"}],"wp:attachment":[{"href":"https:\/\/sinoextrud.com\/es\/wp-json\/wp\/v2\/media?parent=7767"}],"wp:term":[{"taxonomy":"category","embeddable":true,"href":"https:\/\/sinoextrud.com\/es\/wp-json\/wp\/v2\/categories?post=7767"}],"curies":[{"name":"wp","href":"https:\/\/api.w.org\/{rel}","templated":true}]}}