{"id":7741,"date":"2025-06-10T06:12:19","date_gmt":"2025-06-10T06:12:19","guid":{"rendered":"https:\/\/sinoextrud.com\/product\/aluminium-sections-for-doors-and-windows\/"},"modified":"2025-06-24T06:13:33","modified_gmt":"2025-06-24T06:13:33","slug":"perfiles-de-aluminio-para-puertas-y-ventanas-2","status":"publish","type":"product","link":"https:\/\/sinoextrud.com\/es\/product\/aluminium-sections-for-doors-and-windows\/","title":{"rendered":"Perfiles de aluminio para puertas y ventanas"},"content":{"rendered":"<h2>Productos<\/h2>\n<table class=\"custom-table\">\n<tr>\n<td class=\"label\">Forma com\u00fan de la banda aislante:<\/td>\n<td> S\/I\/C\/T\/Personalizado <\/td>\n<\/tr>\n<tr>\n<td class=\"label\">Banda aislante de PA:<\/td>\n<td>    &gt;=126N\/mm<\/td>\n<\/tr>\n<tr>\n<td class=\"label\">Banda aislante de PVC:<\/td>\n<td> Alrededor de 70N\/mm<\/p>\n<p>Temperatura de desviaci\u00f3n t\u00e9rmica<\/td>\n<\/tr>\n<tr>\n<td class=\"label\">Banda aislante de PA:<\/td>\n<td>   240oC<\/td>\n<\/tr>\n<tr>\n<td class=\"label\">Banda aislante de PVC:<\/td>\n<td>   90oC<\/td>\n<\/tr>\n<\/table>\n<h2>Nuestra base de fabricaci\u00f3n<\/h2>\n<h3>Panorama de la f\u00e1brica<\/h3>\n<p><img decoding=\"async\" src=\"\/wp-content\/uploads\/factory-01.webp\"\/><\/p>\n<h3>Taller de fabricaci\u00f3n de barras de aluminio<\/h3>\n<p><img decoding=\"async\" src=\"\/wp-content\/uploads\/factory-02.webp\"\/><\/p>\n<p><img decoding=\"async\" src=\"\/wp-content\/uploads\/factory-03.webp\"\/><\/p>\n<h3>Almac\u00e9n de moldes<\/h3>\n<p><img decoding=\"async\" src=\"\/wp-content\/uploads\/factory-04.webp\"\/><\/p>\n<h3>43 L\u00c3neas de extrusi\u00c3\u00b3n de aluminio (500\u00e2\u20ac\"5500 toneladas)<\/h3>\n<p><img decoding=\"async\" src=\"\/wp-content\/uploads\/factory-05.webp\"\/><\/p>\n<p><img decoding=\"async\" src=\"\/wp-content\/uploads\/factory-06.webp\"\/><\/p>\n<p><img decoding=\"async\" src=\"\/wp-content\/uploads\/factory-07.webp\"\/><\/p>\n<h3>Taller de pintura en polvo<\/h3>\n<p><img decoding=\"async\" src=\"\/wp-content\/uploads\/factory-09.webp\"\/><\/p>\n<h3>Taller de anodizado<\/h3>\n<p><img decoding=\"async\" src=\"\/wp-content\/uploads\/factory-10.webp\"\/><\/p>\n<h3>Taller de procesamiento profundo<\/h3>\n<p><img decoding=\"async\" src=\"\/wp-content\/uploads\/factory-11.webp\"\/><\/p>\n<h3>Taller de mecanizado de precisi\u00f3n CNC<\/h3>\n<p><img decoding=\"async\" src=\"\/wp-content\/uploads\/factory-11.5.webp\"\/><\/p>\n<h3>Almac\u00e9n de productos acabados y de exportaci\u00f3n<\/h3>\n<p><img decoding=\"async\" src=\"\/wp-content\/uploads\/factory-12.webp\"\/><\/p>\n<p><img decoding=\"async\" src=\"\/wp-content\/uploads\/factory-13.webp\"\/><\/p>\n<p><img decoding=\"async\" src=\"\/wp-content\/uploads\/factory-14.webp\"\/><\/p>\n<h2>PREGUNTAS FRECUENTES<\/h2>\n<p><p><b>1. \u00bfQu\u00e9 son los perfiles de aluminio para puertas y ventanas?<\/b><\/p>\n<p>Los perfiles de aluminio para puertas y ventanas son perfiles especializados dise\u00f1ados para enmarcar y soportar sistemas de puertas y ventanas con durabilidad y atractivo est\u00e9tico.<br \/>\n<\/p><br \/>\n<br \/>\n<p><b>2. \u00bfSon duraderos los perfiles de aluminio para su uso a largo plazo en puertas y ventanas?<\/b><\/p>\n<p>S\u00ed, los perfiles de aluminio para puertas y ventanas ofrecen una excelente durabilidad, resistencia a la corrosi\u00f3n y protecci\u00f3n contra la intemperie para un rendimiento a largo plazo.<br \/>\n<\/p><br \/>\n<br \/>\n<p><b>3.\u00bfPueden los perfiles de aluminio para puertas y ventanas mejorar la eficiencia energ\u00e9tica?<\/b><\/p>\n<p>S\u00ed, cuando se dise\u00f1an con tecnolog\u00eda de rotura de puente t\u00e9rmico, estas secciones ayudan a reducir la transferencia de calor, mejorando la eficiencia energ\u00e9tica de los edificios.<br \/>\n<\/p><br \/>\n<br \/>\n<p><b>4.\u00bfExisten perfiles de aluminio de diferentes estilos y acabados?<\/b><\/p>\n<p>S\u00ed, los perfiles de aluminio para puertas y ventanas est\u00e1n disponibles en varios estilos, acabados anodizados o con recubrimiento de polvo y m\u00faltiples colores para adaptarse a diferentes dise\u00f1os.<br \/>\n<\/p><br \/>\n<br \/>\n<p><b>5.\u00bfSon adecuados estos perfiles de aluminio tanto para uso residencial como comercial?<\/b><\/p>\n<p>Por supuesto, los perfiles de aluminio para puertas y ventanas se utilizan ampliamente en proyectos de construcci\u00f3n tanto residenciales como comerciales debido a su resistencia y versatilidad.<br \/>\n<\/p><br \/><\/p>","protected":false},"featured_media":7740,"template":"","categories":[67],"class_list":["post-7741","product","type-product","status-publish","has-post-thumbnail","hentry","category-architectural-aluminium-profile"],"meta_box":{"hilight_text_group":{"product_hilight_text":"<li>Precision-engineered profiles ensure perfect fit for door and window systems<\/li>\r\r\n<li>High strength-to-weight ratio enhances structural stability<\/li>\r\r\n<li>Corrosion-resistant finish suitable for all weather conditions<\/li>\r\r\n<li>Supports thermal break technology for better energy efficiency<\/li>\r\r\n<li>Available in a variety of finishes and colors for aesthetic flexibility<\/li>","product_chanpin_blog":"<ul>\r\r\n<li><a href=\"https:\/\/sinoextrud.com\/t-slot-v-slot-differences\/\" target=\"_blank\">t slot vs v slot<\/a><\/li>\r\r\n<li><a href=\"https:\/\/sinoextrud.com\/what-is-4040-aluminium-extrud\/\" target=\"_blank\">4040 aluminium extrusion<\/a><\/li>\r\r\n<li><a href=\"https:\/\/sinoextrud.com\/what-is-4040-aluminium-extrud\/\" target=\"_blank\">aluminum extrusions for industrial racks<\/a><\/li>\r\r\n<li><a href=\"https:\/\/sinoextrud.com\/powder-coating-aluminium-process\/\" target=\"_blank\">powder coating aluminium<\/a><\/li>\r\r\n<li><a href=\"https:\/\/sinoextrud.com\/what-is-an-aluminium-strip-ceiling\/\" target=\"_blank\">aluminium strip ceiling<\/a><\/li>\r\r\n<li><a href=\"https:\/\/sinoextrud.com\/what-is-a-heat-sink\/\" target=\"_blank\">what is a heat sink<\/a><\/li>\r\r\n<\/ul>","product_chanpin_chanpin":"<li><a href=\"https:\/\/sinoextrud.com\/product\/structural-aluminium-profiles\/\" target=\"_blank\">Structural Aluminium Profiles<\/a><\/li>\r\n<li><a href=\"https:\/\/sinoextrud.com\/product\/aluminium-sliding-casement-window-profile\/\" target=\"_blank\">Aluminium Sliding Casement Window Profile<\/a><\/li>\r\n<li><a href=\"https:\/\/sinoextrud.com\/product\/industrial-aluminium-doors\/\" target=\"_blank\">Industrial Aluminium Doors<\/a><\/li>\r\n<li><a href=\"https:\/\/sinoextrud.com\/product\/double-angle-aluminium-extrusion\/\" target=\"_blank\">Double Angle Aluminium Extrusion<\/a><\/li>\r\n<li><a href=\"https:\/\/sinoextrud.com\/product\/aluminium-sections-for-doors-and-windows\/\" target=\"_blank\">Aluminium Sections For Doors And Windows<\/a><\/li>\r\n<li><a href=\"https:\/\/sinoextrud.com\/product\/extruded-aluminium-curtain-rails-profile-prices\/\" target=\"_blank\">Extruded Aluminium Curtain Rails Profile Prices<\/a><\/li>\r\n<li><a href=\"https:\/\/sinoextrud.com\/product\/h-section-aluminium-extrusion\/\" target=\"_blank\">H Section Aluminium Extrusion<\/a><\/li>\r\n<li><a href=\"https:\/\/sinoextrud.com\/product\/aluminum-cabinet-extrusions\/\" target=\"_blank\">Aluminum Cabinet Extrusions<\/a><\/li>\r\n<li><a href=\"https:\/\/sinoextrud.com\/product\/aluminum-window-blinds-profiles\/\" target=\"_blank\">Aluminum Window Blinds Profiles<\/a><\/li>\r\n<li><a href=\"https:\/\/sinoextrud.com\/product\/aluminum-h-shaped-connected-panels-profile-for-safe-non-slip-walkway-panel-temporary-ground-road\/\" target=\"_blank\">Aluminum H-shaped Connected Panels Profile For Safe Non-slip Walkway Panel Temporary Ground Road<\/a><\/li>\r\n<li><a href=\"https:\/\/sinoextrud.com\/product\/fluorocarbon-coated-heavy-duty-exposed-aluminium-frame-glazed-building-curtain-wall-aluminium-profile\/\" target=\"_blank\">Fluorocarbon coated heavy duty exposed aluminium frame glazed building curtain wall aluminium profile<\/a><\/li>"},"feature_list":[]},"_links":{"self":[{"href":"https:\/\/sinoextrud.com\/es\/wp-json\/wp\/v2\/product\/7741","targetHints":{"allow":["GET"]}}],"collection":[{"href":"https:\/\/sinoextrud.com\/es\/wp-json\/wp\/v2\/product"}],"about":[{"href":"https:\/\/sinoextrud.com\/es\/wp-json\/wp\/v2\/types\/product"}],"wp:featuredmedia":[{"embeddable":true,"href":"https:\/\/sinoextrud.com\/es\/wp-json\/wp\/v2\/media\/7740"}],"wp:attachment":[{"href":"https:\/\/sinoextrud.com\/es\/wp-json\/wp\/v2\/media?parent=7741"}],"wp:term":[{"taxonomy":"category","embeddable":true,"href":"https:\/\/sinoextrud.com\/es\/wp-json\/wp\/v2\/categories?post=7741"}],"curies":[{"name":"wp","href":"https:\/\/api.w.org\/{rel}","templated":true}]}}