{"id":7737,"date":"2025-06-10T02:50:03","date_gmt":"2025-06-10T02:50:03","guid":{"rendered":"https:\/\/sinoextrud.com\/product\/industrial-aluminium-doors\/"},"modified":"2025-06-24T06:13:32","modified_gmt":"2025-06-24T06:13:32","slug":"puertas-industriales-de-aluminio","status":"publish","type":"product","link":"https:\/\/sinoextrud.com\/es\/product\/industrial-aluminium-doors\/","title":{"rendered":"Puertas industriales de aluminio"},"content":{"rendered":"<h2>Productos<\/h2>\n<table class=\"custom-table\">\n<tbody>\n<tr>\n<td> Modelo NO.:<\/td>\n<td> Puertas industriales de aluminio 6063-T5 T6, 6061-T6<\/td>\n<\/tr>\n<tr>\n<td> Temperamento:<\/td>\n<td> T3-T8<\/td>\n<\/tr>\n<tr>\n<td> Aleaci\u00f3n:<\/td>\n<td> Aleaci\u00f3n<\/td>\n<\/tr>\n<tr>\n<td> Calidad:<\/td>\n<td> Competitivo<\/td>\n<\/tr>\n<tr>\n<td> Validez del precio:<\/td>\n<td> 2 semanas<\/td>\n<\/tr>\n<tr>\n<td> Muestra:<\/td>\n<td> Se puede hacer despu\u00e9s de confirmar el pedido<\/td>\n<\/tr>\n<tr>\n<td> Certificado de prueba de molienda:<\/td>\n<td> Puede proporcionar<\/td>\n<\/tr>\n<tr>\n<td> Uso:<\/td>\n<td> Puerta, ventana u otra construcci\u00f3n<\/td>\n<\/tr>\n<tr>\n<td> Paquete de transporte:<\/td>\n<td> Seaworthy<\/td>\n<\/tr>\n<tr>\n<td> Origen:<\/td>\n<td> China<\/td>\n<\/tr>\n<tr>\n<td> Acabado superficial:<\/td>\n<td> Pulverizaci\u00f3n de polvo<\/td>\n<\/tr>\n<tr>\n<td> Certificaci\u00f3n:<\/td>\n<td> CE, ISO, SGS<\/td>\n<\/tr>\n<tr>\n<td> Los precios:<\/td>\n<td> Competitivo<\/td>\n<\/tr>\n<tr>\n<td> Condiciones de entrega:<\/td>\n<td> Atractivo<\/td>\n<\/tr>\n<tr>\n<td> Patr\u00f3n:<\/td>\n<td> como dibujo del cliente<\/td>\n<\/tr>\n<tr>\n<td> Materia prima:<\/td>\n<td> 6000 Grave<\/td>\n<\/tr>\n<tr>\n<td> Insepci\u00f3n de terceros:<\/td>\n<td> Disponible<\/td>\n<\/tr>\n<\/tbody>\n<\/table>\n<h2>Nuestra base de fabricaci\u00f3n<\/h2>\n<h3>Panorama de la f\u00e1brica<\/h3>\n<p><img decoding=\"async\" src=\"\/wp-content\/uploads\/factory-01.webp\"\/><\/p>\n<h3>Taller de fabricaci\u00f3n de barras de aluminio<\/h3>\n<p><img decoding=\"async\" src=\"\/wp-content\/uploads\/factory-02.webp\"\/><\/p>\n<\/p>\n<p><img decoding=\"async\" src=\"\/wp-content\/uploads\/factory-03.webp\"\/><\/p>\n<h3>Almac\u00e9n de moldes<\/h3>\n<p><img decoding=\"async\" src=\"\/wp-content\/uploads\/factory-04.webp\"\/><\/p>\n<h3>43 l\u00edneas de extrusi\u00f3n de aluminio (500-5500 toneladas)<\/h3>\n<p><img decoding=\"async\" src=\"\/wp-content\/uploads\/factory-05.webp\"\/><\/p>\n<p><img decoding=\"async\" src=\"\/wp-content\/uploads\/factory-06.webp\"\/><\/p>\n<p><img decoding=\"async\" src=\"\/wp-content\/uploads\/factory-07.webp\"\/><\/p>\n<h3>Taller de pintura en polvo<\/h3>\n<p><img decoding=\"async\" src=\"\/wp-content\/uploads\/factory-09.webp\"\/><\/p>\n<h3>Taller de anodizado<\/h3>\n<p><img decoding=\"async\" src=\"\/wp-content\/uploads\/factory-10.webp\"\/><\/p>\n<h3>Taller de procesamiento profundo<\/h3>\n<p><img decoding=\"async\" src=\"\/wp-content\/uploads\/factory-11.webp\"\/><\/p>\n<h3>Taller de mecanizado de precisi\u00f3n CNC<\/h3>\n<p><img decoding=\"async\" src=\"\/wp-content\/uploads\/factory-11.5.webp\"\/><\/p>\n<h3>Almac\u00e9n de productos acabados y de exportaci\u00f3n<\/h3>\n<p><img decoding=\"async\" src=\"\/wp-content\/uploads\/factory-12.webp\"\/><\/p>\n<p><img decoding=\"async\" src=\"\/wp-content\/uploads\/factory-13.webp\"\/><\/p>\n<p><img decoding=\"async\" src=\"\/wp-content\/uploads\/factory-14.webp\"\/><\/p>\n<h2>PREGUNTAS FRECUENTES<\/h2>\n<p><b>1. \u00bfQu\u00e9 son las puertas industriales de aluminio?<\/b><\/p>\n<p>Las puertas industriales de aluminio son soluciones de entrada robustas fabricadas en aluminio de alta resistencia, dise\u00f1adas para instalaciones industriales que requieren durabilidad y seguridad.\n<\/p>\n<p><\/p>\n<p><b>2.\u00bfPor qu\u00e9 elegir puertas industriales de aluminio en lugar de puertas de acero o madera?<\/b><\/p>\n<p>Las puertas industriales de aluminio ofrecen una resistencia superior a la corrosi\u00f3n, menor peso y bajo mantenimiento en comparaci\u00f3n con las alternativas de acero o madera.\n<\/p>\n<p><\/p>\n<p><b>3.\u00bfSon eficientes energ\u00e9ticamente las puertas industriales de aluminio?<\/b><\/p>\n<p>S\u00ed, las puertas industriales de aluminio proporcionan un excelente aislamiento t\u00e9rmico, ayudando a reducir los costes energ\u00e9ticos en entornos industriales.\n<\/p>\n<p><\/p>\n<p><b>4.\u00bfSe pueden personalizar las puertas industriales de aluminio?<\/b><\/p>\n<p>Por supuesto, las puertas industriales de aluminio pueden adaptarse en tama\u00f1o, dise\u00f1o, acabado y herrajes para satisfacer requisitos industriales espec\u00edficos.\n<\/p>\n<p><\/p>\n<p><b>5.\u00bfSon compatibles las puertas industriales de aluminio con los sistemas de automatizaci\u00f3n?<\/b><\/p>\n<p>S\u00ed, estas puertas son compatibles con los sistemas automatizados, lo que permite una integraci\u00f3n perfecta con los sistemas de control de acceso y gesti\u00f3n de edificios.\n<\/p>\n<p><\/p>\n<p><b>6.\u00bfSon adecuadas las puertas industriales de aluminio para entornos dif\u00edciles?<\/b><\/p>\n<p>S\u00ed, el material de aluminio resistente a la corrosi\u00f3n las hace ideales para su uso en f\u00e1bricas, almacenes y aplicaciones industriales al aire libre.\n<\/p>\n<p><\/p>\n<p><b>7.\u00bfQu\u00e9 mantenimiento requieren las puertas industriales de aluminio?<\/b><\/p>\n<p>Estas puertas requieren un mantenimiento m\u00ednimo, normalmente s\u00f3lo una limpieza peri\u00f3dica y revisiones ocasionales de los herrajes para un rendimiento \u00f3ptimo.\n<\/p>\n<p><\/p>","protected":false},"featured_media":7736,"template":"","categories":[67],"class_list":["post-7737","product","type-product","status-publish","has-post-thumbnail","hentry","category-architectural-aluminium-profile"],"meta_box":{"hilight_text_group":{"product_hilight_text":"<li>Heavy-duty aluminum construction ensures strength and durability<\/li>\r\r\n<li>Corrosion-resistant surface suitable for harsh industrial environments<\/li>\r\r\n<li>Low maintenance with long service life<\/li>\r\r\n<li>Customizable dimensions, finishes, and configurations<\/li>\r\r\n<li>Excellent thermal and sound insulation for energy efficiency<\/li>\r\r\n<li>Compatible with automation and access control systems<\/li>","product_chanpin_blog":"<ul>\r\r\n<li><a href=\"https:\/\/sinoextrud.com\/t-slot-v-slot-differences\/\" target=\"_blank\">t slot vs v slot<\/a><\/li>\r\r\n<li><a href=\"https:\/\/sinoextrud.com\/what-is-4040-aluminium-extrud\/\" target=\"_blank\">4040 aluminium extrusion<\/a><\/li>\r\r\n<li><a href=\"https:\/\/sinoextrud.com\/what-is-4040-aluminium-extrud\/\" target=\"_blank\">aluminum extrusions for industrial racks<\/a><\/li>\r\r\n<li><a href=\"https:\/\/sinoextrud.com\/powder-coating-aluminium-process\/\" target=\"_blank\">powder coating aluminium<\/a><\/li>\r\r\n<li><a href=\"https:\/\/sinoextrud.com\/what-is-an-aluminium-strip-ceiling\/\" target=\"_blank\">aluminium strip ceiling<\/a><\/li>\r\r\n<li><a href=\"https:\/\/sinoextrud.com\/what-is-a-heat-sink\/\" target=\"_blank\">what is a heat sink<\/a><\/li>\r\r\n<\/ul>","product_chanpin_chanpin":"<li><a href=\"https:\/\/sinoextrud.com\/product\/anodised-aluminium\/\" target=\"_blank\">Anodised Aluminium<\/a><\/li>\r\n<li><a href=\"https:\/\/sinoextrud.com\/product\/aluminium-profile-to-make-doors-and-windows\/\" target=\"_blank\">Aluminium Profile to Make Doors And Windows<\/a><\/li>\r\n<li><a href=\"https:\/\/sinoextrud.com\/product\/structural-aluminium-profiles\/\" target=\"_blank\">Structural Aluminium Profiles<\/a><\/li>\r\n<li><a href=\"https:\/\/sinoextrud.com\/product\/aluminium-sliding-casement-window-profile\/\" target=\"_blank\">Aluminium Sliding Casement Window Profile<\/a><\/li>\r\n<li><a href=\"https:\/\/sinoextrud.com\/product\/industrial-aluminium-doors\/\" target=\"_blank\">Industrial Aluminium Doors<\/a><\/li>\r\n<li><a href=\"https:\/\/sinoextrud.com\/product\/double-angle-aluminium-extrusion\/\" target=\"_blank\">Double Angle Aluminium Extrusion<\/a><\/li>\r\n<li><a href=\"https:\/\/sinoextrud.com\/product\/aluminium-sections-for-doors-and-windows\/\" target=\"_blank\">Aluminium Sections For Doors And Windows<\/a><\/li>\r\n<li><a href=\"https:\/\/sinoextrud.com\/product\/extruded-aluminium-curtain-rails-profile-prices\/\" target=\"_blank\">Extruded Aluminium Curtain Rails Profile Prices<\/a><\/li>\r\n<li><a href=\"https:\/\/sinoextrud.com\/product\/h-section-aluminium-extrusion\/\" target=\"_blank\">H Section Aluminium Extrusion<\/a><\/li>\r\n<li><a href=\"https:\/\/sinoextrud.com\/product\/the-new-perforated-ceiling-system\/\" target=\"_blank\">The New Perforated Ceiling System<\/a><\/li>\r\n<li><a href=\"https:\/\/sinoextrud.com\/product\/t-slot-aluminium-profile\/\" target=\"_blank\">T Slot Aluminium Profile<\/a><\/li>"},"feature_list":[]},"_links":{"self":[{"href":"https:\/\/sinoextrud.com\/es\/wp-json\/wp\/v2\/product\/7737","targetHints":{"allow":["GET"]}}],"collection":[{"href":"https:\/\/sinoextrud.com\/es\/wp-json\/wp\/v2\/product"}],"about":[{"href":"https:\/\/sinoextrud.com\/es\/wp-json\/wp\/v2\/types\/product"}],"wp:featuredmedia":[{"embeddable":true,"href":"https:\/\/sinoextrud.com\/es\/wp-json\/wp\/v2\/media\/7736"}],"wp:attachment":[{"href":"https:\/\/sinoextrud.com\/es\/wp-json\/wp\/v2\/media?parent=7737"}],"wp:term":[{"taxonomy":"category","embeddable":true,"href":"https:\/\/sinoextrud.com\/es\/wp-json\/wp\/v2\/categories?post=7737"}],"curies":[{"name":"wp","href":"https:\/\/api.w.org\/{rel}","templated":true}]}}