{"id":7713,"date":"2025-06-10T02:16:47","date_gmt":"2025-06-10T02:16:47","guid":{"rendered":"https:\/\/sinoextrud.com\/product\/30mm-aluminum-extrusion\/"},"modified":"2025-06-24T06:13:28","modified_gmt":"2025-06-24T06:13:28","slug":"extrusion-de-aluminio-de-30-mm","status":"publish","type":"product","link":"https:\/\/sinoextrud.com\/es\/product\/30mm-aluminum-extrusion\/","title":{"rendered":"Extrusi\u00f3n de aluminio de 30 mm"},"content":{"rendered":"<h2>Productos<\/h2>\n<table class=\"custom-table\">\n<tbody>\n<tr>\n<td> Nombre<\/td>\n<td> Extrusi\u00f3n de aluminio de 30 mm<\/td>\n<\/tr>\n<tr>\n<td> Marca<\/td>\n<td> Sinoextrud\/Sinoextrud<\/td>\n<\/tr>\n<tr>\n<td> Categor\u00eda<\/td>\n<td> Secciones de aluminio<\/td>\n<\/tr>\n<tr>\n<td> Tipo<\/td>\n<td> Tipo pesado o ligero est\u00e1 disponible<\/td>\n<\/tr>\n<tr>\n<td> Material<\/td>\n<td> 6061 es ampliamente utilizado. 6063, 6463, 6005, 6082 tambi\u00e9n est\u00e1 disponible.<\/td>\n<\/tr>\n<tr>\n<td> Temple<\/td>\n<td> T5-T8<\/td>\n<\/tr>\n<tr>\n<td> Longitud<\/td>\n<td> 1-9m o personalizaci\u00f3n<\/td>\n<\/tr>\n<tr>\n<td> Tama\u00f1o (mm)<\/td>\n<td> Varios tama\u00f1os, puede ponerse en contacto para m\u00e1s detalles.<\/td>\n<\/tr>\n<tr>\n<td> Espesor<\/td>\n<td> Seg\u00fan su petici\u00f3n<\/td>\n<\/tr>\n<tr>\n<td> Forma<\/td>\n<td> Personalizaci\u00f3n<\/td>\n<\/tr>\n<tr>\n<td> Tratamiento de superficies<\/td>\n<td> Acabado de fresado, anodizado, chorro de arena, electroforesis, revestimiento de potencia, etc.<\/td>\n<\/tr>\n<tr>\n<td> Color<\/td>\n<td> Plata, negro, blanco, rojo, amarillo, champ\u00e1n o colores personalizados<\/td>\n<\/tr>\n<tr>\n<td> Est\u00e1ndar<\/td>\n<td> ASTM, GB, DIN<\/td>\n<\/tr>\n<tr>\n<td> En<\/td>\n<td> Guangdong, China<\/td>\n<\/tr>\n<tr>\n<td> Aplicaci\u00f3n<\/td>\n<td> Industria, Construcci\u00f3n, Arquitectura, Decoraci\u00f3n<\/td>\n<\/tr>\n<\/tbody>\n<\/table>\n<h2>Nuestra base de fabricaci\u00f3n<\/h2>\n<h3>Panorama de la f\u00e1brica<\/h3>\n<p><img decoding=\"async\" src=\"\/wp-content\/uploads\/factory-01.webp\"\/><\/p>\n<h3>Taller de fabricaci\u00f3n de barras de aluminio<\/h3>\n<p><img decoding=\"async\" src=\"\/wp-content\/uploads\/factory-02.webp\"\/><\/p>\n<p><img decoding=\"async\" src=\"\/wp-content\/uploads\/factory-03.webp\"\/><\/p>\n<h3>Almac\u00e9n de moldes<\/h3>\n<p><img decoding=\"async\" src=\"\/wp-content\/uploads\/factory-04.webp\"\/><\/p>\n<h3>43 L\u00c3neas de extrusi\u00c3\u00b3n de aluminio (500\u00e2\u20ac\"5500 toneladas)<\/h3>\n<p><img decoding=\"async\" src=\"\/wp-content\/uploads\/factory-05.webp\"\/><\/p>\n<p><img decoding=\"async\" src=\"\/wp-content\/uploads\/factory-06.webp\"\/><\/p>\n<p><img decoding=\"async\" src=\"\/wp-content\/uploads\/factory-07.webp\"\/><\/p>\n<h3>Taller de pintura en polvo<\/h3>\n<p><img decoding=\"async\" src=\"\/wp-content\/uploads\/factory-09.webp\"\/><\/p>\n<h3>Taller de anodizado<\/h3>\n<p><img decoding=\"async\" src=\"\/wp-content\/uploads\/factory-10.webp\"\/><\/p>\n<h3>Taller de procesamiento profundo<\/h3>\n<p><img decoding=\"async\" src=\"\/wp-content\/uploads\/factory-11.webp\"\/><\/p>\n<h3>Taller de mecanizado de precisi\u00f3n CNC<\/h3>\n<p><img decoding=\"async\" src=\"\/wp-content\/uploads\/factory-11.5.webp\"\/><\/p>\n<h3>Almac\u00e9n de productos acabados y de exportaci\u00f3n<\/h3>\n<p><img decoding=\"async\" src=\"\/wp-content\/uploads\/factory-12.webp\"\/><\/p>\n<p><img decoding=\"async\" src=\"\/wp-content\/uploads\/factory-13.webp\"\/><\/p>\n<p><img decoding=\"async\" src=\"\/wp-content\/uploads\/factory-14.webp\"\/><\/p>\n<h2>PREGUNTAS FRECUENTES<\/h2>\n<p><p><b>1. \u00bfQu\u00e9 es una extrusi\u00f3n de aluminio de 30 mm?<\/b><\/p>\n<p>La extrusi\u00f3n de aluminio de 30 mm es un perfil modular con una secci\u00f3n transversal de 30 mm que se utiliza en sistemas de entramado ligero, automatizaci\u00f3n y cerramientos.<br \/>\n<\/p><br \/>\n<br \/>\n<p><b>2.\u00bfPor qu\u00e9 elegir un perfil de extrusi\u00f3n de aluminio de 30 mm?<\/b><\/p>\n<p>Proporciona el equilibrio perfecto entre resistencia y ligereza para estructuras y bastidores de equipos a peque\u00f1a escala.<br \/>\n<\/p><br \/>\n<br \/>\n<p><b>3.\u00bfCu\u00e1les son los usos t\u00edpicos de las extrusiones de aluminio de 30 mm?<\/b><\/p>\n<p>Se utilizan habitualmente en armarios electr\u00f3nicos, estaciones de trabajo, bastidores de impresoras 3D, proyectos de bricolaje y peque\u00f1as instalaciones industriales.<br \/>\n<\/p><br \/>\n<br \/>\n<p><b>4.\u00bfSe pueden personalizar las extrusiones de aluminio de 30 mm?<\/b><\/p>\n<p>S\u00ed, se pueden adaptar con longitudes personalizadas, perforaci\u00f3n de orificios, corte y diversos acabados anodizados o con recubrimiento de polvo.<br \/>\n<\/p><br \/>\n<br \/>\n<p><b>5. \u00bfSon compatibles los perfiles de 30 mm con los herrajes para ranuras en T est\u00e1ndar?<\/b><\/p>\n<p>S\u00ed, admiten la mayor\u00eda de conectores, soportes y accesorios est\u00e1ndar dise\u00f1ados para sistemas de ranura en T de 30 mm.<br \/>\n<\/p><br \/>\n<br \/>\n<p><b>6.\u00bfEs la extrusi\u00f3n de 30 mm lo suficientemente resistente para aplicaciones estructurales?<\/b><\/p>\n<p>A pesar de su ligereza, es estructuralmente s\u00f3lido para aplicaciones medianas y ligeras y admite construcciones modulares de forma eficiente.<br \/>\n<\/p><br \/>\n<br \/>\n<p><b>7.\u00bfSe pueden hacer pedidos OEM y al por mayor?<\/b><\/p>\n<p>S\u00ed, los fabricantes ofrecen personalizaci\u00f3n OEM, precios al por mayor y producci\u00f3n r\u00e1pida para clientes comerciales e industriales.<br \/>\n<\/p><br \/><\/p>","protected":false},"featured_media":7712,"template":"","categories":[67],"class_list":["post-7713","product","type-product","status-publish","has-post-thumbnail","hentry","category-architectural-aluminium-profile"],"meta_box":{"hilight_text_group":{"product_hilight_text":"<li>Compact 30mm profile suitable for lightweight framing and structural support<\/li>\r\r\n<li>T-slot design allows for easy connection and modular assembly<\/li>\r\r\n<li>Made from high-quality aluminum for strength and corrosion resistance<\/li>\r\r\n<li>Lightweight material simplifies transport and installation<\/li>\r\r\n<li>Customizable lengths, machining, and finishes for OEM applications<\/li>\r\r\n<li>Ideal for enclosures, 3D printer frames, robotics, and display systems<\/li>","product_chanpin_blog":"<ul>\r\r\n<li><a href=\"https:\/\/sinoextrud.com\/t-slot-v-slot-differences\/\" target=\"_blank\">t slot vs v slot<\/a><\/li>\r\r\n<li><a href=\"https:\/\/sinoextrud.com\/what-is-4040-aluminium-extrud\/\" target=\"_blank\">4040 aluminium extrusion<\/a><\/li>\r\r\n<li><a href=\"https:\/\/sinoextrud.com\/what-is-4040-aluminium-extrud\/\" target=\"_blank\">aluminum extrusions for industrial racks<\/a><\/li>\r\r\n<li><a href=\"https:\/\/sinoextrud.com\/powder-coating-aluminium-process\/\" target=\"_blank\">powder coating aluminium<\/a><\/li>\r\r\n<li><a href=\"https:\/\/sinoextrud.com\/what-is-an-aluminium-strip-ceiling\/\" target=\"_blank\">aluminium strip ceiling<\/a><\/li>\r\r\n<li><a href=\"https:\/\/sinoextrud.com\/what-is-a-heat-sink\/\" target=\"_blank\">what is a heat sink<\/a><\/li>\r\r\n<\/ul>","product_chanpin_chanpin":"<li><a href=\"https:\/\/sinoextrud.com\/product\/modular-aluminum-framing-system\/\" target=\"_blank\">Modular Aluminum Framing System<\/a><\/li>\r\n<li><a href=\"https:\/\/sinoextrud.com\/product\/greenhouse-aluminium-extrusions-aluminium-sunroom-profile\/\" target=\"_blank\">Greenhouse Aluminium Extrusions Aluminium Sunroom Profile<\/a><\/li>\r\n<li><a href=\"https:\/\/sinoextrud.com\/product\/aluminum-curtain-wall-extrusions\/\" target=\"_blank\">Aluminum Curtain Wall Extrusions<\/a><\/li>\r\n<li><a href=\"https:\/\/sinoextrud.com\/product\/30-x-30-aluminum-extrusion-for-decoration\/\" target=\"_blank\">30 X 30 Aluminum Extrusion For Decoration<\/a><\/li>\r\n<li><a href=\"https:\/\/sinoextrud.com\/product\/30mm-aluminum-extrusion\/\" target=\"_blank\">30mm Aluminum Extrusion<\/a><\/li>\r\n<li><a href=\"https:\/\/sinoextrud.com\/product\/aluminium-rail-extrusions\/\" target=\"_blank\">Aluminium Rail Extrusions<\/a><\/li>\r\n<li><a href=\"https:\/\/sinoextrud.com\/product\/aluminium-door-window-fittings\/\" target=\"_blank\">Aluminium Door Window Fittings<\/a><\/li>\r\n<li><a href=\"https:\/\/sinoextrud.com\/product\/aluminium-extruded-products\/\" target=\"_blank\">Aluminium Extruded Products<\/a><\/li>\r\n<li><a href=\"https:\/\/sinoextrud.com\/product\/aluminum-profile-glass-curtain-wall-system\/\" target=\"_blank\">Aluminum Profile Glass Curtain Wall System<\/a><\/li>\r\n<li><a href=\"https:\/\/sinoextrud.com\/product\/aluminum-rectangular-tubing-for-wooden-horizontal-aluminum-fence-panels-system\/\" target=\"_blank\">aluminum rectangular tubing for wooden horizontal aluminum fence panels system<\/a><\/li>\r\n<li><a href=\"https:\/\/sinoextrud.com\/product\/extude-aluminum-t-slot-and-v-slot-profile\/\" target=\"_blank\">Extude-Aluminum T Slot And V Slot Profile<\/a><\/li>"},"feature_list":[]},"_links":{"self":[{"href":"https:\/\/sinoextrud.com\/es\/wp-json\/wp\/v2\/product\/7713","targetHints":{"allow":["GET"]}}],"collection":[{"href":"https:\/\/sinoextrud.com\/es\/wp-json\/wp\/v2\/product"}],"about":[{"href":"https:\/\/sinoextrud.com\/es\/wp-json\/wp\/v2\/types\/product"}],"wp:featuredmedia":[{"embeddable":true,"href":"https:\/\/sinoextrud.com\/es\/wp-json\/wp\/v2\/media\/7712"}],"wp:attachment":[{"href":"https:\/\/sinoextrud.com\/es\/wp-json\/wp\/v2\/media?parent=7713"}],"wp:term":[{"taxonomy":"category","embeddable":true,"href":"https:\/\/sinoextrud.com\/es\/wp-json\/wp\/v2\/categories?post=7713"}],"curies":[{"name":"wp","href":"https:\/\/api.w.org\/{rel}","templated":true}]}}