{"id":7689,"date":"2025-06-10T01:43:12","date_gmt":"2025-06-10T01:43:12","guid":{"rendered":"https:\/\/sinoextrud.com\/product\/y-section-aluminium-extrusion\/"},"modified":"2025-06-24T06:13:24","modified_gmt":"2025-06-24T06:13:24","slug":"seccion-y-extrusion-de-aluminio","status":"publish","type":"product","link":"https:\/\/sinoextrud.com\/es\/product\/y-section-aluminium-extrusion\/","title":{"rendered":"Extrusi\u00f3n de aluminio de secci\u00f3n en Y"},"content":{"rendered":"<h2>Productos<\/h2>\n<table class=\"custom-table\">\n<tbody>\n<tr>\n<td> Nombre<\/td>\n<td> Extrusi\u00f3n de aluminio de secci\u00f3n en Y<\/td>\n<\/tr>\n<tr>\n<td> Marca<\/td>\n<td> Sinoextrud<\/td>\n<\/tr>\n<tr>\n<td> Categor\u00eda<\/td>\n<td> Perfiles de aluminio<\/td>\n<\/tr>\n<tr>\n<td> Material<\/td>\n<td> 6061 es ampliamente utilizado. 6063, 6463, 6005, 6082 tambi\u00e9n est\u00e1 disponible.<\/td>\n<\/tr>\n<tr>\n<td> Temple<\/td>\n<td> T5-T8<\/td>\n<\/tr>\n<tr>\n<td> Longitud<\/td>\n<td> 1-9m o corte personalizado<\/td>\n<\/tr>\n<tr>\n<td> Tama\u00f1o (mm)<\/td>\n<td> personalizaci\u00f3n<\/td>\n<\/tr>\n<tr>\n<td> Forma<\/td>\n<td> Forma Y\/personalizaci\u00f3n<\/td>\n<\/tr>\n<tr>\n<td> Tratamiento de superficies<\/td>\n<td> Acabado de fresado, anodizado, chorro de arena, pulido, electroforesis, revestimiento de potencia, etc.<\/td>\n<\/tr>\n<tr>\n<td> Color<\/td>\n<td> Mientras que, negro, plata, bronce, oro, champ\u00e1n, oscuro, cobre , etc<\/td>\n<\/tr>\n<tr>\n<td> Est\u00e1ndar<\/td>\n<td> ASTM, GB, DIN<\/td>\n<\/tr>\n<tr>\n<td> En<\/td>\n<td> Guangdong, China<\/td>\n<\/tr>\n<tr>\n<td> Aplicaci\u00f3n<\/td>\n<td> Construcci\u00f3n, decoraci\u00f3n (como marcos de espejos, marcos de cuadros, etc.)<\/td>\n<\/tr>\n<\/tbody>\n<\/table>\n<h2>Nuestra base de fabricaci\u00f3n<\/h2>\n<h3>Panorama de la f\u00e1brica<\/h3>\n<p><img decoding=\"async\" src=\"\/wp-content\/uploads\/factory-01.webp\"\/><\/p>\n<h3>Taller de fabricaci\u00f3n de barras de aluminio<\/h3>\n<p><img decoding=\"async\" src=\"\/wp-content\/uploads\/factory-02.webp\"\/><\/p>\n<p><img decoding=\"async\" src=\"\/wp-content\/uploads\/factory-03.webp\"\/><\/p>\n<h3>Almac\u00e9n de moldes<\/h3>\n<p><img decoding=\"async\" src=\"\/wp-content\/uploads\/factory-04.webp\"\/><\/p>\n<h3>43 L\u00c3neas de extrusi\u00c3\u00b3n de aluminio (500\u00e2\u20ac\"5500 toneladas)<\/h3>\n<p><img decoding=\"async\" src=\"\/wp-content\/uploads\/factory-05.webp\"\/><\/p>\n<p><img decoding=\"async\" src=\"\/wp-content\/uploads\/factory-06.webp\"\/><\/p>\n<p><img decoding=\"async\" src=\"\/wp-content\/uploads\/factory-07.webp\"\/><\/p>\n<h3>Taller de pintura en polvo<\/h3>\n<p><img decoding=\"async\" src=\"\/wp-content\/uploads\/factory-09.webp\"\/><\/p>\n<h3>Taller de anodizado<\/h3>\n<p><img decoding=\"async\" src=\"\/wp-content\/uploads\/factory-10.webp\"\/><\/p>\n<h3>Taller de procesamiento profundo<\/h3>\n<p><img decoding=\"async\" src=\"\/wp-content\/uploads\/factory-11.webp\"\/><\/p>\n<h3>Taller de mecanizado de precisi\u00f3n CNC<\/h3>\n<p><img decoding=\"async\" src=\"\/wp-content\/uploads\/factory-11.5.webp\"\/><\/p>\n<h3>Almac\u00e9n de productos acabados y de exportaci\u00f3n<\/h3>\n<p><img decoding=\"async\" src=\"\/wp-content\/uploads\/factory-12.webp\"\/><\/p>\n<p><img decoding=\"async\" src=\"\/wp-content\/uploads\/factory-13.webp\"\/><\/p>\n<p><img decoding=\"async\" src=\"\/wp-content\/uploads\/factory-14.webp\"\/><\/p>\n<h2>PREGUNTAS FRECUENTES<\/h2>\n<p><p><b>1. \u00bfQu\u00e9 es una extrusi\u00f3n de aluminio de secci\u00f3n en Y? <\/b><\/p>\n<p> Una extrusi\u00f3n de aluminio de secci\u00f3n en Y es un perfil de aluminio de forma especial con tres brazos que forman una \"Y\" para soporte estructural y conexiones multipunto.<br \/>\n<\/p><br \/>\n<br \/>\n<p><b>2.\u00bfCu\u00e1les son las ventajas del dise\u00f1o en forma de Y? <\/b><\/p>\n<p> La secci\u00f3n en Y permite conexiones multidireccionales, una mejor distribuci\u00f3n de la carga y una mayor flexibilidad de dise\u00f1o en estructuras complejas.<br \/>\n<\/p><br \/>\n<br \/>\n<p><b>3. \u00bfEs resistente la extrusi\u00f3n de aluminio de secci\u00f3n en Y? <\/b><\/p>\n<p> S\u00ed, ofrece una excelente relaci\u00f3n resistencia-peso, lo que lo hace adecuado para aplicaciones estructurales e industriales.<br \/>\n<\/p><br \/>\n<br \/>\n<p><b>4.\u00bfSe puede personalizar la extrusi\u00f3n en Y? <\/b><\/p>\n<p> Por supuesto, las extrusiones de aluminio de secci\u00f3n en Y pueden adaptarse en dimensiones, espesores y acabados para satisfacer las necesidades espec\u00edficas de cada aplicaci\u00f3n.<br \/>\n<\/p><br \/>\n<br \/>\n<p><b>5. \u00bfQu\u00e9 industrias utilizan habitualmente extrusiones de secci\u00f3n en Y? <\/b><\/p>\n<p> Se utilizan en marcos arquitect\u00f3nicos, equipos de automatizaci\u00f3n, estructuras de exposici\u00f3n y sistemas de paredes divisorias.<br \/>\n<\/p><br \/>\n<br \/>\n<p><b>6.\u00bfEs el material resistente a la corrosi\u00f3n? <\/b><\/p>\n<p> S\u00ed, la superficie de aluminio puede anodizarse o recubrirse de polvo para ofrecer una excelente resistencia a la corrosi\u00f3n en entornos dif\u00edciles.<br \/>\n<\/p><br \/>\n<br \/>\n<p><b>7.\u00bfC\u00f3mo se instala la secci\u00f3n en Y? <\/b><\/p>\n<p> Es compatible con los conectores est\u00e1ndar para marcos de aluminio y puede cortarse, taladrarse y montarse con herramientas convencionales.<br \/>\n<\/p><br \/>\n<br \/>\n<p><b>8.\u00bfEs adecuada esta extrusi\u00f3n para aplicaciones en exteriores? <\/b><\/p>\n<p> S\u00ed, con un acabado adecuado, las extrusiones de aluminio de secci\u00f3n en Y funcionan bien en exteriores y en entornos expuestos a la intemperie.<br \/>\n<\/p><br \/><\/p>","protected":false},"featured_media":7688,"template":"","categories":[67],"class_list":["post-7689","product","type-product","status-publish","has-post-thumbnail","hentry","category-architectural-aluminium-profile"],"meta_box":{"hilight_text_group":{"product_hilight_text":"<li>Unique Y-shaped design offers structural stability and multi-directional support.<\/li>\r\r\n<li>Lightweight yet high-strength aluminum ensures easy handling and durability.<\/li>\r\r\n<li>Corrosion-resistant finish ideal for both indoor and outdoor environments.<\/li>\r\r\n<li>Customizable dimensions and alloys to meet diverse engineering requirements.<\/li>\r\r\n<li>Compatible with various assembly systems and industrial frameworks.<\/li>\r\r\n<li>Excellent for architectural structures, framing systems, and partition walls.<\/li>","product_chanpin_blog":"<ul>\r\r\n<li><a href=\"https:\/\/sinoextrud.com\/t-slot-v-slot-differences\/\" target=\"_blank\">t slot vs v slot<\/a><\/li>\r\r\n<li><a href=\"https:\/\/sinoextrud.com\/what-is-4040-aluminium-extrud\/\" target=\"_blank\">4040 aluminium extrusion<\/a><\/li>\r\r\n<li><a href=\"https:\/\/sinoextrud.com\/what-is-4040-aluminium-extrud\/\" target=\"_blank\">aluminum extrusions for industrial racks<\/a><\/li>\r\r\n<li><a href=\"https:\/\/sinoextrud.com\/powder-coating-aluminium-process\/\" target=\"_blank\">powder coating aluminium<\/a><\/li>\r\r\n<li><a href=\"https:\/\/sinoextrud.com\/what-is-an-aluminium-strip-ceiling\/\" target=\"_blank\">aluminium strip ceiling<\/a><\/li>\r\r\n<li><a href=\"https:\/\/sinoextrud.com\/what-is-a-heat-sink\/\" target=\"_blank\">what is a heat sink<\/a><\/li>\r\r\n<\/ul>","product_chanpin_chanpin":"<li><a href=\"https:\/\/sinoextrud.com\/product\/three-acid-oxidation-aluminium-u-shaped-channel\/\" target=\"_blank\">Three Acid Oxidation Aluminium U Shaped Channel<\/a><\/li>\r\n<li><a href=\"https:\/\/sinoextrud.com\/product\/extruded-aluminum-sections\/\" target=\"_blank\">Extruded Aluminum Sections<\/a><\/li>\r\n<li><a href=\"https:\/\/sinoextrud.com\/product\/slotted-extruded-aluminum-u-shaped-bending-punching\/\" target=\"_blank\">Slotted Extruded Aluminum U Shaped Bending Punching<\/a><\/li>\r\n<li><a href=\"https:\/\/sinoextrud.com\/product\/extruded-aluminium-channel\/\" target=\"_blank\">Extruded Aluminium Channel<\/a><\/li>\r\n<li><a href=\"https:\/\/sinoextrud.com\/product\/y-section-aluminium-extrusion\/\" target=\"_blank\">Y Section Aluminium Extrusion<\/a><\/li>\r\n<li><a href=\"https:\/\/sinoextrud.com\/product\/round-aluminum-extrusion-architeture-fabrication\/\" target=\"_blank\">Round Aluminum Extrusion Architeture Fabrication<\/a><\/li>\r\n<li><a href=\"https:\/\/sinoextrud.com\/product\/building-materials-aluminium-profile-curtain-rod\/\" target=\"_blank\">Building Materials Aluminium Profile Curtain Rod<\/a><\/li>\r\n<li><a href=\"https:\/\/sinoextrud.com\/product\/factory-offer-extrude-aluminium-track-profile\/\" target=\"_blank\">Factory Offer Extrude Aluminium Track Profile<\/a><\/li>\r\n<li><a href=\"https:\/\/sinoextrud.com\/product\/clip-on-aluminium-profiles\/\" target=\"_blank\">Clip On Aluminium Profiles<\/a><\/li>\r\n<li><a href=\"https:\/\/sinoextrud.com\/product\/aluminium-handrail-profiles\/\" target=\"_blank\">Aluminium Handrail Profiles<\/a><\/li>\r\n<li><a href=\"https:\/\/sinoextrud.com\/product\/triangle-ceiling-system\/\" target=\"_blank\">Triangle Ceiling System (Triangle Ceiling)<\/a><\/li>"},"feature_list":[]},"_links":{"self":[{"href":"https:\/\/sinoextrud.com\/es\/wp-json\/wp\/v2\/product\/7689","targetHints":{"allow":["GET"]}}],"collection":[{"href":"https:\/\/sinoextrud.com\/es\/wp-json\/wp\/v2\/product"}],"about":[{"href":"https:\/\/sinoextrud.com\/es\/wp-json\/wp\/v2\/types\/product"}],"wp:featuredmedia":[{"embeddable":true,"href":"https:\/\/sinoextrud.com\/es\/wp-json\/wp\/v2\/media\/7688"}],"wp:attachment":[{"href":"https:\/\/sinoextrud.com\/es\/wp-json\/wp\/v2\/media?parent=7689"}],"wp:term":[{"taxonomy":"category","embeddable":true,"href":"https:\/\/sinoextrud.com\/es\/wp-json\/wp\/v2\/categories?post=7689"}],"curies":[{"name":"wp","href":"https:\/\/api.w.org\/{rel}","templated":true}]}}