{"id":7685,"date":"2025-06-10T01:39:07","date_gmt":"2025-06-10T01:39:07","guid":{"rendered":"https:\/\/sinoextrud.com\/product\/slotted-extruded-aluminum-u-shaped-bending-punching\/"},"modified":"2025-06-24T06:13:24","modified_gmt":"2025-06-24T06:13:24","slug":"aluminio-extruido-ranurado-en-forma-de-u-plegado-punzonado","status":"publish","type":"product","link":"https:\/\/sinoextrud.com\/es\/product\/slotted-extruded-aluminum-u-shaped-bending-punching\/","title":{"rendered":"Punzonado de plegado en forma de U de aluminio extruido ranurado"},"content":{"rendered":"<h2>Productos<\/h2>\n<table class=\"custom-table\">\n<tbody>\n<tr>\n<td> Art\u00edculo<\/td>\n<td> Punzonado de plegado en forma de U de aluminio extruido ranurado<\/td>\n<\/tr>\n<tr>\n<td> Aleaci\u00f3n de aluminio<\/td>\n<td> 6063-T5, o a medida<\/td>\n<\/tr>\n<tr>\n<td> Tratamiento superficial<\/td>\n<td> chorro de arena, procesamiento CNC o personalizaci\u00f3n<\/td>\n<\/tr>\n<tr>\n<td> Color<\/td>\n<td> plata o personalizaci\u00f3n<\/td>\n<\/tr>\n<tr>\n<td> Talla<\/td>\n<td> Procesamiento CNC o personalizaci\u00f3n<\/td>\n<\/tr>\n<tr>\n<td> Aplicaci\u00f3n<\/td>\n<td> Perfil de aluminio para puertas y ventanas, Perfil de aluminio decorativo, Perfil de aluminio para paredes de vidrio, Perfil de aluminio para transporte<\/td>\n<\/tr>\n<tr>\n<td> Marca<\/td>\n<td> Sinoextrud \/ Sinoextrud \/ Sinoextrud Aluminio<\/td>\n<\/tr>\n<tr>\n<td> Origen<\/td>\n<td> Foshan, China<\/td>\n<\/tr>\n<\/tbody>\n<\/table>\n<h2>Nuestra base de fabricaci\u00f3n<\/h2>\n<h3>Panorama de la f\u00e1brica<\/h3>\n<p><img decoding=\"async\" src=\"\/wp-content\/uploads\/factory-01.webp\"\/><\/p>\n<h3>Taller de fabricaci\u00f3n de barras de aluminio<\/h3>\n<p><img decoding=\"async\" src=\"\/wp-content\/uploads\/factory-02.webp\"\/><\/p>\n<p><img decoding=\"async\" src=\"\/wp-content\/uploads\/factory-03.webp\"\/><\/p>\n<h3>Almac\u00e9n de moldes<\/h3>\n<p><img decoding=\"async\" src=\"\/wp-content\/uploads\/factory-04.webp\"\/><\/p>\n<h3>43 L\u00c3neas de extrusi\u00c3\u00b3n de aluminio (500\u00e2\u20ac\"5500 toneladas)<\/h3>\n<p><img decoding=\"async\" src=\"\/wp-content\/uploads\/factory-05.webp\"\/><\/p>\n<p><img decoding=\"async\" src=\"\/wp-content\/uploads\/factory-06.webp\"\/><\/p>\n<p><img decoding=\"async\" src=\"\/wp-content\/uploads\/factory-07.webp\"\/><\/p>\n<h3>Taller de pintura en polvo<\/h3>\n<p><img decoding=\"async\" src=\"\/wp-content\/uploads\/factory-09.webp\"\/><\/p>\n<h3>Taller de anodizado<\/h3>\n<p><img decoding=\"async\" src=\"\/wp-content\/uploads\/factory-10.webp\"\/><\/p>\n<h3>Taller de procesamiento profundo<\/h3>\n<p><img decoding=\"async\" src=\"\/wp-content\/uploads\/factory-11.webp\"\/><\/p>\n<h3>Taller de mecanizado de precisi\u00f3n CNC<\/h3>\n<p><img decoding=\"async\" src=\"\/wp-content\/uploads\/factory-11.5.webp\"\/><\/p>\n<h3>Almac\u00e9n de productos acabados y de exportaci\u00f3n<\/h3>\n<p><img decoding=\"async\" src=\"\/wp-content\/uploads\/factory-12.webp\"\/><\/p>\n<p><img decoding=\"async\" src=\"\/wp-content\/uploads\/factory-13.webp\"\/><\/p>\n<p><img decoding=\"async\" src=\"\/wp-content\/uploads\/factory-14.webp\"\/><\/p>\n<h2>PREGUNTAS FRECUENTES<\/h2>\n<p><p><b>1. \u00bfQu\u00e9 es el punzonado de aluminio extruido ranurado en forma de U? <\/b><\/p>\n<p> Se trata de un perfil de aluminio en forma de U con ranuras, dise\u00f1ado para plegado y punzonado a medida, que se utiliza en diversas aplicaciones industriales y estructurales.<br \/>\n<\/p><br \/>\n<br \/>\n<p><b>2.\u00bfCu\u00e1les son las ventajas del dise\u00f1o ranurado? <\/b><\/p>\n<p> Las ranuras facilitan el montaje, el guiado de cables y el ensamblaje modular, aumentando la flexibilidad de la instalaci\u00f3n.<br \/>\n<\/p><br \/>\n<br \/>\n<p><b>3.\u00bfPor qu\u00e9 utilizar una extrusi\u00f3n de aluminio en forma de U? <\/b><\/p>\n<p> La forma en U proporciona un fuerte soporte y rigidez, ideal para entramados, abrazaderas y refuerzos estructurales.<br \/>\n<\/p><br \/>\n<br \/>\n<p><b>4.\u00bfSe puede personalizar este perfil con plegado y punzonado? <\/b><\/p>\n<p> S\u00ed, el aluminio se puede doblar y perforar con precisi\u00f3n para adaptarlo a formas y patrones de orificios personalizados a las necesidades espec\u00edficas de cada proyecto.<br \/>\n<\/p><br \/>\n<br \/>\n<p><b>5.\u00bfEs este perfil de aluminio resistente a la corrosi\u00f3n? <\/b><\/p>\n<p> Por supuesto, la superficie anodizada o con recubrimiento de polvo protege contra el \u00f3xido y la oxidaci\u00f3n, apta para uso en interiores y exteriores.<br \/>\n<\/p><br \/>\n<br \/>\n<p><b>6. \u00bfQu\u00e9 sectores suelen utilizar este perfil? <\/b><\/p>\n<p> Se utiliza en armarios el\u00e9ctricos, equipos de automatizaci\u00f3n, paneles de control, armazones industriales y sistemas de bandejas portacables.<br \/>\n<\/p><br \/>\n<br \/>\n<p><b>7.\u00bfEs f\u00e1cil trabajar con el material? <\/b><\/p>\n<p> S\u00ed, el aluminio es ligero y f\u00e1cil de mecanizar, por lo que resulta ideal para cortar, doblar, taladrar y fabricar.<br \/>\n<\/p><br \/>\n<br \/>\n<p><b>8.\u00bfPuede este producto soportar cargas pesadas? <\/b><\/p>\n<p> S\u00ed, la estructura de aluminio extruido ofrece una excelente relaci\u00f3n resistencia-peso para soportar los componentes mec\u00e1nicos y estructurales.<br \/>\n<\/p><br \/><\/p>","protected":false},"featured_media":7684,"template":"","categories":[67],"class_list":["post-7685","product","type-product","status-publish","has-post-thumbnail","hentry","category-architectural-aluminium-profile"],"meta_box":{"hilight_text_group":{"product_hilight_text":"<li>Slotted design allows for flexible mounting and cable management.<\/li>\r\r\n<li>U-shaped extruded aluminum offers strong structural integrity and rigidity.<\/li>\r\r\n<li>Supports custom bending and punching for tailored assembly solutions.<\/li>\r\r\n<li>Corrosion-resistant surface ensures long-term durability in harsh environments.<\/li>\r\r\n<li>Lightweight material simplifies transport, handling, and installation.<\/li>\r\r\n<li>Ideal for enclosures, brackets, automation, and control panel systems.<\/li>","product_chanpin_blog":"<ul>\r\r\n<li><a href=\"https:\/\/sinoextrud.com\/t-slot-v-slot-differences\/\" target=\"_blank\">t slot vs v slot<\/a><\/li>\r\r\n<li><a href=\"https:\/\/sinoextrud.com\/what-is-4040-aluminium-extrud\/\" target=\"_blank\">4040 aluminium extrusion<\/a><\/li>\r\r\n<li><a href=\"https:\/\/sinoextrud.com\/what-is-4040-aluminium-extrud\/\" target=\"_blank\">aluminum extrusions for industrial racks<\/a><\/li>\r\r\n<li><a href=\"https:\/\/sinoextrud.com\/powder-coating-aluminium-process\/\" target=\"_blank\">powder coating aluminium<\/a><\/li>\r\r\n<li><a href=\"https:\/\/sinoextrud.com\/what-is-an-aluminium-strip-ceiling\/\" target=\"_blank\">aluminium strip ceiling<\/a><\/li>\r\r\n<li><a href=\"https:\/\/sinoextrud.com\/what-is-a-heat-sink\/\" target=\"_blank\">what is a heat sink<\/a><\/li>\r\r\n<\/ul>","product_chanpin_chanpin":"<li><a href=\"https:\/\/sinoextrud.com\/product\/aluminum-track-extrusion\/\" target=\"_blank\">Aluminum Track Extrusion<\/a><\/li>\r\n<li><a href=\"https:\/\/sinoextrud.com\/product\/aluminum-trailer-decking\/\" target=\"_blank\">Aluminum Trailer Decking<\/a><\/li>\r\n<li><a href=\"https:\/\/sinoextrud.com\/product\/three-acid-oxidation-aluminium-u-shaped-channel\/\" target=\"_blank\">Three Acid Oxidation Aluminium U Shaped Channel<\/a><\/li>\r\n<li><a href=\"https:\/\/sinoextrud.com\/product\/extruded-aluminum-sections\/\" target=\"_blank\">Extruded Aluminum Sections<\/a><\/li>\r\n<li><a href=\"https:\/\/sinoextrud.com\/product\/slotted-extruded-aluminum-u-shaped-bending-punching\/\" target=\"_blank\">Slotted Extruded Aluminum U Shaped Bending Punching<\/a><\/li>\r\n<li><a href=\"https:\/\/sinoextrud.com\/product\/extruded-aluminium-channel\/\" target=\"_blank\">Extruded Aluminium Channel<\/a><\/li>\r\n<li><a href=\"https:\/\/sinoextrud.com\/product\/y-section-aluminium-extrusion\/\" target=\"_blank\">Y Section Aluminium Extrusion<\/a><\/li>\r\n<li><a href=\"https:\/\/sinoextrud.com\/product\/round-aluminum-extrusion-architeture-fabrication\/\" target=\"_blank\">Round Aluminum Extrusion Architeture Fabrication<\/a><\/li>\r\n<li><a href=\"https:\/\/sinoextrud.com\/product\/building-materials-aluminium-profile-curtain-rod\/\" target=\"_blank\">Building Materials Aluminium Profile Curtain Rod<\/a><\/li>\r\n<li><a href=\"https:\/\/sinoextrud.com\/product\/round-aluminum-tube\/\" target=\"_blank\">Round Aluminum Tube<\/a><\/li>\r\n<li><a href=\"https:\/\/sinoextrud.com\/product\/thermal-break-aluminium-profiles\/\" target=\"_blank\">Thermal Break Aluminium Profiles<\/a><\/li>"},"feature_list":[]},"_links":{"self":[{"href":"https:\/\/sinoextrud.com\/es\/wp-json\/wp\/v2\/product\/7685","targetHints":{"allow":["GET"]}}],"collection":[{"href":"https:\/\/sinoextrud.com\/es\/wp-json\/wp\/v2\/product"}],"about":[{"href":"https:\/\/sinoextrud.com\/es\/wp-json\/wp\/v2\/types\/product"}],"wp:featuredmedia":[{"embeddable":true,"href":"https:\/\/sinoextrud.com\/es\/wp-json\/wp\/v2\/media\/7684"}],"wp:attachment":[{"href":"https:\/\/sinoextrud.com\/es\/wp-json\/wp\/v2\/media?parent=7685"}],"wp:term":[{"taxonomy":"category","embeddable":true,"href":"https:\/\/sinoextrud.com\/es\/wp-json\/wp\/v2\/categories?post=7685"}],"curies":[{"name":"wp","href":"https:\/\/api.w.org\/{rel}","templated":true}]}}