{"id":7683,"date":"2025-06-10T01:36:09","date_gmt":"2025-06-10T01:36:09","guid":{"rendered":"https:\/\/sinoextrud.com\/product\/extruded-aluminum-sections\/"},"modified":"2025-06-24T06:13:23","modified_gmt":"2025-06-24T06:13:23","slug":"perfiles-de-aluminio-extruido-2","status":"publish","type":"product","link":"https:\/\/sinoextrud.com\/es\/product\/extruded-aluminum-sections\/","title":{"rendered":"Perfiles de aluminio extruido"},"content":{"rendered":"<h2>Productos<\/h2>\n<table class=\"custom-table\">\n<tbody>\n<tr>\n<td> Nombre del producto<\/td>\n<td> Perfiles de aluminio extruido<\/td>\n<\/tr>\n<tr>\n<td> Ingrediente<\/td>\n<td> 6063,6061,6082,6005,6005A,6463 ect.<\/td>\n<\/tr>\n<tr>\n<td> Temple<\/td>\n<td> T3-T8<\/td>\n<\/tr>\n<tr>\n<td> Forma<\/td>\n<td> Diferentes tipos de formas personalizadas<\/td>\n<\/tr>\n<tr>\n<td> Espesor<\/td>\n<td> 0,7mm-10mm,otros espesores negociables<\/td>\n<\/tr>\n<tr>\n<td> Color<\/td>\n<td> A medida<\/td>\n<\/tr>\n<tr>\n<td> Longitud<\/td>\n<td> Longitud est\u00e1ndar1-9M,u otra longitud personalizada<\/td>\n<\/tr>\n<tr>\n<td> Solicitudes<\/td>\n<td> Industria, arquitectura, decoraci\u00f3n, etc.<\/td>\n<\/tr>\n<tr>\n<td> Marca<\/td>\n<td> Sinoextrud u OEM<\/td>\n<\/tr>\n<tr>\n<td> Proceso CNC<\/td>\n<td> Soporte de fresado CNC, punzonado, taladrado, roscado, plegado<\/td>\n<\/tr>\n<tr>\n<td> MOQ<\/td>\n<td> 200KG<\/td>\n<\/tr>\n<tr>\n<td> Acabado de la superficie<\/td>\n<td> Acabado de fresado, grano de madera, anodizado, recubrimiento en polvo, electroforesis, recubrimiento de PVDF, cepillado, etc.<\/td>\n<\/tr>\n<tr>\n<td> Garant\u00eda<\/td>\n<td> ISO9001,ISO4001,CQM,SGS,CE,BV etc.<\/td>\n<\/tr>\n<tr>\n<td> Origen<\/td>\n<td> Guangdong,China<\/td>\n<\/tr>\n<\/tbody>\n<\/table>\n<h2>Nuestra base de fabricaci\u00f3n<\/h2>\n<h3>Panorama de la f\u00e1brica<\/h3>\n<p><img decoding=\"async\" src=\"\/wp-content\/uploads\/factory-01.webp\"\/><\/p>\n<h3>Taller de fabricaci\u00f3n de barras de aluminio<\/h3>\n<p><img decoding=\"async\" src=\"\/wp-content\/uploads\/factory-02.webp\"\/><\/p>\n<\/p>\n<p><img decoding=\"async\" src=\"\/wp-content\/uploads\/factory-03.webp\"\/><\/p>\n<h3>Almac\u00e9n de moldes<\/h3>\n<p><img decoding=\"async\" src=\"\/wp-content\/uploads\/factory-04.webp\"\/><\/p>\n<h3>43 L\u00c3neas de extrusi\u00c3\u00b3n de aluminio (500\u00e2\u20ac\"5500 toneladas)<\/h3>\n<p><img decoding=\"async\" src=\"\/wp-content\/uploads\/factory-05.webp\"\/><\/p>\n<p><img decoding=\"async\" src=\"\/wp-content\/uploads\/factory-06.webp\"\/><\/p>\n<p><img decoding=\"async\" src=\"\/wp-content\/uploads\/factory-07.webp\"\/><\/p>\n<h3>Taller de pintura en polvo<\/h3>\n<p><img decoding=\"async\" src=\"\/wp-content\/uploads\/factory-09.webp\"\/><\/p>\n<h3>Taller de anodizado<\/h3>\n<p><img decoding=\"async\" src=\"\/wp-content\/uploads\/factory-10.webp\"\/><\/p>\n<h3>Taller de procesamiento profundo<\/h3>\n<p><img decoding=\"async\" src=\"\/wp-content\/uploads\/factory-11.webp\"\/><\/p>\n<h3>Taller de mecanizado de precisi\u00f3n CNC<\/h3>\n<p><img decoding=\"async\" src=\"\/wp-content\/uploads\/factory-11.5.webp\"\/><\/p>\n<h3>Almac\u00e9n de productos acabados y de exportaci\u00f3n<\/h3>\n<p><img decoding=\"async\" src=\"\/wp-content\/uploads\/factory-12.webp\"\/><\/p>\n<p><img decoding=\"async\" src=\"\/wp-content\/uploads\/factory-13.webp\"\/><\/p>\n<p><img decoding=\"async\" src=\"\/wp-content\/uploads\/factory-14.webp\"\/><\/p>\n<h2>PREGUNTAS FRECUENTES<\/h2>\n<p><b>1. \u00bfQu\u00e9 son los perfiles de aluminio extruido? <\/b><\/p>\n<p> Los perfiles de aluminio extruido son perfiles de aluminio moldeados creados mediante un proceso de extrusi\u00f3n, que se utilizan en aplicaciones estructurales, arquitect\u00f3nicas e industriales.\n<\/p>\n<p><\/p>\n<p><b>2.\u00bfCu\u00e1les son las ventajas de utilizar aluminio extruido? <\/b><\/p>\n<p> El aluminio extruido ofrece ligereza, resistencia a la corrosi\u00f3n, flexibilidad de dise\u00f1o y excelente mecanizabilidad.\n<\/p>\n<p><\/p>\n<p><b>3.\u00bfSe pueden personalizar los perfiles de aluminio? <\/b><\/p>\n<p> S\u00ed, los perfiles de aluminio extruido pueden fabricarse con formas, tama\u00f1os, espesores y acabados personalizados en funci\u00f3n de los requisitos del proyecto.\n<\/p>\n<p><\/p>\n<p><b>4. \u00bfQu\u00e9 industrias utilizan habitualmente perfiles de aluminio extruido? <\/b><\/p>\n<p> Se utilizan ampliamente en la construcci\u00f3n, el transporte, la electr\u00f3nica, la maquinaria y los sistemas de salas blancas.\n<\/p>\n<p><\/p>\n<p><b>5.\u00bfEs f\u00e1cil trabajar con perfiles de aluminio extruido? <\/b><\/p>\n<p> Por supuesto, son f\u00e1ciles de cortar, taladrar y ensamblar, lo que los hace ideales para sistemas modulares y prototipado r\u00e1pido.\n<\/p>\n<p><\/p>\n<p><b>6. \u00bfCu\u00e1l es la durabilidad de los perfiles de aluminio extruido? <\/b><\/p>\n<p> Con un tratamiento superficial adecuado, como el anodizado o el recubrimiento en polvo, estas secciones ofrecen una excelente resistencia a la corrosi\u00f3n, el desgaste y la intemperie.\n<\/p>\n<p><\/p>\n<p><b>7.\u00bfEs el aluminio respetuoso con el medio ambiente? <\/b><\/p>\n<p> S\u00ed, el aluminio es 100% reciclable, lo que convierte a los perfiles extruidos en una opci\u00f3n sostenible para la construcci\u00f3n y fabricaci\u00f3n ecol\u00f3gicas.\n<\/p>\n<p><\/p>\n<p><b>8.\u00bfPueden los perfiles de aluminio soportar cargas pesadas? <\/b><\/p>\n<p> S\u00ed, dependiendo del dise\u00f1o del perfil y del tipo de aleaci\u00f3n, los perfiles de aluminio extruido pueden soportar elevadas cargas mec\u00e1nicas para uso industrial.\n<\/p>\n<p><\/p>","protected":false},"featured_media":7682,"template":"","categories":[67],"class_list":["post-7683","product","type-product","status-publish","has-post-thumbnail","hentry","category-architectural-aluminium-profile"],"meta_box":{"hilight_text_group":{"product_hilight_text":"<li>High-strength aluminum construction suitable for structural and architectural use.<\/li>\r\r\n<li>Lightweight material reduces overall system weight and transportation costs.<\/li>\r\r\n<li>Corrosion-resistant surface finish for durability in harsh environments.<\/li>\r\r\n<li>Customizable shapes, sizes, and alloy grades to meet specific application needs.<\/li>\r\r\n<li>Excellent machinability for cutting, drilling, and fabrication.<\/li>\r\r\n<li>Suitable for automation, enclosures, framing systems, and transportation industries.<\/li>","product_chanpin_blog":"<ul>\r\r\n<li><a href=\"https:\/\/sinoextrud.com\/t-slot-v-slot-differences\/\" target=\"_blank\">t slot vs v slot<\/a><\/li>\r\r\n<li><a href=\"https:\/\/sinoextrud.com\/what-is-4040-aluminium-extrud\/\" target=\"_blank\">4040 aluminium extrusion<\/a><\/li>\r\r\n<li><a href=\"https:\/\/sinoextrud.com\/what-is-4040-aluminium-extrud\/\" target=\"_blank\">aluminum extrusions for industrial racks<\/a><\/li>\r\r\n<li><a href=\"https:\/\/sinoextrud.com\/powder-coating-aluminium-process\/\" target=\"_blank\">powder coating aluminium<\/a><\/li>\r\r\n<li><a href=\"https:\/\/sinoextrud.com\/what-is-an-aluminium-strip-ceiling\/\" target=\"_blank\">aluminium strip ceiling<\/a><\/li>\r\r\n<li><a href=\"https:\/\/sinoextrud.com\/what-is-a-heat-sink\/\" target=\"_blank\">what is a heat sink<\/a><\/li>\r\r\n<\/ul>","product_chanpin_chanpin":"<li><a href=\"https:\/\/sinoextrud.com\/product\/anodized-aluminium-profile-value-frame-extrusion\/\" target=\"_blank\">Anodized Aluminium Profile Value Frame Extrusion<\/a><\/li>\r\n<li><a href=\"https:\/\/sinoextrud.com\/product\/aluminum-track-extrusion\/\" target=\"_blank\">Aluminum Track Extrusion<\/a><\/li>\r\n<li><a href=\"https:\/\/sinoextrud.com\/product\/aluminum-trailer-decking\/\" target=\"_blank\">Aluminum Trailer Decking<\/a><\/li>\r\n<li><a href=\"https:\/\/sinoextrud.com\/product\/three-acid-oxidation-aluminium-u-shaped-channel\/\" target=\"_blank\">Three Acid Oxidation Aluminium U Shaped Channel<\/a><\/li>\r\n<li><a href=\"https:\/\/sinoextrud.com\/product\/extruded-aluminum-sections\/\" target=\"_blank\">Extruded Aluminum Sections<\/a><\/li>\r\n<li><a href=\"https:\/\/sinoextrud.com\/product\/slotted-extruded-aluminum-u-shaped-bending-punching\/\" target=\"_blank\">Slotted Extruded Aluminum U Shaped Bending Punching<\/a><\/li>\r\n<li><a href=\"https:\/\/sinoextrud.com\/product\/extruded-aluminium-channel\/\" target=\"_blank\">Extruded Aluminium Channel<\/a><\/li>\r\n<li><a href=\"https:\/\/sinoextrud.com\/product\/y-section-aluminium-extrusion\/\" target=\"_blank\">Y Section Aluminium Extrusion<\/a><\/li>\r\n<li><a href=\"https:\/\/sinoextrud.com\/product\/round-aluminum-extrusion-architeture-fabrication\/\" target=\"_blank\">Round Aluminum Extrusion Architeture Fabrication<\/a><\/li>\r\n<li><a href=\"https:\/\/sinoextrud.com\/product\/aluminum-extrusion-1060-2024-3003-5082-6061-6082-7003-7005-7075-aluminum-alloy-profile\/\" target=\"_blank\">Aluminum Extrusion 1060 2024 3003 5082 6061 6082 7003 7005 7075 Aluminum Alloy Profile<\/a><\/li>\r\n<li><a href=\"https:\/\/sinoextrud.com\/product\/aluminium-pipe\/\" target=\"_blank\">Aluminium Pipe<\/a><\/li>"},"feature_list":[]},"_links":{"self":[{"href":"https:\/\/sinoextrud.com\/es\/wp-json\/wp\/v2\/product\/7683","targetHints":{"allow":["GET"]}}],"collection":[{"href":"https:\/\/sinoextrud.com\/es\/wp-json\/wp\/v2\/product"}],"about":[{"href":"https:\/\/sinoextrud.com\/es\/wp-json\/wp\/v2\/types\/product"}],"wp:featuredmedia":[{"embeddable":true,"href":"https:\/\/sinoextrud.com\/es\/wp-json\/wp\/v2\/media\/7682"}],"wp:attachment":[{"href":"https:\/\/sinoextrud.com\/es\/wp-json\/wp\/v2\/media?parent=7683"}],"wp:term":[{"taxonomy":"category","embeddable":true,"href":"https:\/\/sinoextrud.com\/es\/wp-json\/wp\/v2\/categories?post=7683"}],"curies":[{"name":"wp","href":"https:\/\/api.w.org\/{rel}","templated":true}]}}