{"id":7664,"date":"2025-06-09T08:03:47","date_gmt":"2025-06-09T08:03:47","guid":{"rendered":"https:\/\/sinoextrud.com\/product\/roller-shutter-profiles-aluminum\/"},"modified":"2025-06-24T06:13:22","modified_gmt":"2025-06-24T06:13:22","slug":"perfiles-de-aluminio-para-persianas","status":"publish","type":"product","link":"https:\/\/sinoextrud.com\/es\/product\/roller-shutter-profiles-aluminum\/","title":{"rendered":"Perfiles de persiana enrollable de aluminio"},"content":{"rendered":"<h2>Productos<\/h2>\n<table class=\"custom-table\">\n<tbody>\n<tr>\n<td> Nombre del producto<\/td>\n<td> Perfiles de persiana enrollable de aluminio<\/td>\n<\/tr>\n<tr>\n<td> Material<\/td>\n<td> 6063-T5, otros materiales a medida disponibles<\/td>\n<\/tr>\n<tr>\n<td> Forma y tama\u00f1o<\/td>\n<td> Seg\u00fan las necesidades del cliente<\/td>\n<\/tr>\n<tr>\n<td> Espesor<\/td>\n<td> 0,7 mm-10 mm<\/td>\n<\/tr>\n<tr>\n<td> Longitud<\/td>\n<td> Normalmente 1-9M, otras longitudes disponibles<\/td>\n<\/tr>\n<tr>\n<td> Aplicaciones t\u00edpicas<\/td>\n<td> Arquitectura, decoraci\u00f3n, etc.<\/td>\n<\/tr>\n<tr>\n<td> Tipo personalizado<\/td>\n<td> Dibujo o muestra facilitada por el cliente<\/td>\n<\/tr>\n<tr>\n<td> Proceso profundo<\/td>\n<td> Fresado CNC, taladrado, punzonado, perforaci\u00f3n, roscado, plegado, soldadura, etc.<\/td>\n<\/tr>\n<tr>\n<td> Marca<\/td>\n<td> Sinoextrud,Sinoextrud,,marca personalizada disponible<\/td>\n<\/tr>\n<tr>\n<td> Tratamiento de superficies<\/td>\n<td> Acabado de fresado, grano de madera, anodizado, recubrimiento en polvo, etc.<\/td>\n<\/tr>\n<tr>\n<td> Color<\/td>\n<td> Plata, negro, champ\u00e1n, etc.<\/td>\n<\/tr>\n<tr>\n<td> MOQ<\/td>\n<td> 500-1000Kgs depende de los diferentes tratamientos superficiales<\/td>\n<\/tr>\n<tr>\n<td> Norma de calidad<\/td>\n<td> Alto nivel de calidad<\/td>\n<\/tr>\n<tr>\n<td> Certificados<\/td>\n<td> ISO9001, ISO4001, CQM, SGS, CE, BV, etc.<\/td>\n<\/tr>\n<tr>\n<td> Capacidad<\/td>\n<td> 15.000 toneladas al mes<\/td>\n<\/tr>\n<tr>\n<td> Lugar de origen<\/td>\n<td> Guangdong, China<\/td>\n<\/tr>\n<\/tbody>\n<\/table>\n<h2>Nuestra base de fabricaci\u00f3n<\/h2>\n<h3>Panorama de la f\u00e1brica<\/h3>\n<p><img decoding=\"async\" src=\"\/wp-content\/uploads\/factory-01.webp\"\/><\/p>\n<h3>Taller de fabricaci\u00f3n de barras de aluminio<\/h3>\n<p><img decoding=\"async\" src=\"\/wp-content\/uploads\/factory-02.webp\"\/><\/p>\n<p><img decoding=\"async\" src=\"\/wp-content\/uploads\/factory-03.webp\"\/><\/p>\n<h3>Almac\u00e9n de moldes<\/h3>\n<p><img decoding=\"async\" src=\"\/wp-content\/uploads\/factory-04.webp\"\/><\/p>\n<h3>43 L\u00c3neas de extrusi\u00c3\u00b3n de aluminio (500\u00e2\u20ac\"5500 toneladas)<\/h3>\n<p><img decoding=\"async\" src=\"\/wp-content\/uploads\/factory-05.webp\"\/><\/p>\n<p><img decoding=\"async\" src=\"\/wp-content\/uploads\/factory-06.webp\"\/><\/p>\n<p><img decoding=\"async\" src=\"\/wp-content\/uploads\/factory-07.webp\"\/><\/p>\n<h3>Taller de pintura en polvo<\/h3>\n<p><img decoding=\"async\" src=\"\/wp-content\/uploads\/factory-09.webp\"\/><\/p>\n<h3>Taller de anodizado<\/h3>\n<p><img decoding=\"async\" src=\"\/wp-content\/uploads\/factory-10.webp\"\/><\/p>\n<h3>Taller de procesamiento profundo<\/h3>\n<p><img decoding=\"async\" src=\"\/wp-content\/uploads\/factory-11.webp\"\/><\/p>\n<h3>Taller de mecanizado de precisi\u00f3n CNC<\/h3>\n<p><img decoding=\"async\" src=\"\/wp-content\/uploads\/factory-11.5.webp\"\/><\/p>\n<h3>Almac\u00e9n de productos acabados y de exportaci\u00f3n<\/h3>\n<p><img decoding=\"async\" src=\"\/wp-content\/uploads\/factory-12.webp\"\/><\/p>\n<p><img decoding=\"async\" src=\"\/wp-content\/uploads\/factory-13.webp\"\/><\/p>\n<p><img decoding=\"async\" src=\"\/wp-content\/uploads\/factory-14.webp\"\/><\/p>\n<h2>PREGUNTAS FRECUENTES<\/h2>\n<p><p><b>1.\u00bfQu\u00e9 son los perfiles para persianas enrollables de aluminio?<\/b><\/p>\n<p>Se trata de perfiles de aluminio extruido utilizados en la construcci\u00f3n de persianas enrollables, que ofrecen durabilidad, resistencia y un funcionamiento suave.<br \/>\n<\/p><br \/>\n<br \/>\n<p><b>2.\u00bfPor qu\u00e9 el aluminio es ideal para los perfiles de las persianas enrollables?<\/b><\/p>\n<p>El aluminio es ligero, resistente a la oxidaci\u00f3n y fuerte, por lo que es perfecto para aplicaciones de persianas enrollables tanto interiores como exteriores.<br \/>\n<\/p><br \/>\n<br \/>\n<p><b>3.\u00bfPueden utilizarse estos perfiles en sistemas motorizados?<\/b><\/p>\n<p>S\u00ed, los perfiles de aluminio para persianas son totalmente compatibles con los sistemas de persianas manuales y motorizadas.<br \/>\n<\/p><br \/>\n<br \/>\n<p><b>4. \u00bfHay tallas y colores personalizados?<\/b><\/p>\n<p>S\u00ed, ofrecemos una amplia gama de tama\u00f1os, colores y acabados que se adaptan a las necesidades arquitect\u00f3nicas y de proyecto espec\u00edficas.<br \/>\n<\/p><br \/>\n<br \/>\n<p><b>5.\u00bfQu\u00e9 opciones de acabado ofrecen?<\/b><\/p>\n<p>Los acabados incluyen anodizado, recubrimiento en polvo, grano de madera y mate con fines est\u00e9ticos y de protecci\u00f3n.<br \/>\n<\/p><br \/>\n<br \/>\n<p><b>6.\u00bfLas persianas enrollables de aluminio ofrecen aislamiento?<\/b><\/p>\n<p>S\u00ed, proporcionan aislamiento t\u00e9rmico y ac\u00fastico, ayudando a regular las temperaturas interiores y a reducir el ruido.<br \/>\n<\/p><br \/>\n<br \/>\n<p><b>7.\u00bfEs el producto adecuado para uso comercial y residencial?<\/b><\/p>\n<p>Por supuesto, los perfiles de aluminio para persianas enrollables se utilizan ampliamente en viviendas, tiendas, oficinas y almacenes.<br \/>\n<\/p><br \/>\n<br \/>\n<p><b>8.\u00bfQu\u00e9 durabilidad tienen estos perfiles en climas duros?<\/b><\/p>\n<p>Est\u00e1n dise\u00f1adas para resistir la exposici\u00f3n a los rayos UV, la lluvia y la humedad, lo que garantiza un rendimiento duradero con un mantenimiento m\u00ednimo.<br \/>\n<\/p><br \/><\/p>","protected":false},"featured_media":7663,"template":"","categories":[67],"class_list":["post-7664","product","type-product","status-publish","has-post-thumbnail","hentry","category-architectural-aluminium-profile"],"meta_box":{"hilight_text_group":{"product_hilight_text":"<li>Lightweight aluminum profiles enable smooth and quiet roller shutter operation<\/li>\r\r\n<li>High corrosion resistance for long-term outdoor performance<\/li>\r\r\n<li>Available in various slat designs and finishes for aesthetic flexibility<\/li>\r\r\n<li>Provides security, insulation, and privacy for residential and commercial use<\/li>\r\r\n<li>Supports both manual and motorized roller shutter systems<\/li>\r\r\n<li>Custom lengths and profiles available to match project requirements<\/li>\r\r\n<li>Low maintenance and weatherproof for year-round reliability<\/li>","product_chanpin_blog":"<ul>\r\r\n<li><a href=\"https:\/\/sinoextrud.com\/t-slot-v-slot-differences\/\" target=\"_blank\">t slot vs v slot<\/a><\/li>\r\r\n<li><a href=\"https:\/\/sinoextrud.com\/what-is-4040-aluminium-extrud\/\" target=\"_blank\">4040 aluminium extrusion<\/a><\/li>\r\r\n<li><a href=\"https:\/\/sinoextrud.com\/what-is-4040-aluminium-extrud\/\" target=\"_blank\">aluminum extrusions for industrial racks<\/a><\/li>\r\r\n<li><a href=\"https:\/\/sinoextrud.com\/powder-coating-aluminium-process\/\" target=\"_blank\">powder coating aluminium<\/a><\/li>\r\r\n<li><a href=\"https:\/\/sinoextrud.com\/what-is-an-aluminium-strip-ceiling\/\" target=\"_blank\">aluminium strip ceiling<\/a><\/li>\r\r\n<li><a href=\"https:\/\/sinoextrud.com\/what-is-a-heat-sink\/\" target=\"_blank\">what is a heat sink<\/a><\/li>\r\r\n<\/ul>","product_chanpin_chanpin":"<li><a href=\"https:\/\/sinoextrud.com\/product\/aluminum-profiles-anodized-for-cabinet-furniture-protection\/\" target=\"_blank\">Aluminum Profiles Anodized For Cabinet Furniture Protection<\/a><\/li>\r\n<li><a href=\"https:\/\/sinoextrud.com\/product\/extruded-aluminium-track\/\" target=\"_blank\">Extruded Aluminium Track<\/a><\/li>\r\n<li><a href=\"https:\/\/sinoextrud.com\/product\/aluminum-quarter-round-trim\/\" target=\"_blank\">Aluminum Quarter Round Trim<\/a><\/li>\r\n<li><a href=\"https:\/\/sinoextrud.com\/product\/aluminum-rail-profile-precision\/\" target=\"_blank\">Aluminum Rail Profile Precision<\/a><\/li>\r\n<li><a href=\"https:\/\/sinoextrud.com\/product\/roller-shutter-profiles-aluminum\/\" target=\"_blank\">Roller Shutter Profiles Aluminum<\/a><\/li>\r\n<li><a href=\"https:\/\/sinoextrud.com\/product\/modular-extruded-aluminum-framing\/\" target=\"_blank\">Modular Extruded Aluminum Framing<\/a><\/li>\r\n<li><a href=\"https:\/\/sinoextrud.com\/product\/anodized-aluminium-profile-value-frame-extrusion\/\" target=\"_blank\">Anodized Aluminium Profile Value Frame Extrusion<\/a><\/li>\r\n<li><a href=\"https:\/\/sinoextrud.com\/product\/aluminum-track-extrusion\/\" target=\"_blank\">Aluminum Track Extrusion<\/a><\/li>\r\n<li><a href=\"https:\/\/sinoextrud.com\/product\/aluminum-trailer-decking\/\" target=\"_blank\">Aluminum Trailer Decking<\/a><\/li>\r\n<li><a href=\"https:\/\/sinoextrud.com\/product\/aluminium-extrusion-press-line-profile-wooden-grained-coating-color-oem\/\" target=\"_blank\">Aluminium Extrusion Press Line profile wooden grained coating color OEM for Door Curtain Wall Ceiling<\/a><\/li>\r\n<li><a href=\"https:\/\/sinoextrud.com\/product\/extruded-aluminium-profile-with-sand-blasted-treatment\/\" target=\"_blank\">Extruded Aluminium Profile With Sand Blasted Treatment<\/a><\/li>"},"feature_list":[]},"_links":{"self":[{"href":"https:\/\/sinoextrud.com\/es\/wp-json\/wp\/v2\/product\/7664","targetHints":{"allow":["GET"]}}],"collection":[{"href":"https:\/\/sinoextrud.com\/es\/wp-json\/wp\/v2\/product"}],"about":[{"href":"https:\/\/sinoextrud.com\/es\/wp-json\/wp\/v2\/types\/product"}],"wp:featuredmedia":[{"embeddable":true,"href":"https:\/\/sinoextrud.com\/es\/wp-json\/wp\/v2\/media\/7663"}],"wp:attachment":[{"href":"https:\/\/sinoextrud.com\/es\/wp-json\/wp\/v2\/media?parent=7664"}],"wp:term":[{"taxonomy":"category","embeddable":true,"href":"https:\/\/sinoextrud.com\/es\/wp-json\/wp\/v2\/categories?post=7664"}],"curies":[{"name":"wp","href":"https:\/\/api.w.org\/{rel}","templated":true}]}}