{"id":7662,"date":"2025-06-09T08:01:29","date_gmt":"2025-06-09T08:01:29","guid":{"rendered":"https:\/\/sinoextrud.com\/product\/aluminum-rail-profile-precision\/"},"modified":"2025-06-24T06:13:22","modified_gmt":"2025-06-24T06:13:22","slug":"perfil-de-aluminio-precision","status":"publish","type":"product","link":"https:\/\/sinoextrud.com\/es\/product\/aluminum-rail-profile-precision\/","title":{"rendered":"Perfil de aluminio de precisi\u00f3n"},"content":{"rendered":"<h2>Productos<\/h2>\n<table class=\"custom-table\">\n<tbody>\n<tr>\n<td> Nombre del producto<\/td>\n<td> Perfil de aluminio de precisi\u00f3n<\/td>\n<\/tr>\n<tr>\n<td> Material<\/td>\n<td> 6063-T5 u otro material personalizado<\/td>\n<\/tr>\n<tr>\n<td> Forma<\/td>\n<td> U H I T V u otras formas personalizadas<\/td>\n<\/tr>\n<tr>\n<td> Espesor<\/td>\n<td> 0,7 mm-10 mm<\/td>\n<\/tr>\n<tr>\n<td> Talla<\/td>\n<td> Seg\u00fan plano o muestra facilitada por el cliente<\/td>\n<\/tr>\n<tr>\n<td> Longitud<\/td>\n<td> Normalmente 1-9M, otra longitud negociable<\/td>\n<\/tr>\n<tr>\n<td> Aplicaciones t\u00edpicas<\/td>\n<td> Industria, arquitectura, decoraci\u00f3n, etc.<\/td>\n<\/tr>\n<tr>\n<td> Tipo personalizado<\/td>\n<td> Dibujo o muestra facilitada por el cliente<\/td>\n<\/tr>\n<tr>\n<td> Proceso profundo<\/td>\n<td> Fresado CNC, taladrado, punzonado, perforaci\u00f3n, roscado, plegado, soldadura, etc.<\/td>\n<\/tr>\n<tr>\n<td> Marca<\/td>\n<td> Sinoextrud, Sinoextrud, , marca personalizada disponible<\/td>\n<\/tr>\n<tr>\n<td> Tratamiento de superficies<\/td>\n<td> Acabado de fresado, anodizado, recubrimiento en polvo, etc.<\/td>\n<\/tr>\n<tr>\n<td> Color<\/td>\n<td> Plata, negro, champ\u00e1n, etc.<\/td>\n<\/tr>\n<tr>\n<td> MOQ<\/td>\n<td> 200KGs<\/td>\n<\/tr>\n<tr>\n<td> Norma de calidad<\/td>\n<td> Alto nivel de calidad<\/td>\n<\/tr>\n<tr>\n<td> Certificados<\/td>\n<td> ISO9001,ISO4001,CQM,SGS,CE,BV etc.<\/td>\n<\/tr>\n<tr>\n<td> Capacidad de suministro<\/td>\n<td> 3000 toneladas al mes<\/td>\n<\/tr>\n<tr>\n<td> Lugar de origen<\/td>\n<td> Guangdong, China<\/td>\n<\/tr>\n<tr>\n<td> Plazo de entrega<\/td>\n<td> 1.Apertura del molde y confirmaci\u00f3n de la muestra 13-18 d\u00edas.<br \/>\n2.Producci\u00f3n en serie 25-30 d\u00edas.<\/td>\n<\/tr>\n<tr>\n<td> Condiciones de entrega<\/td>\n<td> EXW o FOB Foshan\/Guangzhou\/Shenzhen<\/td>\n<\/tr>\n<tr>\n<td> Condiciones de pago<\/td>\n<td> LC o TT 30% dep\u00f3sito,70% saldo antes de la carga<\/td>\n<\/tr>\n<\/tbody>\n<\/table>\n<h2>Nuestra base de fabricaci\u00f3n<\/h2>\n<h3>Panorama de la f\u00e1brica<\/h3>\n<p><img decoding=\"async\" src=\"\/wp-content\/uploads\/factory-01.webp\"\/><\/p>\n<h3>Taller de fabricaci\u00f3n de barras de aluminio<\/h3>\n<p><img decoding=\"async\" src=\"\/wp-content\/uploads\/factory-02.webp\"\/><\/p>\n<p><img decoding=\"async\" src=\"\/wp-content\/uploads\/factory-03.webp\"\/><\/p>\n<h3>Almac\u00e9n de moldes<\/h3>\n<p><img decoding=\"async\" src=\"\/wp-content\/uploads\/factory-04.webp\"\/><\/p>\n<h3>43 l\u00edneas de extrusi\u00f3n de aluminio (500-5500 toneladas)<\/h3>\n<p><img decoding=\"async\" src=\"\/wp-content\/uploads\/factory-05.webp\"\/><\/p>\n<p><img decoding=\"async\" src=\"\/wp-content\/uploads\/factory-06.webp\"\/><\/p>\n<p><img decoding=\"async\" src=\"\/wp-content\/uploads\/factory-07.webp\"\/><\/p>\n<h3>Taller de pintura en polvo<\/h3>\n<p><img decoding=\"async\" src=\"\/wp-content\/uploads\/factory-09.webp\"\/><\/p>\n<h3>Taller de anodizado<\/h3>\n<p><img decoding=\"async\" src=\"\/wp-content\/uploads\/factory-10.webp\"\/><\/p>\n<h3>Taller de procesamiento profundo<\/h3>\n<p><img decoding=\"async\" src=\"\/wp-content\/uploads\/factory-11.webp\"\/><\/p>\n<h3>Taller de mecanizado de precisi\u00f3n CNC<\/h3>\n<p><img decoding=\"async\" src=\"\/wp-content\/uploads\/factory-11.5.webp\"\/><\/p>\n<h3>Almac\u00e9n de productos acabados y de exportaci\u00f3n<\/h3>\n<p><img decoding=\"async\" src=\"\/wp-content\/uploads\/factory-12.webp\"\/><\/p>\n<p><img decoding=\"async\" src=\"\/wp-content\/uploads\/factory-13.webp\"\/><\/p>\n<p><img decoding=\"async\" src=\"\/wp-content\/uploads\/factory-14.webp\"\/><\/p>\n<h2>PREGUNTAS FRECUENTES<\/h2>\n<p><p><b>1. \u00bfQu\u00e9 es un perfil de aluminio de precisi\u00f3n?<\/b><\/p>\n<p>Es una extrusi\u00f3n de aluminio de alta tolerancia dise\u00f1ada para sistemas de movimiento lineal y aplicaciones mec\u00e1nicas precisas.<br \/>\n<\/p><br \/>\n<br \/>\n<p><b>2.\u00bfPor qu\u00e9 elegir un perfil de riel de aluminio de precisi\u00f3n?<\/b><\/p>\n<p>Proporciona una excelente precisi\u00f3n dimensional, una alineaci\u00f3n uniforme y un movimiento suave para componentes de automatizaci\u00f3n y maquinaria.<br \/>\n<\/p><br \/>\n<br \/>\n<p><b>3. \u00bfQu\u00e9 industrias utilizan perfiles de aluminio de precisi\u00f3n para rieles?<\/b><\/p>\n<p>Entre las industrias m\u00e1s comunes se encuentran la rob\u00f3tica, la maquinaria CNC, el envasado, los dispositivos m\u00e9dicos y la fabricaci\u00f3n de semiconductores.<br \/>\n<\/p><br \/>\n<br \/>\n<p><b>4.\u00bfEs el tratamiento superficial resistente a la corrosi\u00f3n?<\/b><\/p>\n<p>S\u00ed, los perfiles est\u00e1n disponibles con anodizado u otros revestimientos para protegerlos del desgaste y la corrosi\u00f3n.<br \/>\n<\/p><br \/>\n<br \/>\n<p><b>5.\u00bfSe pueden personalizar los perfiles de aluminio para rieles?<\/b><\/p>\n<p>S\u00ed, ofrecemos mecanizado, taladrado, roscado y acabados personalizados basados en sus planos t\u00e9cnicos o necesidades de aplicaci\u00f3n.<br \/>\n<\/p><br \/>\n<br \/>\n<p><b>6.\u00bfSon compatibles estos ra\u00edles con los rodamientos o gu\u00edas lineales?<\/b><\/p>\n<p>S\u00ed, nuestros perfiles de aluminio para ra\u00edles est\u00e1n dise\u00f1ados para su uso con sistemas de rodamientos lineales est\u00e1ndar para facilitar la integraci\u00f3n.<br \/>\n<\/p><br \/>\n<br \/>\n<p><b>7.\u00bfCu\u00e1l es el nivel de tolerancia de los ra\u00edles de precisi\u00f3n?<\/b><\/p>\n<p>Las tolerancias t\u00edpicas oscilan entre \u00b10,05 mm y \u00b10,1 mm, en funci\u00f3n del perfil y los requisitos de mecanizado.<br \/>\n<\/p><br \/>\n<br \/>\n<p><b>8.\u00bfAceptan pedidos al por mayor y OEM?<\/b><\/p>\n<p>Por supuesto, ofrecemos soluciones OEM y producci\u00f3n a granel para clientes de todo el mundo con una calidad estable y una entrega puntual.<br \/>\n<\/p><br \/><\/p>","protected":false},"featured_media":7661,"template":"","categories":[67],"class_list":["post-7662","product","type-product","status-publish","has-post-thumbnail","hentry","category-architectural-aluminium-profile"],"meta_box":{"hilight_text_group":{"product_hilight_text":"<li>High precision aluminum rail profile ensures tight dimensional tolerances<\/li>\r\r\n<li>Ideal for automation, linear motion systems, and precision assemblies<\/li>\r\r\n<li>Lightweight yet strong, reducing system load and enhancing performance<\/li>\r\r\n<li>Corrosion-resistant finish suitable for industrial and cleanroom environments<\/li>\r\r\n<li>Customizable length, shape, and surface treatments for diverse applications<\/li>\r\r\n<li>Supports high repeatability and smooth motion for mechanical systems<\/li>\r\r\n<li>Compatible with various fastening and mounting accessories<\/li>","product_chanpin_blog":"<ul>\r\r\n<li><a href=\"https:\/\/sinoextrud.com\/t-slot-v-slot-differences\/\" target=\"_blank\">t slot vs v slot<\/a><\/li>\r\r\n<li><a href=\"https:\/\/sinoextrud.com\/what-is-4040-aluminium-extrud\/\" target=\"_blank\">4040 aluminium extrusion<\/a><\/li>\r\r\n<li><a href=\"https:\/\/sinoextrud.com\/what-is-4040-aluminium-extrud\/\" target=\"_blank\">aluminum extrusions for industrial racks<\/a><\/li>\r\r\n<li><a href=\"https:\/\/sinoextrud.com\/powder-coating-aluminium-process\/\" target=\"_blank\">powder coating aluminium<\/a><\/li>\r\r\n<li><a href=\"https:\/\/sinoextrud.com\/what-is-an-aluminium-strip-ceiling\/\" target=\"_blank\">aluminium strip ceiling<\/a><\/li>\r\r\n<li><a href=\"https:\/\/sinoextrud.com\/what-is-a-heat-sink\/\" target=\"_blank\">what is a heat sink<\/a><\/li>\r\r\n<\/ul>","product_chanpin_chanpin":"<li><a href=\"https:\/\/sinoextrud.com\/product\/indoor-and-outdoor-aluminium-louver-profile\/\" target=\"_blank\">Indoor and Outdoor Aluminium Louver Profile<\/a><\/li>\r\n<li><a href=\"https:\/\/sinoextrud.com\/product\/aluminum-profiles-anodized-for-cabinet-furniture-protection\/\" target=\"_blank\">Aluminum Profiles Anodized For Cabinet Furniture Protection<\/a><\/li>\r\n<li><a href=\"https:\/\/sinoextrud.com\/product\/extruded-aluminium-track\/\" target=\"_blank\">Extruded Aluminium Track<\/a><\/li>\r\n<li><a href=\"https:\/\/sinoextrud.com\/product\/aluminum-quarter-round-trim\/\" target=\"_blank\">Aluminum Quarter Round Trim<\/a><\/li>\r\n<li><a href=\"https:\/\/sinoextrud.com\/product\/aluminum-rail-profile-precision\/\" target=\"_blank\">Aluminum Rail Profile Precision<\/a><\/li>\r\n<li><a href=\"https:\/\/sinoextrud.com\/product\/roller-shutter-profiles-aluminum\/\" target=\"_blank\">Roller Shutter Profiles Aluminum<\/a><\/li>\r\n<li><a href=\"https:\/\/sinoextrud.com\/product\/modular-extruded-aluminum-framing\/\" target=\"_blank\">Modular Extruded Aluminum Framing<\/a><\/li>\r\n<li><a href=\"https:\/\/sinoextrud.com\/product\/anodized-aluminium-profile-value-frame-extrusion\/\" target=\"_blank\">Anodized Aluminium Profile Value Frame Extrusion<\/a><\/li>\r\n<li><a href=\"https:\/\/sinoextrud.com\/product\/aluminum-track-extrusion\/\" target=\"_blank\">Aluminum Track Extrusion<\/a><\/li>\r\n<li><a href=\"https:\/\/sinoextrud.com\/product\/extruded-aluminum-rail-system\/\" target=\"_blank\">Extruded Aluminum Rail System<\/a><\/li>\r\n<li><a href=\"https:\/\/sinoextrud.com\/product\/aluminum-cnc-machining\/\" target=\"_blank\">Aluminum cnc machining<\/a><\/li>"},"feature_list":[]},"_links":{"self":[{"href":"https:\/\/sinoextrud.com\/es\/wp-json\/wp\/v2\/product\/7662","targetHints":{"allow":["GET"]}}],"collection":[{"href":"https:\/\/sinoextrud.com\/es\/wp-json\/wp\/v2\/product"}],"about":[{"href":"https:\/\/sinoextrud.com\/es\/wp-json\/wp\/v2\/types\/product"}],"wp:featuredmedia":[{"embeddable":true,"href":"https:\/\/sinoextrud.com\/es\/wp-json\/wp\/v2\/media\/7661"}],"wp:attachment":[{"href":"https:\/\/sinoextrud.com\/es\/wp-json\/wp\/v2\/media?parent=7662"}],"wp:term":[{"taxonomy":"category","embeddable":true,"href":"https:\/\/sinoextrud.com\/es\/wp-json\/wp\/v2\/categories?post=7662"}],"curies":[{"name":"wp","href":"https:\/\/api.w.org\/{rel}","templated":true}]}}