{"id":7654,"date":"2025-06-09T07:53:44","date_gmt":"2025-06-09T07:53:44","guid":{"rendered":"https:\/\/sinoextrud.com\/product\/indoor-and-outdoor-aluminium-louver-profile\/"},"modified":"2025-06-24T06:13:20","modified_gmt":"2025-06-24T06:13:20","slug":"perfil-de-lamas-de-aluminio-para-interior-y-exterior","status":"publish","type":"product","link":"https:\/\/sinoextrud.com\/es\/product\/indoor-and-outdoor-aluminium-louver-profile\/","title":{"rendered":"Perfil de lamas de aluminio para interior y exterior"},"content":{"rendered":"<h2>Productos<\/h2>\n<table class=\"custom-table\">\n<tr>\n<td class=\"label\">Marca<\/td>\n<td>China Sinoextrud Perfil de aluminio<\/td>\n<\/tr>\n<tr>\n<td class=\"label\">Tipo de producto<\/td>\n<td>perfil de lamas de aluminio para interior y exterior<\/td>\n<\/tr>\n<tr>\n<td class=\"label\">Grado<\/td>\n<td>Aleaci\u00f3n de aluminio serie 6000<\/td>\n<\/tr>\n<tr>\n<td class=\"label\">Temple<\/td>\n<td>T3-T8<\/td>\n<\/tr>\n<tr>\n<td class=\"label\">Servicios<\/td>\n<td>al por mayor\/OEM\/ODM. Fabricaci\u00f3n a medida de alta precisi\u00f3n CNC<\/td>\n<\/tr>\n<tr>\n<td class=\"label\">Talla<\/td>\n<td>seg\u00fan nuestras necesidades<\/td>\n<\/tr>\n<tr>\n<td class=\"label\">Tolerancia<\/td>\n<td>perfil de aluminio com\u00fan: \u00b10,1 mm<br \/>\nperfil de aluminio de alta precisi\u00f3n: \u00b10,03 mm<br \/>\nPuede obtener una muestra para comprobar su precisi\u00f3n.<\/td>\n<\/tr>\n<tr>\n<td class=\"label\">Tratamiento de superficies<\/td>\n<td>anodizado, recubrimiento en polvo, pulido, cepillado, chorro de arena, grano de madera, recubrimiento de PVDF, recubrimiento de fluorocarbono, electroforesis, etc.<\/td>\n<\/tr>\n<tr>\n<td class=\"label\">Certificaciones oficiales<\/td>\n<td>ISO 9001, ISO 14001, CE , TUV , SGS, ROHS; certificaci\u00f3n de materiales BV; superaci\u00f3n de la norma nacional GB5237-2017<\/td>\n<\/tr>\n<tr>\n<td class=\"label\">Equipamiento profesional<\/td>\n<td>(1) una f\u00e1brica con una superficie superior a 100.000 metros cuadrados<br \/>\n(2) veinticinco equipos avanzados de extrusi\u00f3n de aluminio (de 600 a 2500 toneladas)<br \/>\n(3) dos equipos de chorro de arena<br \/>\n(4) dos l\u00edneas de producci\u00f3n de anodizado (Jap\u00f3n)<br \/>\n(5) dos l\u00edneas de producci\u00f3n de revestimiento electrofor\u00e9tico (Corea)<br \/>\n(6) dos l\u00edneas de producci\u00f3n de revestimiento en polvo (Alemania)<br \/>\n(7) una l\u00ednea de producci\u00f3n de granos de madera (Corea)<br \/>\n(8) seis equipos profesionales de mecanizado CNC<br \/>\n(9) ocho l\u00edneas de producci\u00f3n de ahorro energ\u00e9tico y aislamiento t\u00e9rmico (Suiza)<br \/>\n(10) dos talleres de fundici\u00f3n y moldeado de barras de aluminio con una producci\u00f3n de 80.000 toneladas<\/td>\n<\/tr>\n<tr>\n<td class=\"label\">Ventajas del producto<\/td>\n<td>capaz de producir perfiles de aluminio supergrandes de m\u00e1s de 500 mm.<\/td>\n<\/tr>\n<tr>\n<td class=\"label\">Moho<\/td>\n<td>m\u00e1s de 30.000 moldes en stock<\/td>\n<\/tr>\n<tr>\n<td class=\"label\">Capacidad de producci\u00f3n<\/td>\n<td>producci\u00f3n 200.000 toneladas de perfiles de aluminio al a\u00f1o<\/td>\n<\/tr>\n<\/table>\n<h2>Nuestra base de fabricaci\u00f3n<\/h2>\n<h3>Panorama de la f\u00e1brica<\/h3>\n<p><img decoding=\"async\" src=\"\/wp-content\/uploads\/factory-01.webp\"\/><\/p>\n<h3>Taller de fabricaci\u00f3n de barras de aluminio<\/h3>\n<p><img decoding=\"async\" src=\"\/wp-content\/uploads\/factory-02.webp\"\/><\/p>\n<\/p>\n<p><img decoding=\"async\" src=\"\/wp-content\/uploads\/factory-03.webp\"\/><\/p>\n<h3>Almac\u00e9n de moldes<\/h3>\n<p><img decoding=\"async\" src=\"\/wp-content\/uploads\/factory-04.webp\"\/><\/p>\n<h3>43 l\u00edneas de extrusi\u00f3n de aluminio (500-5500 toneladas)<\/h3>\n<p><img decoding=\"async\" src=\"\/wp-content\/uploads\/factory-05.webp\"\/><\/p>\n<p><img decoding=\"async\" src=\"\/wp-content\/uploads\/factory-06.webp\"\/><\/p>\n<p><img decoding=\"async\" src=\"\/wp-content\/uploads\/factory-07.webp\"\/><\/p>\n<h3>Taller de pintura en polvo<\/h3>\n<p><img decoding=\"async\" src=\"\/wp-content\/uploads\/factory-09.webp\"\/><\/p>\n<h3>Taller de anodizado<\/h3>\n<p><img decoding=\"async\" src=\"\/wp-content\/uploads\/factory-10.webp\"\/><\/p>\n<h3>Taller de procesamiento profundo<\/h3>\n<p><img decoding=\"async\" src=\"\/wp-content\/uploads\/factory-11.webp\"\/><\/p>\n<h3>Taller de mecanizado de precisi\u00f3n CNC<\/h3>\n<p><img decoding=\"async\" src=\"\/wp-content\/uploads\/factory-11.5.webp\"\/><\/p>\n<h3>Almac\u00e9n de productos acabados y de exportaci\u00f3n<\/h3>\n<p><img decoding=\"async\" src=\"\/wp-content\/uploads\/factory-12.webp\"\/><\/p>\n<p><img decoding=\"async\" src=\"\/wp-content\/uploads\/factory-13.webp\"\/><\/p>\n<p><img decoding=\"async\" src=\"\/wp-content\/uploads\/factory-14.webp\"\/><\/p>\n<h2>PREGUNTAS FRECUENTES<\/h2>\n<p><b>1. \u00bfQu\u00e9 es un perfil lamas de aluminio para interior y exterior?<\/b><\/p>\n<p>Se trata de una extrusi\u00f3n de aluminio vers\u00e1til que se utiliza para crear sistemas de rejilla que proporcionan ventilaci\u00f3n, sombreado y privacidad para aplicaciones interiores y exteriores.\n<\/p>\n<p><\/p>\n<p><b>2.\u00bfQu\u00e9 ventajas ofrecen los perfiles de persiana de aluminio?<\/b><\/p>\n<p>Ofrecen ligereza, resistencia a la corrosi\u00f3n, flexibilidad de dise\u00f1o y bajo mantenimiento para un uso a largo plazo.\n<\/p>\n<p><\/p>\n<p><b>3.\u00bfPueden utilizarse estas rejillas en el exterior en cualquier condici\u00f3n meteorol\u00f3gica?<\/b><\/p>\n<p>S\u00ed, el acabado de aluminio resistente a la corrosi\u00f3n los hace ideales para la exposici\u00f3n a la lluvia, el sol y la humedad.\n<\/p>\n<p><\/p>\n<p><b>4. \u00bfExisten dise\u00f1os de rejilla personalizados?<\/b><\/p>\n<p>S\u00ed, ofrecemos \u00e1ngulos de hoja, tama\u00f1os, colores y acabados personalizados para satisfacer las necesidades arquitect\u00f3nicas y funcionales.\n<\/p>\n<p><\/p>\n<p><b>5.\u00bfQu\u00e9 aplicaciones son adecuadas para las lamas de interior y exterior?<\/b><\/p>\n<p>Los usos m\u00e1s comunes incluyen fachadas de edificios, pantallas de privacidad, elementos de techo, parasoles y cerramientos de calefacci\u00f3n, ventilaci\u00f3n y aire acondicionado.\n<\/p>\n<p><\/p>\n<p><b>6.\u00bfOfrecen lamas fijas y regulables?<\/b><\/p>\n<p>S\u00ed, fabricamos rejillas de lamas fijas y ajustables en funci\u00f3n de las necesidades de flujo de aire y sombreado.\n<\/p>\n<p><\/p>\n<p><b>7.\u00bfEl aluminio es f\u00e1cil de instalar y mantener?<\/b><\/p>\n<p>S\u00ed, el aluminio es ligero y f\u00e1cil de montar, y requiere una limpieza o un mantenimiento m\u00ednimos.\n<\/p>\n<p><\/p>\n<p><b>8.\u00bfQu\u00e9 acabados hay disponibles para los perfiles de persiana de aluminio?<\/b><\/p>\n<p>Los acabados incluyen anodizado, recubrimiento en polvo, cepillado y colores RAL personalizados para una mayor protecci\u00f3n est\u00e9tica y medioambiental.\n<\/p>\n<p><\/p>","protected":false},"featured_media":7653,"template":"","categories":[67],"class_list":["post-7654","product","type-product","status-publish","has-post-thumbnail","hentry","category-architectural-aluminium-profile"],"meta_box":{"hilight_text_group":{"product_hilight_text":"<li>Durable aluminum construction suitable for both indoor and outdoor environments<\/li>\r\r\n<li>Corrosion-resistant finish ensures long-term weather protection<\/li>\r\r\n<li>Provides effective ventilation, sun shading, and privacy<\/li>\r\r\n<li>Available in fixed and adjustable louver designs<\/li>\r\r\n<li>Lightweight for easy installation and structural flexibility<\/li>\r\r\n<li>Custom sizes, blade shapes, and finishes available<\/li>\r\r\n<li>Ideal for fa?ades, partitions, ceilings, and decorative screens<\/li>","product_chanpin_blog":"<ul>\r\r\n<li><a href=\"https:\/\/sinoextrud.com\/t-slot-v-slot-differences\/\" target=\"_blank\">t slot vs v slot<\/a><\/li>\r\r\n<li><a href=\"https:\/\/sinoextrud.com\/what-is-4040-aluminium-extrud\/\" target=\"_blank\">4040 aluminium extrusion<\/a><\/li>\r\r\n<li><a href=\"https:\/\/sinoextrud.com\/what-is-4040-aluminium-extrud\/\" target=\"_blank\">aluminum extrusions for industrial racks<\/a><\/li>\r\r\n<li><a href=\"https:\/\/sinoextrud.com\/powder-coating-aluminium-process\/\" target=\"_blank\">powder coating aluminium<\/a><\/li>\r\r\n<li><a href=\"https:\/\/sinoextrud.com\/what-is-an-aluminium-strip-ceiling\/\" target=\"_blank\">aluminium strip ceiling<\/a><\/li>\r\r\n<li><a href=\"https:\/\/sinoextrud.com\/what-is-a-heat-sink\/\" target=\"_blank\">what is a heat sink<\/a><\/li>\r\r\n<\/ul>","product_chanpin_chanpin":"<li><a href=\"https:\/\/sinoextrud.com\/product\/colorful-brushed-aluminium-photo-frame-manufacturer\/\" target=\"_blank\">Colorful Brushed Aluminium Photo Frame Manufacturer<\/a><\/li>\r\n<li><a href=\"https:\/\/sinoextrud.com\/product\/aluminum-shutter-extrusion-profiles\/\" target=\"_blank\">Aluminum Shutter Extrusion Profiles<\/a><\/li>\r\n<li><a href=\"https:\/\/sinoextrud.com\/product\/aluminum-profile-shutter\/\" target=\"_blank\">Aluminum Profile Shutter<\/a><\/li>\r\n<li><a href=\"https:\/\/sinoextrud.com\/product\/gb-matt-anodized-aluminium\/\" target=\"_blank\">GB Matt Anodized Aluminium<\/a><\/li>\r\n<li><a href=\"https:\/\/sinoextrud.com\/product\/indoor-and-outdoor-aluminium-louver-profile\/\" target=\"_blank\">Indoor and Outdoor Aluminium Louver Profile<\/a><\/li>\r\n<li><a href=\"https:\/\/sinoextrud.com\/product\/aluminum-profiles-anodized-for-cabinet-furniture-protection\/\" target=\"_blank\">Aluminum Profiles Anodized For Cabinet Furniture Protection<\/a><\/li>\r\n<li><a href=\"https:\/\/sinoextrud.com\/product\/extruded-aluminium-track\/\" target=\"_blank\">Extruded Aluminium Track<\/a><\/li>\r\n<li><a href=\"https:\/\/sinoextrud.com\/product\/aluminum-quarter-round-trim\/\" target=\"_blank\">Aluminum Quarter Round Trim<\/a><\/li>\r\n<li><a href=\"https:\/\/sinoextrud.com\/product\/aluminum-rail-profile-precision\/\" target=\"_blank\">Aluminum Rail Profile Precision<\/a><\/li>\r\n<li><a href=\"https:\/\/sinoextrud.com\/product\/extruded-aluminum-louver-blade-profile\/\" target=\"_blank\">Extruded Aluminum Louver Blade Profile<\/a><\/li>\r\n<li><a href=\"https:\/\/sinoextrud.com\/product\/solar-aluminium-profiles\/\" target=\"_blank\">Solar Aluminium Profiles<\/a><\/li>"},"feature_list":[]},"_links":{"self":[{"href":"https:\/\/sinoextrud.com\/es\/wp-json\/wp\/v2\/product\/7654","targetHints":{"allow":["GET"]}}],"collection":[{"href":"https:\/\/sinoextrud.com\/es\/wp-json\/wp\/v2\/product"}],"about":[{"href":"https:\/\/sinoextrud.com\/es\/wp-json\/wp\/v2\/types\/product"}],"wp:featuredmedia":[{"embeddable":true,"href":"https:\/\/sinoextrud.com\/es\/wp-json\/wp\/v2\/media\/7653"}],"wp:attachment":[{"href":"https:\/\/sinoextrud.com\/es\/wp-json\/wp\/v2\/media?parent=7654"}],"wp:term":[{"taxonomy":"category","embeddable":true,"href":"https:\/\/sinoextrud.com\/es\/wp-json\/wp\/v2\/categories?post=7654"}],"curies":[{"name":"wp","href":"https:\/\/api.w.org\/{rel}","templated":true}]}}