{"id":7650,"date":"2025-06-09T07:24:33","date_gmt":"2025-06-09T07:24:33","guid":{"rendered":"https:\/\/sinoextrud.com\/product\/aluminum-profile-shutter\/"},"modified":"2025-06-24T06:13:19","modified_gmt":"2025-06-24T06:13:19","slug":"persiana-de-perfil-de-aluminio","status":"publish","type":"product","link":"https:\/\/sinoextrud.com\/es\/product\/aluminum-profile-shutter\/","title":{"rendered":"Persiana de perfil de aluminio"},"content":{"rendered":"<h2>Productos<\/h2>\n<table class=\"custom-table\">\n<tbody>\n<tr>\n<td> Nombre<\/td>\n<td> Persiana de perfil de aluminio<\/td>\n<\/tr>\n<tr>\n<td> Marca<\/td>\n<td> Sinoextrud\/Sinoextrud<\/td>\n<\/tr>\n<tr>\n<td> Categor\u00eda<\/td>\n<td> Secciones de aluminio<\/td>\n<\/tr>\n<tr>\n<td> Material<\/td>\n<td> 6063 es ampliamente utilizado. 6061, 6463, 6005, 6082 tambi\u00e9n est\u00e1 disponible.<\/td>\n<\/tr>\n<tr>\n<td> Temple<\/td>\n<td> T5-T8<\/td>\n<\/tr>\n<tr>\n<td> Longitud<\/td>\n<td> 1-9m o 5.8M, la petici\u00f3n modificada para requisitos particulares se adopta.<\/td>\n<\/tr>\n<tr>\n<td> Tama\u00f1o (mm)<\/td>\n<td> Varios tama\u00f1os, puede ponerse en contacto para m\u00e1s detalles.<\/td>\n<\/tr>\n<tr>\n<td> Espesor<\/td>\n<td> Seg\u00fan su petici\u00f3n<\/td>\n<\/tr>\n<tr>\n<td> Forma<\/td>\n<td> Personalizaci\u00f3n<\/td>\n<\/tr>\n<tr>\n<td> Tratamiento de superficies<\/td>\n<td> Acabado de fresado, anodizado, chorro de arena, electroforesis, revestimiento de potencia, etc.<\/td>\n<\/tr>\n<tr>\n<td> Color<\/td>\n<td> Plata, negro, blanco, rojo, amarillo, champ\u00e1n o colores personalizados<\/td>\n<\/tr>\n<tr>\n<td> Est\u00e1ndar<\/td>\n<td> ASTM, GB, DIN<\/td>\n<\/tr>\n<tr>\n<td> En<\/td>\n<td> Guangdong, China<\/td>\n<\/tr>\n<tr>\n<td> Aplicaci\u00f3n<\/td>\n<td> Decoraci\u00f3n, ventanas y puertas.<\/td>\n<\/tr>\n<\/tbody>\n<\/table>\n<h2>Nuestra base de fabricaci\u00f3n<\/h2>\n<h3>Panorama de la f\u00e1brica<\/h3>\n<p><img decoding=\"async\" src=\"\/wp-content\/uploads\/factory-01.webp\"\/><\/p>\n<h3>Taller de fabricaci\u00f3n de barras de aluminio<\/h3>\n<p><img decoding=\"async\" src=\"\/wp-content\/uploads\/factory-02.webp\"\/><\/p>\n<p><img decoding=\"async\" src=\"\/wp-content\/uploads\/factory-03.webp\"\/><\/p>\n<h3>Almac\u00e9n de moldes<\/h3>\n<p><img decoding=\"async\" src=\"\/wp-content\/uploads\/factory-04.webp\"\/><\/p>\n<h3>43 L\u00c3neas de extrusi\u00c3\u00b3n de aluminio (500\u00e2\u20ac\"5500 toneladas)<\/h3>\n<p><img decoding=\"async\" src=\"\/wp-content\/uploads\/factory-05.webp\"\/><\/p>\n<p><img decoding=\"async\" src=\"\/wp-content\/uploads\/factory-06.webp\"\/><\/p>\n<p><img decoding=\"async\" src=\"\/wp-content\/uploads\/factory-07.webp\"\/><\/p>\n<h3>Taller de pintura en polvo<\/h3>\n<p><img decoding=\"async\" src=\"\/wp-content\/uploads\/factory-09.webp\"\/><\/p>\n<h3>Taller de anodizado<\/h3>\n<p><img decoding=\"async\" src=\"\/wp-content\/uploads\/factory-10.webp\"\/><\/p>\n<h3>Taller de procesamiento profundo<\/h3>\n<p><img decoding=\"async\" src=\"\/wp-content\/uploads\/factory-11.webp\"\/><\/p>\n<h3>Taller de mecanizado de precisi\u00f3n CNC<\/h3>\n<p><img decoding=\"async\" src=\"\/wp-content\/uploads\/factory-11.5.webp\"\/><\/p>\n<h3>Almac\u00e9n de productos acabados y de exportaci\u00f3n<\/h3>\n<p><img decoding=\"async\" src=\"\/wp-content\/uploads\/factory-12.webp\"\/><\/p>\n<p><img decoding=\"async\" src=\"\/wp-content\/uploads\/factory-13.webp\"\/><\/p>\n<p><img decoding=\"async\" src=\"\/wp-content\/uploads\/factory-14.webp\"\/><\/p>\n<h2>PREGUNTAS FRECUENTES<\/h2>\n<p><p><b>1.\u00bfQu\u00e9 es una persiana de perfil de aluminio? <\/b><\/p>\n<p> Una persiana de perfil de aluminio es un sistema de persianas duradero y ligero fabricado con perfiles de aluminio extruido, dise\u00f1ado para aperturas seguras y elegantes.<br \/>\n<\/p><br \/>\n<br \/>\n<p><b>2.\u00bfPor qu\u00e9 elegir persianas de aluminio en lugar de materiales tradicionales? <\/b><\/p>\n<p> Las contraventanas de aluminio ofrecen una resistencia superior a la corrosi\u00f3n, un manejo ligero y un aspecto moderno, ideal para aplicaciones comerciales y residenciales.<br \/>\n<\/p><br \/>\n<br \/>\n<p><b>3.\u00bfLas contraventanas de perfil de aluminio son resistentes a la intemperie? <\/b><\/p>\n<p> S\u00ed, el acabado resistente a la corrosi\u00f3n garantiza un excelente rendimiento en entornos exteriores, incluidas zonas con mucha humedad y precipitaciones.<br \/>\n<\/p><br \/>\n<br \/>\n<p><b>4.\u00bfSe pueden personalizar las persianas de perfil de aluminio? <\/b><\/p>\n<p> Por supuesto, pueden adaptarse en cuanto a dimensiones, colores y tratamientos superficiales para satisfacer las necesidades espec\u00edficas de cada proyecto.<br \/>\n<\/p><br \/>\n<br \/>\n<p><b>5.\u00bfEs f\u00e1cil instalar persianas de perfil de aluminio? <\/b><\/p>\n<p> El dise\u00f1o ligero y la estructura de perfil modular permiten una instalaci\u00f3n r\u00e1pida y sencilla, reduciendo el tiempo de mano de obra y los costes.<br \/>\n<\/p><br \/>\n<br \/>\n<p><b>6.\u00bfEs necesario el mantenimiento de las persianas de aluminio? <\/b><\/p>\n<p> El mantenimiento es m\u00ednimo; basta con una limpieza ocasional gracias al acabado anodizado o con recubrimiento de polvo.<br \/>\n<\/p><br \/>\n<br \/>\n<p><b>7.\u00bfLas contraventanas de aluminio mejoran la est\u00e9tica del edificio? <\/b><\/p>\n<p> S\u00ed, su aspecto elegante y moderno complementa la arquitectura contempor\u00e1nea al tiempo que mantiene la funcionalidad.<br \/>\n<\/p><br \/>\n<br \/>\n<p><b>8.\u00bfSon adecuadas estas persianas para aplicaciones de seguridad? <\/b><\/p>\n<p> S\u00ed, las contraventanas de perfil de aluminio proporcionan una s\u00f3lida protecci\u00f3n para ventanas y puertas, ayudando a mejorar la seguridad tanto en entornos residenciales como comerciales.<br \/>\n<\/p><br \/><\/p>","protected":false},"featured_media":7649,"template":"","categories":[67],"class_list":["post-7650","product","type-product","status-publish","has-post-thumbnail","hentry","category-architectural-aluminium-profile"],"meta_box":{"hilight_text_group":{"product_hilight_text":"<li>High-strength aluminum profile offers excellent durability and security.<\/li>\r\r\n<li>Lightweight structure allows for easy installation and smooth operation.<\/li>\r\r\n<li>Corrosion-resistant surface ideal for both indoor and outdoor applications.<\/li>\r\r\n<li>Modern, sleek design enhances building aesthetics.<\/li>\r\r\n<li>Customizable sizes and finishes to fit various architectural requirements.<\/li>\r\r\n<li>Low maintenance and long service life reduce operational costs.<\/li>","product_chanpin_blog":"<ul>\r\r\n<li><a href=\"https:\/\/sinoextrud.com\/t-slot-v-slot-differences\/\" target=\"_blank\">t slot vs v slot<\/a><\/li>\r\r\n<li><a href=\"https:\/\/sinoextrud.com\/what-is-4040-aluminium-extrud\/\" target=\"_blank\">4040 aluminium extrusion<\/a><\/li>\r\r\n<li><a href=\"https:\/\/sinoextrud.com\/what-is-4040-aluminium-extrud\/\" target=\"_blank\">aluminum extrusions for industrial racks<\/a><\/li>\r\r\n<li><a href=\"https:\/\/sinoextrud.com\/powder-coating-aluminium-process\/\" target=\"_blank\">powder coating aluminium<\/a><\/li>\r\r\n<li><a href=\"https:\/\/sinoextrud.com\/what-is-an-aluminium-strip-ceiling\/\" target=\"_blank\">aluminium strip ceiling<\/a><\/li>\r\r\n<li><a href=\"https:\/\/sinoextrud.com\/what-is-a-heat-sink\/\" target=\"_blank\">what is a heat sink<\/a><\/li>\r\r\n<\/ul>","product_chanpin_chanpin":"<li><a href=\"https:\/\/sinoextrud.com\/product\/aluminum-profile-for-shower-enclosure\/\" target=\"_blank\">Aluminum Profile For Shower Enclosure<\/a><\/li>\r\n<li><a href=\"https:\/\/sinoextrud.com\/product\/wall-aluminum-profile-decoration-t-shaped-edge-trim\/\" target=\"_blank\">Wall Aluminum Profile Decoration T Shaped Edge Trim<\/a><\/li>\r\n<li><a href=\"https:\/\/sinoextrud.com\/product\/colorful-brushed-aluminium-photo-frame-manufacturer\/\" target=\"_blank\">Colorful Brushed Aluminium Photo Frame Manufacturer<\/a><\/li>\r\n<li><a href=\"https:\/\/sinoextrud.com\/product\/aluminum-shutter-extrusion-profiles\/\" target=\"_blank\">Aluminum Shutter Extrusion Profiles<\/a><\/li>\r\n<li><a href=\"https:\/\/sinoextrud.com\/product\/aluminum-profile-shutter\/\" target=\"_blank\">Aluminum Profile Shutter<\/a><\/li>\r\n<li><a href=\"https:\/\/sinoextrud.com\/product\/gb-matt-anodized-aluminium\/\" target=\"_blank\">GB Matt Anodized Aluminium<\/a><\/li>\r\n<li><a href=\"https:\/\/sinoextrud.com\/product\/indoor-and-outdoor-aluminium-louver-profile\/\" target=\"_blank\">Indoor and Outdoor Aluminium Louver Profile<\/a><\/li>\r\n<li><a href=\"https:\/\/sinoextrud.com\/product\/aluminum-profiles-anodized-for-cabinet-furniture-protection\/\" target=\"_blank\">Aluminum Profiles Anodized For Cabinet Furniture Protection<\/a><\/li>\r\n<li><a href=\"https:\/\/sinoextrud.com\/product\/extruded-aluminium-track\/\" target=\"_blank\">Extruded Aluminium Track<\/a><\/li>\r\n<li><a href=\"https:\/\/sinoextrud.com\/product\/aluminum-price-per-pound\/\" target=\"_blank\">Aluminum Price Per Pound<\/a><\/li>\r\n<li><a href=\"https:\/\/sinoextrud.com\/product\/elictrophoresis-matte-gold-aluminium-profile-cad\/\" target=\"_blank\">Elictrophoresis matte gold aluminium profile cad download section price per ton extrusions for windows and doors construction<\/a><\/li>"},"feature_list":[]},"_links":{"self":[{"href":"https:\/\/sinoextrud.com\/es\/wp-json\/wp\/v2\/product\/7650","targetHints":{"allow":["GET"]}}],"collection":[{"href":"https:\/\/sinoextrud.com\/es\/wp-json\/wp\/v2\/product"}],"about":[{"href":"https:\/\/sinoextrud.com\/es\/wp-json\/wp\/v2\/types\/product"}],"wp:featuredmedia":[{"embeddable":true,"href":"https:\/\/sinoextrud.com\/es\/wp-json\/wp\/v2\/media\/7649"}],"wp:attachment":[{"href":"https:\/\/sinoextrud.com\/es\/wp-json\/wp\/v2\/media?parent=7650"}],"wp:term":[{"taxonomy":"category","embeddable":true,"href":"https:\/\/sinoextrud.com\/es\/wp-json\/wp\/v2\/categories?post=7650"}],"curies":[{"name":"wp","href":"https:\/\/api.w.org\/{rel}","templated":true}]}}