{"id":7648,"date":"2025-06-09T07:22:21","date_gmt":"2025-06-09T07:22:21","guid":{"rendered":"https:\/\/sinoextrud.com\/product\/aluminum-shutter-extrusion-profiles\/"},"modified":"2025-06-24T06:13:19","modified_gmt":"2025-06-24T06:13:19","slug":"perfiles-de-extrusion-de-aluminio-para-persianas","status":"publish","type":"product","link":"https:\/\/sinoextrud.com\/es\/product\/aluminum-shutter-extrusion-profiles\/","title":{"rendered":"Perfiles de extrusi\u00f3n de aluminio para persianas"},"content":{"rendered":"<h2>Productos<\/h2>\n<table class=\"custom-table\">\n<tbody>\n<tr>\n<td> Nombre del producto<\/td>\n<td> Perfiles de extrusi\u00f3n de aluminio para persianas<\/td>\n<\/tr>\n<tr>\n<td> Material<\/td>\n<td> 6063-T5<\/td>\n<\/tr>\n<tr>\n<td> Forma y tama\u00f1o<\/td>\n<td> Seg\u00fan plano o muestra facilitada por el cliente<\/td>\n<\/tr>\n<tr>\n<td> Espesor<\/td>\n<td> 1,0 mm-10 mm<\/td>\n<\/tr>\n<tr>\n<td> Longitud<\/td>\n<td> Est\u00e1ndar 1-9M, longitud especial disponible<\/td>\n<\/tr>\n<tr>\n<td> Aplicaciones t\u00edpicas<\/td>\n<td> Persianas, celos\u00edas, muros cortina, etc.<\/td>\n<\/tr>\n<tr>\n<td> Tipo personalizado<\/td>\n<td> Dibujo o muestra facilitada por el cliente<\/td>\n<\/tr>\n<tr>\n<td> Proceso profundo<\/td>\n<td> Fresado CNC, taladrado, punzonado, perforaci\u00f3n, roscado, plegado, soldadura, etc.<\/td>\n<\/tr>\n<tr>\n<td> Marca<\/td>\n<td> Sinoextrud,Sinoextrud,,marca personalizada disponible<\/td>\n<\/tr>\n<tr>\n<td> Superficie acabada<\/td>\n<td> Acabado de molino, grano de madera, anodizado, recubierto de polvo, etc.<\/td>\n<\/tr>\n<tr>\n<td> Color<\/td>\n<td> Plata, negro, champ\u00e1n, etc.<\/td>\n<\/tr>\n<tr>\n<td> MOQ<\/td>\n<td> 200KGs<\/td>\n<\/tr>\n<tr>\n<td> Norma de calidad<\/td>\n<td> Alto nivel de calidad<\/td>\n<\/tr>\n<tr>\n<td> Certificados<\/td>\n<td> ISO9001,ISO4001,CQM,SGS,CE,BV etc.<\/td>\n<\/tr>\n<tr>\n<td> Capacidad<\/td>\n<td> 3000 toneladas al mes<\/td>\n<\/tr>\n<\/tbody>\n<\/table>\n<h2>Nuestra base de fabricaci\u00f3n<\/h2>\n<h3>Panorama de la f\u00e1brica<\/h3>\n<p><img decoding=\"async\" src=\"\/wp-content\/uploads\/factory-01.webp\"\/><\/p>\n<h3>Taller de fabricaci\u00f3n de barras de aluminio<\/h3>\n<p><img decoding=\"async\" src=\"\/wp-content\/uploads\/factory-02.webp\"\/><\/p>\n<p><img decoding=\"async\" src=\"\/wp-content\/uploads\/factory-03.webp\"\/><\/p>\n<h3>Almac\u00e9n de moldes<\/h3>\n<p><img decoding=\"async\" src=\"\/wp-content\/uploads\/factory-04.webp\"\/><\/p>\n<h3>43 L\u00c3neas de extrusi\u00c3\u00b3n de aluminio (500\u00e2\u20ac\"5500 toneladas)<\/h3>\n<p><img decoding=\"async\" src=\"\/wp-content\/uploads\/factory-05.webp\"\/><\/p>\n<p><img decoding=\"async\" src=\"\/wp-content\/uploads\/factory-06.webp\"\/><\/p>\n<p><img decoding=\"async\" src=\"\/wp-content\/uploads\/factory-07.webp\"\/><\/p>\n<h3>Taller de pintura en polvo<\/h3>\n<p><img decoding=\"async\" src=\"\/wp-content\/uploads\/factory-09.webp\"\/><\/p>\n<h3>Taller de anodizado<\/h3>\n<p><img decoding=\"async\" src=\"\/wp-content\/uploads\/factory-10.webp\"\/><\/p>\n<h3>Taller de procesamiento profundo<\/h3>\n<p><img decoding=\"async\" src=\"\/wp-content\/uploads\/factory-11.webp\"\/><\/p>\n<h3>Taller de mecanizado de precisi\u00f3n CNC<\/h3>\n<p><img decoding=\"async\" src=\"\/wp-content\/uploads\/factory-11.5.webp\"\/><\/p>\n<h3>Almac\u00e9n de productos acabados y de exportaci\u00f3n<\/h3>\n<p><img decoding=\"async\" src=\"\/wp-content\/uploads\/factory-12.webp\"\/><\/p>\n<p><img decoding=\"async\" src=\"\/wp-content\/uploads\/factory-13.webp\"\/><\/p>\n<p><img decoding=\"async\" src=\"\/wp-content\/uploads\/factory-14.webp\"\/><\/p>\n<h2>PREGUNTAS FRECUENTES<\/h2>\n<p><p><b>1.\u00bfQu\u00e9 son los perfiles de extrusi\u00f3n de aluminio para persianas?<\/b><\/p>\n<p>Los perfiles de extrusi\u00f3n de aluminio para contraventanas son perfiles de aluminio especialmente dise\u00f1ados que se utilizan en la fabricaci\u00f3n de contraventanas para ventanas y puertas por su durabilidad y funcionalidad.<br \/>\n<\/p><br \/>\n<br \/>\n<p><b>2.\u00bfCu\u00e1les son las ventajas de los perfiles de aluminio para persianas?<\/b><\/p>\n<p>Ofrecen ligereza, resistencia a la corrosi\u00f3n y flexibilidad de dise\u00f1o, y requieren poco mantenimiento en comparaci\u00f3n con la madera o el acero.<br \/>\n<\/p><br \/>\n<br \/>\n<p><b>3.\u00bfSe pueden utilizar perfiles de aluminio para persianas en el exterior?<\/b><\/p>\n<p>S\u00ed, son resistentes a la corrosi\u00f3n y a la intemperie, por lo que son ideales tanto para sistemas de persianas interiores como exteriores.<br \/>\n<\/p><br \/>\n<br \/>\n<p><b>4.\u00bfHay diferentes acabados y colores disponibles?<\/b><\/p>\n<p>S\u00ed, ofrecemos acabados con recubrimiento de polvo, anodizados y de grano de madera en una variedad de colores para adaptarse a las preferencias de dise\u00f1o.<br \/>\n<\/p><br \/>\n<br \/>\n<p><b>5.\u00bfSe pueden personalizar estos perfiles?<\/b><\/p>\n<p>S\u00ed, ofrecemos longitudes, dise\u00f1os de hoja y configuraciones de montaje personalizados para satisfacer necesidades arquitect\u00f3nicas o funcionales espec\u00edficas.<br \/>\n<\/p><br \/>\n<br \/>\n<p><b>6.\u00bfSon adecuadas las contraventanas de aluminio para la ventilaci\u00f3n y el control del sol?<\/b><\/p>\n<p>Desde luego, est\u00e1n dise\u00f1adas para mejorar la circulaci\u00f3n del aire al tiempo que proporcionan sombra e intimidad.<br \/>\n<\/p><br \/>\n<br \/>\n<p><b>7.\u00bfOfrecen perfiles tanto para persianas fijas como orientables?<\/b><\/p>\n<p>S\u00ed, nuestros perfiles de extrusi\u00f3n admiten tanto aplicaciones de persianas de lamas fijas como de lamas ajustables.<br \/>\n<\/p><br \/>\n<br \/>\n<p><b>8.\u00bfD\u00f3nde se suelen utilizar los perfiles de aluminio para persianas?<\/b><\/p>\n<p>Se utilizan ampliamente en ventanas residenciales, edificios comerciales, fachadas, balcones y pantallas de privacidad.<br \/>\n<\/p><br \/><\/p>","protected":false},"featured_media":7647,"template":"","categories":[67],"class_list":["post-7648","product","type-product","status-publish","has-post-thumbnail","hentry","category-architectural-aluminium-profile"],"meta_box":{"hilight_text_group":{"product_hilight_text":"<li>High-strength aluminum construction ensures long-term durability<\/li>\r\r\n<li>Corrosion-resistant for indoor and outdoor shutter applications<\/li>\r\r\n<li>Lightweight material allows easy handling and installation<\/li>\r\r\n<li>Available in a variety of profiles, finishes, and colors<\/li>\r\r\n<li>Supports both fixed and adjustable shutter systems<\/li>\r\r\n<li>Custom lengths and designs available for project-specific needs<\/li>\r\r\n<li>Enhances ventilation, sun shading, and privacy control<\/li>","product_chanpin_blog":"<ul>\r\r\n<li><a href=\"https:\/\/sinoextrud.com\/t-slot-v-slot-differences\/\" target=\"_blank\">t slot vs v slot<\/a><\/li>\r\r\n<li><a href=\"https:\/\/sinoextrud.com\/what-is-4040-aluminium-extrud\/\" target=\"_blank\">4040 aluminium extrusion<\/a><\/li>\r\r\n<li><a href=\"https:\/\/sinoextrud.com\/what-is-4040-aluminium-extrud\/\" target=\"_blank\">aluminum extrusions for industrial racks<\/a><\/li>\r\r\n<li><a href=\"https:\/\/sinoextrud.com\/powder-coating-aluminium-process\/\" target=\"_blank\">powder coating aluminium<\/a><\/li>\r\r\n<li><a href=\"https:\/\/sinoextrud.com\/what-is-an-aluminium-strip-ceiling\/\" target=\"_blank\">aluminium strip ceiling<\/a><\/li>\r\r\n<li><a href=\"https:\/\/sinoextrud.com\/what-is-a-heat-sink\/\" target=\"_blank\">what is a heat sink<\/a><\/li>\r\r\n<\/ul>","product_chanpin_chanpin":"<li><a href=\"https:\/\/sinoextrud.com\/product\/powder-coated-wooden-grain-aluminium-shutter-profile\/\" target=\"_blank\">Powder Coated Wooden Grain Aluminium Shutter Profile<\/a><\/li>\r\n<li><a href=\"https:\/\/sinoextrud.com\/product\/aluminum-profile-for-shower-enclosure\/\" target=\"_blank\">Aluminum Profile For Shower Enclosure<\/a><\/li>\r\n<li><a href=\"https:\/\/sinoextrud.com\/product\/wall-aluminum-profile-decoration-t-shaped-edge-trim\/\" target=\"_blank\">Wall Aluminum Profile Decoration T Shaped Edge Trim<\/a><\/li>\r\n<li><a href=\"https:\/\/sinoextrud.com\/product\/colorful-brushed-aluminium-photo-frame-manufacturer\/\" target=\"_blank\">Colorful Brushed Aluminium Photo Frame Manufacturer<\/a><\/li>\r\n<li><a href=\"https:\/\/sinoextrud.com\/product\/aluminum-shutter-extrusion-profiles\/\" target=\"_blank\">Aluminum Shutter Extrusion Profiles<\/a><\/li>\r\n<li><a href=\"https:\/\/sinoextrud.com\/product\/aluminum-profile-shutter\/\" target=\"_blank\">Aluminum Profile Shutter<\/a><\/li>\r\n<li><a href=\"https:\/\/sinoextrud.com\/product\/gb-matt-anodized-aluminium\/\" target=\"_blank\">GB Matt Anodized Aluminium<\/a><\/li>\r\n<li><a href=\"https:\/\/sinoextrud.com\/product\/indoor-and-outdoor-aluminium-louver-profile\/\" target=\"_blank\">Indoor and Outdoor Aluminium Louver Profile<\/a><\/li>\r\n<li><a href=\"https:\/\/sinoextrud.com\/product\/aluminum-profiles-anodized-for-cabinet-furniture-protection\/\" target=\"_blank\">Aluminum Profiles Anodized For Cabinet Furniture Protection<\/a><\/li>\r\n<li><a href=\"https:\/\/sinoextrud.com\/product\/aluminum-extrusion-box\/\" target=\"_blank\">aluminum extrusion box<\/a><\/li>\r\n<li><a href=\"https:\/\/sinoextrud.com\/product\/extruded-aluminum-flat-bar-6061-7075\/\" target=\"_blank\">Extruded Aluminum Flat Bar 6061 7075<\/a><\/li>"},"feature_list":[]},"_links":{"self":[{"href":"https:\/\/sinoextrud.com\/es\/wp-json\/wp\/v2\/product\/7648","targetHints":{"allow":["GET"]}}],"collection":[{"href":"https:\/\/sinoextrud.com\/es\/wp-json\/wp\/v2\/product"}],"about":[{"href":"https:\/\/sinoextrud.com\/es\/wp-json\/wp\/v2\/types\/product"}],"wp:featuredmedia":[{"embeddable":true,"href":"https:\/\/sinoextrud.com\/es\/wp-json\/wp\/v2\/media\/7647"}],"wp:attachment":[{"href":"https:\/\/sinoextrud.com\/es\/wp-json\/wp\/v2\/media?parent=7648"}],"wp:term":[{"taxonomy":"category","embeddable":true,"href":"https:\/\/sinoextrud.com\/es\/wp-json\/wp\/v2\/categories?post=7648"}],"curies":[{"name":"wp","href":"https:\/\/api.w.org\/{rel}","templated":true}]}}