{"id":7646,"date":"2025-06-09T07:19:10","date_gmt":"2025-06-09T07:19:10","guid":{"rendered":"https:\/\/sinoextrud.com\/product\/colorful-brushed-aluminium-photo-frame-manufacturer\/"},"modified":"2025-06-24T06:13:19","modified_gmt":"2025-06-24T06:13:19","slug":"fabricante-de-marcos-de-fotos-de-aluminio-cepillado-de-colores","status":"publish","type":"product","link":"https:\/\/sinoextrud.com\/es\/product\/colorful-brushed-aluminium-photo-frame-manufacturer\/","title":{"rendered":"Marco de fotos de aluminio cepillado de colores Fabricantes"},"content":{"rendered":"<h2>Productos<\/h2>\n<table class=\"custom-table\">\n<tbody>\n<tr>\n<td> Art\u00edculo:<\/td>\n<td> Marco de fotos de aluminio cepillado de colores Fabricantes<\/td>\n<\/tr>\n<tr>\n<td> Temperamento:<\/td>\n<td> T3-T8<\/td>\n<\/tr>\n<tr>\n<td> Aleaci\u00f3n:<\/td>\n<td> Aleaci\u00f3n<\/td>\n<\/tr>\n<tr>\n<td> Grado:<\/td>\n<td> Serie 6000<\/td>\n<\/tr>\n<tr>\n<td> Longitud:<\/td>\n<td> 1-9m o personalizado<\/td>\n<\/tr>\n<tr>\n<td> Tama\u00f1o:<\/td>\n<td> Personalizado<\/td>\n<\/tr>\n<tr>\n<td> Acabado superficial:<\/td>\n<td> Cepillado<\/td>\n<\/tr>\n<tr>\n<td> Control de calidad:<\/td>\n<td> 100% Inspecci\u00f3n antes del env\u00edo<\/td>\n<\/tr>\n<tr>\n<td> Certificaci\u00f3n:<\/td>\n<td> ISO9001, ISO14001<\/td>\n<\/tr>\n<tr>\n<td> Origen:<\/td>\n<td> Foshan, Guangdong, China<\/td>\n<\/tr>\n<tr>\n<td> Tipo:<\/td>\n<td> Perfil de aluminio para decoraci\u00f3n, Perfil de aluminio para puertas y ventanas, Perfil de aluminio para disipadores de calor, Perfil de aluminio para paredes de vidrio, Perfil de aluminio industrial, Tubo de aluminio veteado de madera, Perfil de aluminio cepillado para marcos de fotos<\/td>\n<\/tr>\n<\/tbody>\n<\/table>\n<h2>Nuestra base de fabricaci\u00f3n<\/h2>\n<h3>Panorama de la f\u00e1brica<\/h3>\n<p><img decoding=\"async\" src=\"\/wp-content\/uploads\/factory-01.webp\"\/><\/p>\n<h3>Taller de fabricaci\u00f3n de barras de aluminio<\/h3>\n<p><img decoding=\"async\" src=\"\/wp-content\/uploads\/factory-02.webp\"\/><\/p>\n<p><img decoding=\"async\" src=\"\/wp-content\/uploads\/factory-03.webp\"\/><\/p>\n<h3>Almac\u00e9n de moldes<\/h3>\n<p><img decoding=\"async\" src=\"\/wp-content\/uploads\/factory-04.webp\"\/><\/p>\n<h3>43 l\u00edneas de extrusi\u00f3n de aluminio (500-5500 toneladas)<\/h3>\n<p><img decoding=\"async\" src=\"\/wp-content\/uploads\/factory-05.webp\"\/><\/p>\n<p><img decoding=\"async\" src=\"\/wp-content\/uploads\/factory-06.webp\"\/><\/p>\n<p><img decoding=\"async\" src=\"\/wp-content\/uploads\/factory-07.webp\"\/><\/p>\n<h3>Taller de pintura en polvo<\/h3>\n<p><img decoding=\"async\" src=\"\/wp-content\/uploads\/factory-09.webp\"\/><\/p>\n<h3>Taller de anodizado<\/h3>\n<p><img decoding=\"async\" src=\"\/wp-content\/uploads\/factory-10.webp\"\/><\/p>\n<h3>Taller de procesamiento profundo<\/h3>\n<p><img decoding=\"async\" src=\"\/wp-content\/uploads\/factory-11.webp\"\/><\/p>\n<h3>Taller de mecanizado de precisi\u00f3n CNC<\/h3>\n<p><img decoding=\"async\" src=\"\/wp-content\/uploads\/factory-11.5.webp\"\/><\/p>\n<h3>Almac\u00e9n de productos acabados y de exportaci\u00f3n<\/h3>\n<p><img decoding=\"async\" src=\"\/wp-content\/uploads\/factory-12.webp\"\/><\/p>\n<p><img decoding=\"async\" src=\"\/wp-content\/uploads\/factory-13.webp\"\/><\/p>\n<p><img decoding=\"async\" src=\"\/wp-content\/uploads\/factory-14.webp\"\/><\/p>\n<h2>PREGUNTAS FRECUENTES<\/h2>\n<p><p><b>1.\u00bfQu\u00e9 es un marco de fotos de aluminio cepillado de colores?<\/b><\/p>\n<p>Es un marco de fotos fabricado en aluminio cepillado con opciones de colores vibrantes, que ofrece un aspecto elegante y moderno para exponer fotos o arte.<br \/>\n<\/p><br \/>\n<br \/>\n<p><b>2.\u00bfCu\u00e1les son las ventajas de utilizar marcos de aluminio cepillado?<\/b><\/p>\n<p>Son elegantes, resistentes a la corrosi\u00f3n, ligeros y est\u00e1n disponibles en m\u00faltiples opciones de color para combinar con diferentes estilos decorativos.<br \/>\n<\/p><br \/>\n<br \/>\n<p><b>3.\u00bfPuedo pedir colores y tallas personalizados?<\/b><\/p>\n<p>S\u00ed, como fabricante ofrecemos dimensiones, acabados y una amplia gama de colores personalizados para pedidos al por mayor.<br \/>\n<\/p><br \/>\n<br \/>\n<p><b>4.\u00bfEstos marcos de fotos son aptos para uso comercial?<\/b><\/p>\n<p>S\u00ed, se utilizan mucho en galer\u00edas, exposiciones, tiendas minoristas y espacios corporativos por su aspecto de primera calidad y su durabilidad.<br \/>\n<\/p><br \/>\n<br \/>\n<p><b>5.\u00bfCu\u00e1l es la durabilidad del acabado cepillado y coloreado?<\/b><\/p>\n<p>La superficie de aluminio cepillado es resistente a los ara\u00f1azos y est\u00e1 tratada con revestimientos que evitan la decoloraci\u00f3n y la corrosi\u00f3n con el paso del tiempo.<br \/>\n<\/p><br \/>\n<br \/>\n<p><b>6.\u00bfSon ligeros estos cuadros de aluminio?<\/b><\/p>\n<p>S\u00ed, est\u00e1n fabricados en aluminio de alta calidad, resistente y ligero a la vez, para colgarlos y manejarlos con facilidad.<br \/>\n<\/p><br \/>\n<br \/>\n<p><b>7.\u00bfQu\u00e9 opciones de montaje existen?<\/b><\/p>\n<p>Los marcos se pueden suministrar con ganchos de pared, soportes de caballete o accesorios de montaje personalizados en funci\u00f3n de las necesidades de su aplicaci\u00f3n.<br \/>\n<\/p><br \/>\n<br \/>\n<p><b>8.\u00bfD\u00f3nde se suelen utilizar los marcos de fotos de aluminio cepillado de colores?<\/b><\/p>\n<p>Son populares en la decoraci\u00f3n del hogar, los estudios fotogr\u00e1ficos, los interiores comerciales, los expositores de eventos y los envases para regalos.<br \/>\n<\/p><br \/><\/p>","protected":false},"featured_media":7645,"template":"","categories":[67],"class_list":["post-7646","product","type-product","status-publish","has-post-thumbnail","hentry","category-architectural-aluminium-profile"],"meta_box":{"hilight_text_group":{"product_hilight_text":"<li>Brushed aluminum surface delivers a stylish, modern aesthetic<\/li>\r\r\n<li>Available in a wide range of vibrant colors to suit various interiors<\/li>\r\r\n<li>Durable and lightweight aluminum construction for easy handling<\/li>\r\r\n<li>Corrosion-resistant finish ensures long-lasting quality<\/li>\r\r\n<li>Custom sizes and color options available for bulk orders<\/li>\r\r\n<li>Ideal for home d\u00c3\u00a9cor, galleries, exhibitions, and retail displays<\/li>\r\r\n<li>Precision manufacturing ensures consistent quality and clean edges<\/li>","product_chanpin_blog":"<ul>\r\r\n<li><a href=\"https:\/\/sinoextrud.com\/t-slot-v-slot-differences\/\" target=\"_blank\">t slot vs v slot<\/a><\/li>\r\r\n<li><a href=\"https:\/\/sinoextrud.com\/what-is-4040-aluminium-extrud\/\" target=\"_blank\">4040 aluminium extrusion<\/a><\/li>\r\r\n<li><a href=\"https:\/\/sinoextrud.com\/what-is-4040-aluminium-extrud\/\" target=\"_blank\">aluminum extrusions for industrial racks<\/a><\/li>\r\r\n<li><a href=\"https:\/\/sinoextrud.com\/powder-coating-aluminium-process\/\" target=\"_blank\">powder coating aluminium<\/a><\/li>\r\r\n<li><a href=\"https:\/\/sinoextrud.com\/what-is-an-aluminium-strip-ceiling\/\" target=\"_blank\">aluminium strip ceiling<\/a><\/li>\r\r\n<li><a href=\"https:\/\/sinoextrud.com\/what-is-a-heat-sink\/\" target=\"_blank\">what is a heat sink<\/a><\/li>\r\r\n<\/ul>","product_chanpin_chanpin":"<li><a href=\"https:\/\/sinoextrud.com\/product\/newest-stable-extruded-aluminum-u-channel-profile-frameless-glass-railing-system-with-balustrade-handrail-fittings\/\" target=\"_blank\">Newest Stable Extruded Aluminum U Channel Profile Frameless Glass Railing System With Balustrade Handrail Fittings<\/a><\/li>\r\n<li><a href=\"https:\/\/sinoextrud.com\/product\/powder-coated-wooden-grain-aluminium-shutter-profile\/\" target=\"_blank\">Powder Coated Wooden Grain Aluminium Shutter Profile<\/a><\/li>\r\n<li><a href=\"https:\/\/sinoextrud.com\/product\/aluminum-profile-for-shower-enclosure\/\" target=\"_blank\">Aluminum Profile For Shower Enclosure<\/a><\/li>\r\n<li><a href=\"https:\/\/sinoextrud.com\/product\/wall-aluminum-profile-decoration-t-shaped-edge-trim\/\" target=\"_blank\">Wall Aluminum Profile Decoration T Shaped Edge Trim<\/a><\/li>\r\n<li><a href=\"https:\/\/sinoextrud.com\/product\/colorful-brushed-aluminium-photo-frame-manufacturer\/\" target=\"_blank\">Colorful Brushed Aluminium Photo Frame Manufacturer<\/a><\/li>\r\n<li><a href=\"https:\/\/sinoextrud.com\/product\/aluminum-shutter-extrusion-profiles\/\" target=\"_blank\">Aluminum Shutter Extrusion Profiles<\/a><\/li>\r\n<li><a href=\"https:\/\/sinoextrud.com\/product\/aluminum-profile-shutter\/\" target=\"_blank\">Aluminum Profile Shutter<\/a><\/li>\r\n<li><a href=\"https:\/\/sinoextrud.com\/product\/gb-matt-anodized-aluminium\/\" target=\"_blank\">GB Matt Anodized Aluminium<\/a><\/li>\r\n<li><a href=\"https:\/\/sinoextrud.com\/product\/indoor-and-outdoor-aluminium-louver-profile\/\" target=\"_blank\">Indoor and Outdoor Aluminium Louver Profile<\/a><\/li>\r\n<li><a href=\"https:\/\/sinoextrud.com\/product\/aluminum-extrusion-profiles-products\/\" target=\"_blank\">Aluminum Extrusion Profiles Products<\/a><\/li>\r\n<li><a href=\"https:\/\/sinoextrud.com\/product\/extruded-aluminum-door-frame\/\" target=\"_blank\">Extruded Aluminum Door Frame<\/a><\/li>"},"feature_list":[]},"_links":{"self":[{"href":"https:\/\/sinoextrud.com\/es\/wp-json\/wp\/v2\/product\/7646","targetHints":{"allow":["GET"]}}],"collection":[{"href":"https:\/\/sinoextrud.com\/es\/wp-json\/wp\/v2\/product"}],"about":[{"href":"https:\/\/sinoextrud.com\/es\/wp-json\/wp\/v2\/types\/product"}],"wp:featuredmedia":[{"embeddable":true,"href":"https:\/\/sinoextrud.com\/es\/wp-json\/wp\/v2\/media\/7645"}],"wp:attachment":[{"href":"https:\/\/sinoextrud.com\/es\/wp-json\/wp\/v2\/media?parent=7646"}],"wp:term":[{"taxonomy":"category","embeddable":true,"href":"https:\/\/sinoextrud.com\/es\/wp-json\/wp\/v2\/categories?post=7646"}],"curies":[{"name":"wp","href":"https:\/\/api.w.org\/{rel}","templated":true}]}}