{"id":7642,"date":"2025-06-09T07:13:43","date_gmt":"2025-06-09T07:13:43","guid":{"rendered":"https:\/\/sinoextrud.com\/product\/aluminum-profile-for-shower-enclosure\/"},"modified":"2025-06-24T06:13:18","modified_gmt":"2025-06-24T06:13:18","slug":"perfil-de-aluminio-para-mampara-de-ducha","status":"publish","type":"product","link":"https:\/\/sinoextrud.com\/es\/product\/aluminum-profile-for-shower-enclosure\/","title":{"rendered":"Perfil de aluminio para mampara de ducha"},"content":{"rendered":"<h2>Productos<\/h2>\n<table class=\"custom-table\">\n<tbody>\n<tr>\n<td> Nombre del producto<\/td>\n<td> Perfil de aluminio para mampara de ducha<\/td>\n<\/tr>\n<tr>\n<td> Gama de productos<\/td>\n<td> extrusiones de aluminio para cabina de ducha, pulido de aluminio Perfil, perfil de aluminio de vidrio, perfil de aluminio por Kg, pulido qu\u00edmico extrusiones de aluminio, etc<\/td>\n<\/tr>\n<tr>\n<td> Tipo de producto<\/td>\n<td> canal en U de aluminio, perfil de aluminio pulido, perfil de vidrio de aluminio, perfiles de \u00e1mbar cristalino, etc.<\/td>\n<\/tr>\n<tr>\n<td> Aleaci\u00f3n de aluminio<\/td>\n<td> Aluminio serie 6000<\/td>\n<\/tr>\n<tr>\n<td> Temple<\/td>\n<td> T3-T8<\/td>\n<\/tr>\n<tr>\n<td> Forma<\/td>\n<td> En forma de U, o a medida<\/td>\n<\/tr>\n<tr>\n<td> Color<\/td>\n<td> Pulido o personalizaci\u00f3n<\/td>\n<\/tr>\n<tr>\n<td> Talla<\/td>\n<td> 1-9m, o personalizaci\u00f3n<\/td>\n<\/tr>\n<tr>\n<td> Aplicaci\u00f3n<\/td>\n<td> Muebles, ventanas y puertas, decoraci\u00f3n, industria, construcci\u00f3n, etc.<\/td>\n<\/tr>\n<tr>\n<td> Tratamiento de superficies<\/td>\n<td> acabado de fresado, anodizado, veteado de madera, recubrimiento en\u00e9rgico, chorro de arena, electroforesis, cepillado, pulido, etc.<\/td>\n<\/tr>\n<tr>\n<td> Procesado profundo CNC<\/td>\n<td> corte, taladrado, mecanizado, punzonado, plegado, roscado, etc.<\/td>\n<\/tr>\n<tr>\n<td> Certificaciones<\/td>\n<td> CE, ISO, SGS, TUV, ROHS<\/td>\n<\/tr>\n<tr>\n<td> Muestras<\/td>\n<td> muestra gratis. 1-3 d\u00edas de entrega a usted.<\/td>\n<\/tr>\n<tr>\n<td> MOQ<\/td>\n<td> 200KG para cada perfil<\/td>\n<\/tr>\n<tr>\n<td> Est\u00e1ndar<\/td>\n<td> perfil de aluminio de calidad media y alta<\/td>\n<\/tr>\n<tr>\n<td> Plazo de entrega<\/td>\n<td> El desarrollo del molde y la conformaci\u00f3n de la muestra es de 12-15 d\u00edas, luego la duraci\u00f3n de la producci\u00f3n es de 15-25 d\u00edas despu\u00e9s de la recepci\u00f3n del dep\u00f3sito del comprador.<\/td>\n<\/tr>\n<tr>\n<td> Condiciones de pago<\/td>\n<td> 30% dep\u00f3sito antes de la producci\u00f3n, y el saldo antes del env\u00edo.<\/td>\n<\/tr>\n<tr>\n<td> Puerto<\/td>\n<td> FOB Shenzhen, Guangzhou, Foshan<\/td>\n<\/tr>\n<\/tbody>\n<\/table>\n<h2>Nuestra base de fabricaci\u00f3n<\/h2>\n<h3>Panorama de la f\u00e1brica<\/h3>\n<p><img decoding=\"async\" src=\"\/wp-content\/uploads\/factory-01.webp\"\/><\/p>\n<h3>Taller de fabricaci\u00f3n de barras de aluminio<\/h3>\n<p><img decoding=\"async\" src=\"\/wp-content\/uploads\/factory-02.webp\"\/><\/p>\n<p><img decoding=\"async\" src=\"\/wp-content\/uploads\/factory-03.webp\"\/><\/p>\n<h3>Almac\u00e9n de moldes<\/h3>\n<p><img decoding=\"async\" src=\"\/wp-content\/uploads\/factory-04.webp\"\/><\/p>\n<h3>43 l\u00edneas de extrusi\u00f3n de aluminio (500-5500 toneladas)<\/h3>\n<p><img decoding=\"async\" src=\"\/wp-content\/uploads\/factory-05.webp\"\/><\/p>\n<p><img decoding=\"async\" src=\"\/wp-content\/uploads\/factory-06.webp\"\/><\/p>\n<p><img decoding=\"async\" src=\"\/wp-content\/uploads\/factory-07.webp\"\/><\/p>\n<h3>Taller de pintura en polvo<\/h3>\n<p><img decoding=\"async\" src=\"\/wp-content\/uploads\/factory-09.webp\"\/><\/p>\n<h3>Taller de anodizado<\/h3>\n<p><img decoding=\"async\" src=\"\/wp-content\/uploads\/factory-10.webp\"\/><\/p>\n<h3>Taller de procesamiento profundo<\/h3>\n<p><img decoding=\"async\" src=\"\/wp-content\/uploads\/factory-11.webp\"\/><\/p>\n<h3>Taller de mecanizado de precisi\u00f3n CNC<\/h3>\n<p><img decoding=\"async\" src=\"\/wp-content\/uploads\/factory-11.5.webp\"\/><\/p>\n<h3>Almac\u00e9n de productos acabados y de exportaci\u00f3n<\/h3>\n<p><img decoding=\"async\" src=\"\/wp-content\/uploads\/factory-12.webp\"\/><\/p>\n<p><img decoding=\"async\" src=\"\/wp-content\/uploads\/factory-13.webp\"\/><\/p>\n<p><img decoding=\"async\" src=\"\/wp-content\/uploads\/factory-14.webp\"\/><\/p>\n<h2>PREGUNTAS FRECUENTES<\/h2>\n<p><p><b>1. \u00bfQu\u00e9 es un perfil de aluminio para mamparas de ducha?<\/b><\/p>\n<p>Es un componente de aluminio extruido que se utiliza para enmarcar y soportar paneles de vidrio en mamparas de ducha, garantizando su estabilidad e impermeabilidad.<br \/>\n<\/p><br \/>\n<br \/>\n<p><b>2.\u00bfCu\u00e1les son las ventajas de utilizar perfiles de aluminio en las mamparas de ducha?<\/b><\/p>\n<p>Ofrecen resistencia a la corrosi\u00f3n, ligereza y compatibilidad con distintos tipos de cajas.<br \/>\n<\/p><br \/>\n<br \/>\n<p><b>3.\u00bfSon adecuados estos perfiles de aluminio para entornos h\u00famedos?<\/b><\/p>\n<p>S\u00ed, la superficie resistente a la corrosi\u00f3n est\u00e1 dise\u00f1ada para zonas h\u00famedas como cuartos de ba\u00f1o e instalaciones de spa.<br \/>\n<\/p><br \/>\n<br \/>\n<p><b>4.\u00bfPuedo personalizar el acabado y el tama\u00f1o del perfil de aluminio?<\/b><\/p>\n<p>S\u00ed, ofrecemos tama\u00f1os, colores y acabados de superficie personalizados para adaptarse a los diferentes dise\u00f1os de cuartos de ba\u00f1o.<br \/>\n<\/p><br \/>\n<br \/>\n<p><b>5.\u00bfQu\u00e9 tipos de mamparas de ducha pueden utilizar perfiles de aluminio?<\/b><\/p>\n<p>Son adecuados para mamparas de ducha con marco, semimarco y totalmente sin marco.<br \/>\n<\/p><br \/>\n<br \/>\n<p><b>6.\u00bfEs el perfil de aluminio f\u00e1cil de instalar?<\/b><\/p>\n<p>S\u00ed, es ligero y est\u00e1 dise\u00f1ado para una instalaci\u00f3n sencilla con cristales de ducha y sistemas de montaje est\u00e1ndar.<br \/>\n<\/p><br \/>\n<br \/>\n<p><b>7.\u00bfSon compatibles estos perfiles con los paneles de vidrio templado?<\/b><\/p>\n<p>S\u00ed, se suelen utilizar con cristal templado de 6 mm a 10 mm para mayor seguridad y durabilidad.<br \/>\n<\/p><br \/>\n<br \/>\n<p><b>8.\u00bfContribuyen los perfiles a evitar las fugas de agua?<\/b><\/p>\n<p>S\u00ed, la extrusi\u00f3n de precisi\u00f3n y las caracter\u00edsticas de sellado garantizan un ajuste perfecto que ayuda a mantener un recinto estanco.<br \/>\n<\/p><br \/><\/p>","protected":false},"featured_media":7641,"template":"","categories":[67],"class_list":["post-7642","product","type-product","status-publish","has-post-thumbnail","hentry","category-architectural-aluminium-profile"],"meta_box":{"hilight_text_group":{"product_hilight_text":"<li>High-strength aluminum ensures structural support for shower enclosures<\/li>\r\r\n<li>Corrosion-resistant finish ideal for humid and wet environments<\/li>\r\r\n<li>Available in various profiles for framed, semi-frameless, and frameless designs<\/li>\r\r\n<li>Sleek appearance enhances modern bathroom aesthetics<\/li>\r\r\n<li>Lightweight and easy to install with standard shower glass panels<\/li>\r\r\n<li>Custom lengths, finishes, and colors available to match bathroom styles<\/li>\r\r\n<li>Precision-extruded for a seamless and watertight fit<\/li>","product_chanpin_blog":"<ul>\r\r\n<li><a href=\"https:\/\/sinoextrud.com\/t-slot-v-slot-differences\/\" target=\"_blank\">t slot vs v slot<\/a><\/li>\r\r\n<li><a href=\"https:\/\/sinoextrud.com\/what-is-4040-aluminium-extrud\/\" target=\"_blank\">4040 aluminium extrusion<\/a><\/li>\r\r\n<li><a href=\"https:\/\/sinoextrud.com\/what-is-4040-aluminium-extrud\/\" target=\"_blank\">aluminum extrusions for industrial racks<\/a><\/li>\r\r\n<li><a href=\"https:\/\/sinoextrud.com\/powder-coating-aluminium-process\/\" target=\"_blank\">powder coating aluminium<\/a><\/li>\r\r\n<li><a href=\"https:\/\/sinoextrud.com\/what-is-an-aluminium-strip-ceiling\/\" target=\"_blank\">aluminium strip ceiling<\/a><\/li>\r\r\n<li><a href=\"https:\/\/sinoextrud.com\/what-is-a-heat-sink\/\" target=\"_blank\">what is a heat sink<\/a><\/li>\r\r\n<\/ul>","product_chanpin_chanpin":"<li><a href=\"https:\/\/sinoextrud.com\/product\/aluminum-profile-connector\/\" target=\"_blank\">Aluminum Profile Connector<\/a><\/li>\r\n<li><a href=\"https:\/\/sinoextrud.com\/product\/anodized-powder-coated-window-louver-extrusion-shutter-aluminum-profiles\/\" target=\"_blank\">Anodized Powder Coated Window Louver Extrusion Shutter Aluminum Profiles<\/a><\/li>\r\n<li><a href=\"https:\/\/sinoextrud.com\/product\/newest-stable-extruded-aluminum-u-channel-profile-frameless-glass-railing-system-with-balustrade-handrail-fittings\/\" target=\"_blank\">Newest Stable Extruded Aluminum U Channel Profile Frameless Glass Railing System With Balustrade Handrail Fittings<\/a><\/li>\r\n<li><a href=\"https:\/\/sinoextrud.com\/product\/powder-coated-wooden-grain-aluminium-shutter-profile\/\" target=\"_blank\">Powder Coated Wooden Grain Aluminium Shutter Profile<\/a><\/li>\r\n<li><a href=\"https:\/\/sinoextrud.com\/product\/aluminum-profile-for-shower-enclosure\/\" target=\"_blank\">Aluminum Profile For Shower Enclosure<\/a><\/li>\r\n<li><a href=\"https:\/\/sinoextrud.com\/product\/wall-aluminum-profile-decoration-t-shaped-edge-trim\/\" target=\"_blank\">Wall Aluminum Profile Decoration T Shaped Edge Trim<\/a><\/li>\r\n<li><a href=\"https:\/\/sinoextrud.com\/product\/colorful-brushed-aluminium-photo-frame-manufacturer\/\" target=\"_blank\">Colorful Brushed Aluminium Photo Frame Manufacturer<\/a><\/li>\r\n<li><a href=\"https:\/\/sinoextrud.com\/product\/aluminum-shutter-extrusion-profiles\/\" target=\"_blank\">Aluminum Shutter Extrusion Profiles<\/a><\/li>\r\n<li><a href=\"https:\/\/sinoextrud.com\/product\/aluminum-profile-shutter\/\" target=\"_blank\">Aluminum Profile Shutter<\/a><\/li>\r\n<li><a href=\"https:\/\/sinoextrud.com\/product\/extruded-aluminum-hex-tube\/\" target=\"_blank\">Extruded Aluminum Hex Tube<\/a><\/li>\r\n<li><a href=\"https:\/\/sinoextrud.com\/product\/aluminium-extrusion-sections\/\" target=\"_blank\">Aluminium Extrusion Sections<\/a><\/li>"},"feature_list":[]},"_links":{"self":[{"href":"https:\/\/sinoextrud.com\/es\/wp-json\/wp\/v2\/product\/7642","targetHints":{"allow":["GET"]}}],"collection":[{"href":"https:\/\/sinoextrud.com\/es\/wp-json\/wp\/v2\/product"}],"about":[{"href":"https:\/\/sinoextrud.com\/es\/wp-json\/wp\/v2\/types\/product"}],"wp:featuredmedia":[{"embeddable":true,"href":"https:\/\/sinoextrud.com\/es\/wp-json\/wp\/v2\/media\/7641"}],"wp:attachment":[{"href":"https:\/\/sinoextrud.com\/es\/wp-json\/wp\/v2\/media?parent=7642"}],"wp:term":[{"taxonomy":"category","embeddable":true,"href":"https:\/\/sinoextrud.com\/es\/wp-json\/wp\/v2\/categories?post=7642"}],"curies":[{"name":"wp","href":"https:\/\/api.w.org\/{rel}","templated":true}]}}