{"id":7638,"date":"2025-06-09T07:08:01","date_gmt":"2025-06-09T07:08:01","guid":{"rendered":"https:\/\/sinoextrud.com\/product\/newest-stable-extruded-aluminum-u-channel-profile-frameless-glass-railing-system-with-balustrade-handrail-fittings\/"},"modified":"2025-06-24T06:13:18","modified_gmt":"2025-06-24T06:13:18","slug":"mas-reciente-estable-de-aluminio-extruido-perfil-en-u-canal-de-vidrio-sin-marco-sistema-de-barandilla-con-pasamanos-balaustrada-accesorios","status":"publish","type":"product","link":"https:\/\/sinoextrud.com\/es\/product\/newest-stable-extruded-aluminum-u-channel-profile-frameless-glass-railing-system-with-balustrade-handrail-fittings\/","title":{"rendered":"Nueva estable de aluminio extruido U perfil de canal de vidrio sin marco sistema de barandilla con balaustrada pasamanos accesorios"},"content":{"rendered":"<h2>Productos<\/h2>\n<table class=\"custom-table\">\n<tbody>\n<tr>\n<td> Art\u00edculo:<\/td>\n<td> Nueva estable de aluminio extruido U perfil de canal de vidrio sin marco sistema de barandilla con balaustrada pasamanos accesorios<\/td>\n<td> Grado:<\/td>\n<td> Serie 6000<\/td>\n<\/tr>\n<tr>\n<td> Temperamento:<\/td>\n<td> T3-T8<\/td>\n<td> Lugar de origen:<\/td>\n<td> Foshan, Guangdong<\/td>\n<\/tr>\n<tr>\n<td> Forma:<\/td>\n<td> Personalizado<\/td>\n<td> De aleaci\u00f3n o no:<\/td>\n<td> Aleaci\u00f3n<\/td>\n<\/tr>\n<tr>\n<td> Material:<\/td>\n<td> 6063<\/td>\n<td> Marca:<\/td>\n<td> Sinoextrud<\/td>\n<\/tr>\n<tr>\n<td> Color:<\/td>\n<td> Color personalizado<\/td>\n<td> Tratamiento de la superficie:<\/td>\n<td> Anodizado, pintura en polvo, cepillado, chorro de arena, grano de madera<\/td>\n<\/tr>\n<tr>\n<td> Plazo de entrega:<\/td>\n<td> 25-30 d\u00edas<\/td>\n<td> MOQ:<\/td>\n<td> 200KG<\/td>\n<\/tr>\n<tr>\n<td> Plazo de pago:<\/td>\n<td> 30% dep\u00f3sito, 70% saldo antes de la entrega<\/td>\n<td> Servicio de tramitaci\u00f3n:<\/td>\n<td> Plegado, desenrollado, soldadura, punzonado, corte<\/td>\n<\/tr>\n<tr>\n<td> Puerto:<\/td>\n<td> Guangzhou, Shenzhen,Foshan<\/td>\n<td> Garantizado:<\/td>\n<td> certificado del cliente, como BV, Soncap, ISO<\/td>\n<\/tr>\n<\/tbody>\n<\/table>\n<h2>Nuestra base de fabricaci\u00f3n<\/h2>\n<h3>Panorama de la f\u00e1brica<\/h3>\n<p><img decoding=\"async\" src=\"\/wp-content\/uploads\/factory-01.webp\"\/><\/p>\n<h3>Taller de fabricaci\u00f3n de barras de aluminio<\/h3>\n<p><img decoding=\"async\" src=\"\/wp-content\/uploads\/factory-02.webp\"\/><\/p>\n<\/p>\n<p><img decoding=\"async\" src=\"\/wp-content\/uploads\/factory-03.webp\"\/><\/p>\n<h3>Almac\u00e9n de moldes<\/h3>\n<p><img decoding=\"async\" src=\"\/wp-content\/uploads\/factory-04.webp\"\/><\/p>\n<h3>43 L\u00c3neas de extrusi\u00c3\u00b3n de aluminio (500\u00e2\u20ac\"5500 toneladas)<\/h3>\n<p><img decoding=\"async\" src=\"\/wp-content\/uploads\/factory-05.webp\"\/><\/p>\n<p><img decoding=\"async\" src=\"\/wp-content\/uploads\/factory-06.webp\"\/><\/p>\n<p><img decoding=\"async\" src=\"\/wp-content\/uploads\/factory-07.webp\"\/><\/p>\n<h3>Taller de pintura en polvo<\/h3>\n<p><img decoding=\"async\" src=\"\/wp-content\/uploads\/factory-09.webp\"\/><\/p>\n<h3>Taller de anodizado<\/h3>\n<p><img decoding=\"async\" src=\"\/wp-content\/uploads\/factory-10.webp\"\/><\/p>\n<h3>Taller de procesamiento profundo<\/h3>\n<p><img decoding=\"async\" src=\"\/wp-content\/uploads\/factory-11.webp\"\/><\/p>\n<h3>Taller de mecanizado de precisi\u00f3n CNC<\/h3>\n<p><img decoding=\"async\" src=\"\/wp-content\/uploads\/factory-11.5.webp\"\/><\/p>\n<h3>Almac\u00e9n de productos acabados y de exportaci\u00f3n<\/h3>\n<p><img decoding=\"async\" src=\"\/wp-content\/uploads\/factory-12.webp\"\/><\/p>\n<p><img decoding=\"async\" src=\"\/wp-content\/uploads\/factory-13.webp\"\/><\/p>\n<p><img decoding=\"async\" src=\"\/wp-content\/uploads\/factory-14.webp\"\/><\/p>\n<h2>PREGUNTAS FRECUENTES<\/h2>\n<p><b>1. \u00bfCu\u00e1l es el sistema de barandillas de aluminio extruido en U sin marco m\u00e1s estable?<\/b><\/p>\n<p>Se trata de una soluci\u00f3n de barandilla completa que utiliza un resistente canal en U de aluminio para sujetar firmemente paneles de cristal sin marco con accesorios de barandilla y pasamanos.\n<\/p>\n<p><\/p>\n<p><b>2.\u00bfCu\u00e1les son las ventajas de utilizar este perfil en U para barandillas de cristal?<\/b><\/p>\n<p>Ofrece una estabilidad superior, un aspecto elegante, resistencia a la corrosi\u00f3n y una instalaci\u00f3n sencilla para aplicaciones de barandillas modernas.\n<\/p>\n<p><\/p>\n<p><b>3.\u00bfEste sistema es apto para instalaciones exteriores?<\/b><\/p>\n<p>S\u00ed, el aluminio anodizado o con recubrimiento de polvo garantiza un rendimiento duradero en entornos exteriores.\n<\/p>\n<p><\/p>\n<p><b>4.\u00bfPuede el canal en U alojar distintos grosores de vidrio?<\/b><\/p>\n<p>S\u00ed, el perfil est\u00e1 dise\u00f1ado para soportar varios grosores de vidrio, normalmente de 10 mm a 21,52 mm de vidrio laminado o templado.\n<\/p>\n<p><\/p>\n<p><b>5. \u00bfSe incluyen en el sistema los herrajes para barandillas y pasamanos?<\/b><\/p>\n<p>S\u00ed, el sistema incluye accesorios de barandilla y pasamanos a juego para una instalaci\u00f3n de barandilla segura y sin juntas.\n<\/p>\n<p><\/p>\n<p><b>6.\u00bfD\u00f3nde se suele utilizar este sistema de barandillas de vidrio?<\/b><\/p>\n<p>Es ideal para balcones, escaleras, cerramientos de piscinas, azoteas e interiores comerciales que requieran vistas despejadas.\n<\/p>\n<p><\/p>\n<p><b>7.\u00bfEste sistema es f\u00e1cil de instalar?<\/b><\/p>\n<p>S\u00ed, los componentes est\u00e1n dise\u00f1ados para una instalaci\u00f3n r\u00e1pida y precisa con un m\u00ednimo de herramientas.\n<\/p>\n<p><\/p>\n<p><b>8.\u00bfQu\u00e9 hace que este sistema sea estable y seguro?<\/b><\/p>\n<p>El canal en U de aluminio extruido proporciona una base s\u00f3lida, mientras que los herrajes y las juntas garantizan que el cristal quede bien sujeto sin moverse.\n<\/p>\n<p><\/p>","protected":false},"featured_media":7637,"template":"","categories":[67],"class_list":["post-7638","product","type-product","status-publish","has-post-thumbnail","hentry","category-architectural-aluminium-profile"],"meta_box":{"hilight_text_group":{"product_hilight_text":"<li>Stable extruded aluminum U channel provides strong support for frameless glass railings<\/li>\r\r\n<li>Modern design enhances transparency and architectural aesthetics<\/li>\r\r\n<li>Corrosion-resistant finish suitable for indoor and outdoor use<\/li>\r\r\n<li>Integrated with balustrade and handrail fittings for complete system solution<\/li>\r\r\n<li>Easy installation with pre-engineered components and secure glass mounting<\/li>\r\r\n<li>Compatible with various glass thicknesses for flexible design<\/li>\r\r\n<li>Ideal for balconies, staircases, terraces, and commercial rail systems<\/li>","product_chanpin_blog":"<ul>\r\r\n<li><a href=\"https:\/\/sinoextrud.com\/t-slot-v-slot-differences\/\" target=\"_blank\">t slot vs v slot<\/a><\/li>\r\r\n<li><a href=\"https:\/\/sinoextrud.com\/what-is-4040-aluminium-extrud\/\" target=\"_blank\">4040 aluminium extrusion<\/a><\/li>\r\r\n<li><a href=\"https:\/\/sinoextrud.com\/what-is-4040-aluminium-extrud\/\" target=\"_blank\">aluminum extrusions for industrial racks<\/a><\/li>\r\r\n<li><a href=\"https:\/\/sinoextrud.com\/powder-coating-aluminium-process\/\" target=\"_blank\">powder coating aluminium<\/a><\/li>\r\r\n<li><a href=\"https:\/\/sinoextrud.com\/what-is-an-aluminium-strip-ceiling\/\" target=\"_blank\">aluminium strip ceiling<\/a><\/li>\r\r\n<li><a href=\"https:\/\/sinoextrud.com\/what-is-a-heat-sink\/\" target=\"_blank\">what is a heat sink<\/a><\/li>\r\r\n<\/ul>","product_chanpin_chanpin":"<li><a href=\"https:\/\/sinoextrud.com\/product\/anodized-aluminum-frame-profile-brushed-photo-aluminum-frame-modern-decorative-industrial-frame-profile\/\" target=\"_blank\">Anodized Aluminum Frame Profile Brushed Photo Aluminum Frame Modern Decorative Industrial Frame Profile<\/a><\/li>\r\n<li><a href=\"https:\/\/sinoextrud.com\/product\/aluminum-profil-louver-roof\/\" target=\"_blank\">Aluminum Profil Louver Roof<\/a><\/li>\r\n<li><a href=\"https:\/\/sinoextrud.com\/product\/aluminum-profile-connector\/\" target=\"_blank\">Aluminum Profile Connector<\/a><\/li>\r\n<li><a href=\"https:\/\/sinoextrud.com\/product\/anodized-powder-coated-window-louver-extrusion-shutter-aluminum-profiles\/\" target=\"_blank\">Anodized Powder Coated Window Louver Extrusion Shutter Aluminum Profiles<\/a><\/li>\r\n<li><a href=\"https:\/\/sinoextrud.com\/product\/newest-stable-extruded-aluminum-u-channel-profile-frameless-glass-railing-system-with-balustrade-handrail-fittings\/\" target=\"_blank\">Newest Stable Extruded Aluminum U Channel Profile Frameless Glass Railing System With Balustrade Handrail Fittings<\/a><\/li>\r\n<li><a href=\"https:\/\/sinoextrud.com\/product\/powder-coated-wooden-grain-aluminium-shutter-profile\/\" target=\"_blank\">Powder Coated Wooden Grain Aluminium Shutter Profile<\/a><\/li>\r\n<li><a href=\"https:\/\/sinoextrud.com\/product\/aluminum-profile-for-shower-enclosure\/\" target=\"_blank\">Aluminum Profile For Shower Enclosure<\/a><\/li>\r\n<li><a href=\"https:\/\/sinoextrud.com\/product\/wall-aluminum-profile-decoration-t-shaped-edge-trim\/\" target=\"_blank\">Wall Aluminum Profile Decoration T Shaped Edge Trim<\/a><\/li>\r\n<li><a href=\"https:\/\/sinoextrud.com\/product\/colorful-brushed-aluminium-photo-frame-manufacturer\/\" target=\"_blank\">Colorful Brushed Aluminium Photo Frame Manufacturer<\/a><\/li>\r\n<li><a href=\"https:\/\/sinoextrud.com\/product\/wood-look-aluminium-slats\/\" target=\"_blank\">Wood Look Aluminium Slats<\/a><\/li>\r\n<li><a href=\"https:\/\/sinoextrud.com\/product\/quarter-round-aluminum-extrusion\/\" target=\"_blank\">Quarter Round Aluminum Extrusion<\/a><\/li>"},"feature_list":[]},"_links":{"self":[{"href":"https:\/\/sinoextrud.com\/es\/wp-json\/wp\/v2\/product\/7638","targetHints":{"allow":["GET"]}}],"collection":[{"href":"https:\/\/sinoextrud.com\/es\/wp-json\/wp\/v2\/product"}],"about":[{"href":"https:\/\/sinoextrud.com\/es\/wp-json\/wp\/v2\/types\/product"}],"wp:featuredmedia":[{"embeddable":true,"href":"https:\/\/sinoextrud.com\/es\/wp-json\/wp\/v2\/media\/7637"}],"wp:attachment":[{"href":"https:\/\/sinoextrud.com\/es\/wp-json\/wp\/v2\/media?parent=7638"}],"wp:term":[{"taxonomy":"category","embeddable":true,"href":"https:\/\/sinoextrud.com\/es\/wp-json\/wp\/v2\/categories?post=7638"}],"curies":[{"name":"wp","href":"https:\/\/api.w.org\/{rel}","templated":true}]}}