{"id":7630,"date":"2025-06-09T06:59:17","date_gmt":"2025-06-09T06:59:17","guid":{"rendered":"https:\/\/sinoextrud.com\/product\/anodized-aluminum-frame-profile-brushed-photo-aluminum-frame-modern-decorative-industrial-frame-profile\/"},"modified":"2025-06-24T06:13:16","modified_gmt":"2025-06-24T06:13:16","slug":"marco-de-aluminio-anodizado-perfil-de-aluminio-cepillado-foto-marco-de-aluminio-moderno-decorativo-marco-industrial-perfil","status":"publish","type":"product","link":"https:\/\/sinoextrud.com\/es\/product\/anodized-aluminum-frame-profile-brushed-photo-aluminum-frame-modern-decorative-industrial-frame-profile\/","title":{"rendered":"Perfil de marco de aluminio anodizado Marco de aluminio cepillado para fotos Perfil de marco industrial decorativo moderno"},"content":{"rendered":"<h2>Productos<\/h2>\n<table class=\"custom-table\">\n<tr>\n<td class=\"label\">Art\u00edculo:<\/td>\n<td>Perfil de marco de aluminio anodizado Marco de aluminio cepillado para fotos Perfil de marco industrial decorativo moderno<\/td>\n<\/tr>\n<tr>\n<td class=\"label\">Temperamento:<\/td>\n<td>T3-T8<\/td>\n<\/tr>\n<tr>\n<td class=\"label\">Forma:<\/td>\n<td>personalizado<\/td>\n<\/tr>\n<tr>\n<td class=\"label\">Tolerancia:<\/td>\n<td>\u00b10,5%<\/td>\n<\/tr>\n<tr>\n<td class=\"label\">color:<\/td>\n<td>personalizado<\/td>\n<\/tr>\n<tr>\n<td class=\"label\">Plazo de entrega:<\/td>\n<td>25-30 d\u00edas<\/td>\n<\/tr>\n<tr>\n<td class=\"label\">Plazo de pago:<\/td>\n<td>T\/T(30% Dep\u00f3sito), L\/C<\/td>\n<\/tr>\n<tr>\n<td class=\"label\">Puerto:<\/td>\n<td>Guangzhou, Shenzhen<\/td>\n<\/tr>\n<tr>\n<td class=\"label\">Aplicaci\u00f3n:<\/td>\n<td>industrial<\/td>\n<\/tr>\n<tr>\n<td class=\"label\">Grado:<\/td>\n<td>Serie 6000<\/td>\n<\/tr>\n<tr>\n<td class=\"label\">Lugar de origen:<\/td>\n<td>Foshan, Guangdong<\/td>\n<\/tr>\n<tr>\n<td class=\"label\">De aleaci\u00f3n o no:<\/td>\n<td>Aleaci\u00f3n Alunimun<\/td>\n<\/tr>\n<tr>\n<td class=\"label\">Marca:<\/td>\n<td>Sinoextrud<\/td>\n<\/tr>\n<tr>\n<td class=\"label\">Tratamiento superficial:<\/td>\n<td>Seg\u00fan las necesidades del cliente<\/td>\n<\/tr>\n<tr>\n<td class=\"label\">MOQ:<\/td>\n<td>200KGs<\/td>\n<\/tr>\n<tr>\n<td class=\"label\">Servicio de tramitaci\u00f3n:<\/td>\n<td>Plegado, desenrollado, soldadura, punzonado, corte<\/td>\n<\/tr>\n<tr>\n<td class=\"label\">Longitud:<\/td>\n<td>1-9m o personalizado<\/td>\n<\/tr>\n<tr>\n<td class=\"label\">tama\u00f1o:<\/td>\n<td>personalizado<\/td>\n<\/tr>\n<\/table>\n<h2>Nuestra base de fabricaci\u00f3n<\/h2>\n<h3>Panorama de la f\u00e1brica<\/h3>\n<p><img decoding=\"async\" src=\"\/wp-content\/uploads\/factory-01.webp\"\/><\/p>\n<h3>Taller de fabricaci\u00f3n de barras de aluminio<\/h3>\n<p><img decoding=\"async\" src=\"\/wp-content\/uploads\/factory-02.webp\"\/><\/p>\n<p><img decoding=\"async\" src=\"\/wp-content\/uploads\/factory-03.webp\"\/><\/p>\n<h3>Almac\u00e9n de moldes<\/h3>\n<p><img decoding=\"async\" src=\"\/wp-content\/uploads\/factory-04.webp\"\/><\/p>\n<h3>43 l\u00edneas de extrusi\u00f3n de aluminio (500-5500 toneladas)<\/h3>\n<p><img decoding=\"async\" src=\"\/wp-content\/uploads\/factory-05.webp\"\/><\/p>\n<p><img decoding=\"async\" src=\"\/wp-content\/uploads\/factory-06.webp\"\/><\/p>\n<p><img decoding=\"async\" src=\"\/wp-content\/uploads\/factory-07.webp\"\/><\/p>\n<h3>Taller de pintura en polvo<\/h3>\n<p><img decoding=\"async\" src=\"\/wp-content\/uploads\/factory-09.webp\"\/><\/p>\n<h3>Taller de anodizado<\/h3>\n<p><img decoding=\"async\" src=\"\/wp-content\/uploads\/factory-10.webp\"\/><\/p>\n<h3>Taller de procesamiento profundo<\/h3>\n<p><img decoding=\"async\" src=\"\/wp-content\/uploads\/factory-11.webp\"\/><\/p>\n<h3>Taller de mecanizado de precisi\u00f3n CNC<\/h3>\n<p><img decoding=\"async\" src=\"\/wp-content\/uploads\/factory-11.5.webp\"\/><\/p>\n<h3>Almac\u00e9n de productos acabados y de exportaci\u00f3n<\/h3>\n<p><img decoding=\"async\" src=\"\/wp-content\/uploads\/factory-12.webp\"\/><\/p>\n<p><img decoding=\"async\" src=\"\/wp-content\/uploads\/factory-13.webp\"\/><\/p>\n<p><img decoding=\"async\" src=\"\/wp-content\/uploads\/factory-14.webp\"\/><\/p>\n<h2>PREGUNTAS FRECUENTES<\/h2>\n<p><p><b>1.\u00bfQu\u00e9 es un marco de aluminio anodizado con perfil de aluminio cepillado para fotos?<\/b><\/p>\n<p>Se trata de un perfil de aluminio de precisi\u00f3n con acabado anodizado cepillado, utilizado en marcos de fotos modernos y aplicaciones decorativas industriales.<br \/>\n<\/p><br \/>\n<br \/>\n<p><b>2.\u00bfCu\u00e1les son las ventajas de los perfiles de aluminio anodizado cepillado para marcos?<\/b><\/p>\n<p>Ofrecen un aspecto de primera calidad, resistencia a la corrosi\u00f3n, solidez ligera y f\u00e1cil integraci\u00f3n en dise\u00f1os decorativos o industriales.<br \/>\n<\/p><br \/>\n<br \/>\n<p><b>3.\u00bfEs este marco de aluminio adecuado tanto para uso comercial como residencial?<\/b><\/p>\n<p>S\u00ed, combina una est\u00e9tica elegante y una durabilidad funcional, por lo que es ideal para hogares, galer\u00edas, oficinas y expositores de tiendas.<br \/>\n<\/p><br \/>\n<br \/>\n<p><b>4.\u00bfPuedo personalizar el tama\u00f1o y el acabado del perfil del marco de aluminio?<\/b><\/p>\n<p>S\u00ed, ofrecemos dimensiones personalizadas, acabados cepillados o mates y colores anodizados para satisfacer las necesidades de su proyecto.<br \/>\n<\/p><br \/>\n<br \/>\n<p><b>5. \u00bfD\u00f3nde se suelen utilizar los perfiles de aluminio anodizado para marcos?<\/b><\/p>\n<p>Se utilizan en marcos de fotos modernos, se\u00f1alizaci\u00f3n, mobiliario, sistemas de exposici\u00f3n y paneles de exposici\u00f3n industriales.<br \/>\n<\/p><br \/>\n<br \/>\n<p><b>6.\u00bfEs duradero el acabado anodizado?<\/b><\/p>\n<p>S\u00ed, el anodizado mejora la resistencia a la corrosi\u00f3n, la dureza de la superficie y el aspecto, por lo que resulta adecuado para un uso prolongado en interiores y exteriores.<br \/>\n<\/p><br \/>\n<br \/>\n<p><b>7.\u00bfSon f\u00e1ciles de montar estos perfiles?<\/b><\/p>\n<p>S\u00ed, est\u00e1n dise\u00f1ados para un montaje sencillo mediante soportes, tornillos o clips est\u00e1ndar, lo que reduce el tiempo y el coste de instalaci\u00f3n.<br \/>\n<\/p><br \/>\n<br \/>\n<p><b>8.\u00bfQu\u00e9 hace que los marcos de aluminio cepillado sean visualmente atractivos?<\/b><\/p>\n<p>La textura cepillada a\u00f1ade un aspecto met\u00e1lico moderno y de alta gama que complementa los interiores de estilo minimalista e industrial.<br \/>\n<\/p><br \/><\/p>","protected":false},"featured_media":7629,"template":"","categories":[67],"class_list":["post-7630","product","type-product","status-publish","has-post-thumbnail","hentry","category-architectural-aluminium-profile"],"meta_box":{"hilight_text_group":{"product_hilight_text":"<li>Brushed anodized surface delivers a sleek, modern decorative finish<\/li>\r\r\n<li>Corrosion-resistant aluminum ensures long-term durability<\/li>\r\r\n<li>Lightweight yet rigid structure ideal for industrial and decorative framing<\/li>\r\r\n<li>Precision profile suitable for photo frames, signage, and display systems<\/li>\r\r\n<li>Custom sizes and finishes available for branding or design needs<\/li>\r\r\n<li>Easy to assemble and mount with standard hardware<\/li>\r\r\n<li>Blends aesthetics with functionality for both commercial and residential use<\/li>","product_chanpin_blog":"<ul>\r\r\n<li><a href=\"https:\/\/sinoextrud.com\/t-slot-v-slot-differences\/\" target=\"_blank\">t slot vs v slot<\/a><\/li>\r\r\n<li><a href=\"https:\/\/sinoextrud.com\/what-is-4040-aluminium-extrud\/\" target=\"_blank\">4040 aluminium extrusion<\/a><\/li>\r\r\n<li><a href=\"https:\/\/sinoextrud.com\/what-is-4040-aluminium-extrud\/\" target=\"_blank\">aluminum extrusions for industrial racks<\/a><\/li>\r\r\n<li><a href=\"https:\/\/sinoextrud.com\/powder-coating-aluminium-process\/\" target=\"_blank\">powder coating aluminium<\/a><\/li>\r\r\n<li><a href=\"https:\/\/sinoextrud.com\/what-is-an-aluminium-strip-ceiling\/\" target=\"_blank\">aluminium strip ceiling<\/a><\/li>\r\r\n<li><a href=\"https:\/\/sinoextrud.com\/what-is-a-heat-sink\/\" target=\"_blank\">what is a heat sink<\/a><\/li>\r\r\n<\/ul>","product_chanpin_chanpin":"<li><a href=\"https:\/\/sinoextrud.com\/product\/extruded-aluminum-drawer-pulls\/\" target=\"_blank\">Extruded Aluminum Drawer Pulls<\/a><\/li>\r\n<li><a href=\"https:\/\/sinoextrud.com\/product\/picture-frame-extrusions\/\" target=\"_blank\">Picture Frame Extrusions<\/a><\/li>\r\n<li><a href=\"https:\/\/sinoextrud.com\/product\/architectural-aluminum-extrusion-profiles\/\" target=\"_blank\">Architectural Aluminum Extrusion Profiles<\/a><\/li>\r\n<li><a href=\"https:\/\/sinoextrud.com\/product\/aluminum-outdoor-louvers\/\" target=\"_blank\">Aluminum Outdoor Louvers<\/a><\/li>\r\n<li><a href=\"https:\/\/sinoextrud.com\/product\/anodized-aluminum-frame-profile-brushed-photo-aluminum-frame-modern-decorative-industrial-frame-profile\/\" target=\"_blank\">Anodized Aluminum Frame Profile Brushed Photo Aluminum Frame Modern Decorative Industrial Frame Profile<\/a><\/li>\r\n<li><a href=\"https:\/\/sinoextrud.com\/product\/aluminum-profil-louver-roof\/\" target=\"_blank\">Aluminum Profil Louver Roof<\/a><\/li>\r\n<li><a href=\"https:\/\/sinoextrud.com\/product\/aluminum-profile-connector\/\" target=\"_blank\">Aluminum Profile Connector<\/a><\/li>\r\n<li><a href=\"https:\/\/sinoextrud.com\/product\/anodized-powder-coated-window-louver-extrusion-shutter-aluminum-profiles\/\" target=\"_blank\">Anodized Powder Coated Window Louver Extrusion Shutter Aluminum Profiles<\/a><\/li>\r\n<li><a href=\"https:\/\/sinoextrud.com\/product\/newest-stable-extruded-aluminum-u-channel-profile-frameless-glass-railing-system-with-balustrade-handrail-fittings\/\" target=\"_blank\">Newest Stable Extruded Aluminum U Channel Profile Frameless Glass Railing System With Balustrade Handrail Fittings<\/a><\/li>\r\n<li><a href=\"https:\/\/sinoextrud.com\/product\/wood-grain-aluminum-decking\/\" target=\"_blank\">Wood Grain Aluminum Decking<\/a><\/li>\r\n<li><a href=\"https:\/\/sinoextrud.com\/product\/t-shaped-aluminum-extrusion\/\" target=\"_blank\">T Shaped Aluminum Extrusion<\/a><\/li>"},"feature_list":[]},"_links":{"self":[{"href":"https:\/\/sinoextrud.com\/es\/wp-json\/wp\/v2\/product\/7630","targetHints":{"allow":["GET"]}}],"collection":[{"href":"https:\/\/sinoextrud.com\/es\/wp-json\/wp\/v2\/product"}],"about":[{"href":"https:\/\/sinoextrud.com\/es\/wp-json\/wp\/v2\/types\/product"}],"wp:featuredmedia":[{"embeddable":true,"href":"https:\/\/sinoextrud.com\/es\/wp-json\/wp\/v2\/media\/7629"}],"wp:attachment":[{"href":"https:\/\/sinoextrud.com\/es\/wp-json\/wp\/v2\/media?parent=7630"}],"wp:term":[{"taxonomy":"category","embeddable":true,"href":"https:\/\/sinoextrud.com\/es\/wp-json\/wp\/v2\/categories?post=7630"}],"curies":[{"name":"wp","href":"https:\/\/api.w.org\/{rel}","templated":true}]}}