{"id":7628,"date":"2025-06-09T06:56:01","date_gmt":"2025-06-09T06:56:01","guid":{"rendered":"https:\/\/sinoextrud.com\/product\/aluminum-outdoor-louvers\/"},"modified":"2025-06-24T06:13:16","modified_gmt":"2025-06-24T06:13:16","slug":"rejillas-exteriores-de-aluminio","status":"publish","type":"product","link":"https:\/\/sinoextrud.com\/es\/product\/aluminum-outdoor-louvers\/","title":{"rendered":"Persianas de aluminio para exteriores"},"content":{"rendered":"<h2>Productos<\/h2>\n<table class=\"custom-table\">\n<tr>\n<td class=\"label\">Art\u00edculo<\/td>\n<td>Persianas de aluminio para exteriores<\/td>\n<\/tr>\n<tr>\n<td class=\"label\">Material<\/td>\n<td>Aluminio serie 6000<\/td>\n<\/tr>\n<tr>\n<td class=\"label\">Temple<\/td>\n<td>T4, T5, T6<\/td>\n<\/tr>\n<tr>\n<td class=\"label\">Tama\u00f1o \/ Grosor<\/td>\n<td>Espesor general de los perfiles de 0,8 a 5,0 mm, longitud de 1 m a 9 m o disponible a medida; espesor de la pel\u00edcula de protecci\u00f3n anodizada de 8~25 um, recubrimiento en polvo de 40 ~ 120 um.<\/td>\n<\/tr>\n<tr>\n<td class=\"label\">Forma<\/td>\n<td>cuadrado, redondo, rectangular, personalizado<\/td>\n<\/tr>\n<tr>\n<td class=\"label\">Aplicaci\u00f3n<\/td>\n<td>En muebles, ventanas y puertas, decoraci\u00f3n, industria, construcci\u00f3n, etc.<\/td>\n<\/tr>\n<tr>\n<td class=\"label\">Tratamiento de superficies<\/td>\n<td>recubrimiento en polvo<\/td>\n<\/tr>\n<tr>\n<td class=\"label\">Proceso profundo<\/td>\n<td>CNC, taladrado, fresado, corte, soldadura, plegado, montaje<\/td>\n<\/tr>\n<tr>\n<td class=\"label\">MOQ<\/td>\n<td>200 kg por art\u00edculo<\/td>\n<\/tr>\n<tr>\n<td class=\"label\">Detalles de embalaje<\/td>\n<td>(1) Interior: envasado con una pel\u00edcula protectora de pl\u00e1stico para proteger cada pieza.<\/td>\n<\/tr>\n<tr>\n<td class=\"label\"><\/td>\n<td>(2) Exterior: Envoltura para ser fardos por waterproofcraftpaper<\/td>\n<\/tr>\n<tr>\n<td class=\"label\">Plazo de entrega<\/td>\n<td>(1) Desarrollo de matrices y prueba de muestras: 12-18 d\u00edas.<\/td>\n<\/tr>\n<tr>\n<td class=\"label\"><\/td>\n<td>(2) Producci\u00f3n en serie finalizada: 20-30 d\u00edas despu\u00e9s de que el comprador confirme la muestra.<\/td>\n<\/tr>\n<tr>\n<td class=\"label\">Puerto FOB<\/td>\n<td>SHENZHEN \/ GUANGZHOU \/ FOSHAN<\/td>\n<\/tr>\n<tr>\n<td class=\"label\">condiciones de pago<\/td>\n<td>T\/T 30%para dep\u00f3sito, saldo antes del env\u00edo.<\/td>\n<\/tr>\n<tr>\n<td class=\"label\">plazo de liquidaci\u00f3n<\/td>\n<td>Cobro por peso real final o por peso te\u00f3rico.<\/td>\n<\/tr>\n<tr>\n<td class=\"label\">capacidad de producci\u00f3n<\/td>\n<td>15.000 toneladas mensuales, 200.000 toneladas anuales.<\/td>\n<\/tr>\n<tr>\n<td class=\"label\">Certificado y norma<\/td>\n<td>CQM, SGS, CE, BV, SONCAP \/ GB, ISO, JIS, AS, NZS, QUALICOAT, QUOLANOD disponibles<\/td>\n<\/tr>\n<tr>\n<td class=\"label\">Garant\u00eda<\/td>\n<td>El color de la superficie puede durar entre 10 y 20 a\u00f1os en interiores.<\/td>\n<\/tr>\n<\/table>\n<h2>Nuestra base de fabricaci\u00f3n<\/h2>\n<h3>Panorama de la f\u00e1brica<\/h3>\n<p><img decoding=\"async\" src=\"\/wp-content\/uploads\/factory-01.webp\"\/><\/p>\n<h3>Taller de fabricaci\u00f3n de barras de aluminio<\/h3>\n<p><img decoding=\"async\" src=\"\/wp-content\/uploads\/factory-02.webp\"\/><\/p>\n<\/p>\n<p><img decoding=\"async\" src=\"\/wp-content\/uploads\/factory-03.webp\"\/><\/p>\n<h3>Almac\u00e9n de moldes<\/h3>\n<p><img decoding=\"async\" src=\"\/wp-content\/uploads\/factory-04.webp\"\/><\/p>\n<h3>43 L\u00c3neas de extrusi\u00c3\u00b3n de aluminio (500\u00e2\u20ac\"5500 toneladas)<\/h3>\n<p><img decoding=\"async\" src=\"\/wp-content\/uploads\/factory-05.webp\"\/><\/p>\n<p><img decoding=\"async\" src=\"\/wp-content\/uploads\/factory-06.webp\"\/><\/p>\n<p><img decoding=\"async\" src=\"\/wp-content\/uploads\/factory-07.webp\"\/><\/p>\n<h3>Taller de pintura en polvo<\/h3>\n<p><img decoding=\"async\" src=\"\/wp-content\/uploads\/factory-09.webp\"\/><\/p>\n<h3>Taller de anodizado<\/h3>\n<p><img decoding=\"async\" src=\"\/wp-content\/uploads\/factory-10.webp\"\/><\/p>\n<h3>Taller de procesamiento profundo<\/h3>\n<p><img decoding=\"async\" src=\"\/wp-content\/uploads\/factory-11.webp\"\/><\/p>\n<h3>Taller de mecanizado de precisi\u00f3n CNC<\/h3>\n<p><img decoding=\"async\" src=\"\/wp-content\/uploads\/factory-11.5.webp\"\/><\/p>\n<h3>Almac\u00e9n de productos acabados y de exportaci\u00f3n<\/h3>\n<p><img decoding=\"async\" src=\"\/wp-content\/uploads\/factory-12.webp\"\/><\/p>\n<p><img decoding=\"async\" src=\"\/wp-content\/uploads\/factory-13.webp\"\/><\/p>\n<p><img decoding=\"async\" src=\"\/wp-content\/uploads\/factory-14.webp\"\/><\/p>\n<h2>PREGUNTAS FRECUENTES<\/h2>\n<p><b>1. \u00bfQu\u00e9 son las persianas de aluminio para exteriores?<\/b><\/p>\n<p>Las persianas de aluminio para exteriores son componentes arquitect\u00f3nicos dise\u00f1ados para proporcionar sombra, privacidad y ventilaci\u00f3n a espacios exteriores utilizando perfiles de aluminio resistentes a la intemperie.\n<\/p>\n<p><\/p>\n<p><b>2.\u00bfCu\u00e1les son las ventajas de utilizar rejillas de aluminio en exteriores?<\/b><\/p>\n<p>Ofrecen gran durabilidad, resistencia a la corrosi\u00f3n, bajo mantenimiento y mejoran el flujo de aire y la eficiencia energ\u00e9tica de los edificios.\n<\/p>\n<p><\/p>\n<p><b>3.\u00bfSon adecuadas las lamas de aluminio para todas las condiciones meteorol\u00f3gicas?<\/b><\/p>\n<p>S\u00ed, est\u00e1n dise\u00f1ados para resistir la corrosi\u00f3n, la exposici\u00f3n a los rayos UV y la humedad, por lo que son ideales para todos los climas.\n<\/p>\n<p><\/p>\n<p><b>4.\u00bfSe pueden personalizar las rejillas de aluminio para exteriores?<\/b><\/p>\n<p>S\u00ed, ofrecemos tama\u00f1os, formas de hoja, colores y acabados personalizados para adaptarnos a diversos estilos arquitect\u00f3nicos y requisitos de proyectos.\n<\/p>\n<p><\/p>\n<p><b>5.\u00bfLas lamas de aluminio mejoran la eficiencia energ\u00e9tica de los edificios?<\/b><\/p>\n<p>S\u00ed, reducen la ganancia de calor solar sombreando ventanas y paredes, lo que se traduce en menores costes de refrigeraci\u00f3n.\n<\/p>\n<p><\/p>\n<p><b>6.\u00bfExisten opciones ajustables para las rejillas exteriores de aluminio?<\/b><\/p>\n<p>S\u00ed, las rejillas ajustables permiten controlar la luz, el flujo de aire y la privacidad, mejorando la funcionalidad.\n<\/p>\n<p><\/p>\n<p><b>7.\u00bfD\u00f3nde se suelen utilizar las rejillas de aluminio para exteriores?<\/b><\/p>\n<p>Se utilizan ampliamente en viviendas, edificios comerciales, aparcamientos, fachadas y pantallas de ventilaci\u00f3n.\n<\/p>\n<p><\/p>\n<p><b>8.\u00bfSon f\u00e1ciles de mantener las lamas de aluminio?<\/b><\/p>\n<p>S\u00ed, requieren un mantenimiento m\u00ednimo y pueden limpiarse con agua y detergente suave para mantener su aspecto.\n<\/p>\n<p><\/p>","protected":false},"featured_media":7627,"template":"","categories":[67],"class_list":["post-7628","product","type-product","status-publish","has-post-thumbnail","hentry","category-architectural-aluminium-profile"],"meta_box":{"hilight_text_group":{"product_hilight_text":"<li>Durable aluminum construction ideal for long-term outdoor use<\/li>\r\r\n<li>Corrosion-resistant surface withstands harsh weather conditions<\/li>\r\r\n<li>Provides sun shading, privacy, and natural ventilation<\/li>\r\r\n<li>Available in fixed and adjustable louver designs<\/li>\r\r\n<li>Lightweight yet strong for easy installation and structural integrity<\/li>\r\r\n<li>Custom sizes, colors, and finishes available to match building designs<\/li>\r\r\n<li>Low maintenance and energy-efficient solution for facades and screens<\/li>","product_chanpin_blog":"<ul>\r\r\n<li><a href=\"https:\/\/sinoextrud.com\/t-slot-v-slot-differences\/\" target=\"_blank\">t slot vs v slot<\/a><\/li>\r\r\n<li><a href=\"https:\/\/sinoextrud.com\/what-is-4040-aluminium-extrud\/\" target=\"_blank\">4040 aluminium extrusion<\/a><\/li>\r\r\n<li><a href=\"https:\/\/sinoextrud.com\/what-is-4040-aluminium-extrud\/\" target=\"_blank\">aluminum extrusions for industrial racks<\/a><\/li>\r\r\n<li><a href=\"https:\/\/sinoextrud.com\/powder-coating-aluminium-process\/\" target=\"_blank\">powder coating aluminium<\/a><\/li>\r\r\n<li><a href=\"https:\/\/sinoextrud.com\/what-is-an-aluminium-strip-ceiling\/\" target=\"_blank\">aluminium strip ceiling<\/a><\/li>\r\r\n<li><a href=\"https:\/\/sinoextrud.com\/what-is-a-heat-sink\/\" target=\"_blank\">what is a heat sink<\/a><\/li>\r\r\n<\/ul>","product_chanpin_chanpin":"<li><a href=\"https:\/\/sinoextrud.com\/product\/square-aluminum-extrusion\/\" target=\"_blank\">Square Aluminum Extrusion<\/a><\/li>\r\n<li><a href=\"https:\/\/sinoextrud.com\/product\/extruded-aluminum-drawer-pulls\/\" target=\"_blank\">Extruded Aluminum Drawer Pulls<\/a><\/li>\r\n<li><a href=\"https:\/\/sinoextrud.com\/product\/picture-frame-extrusions\/\" target=\"_blank\">Picture Frame Extrusions<\/a><\/li>\r\n<li><a href=\"https:\/\/sinoextrud.com\/product\/architectural-aluminum-extrusion-profiles\/\" target=\"_blank\">Architectural Aluminum Extrusion Profiles<\/a><\/li>\r\n<li><a href=\"https:\/\/sinoextrud.com\/product\/aluminum-outdoor-louvers\/\" target=\"_blank\">Aluminum Outdoor Louvers<\/a><\/li>\r\n<li><a href=\"https:\/\/sinoextrud.com\/product\/anodized-aluminum-frame-profile-brushed-photo-aluminum-frame-modern-decorative-industrial-frame-profile\/\" target=\"_blank\">Anodized Aluminum Frame Profile Brushed Photo Aluminum Frame Modern Decorative Industrial Frame Profile<\/a><\/li>\r\n<li><a href=\"https:\/\/sinoextrud.com\/product\/aluminum-profil-louver-roof\/\" target=\"_blank\">Aluminum Profil Louver Roof<\/a><\/li>\r\n<li><a href=\"https:\/\/sinoextrud.com\/product\/aluminum-profile-connector\/\" target=\"_blank\">Aluminum Profile Connector<\/a><\/li>\r\n<li><a href=\"https:\/\/sinoextrud.com\/product\/anodized-powder-coated-window-louver-extrusion-shutter-aluminum-profiles\/\" target=\"_blank\">Anodized Powder Coated Window Louver Extrusion Shutter Aluminum Profiles<\/a><\/li>\r\n<li><a href=\"https:\/\/sinoextrud.com\/product\/aluminium-hollow-tube\/\" target=\"_blank\">Aluminium Hollow Tube<\/a><\/li>\r\n<li><a href=\"https:\/\/sinoextrud.com\/product\/aluminium-extrusion-enclosure\/\" target=\"_blank\">Aluminium Extrusion Enclosure<\/a><\/li>"},"feature_list":[]},"_links":{"self":[{"href":"https:\/\/sinoextrud.com\/es\/wp-json\/wp\/v2\/product\/7628","targetHints":{"allow":["GET"]}}],"collection":[{"href":"https:\/\/sinoextrud.com\/es\/wp-json\/wp\/v2\/product"}],"about":[{"href":"https:\/\/sinoextrud.com\/es\/wp-json\/wp\/v2\/types\/product"}],"wp:featuredmedia":[{"embeddable":true,"href":"https:\/\/sinoextrud.com\/es\/wp-json\/wp\/v2\/media\/7627"}],"wp:attachment":[{"href":"https:\/\/sinoextrud.com\/es\/wp-json\/wp\/v2\/media?parent=7628"}],"wp:term":[{"taxonomy":"category","embeddable":true,"href":"https:\/\/sinoextrud.com\/es\/wp-json\/wp\/v2\/categories?post=7628"}],"curies":[{"name":"wp","href":"https:\/\/api.w.org\/{rel}","templated":true}]}}