{"id":7622,"date":"2025-06-09T06:38:27","date_gmt":"2025-06-09T06:38:27","guid":{"rendered":"https:\/\/sinoextrud.com\/product\/extruded-aluminum-drawer-pulls\/"},"modified":"2025-06-24T06:13:15","modified_gmt":"2025-06-24T06:13:15","slug":"tiradores-de-aluminio-extruido","status":"publish","type":"product","link":"https:\/\/sinoextrud.com\/es\/product\/extruded-aluminum-drawer-pulls\/","title":{"rendered":"Tiradores de aluminio extruido"},"content":{"rendered":"<h2>Productos<\/h2>\n<table class=\"custom-table\">\n<tbody>\n<tr>\n<td> Nombre del producto<\/td>\n<td> Tiradores de aluminio extruido<\/td>\n<\/tr>\n<tr>\n<td> Material<\/td>\n<td> 6063-T5<\/td>\n<\/tr>\n<tr>\n<td> Espesor<\/td>\n<td> 0,7 mm-10 mm<\/td>\n<\/tr>\n<tr>\n<td> Talla<\/td>\n<td> A medida<\/td>\n<\/tr>\n<tr>\n<td> Longitud<\/td>\n<td> Longitud personalizada.<\/td>\n<\/tr>\n<tr>\n<td> Aplicaciones t\u00edpicas<\/td>\n<td> Armario de cocina<\/td>\n<\/tr>\n<tr>\n<td> Marca<\/td>\n<td> Sinoextrud,Sinoextrud, o marca OEM<\/td>\n<\/tr>\n<tr>\n<td> Proceso CNC<\/td>\n<td> Fresado CNC, taladrado, punzonado, perforaci\u00f3n, roscado, plegado<\/td>\n<\/tr>\n<tr>\n<td> MOQ<\/td>\n<td> 200KG para cada art\u00edculo<\/td>\n<\/tr>\n<tr>\n<td> Superficie acabada<\/td>\n<td> Acabado de fresado, grano de madera, anodizado, recubrimiento en polvo, electroforesis, cepillado, etc.<\/td>\n<\/tr>\n<tr>\n<td> Garant\u00eda<\/td>\n<td> ISO9001,ISO4001,CQM,SGS,CE,BV etc.<\/td>\n<\/tr>\n<\/tbody>\n<\/table>\n<h2>Nuestra base de fabricaci\u00f3n<\/h2>\n<h3>Panorama de la f\u00e1brica<\/h3>\n<p><img decoding=\"async\" src=\"\/wp-content\/uploads\/factory-01.webp\"\/><\/p>\n<h3>Taller de fabricaci\u00f3n de barras de aluminio<\/h3>\n<p><img decoding=\"async\" src=\"\/wp-content\/uploads\/factory-02.webp\"\/><\/p>\n<\/p>\n<p><img decoding=\"async\" src=\"\/wp-content\/uploads\/factory-03.webp\"\/><\/p>\n<h3>Almac\u00e9n de moldes<\/h3>\n<p><img decoding=\"async\" src=\"\/wp-content\/uploads\/factory-04.webp\"\/><\/p>\n<h3>43 L\u00c3neas de extrusi\u00c3\u00b3n de aluminio (500\u00e2\u20ac\"5500 toneladas)<\/h3>\n<p><img decoding=\"async\" src=\"\/wp-content\/uploads\/factory-05.webp\"\/><\/p>\n<p><img decoding=\"async\" src=\"\/wp-content\/uploads\/factory-06.webp\"\/><\/p>\n<p><img decoding=\"async\" src=\"\/wp-content\/uploads\/factory-07.webp\"\/><\/p>\n<h3>Taller de pintura en polvo<\/h3>\n<p><img decoding=\"async\" src=\"\/wp-content\/uploads\/factory-09.webp\"\/><\/p>\n<h3>Taller de anodizado<\/h3>\n<p><img decoding=\"async\" src=\"\/wp-content\/uploads\/factory-10.webp\"\/><\/p>\n<h3>Taller de procesamiento profundo<\/h3>\n<p><img decoding=\"async\" src=\"\/wp-content\/uploads\/factory-11.webp\"\/><\/p>\n<h3>Taller de mecanizado de precisi\u00f3n CNC<\/h3>\n<p><img decoding=\"async\" src=\"\/wp-content\/uploads\/factory-11.5.webp\"\/><\/p>\n<h3>Almac\u00e9n de productos acabados y de exportaci\u00f3n<\/h3>\n<p><img decoding=\"async\" src=\"\/wp-content\/uploads\/factory-12.webp\"\/><\/p>\n<p><img decoding=\"async\" src=\"\/wp-content\/uploads\/factory-13.webp\"\/><\/p>\n<p><img decoding=\"async\" src=\"\/wp-content\/uploads\/factory-14.webp\"\/><\/p>\n<h2>PREGUNTAS FRECUENTES<\/h2>\n<p><b>1. \u00bfQu\u00e9 son los tiradores de aluminio extruido para cajones?<\/b><\/p>\n<p>Los tiradores de aluminio extruido para cajones son tiradores elegantes y duraderos fabricados en extrusi\u00f3n de aluminio que se utilizan para abrir cajones y armarios.\n<\/p>\n<p><\/p>\n<p><b>2.\u00bfCu\u00e1les son las ventajas de utilizar tiradores de aluminio extruido para cajones?<\/b><\/p>\n<p>Ofrecen ligereza, resistencia a la corrosi\u00f3n, dise\u00f1o moderno y utilidad a largo plazo en diversas aplicaciones de mobiliario.\n<\/p>\n<p><\/p>\n<p><b>3. \u00bfSe pueden personalizar los tiradores de aluminio extruido para cajones?<\/b><\/p>\n<p>S\u00ed, ofrecemos longitudes, perfiles, acabados y colores personalizados para combinar con diferentes estilos de armarios y temas de dise\u00f1o.\n<\/p>\n<p><\/p>\n<p><b>4.\u00bfEstos tiradores de caj\u00f3n son adecuados para la cocina?<\/b><\/p>\n<p>S\u00ed, su resistencia a la corrosi\u00f3n y su aspecto moderno los hacen ideales para cocinas, as\u00ed como ba\u00f1os y oficinas.\n<\/p>\n<p><\/p>\n<p><b>5.\u00bfQu\u00e9 acabados hay disponibles para los tiradores de aluminio extruido para cajones?<\/b><\/p>\n<p>Los acabados disponibles incluyen anodizado, cepillado, mate, pulido y con recubrimiento en polvo para una mayor versatilidad visual y protecci\u00f3n.\n<\/p>\n<p><\/p>\n<p><b>6.\u00bfSon f\u00e1ciles de instalar los tiradores de aluminio extruido para cajones?<\/b><\/p>\n<p>S\u00ed, est\u00e1n dise\u00f1ados para una instalaci\u00f3n sencilla con tornillos y accesorios de montaje comunes.\n<\/p>\n<p><\/p>\n<p><b>7. \u00bfD\u00f3nde se pueden utilizar los tiradores de aluminio extruido para cajones?<\/b><\/p>\n<p>Se utilizan ampliamente en armarios residenciales, muebles de oficina, cajas de herramientas y unidades de almacenamiento comercial.\n<\/p>\n<p><\/p>\n<p><b>8.\u00bfSon estos tiradores de caj\u00f3n resistentes al desgaste y a las huellas dactilares?<\/b><\/p>\n<p>S\u00ed, muchos acabados ofrecen una excelente resistencia al desgaste diario, las manchas y las huellas dactilares, manteniendo un aspecto limpio.\n<\/p>\n<p><\/p>","protected":false},"featured_media":7621,"template":"","categories":[67],"class_list":["post-7622","product","type-product","status-publish","has-post-thumbnail","hentry","category-architectural-aluminium-profile"],"meta_box":{"hilight_text_group":{"product_hilight_text":"<li>Made from high-quality aluminum for strength and durability<\/li>\r\r\n<li>Lightweight and corrosion-resistant for long-lasting performance<\/li>\r\r\n<li>Sleek, modern appearance enhances cabinet and furniture aesthetics<\/li>\r\r\n<li>Available in various lengths, finishes, and styles<\/li>\r\r\n<li>Precision-extruded for consistent shape and smooth edges<\/li>\r\r\n<li>Easy to install with standard mounting hardware<\/li>\r\r\n<li>Ideal for kitchen cabinets, office furniture, and storage drawers<\/li>","product_chanpin_blog":"<ul>\r\r\n<li><a href=\"https:\/\/sinoextrud.com\/t-slot-v-slot-differences\/\" target=\"_blank\">t slot vs v slot<\/a><\/li>\r\r\n<li><a href=\"https:\/\/sinoextrud.com\/what-is-4040-aluminium-extrud\/\" target=\"_blank\">4040 aluminium extrusion<\/a><\/li>\r\r\n<li><a href=\"https:\/\/sinoextrud.com\/what-is-4040-aluminium-extrud\/\" target=\"_blank\">aluminum extrusions for industrial racks<\/a><\/li>\r\r\n<li><a href=\"https:\/\/sinoextrud.com\/powder-coating-aluminium-process\/\" target=\"_blank\">powder coating aluminium<\/a><\/li>\r\r\n<li><a href=\"https:\/\/sinoextrud.com\/what-is-an-aluminium-strip-ceiling\/\" target=\"_blank\">aluminium strip ceiling<\/a><\/li>\r\r\n<li><a href=\"https:\/\/sinoextrud.com\/what-is-a-heat-sink\/\" target=\"_blank\">what is a heat sink<\/a><\/li>\r\r\n<\/ul>","product_chanpin_chanpin":"<li><a href=\"https:\/\/sinoextrud.com\/product\/aluminum-window-extrusion-profiles\/\" target=\"_blank\">Aluminum Window Extrusion Profiles<\/a><\/li>\r\n<li><a href=\"https:\/\/sinoextrud.com\/product\/extruded-aluminium-window-frames\/\" target=\"_blank\">Extruded Aluminium Window Frames<\/a><\/li>\r\n<li><a href=\"https:\/\/sinoextrud.com\/product\/profile-aluminium-extrusion-used-for-door\/\" target=\"_blank\">Profile Aluminium Extrusion Used For Door<\/a><\/li>\r\n<li><a href=\"https:\/\/sinoextrud.com\/product\/square-aluminum-extrusion\/\" target=\"_blank\">Square Aluminum Extrusion<\/a><\/li>\r\n<li><a href=\"https:\/\/sinoextrud.com\/product\/extruded-aluminum-drawer-pulls\/\" target=\"_blank\">Extruded Aluminum Drawer Pulls<\/a><\/li>\r\n<li><a href=\"https:\/\/sinoextrud.com\/product\/picture-frame-extrusions\/\" target=\"_blank\">Picture Frame Extrusions<\/a><\/li>\r\n<li><a href=\"https:\/\/sinoextrud.com\/product\/architectural-aluminum-extrusion-profiles\/\" target=\"_blank\">Architectural Aluminum Extrusion Profiles<\/a><\/li>\r\n<li><a href=\"https:\/\/sinoextrud.com\/product\/aluminum-outdoor-louvers\/\" target=\"_blank\">Aluminum Outdoor Louvers<\/a><\/li>\r\n<li><a href=\"https:\/\/sinoextrud.com\/product\/anodized-aluminum-frame-profile-brushed-photo-aluminum-frame-modern-decorative-industrial-frame-profile\/\" target=\"_blank\">Anodized Aluminum Frame Profile Brushed Photo Aluminum Frame Modern Decorative Industrial Frame Profile<\/a><\/li>\r\n<li><a href=\"https:\/\/sinoextrud.com\/product\/cutting-aluminium-extrusion\/\" target=\"_blank\">Cutting Aluminium Extrusion<\/a><\/li>\r\n<li><a href=\"https:\/\/sinoextrud.com\/product\/custom-extruded-aluminum-enclosures-used-for-motor-shell\/\" target=\"_blank\">Custom Extruded Aluminum Enclosures Used For Motor Shell<\/a><\/li>"},"feature_list":[]},"_links":{"self":[{"href":"https:\/\/sinoextrud.com\/es\/wp-json\/wp\/v2\/product\/7622","targetHints":{"allow":["GET"]}}],"collection":[{"href":"https:\/\/sinoextrud.com\/es\/wp-json\/wp\/v2\/product"}],"about":[{"href":"https:\/\/sinoextrud.com\/es\/wp-json\/wp\/v2\/types\/product"}],"wp:featuredmedia":[{"embeddable":true,"href":"https:\/\/sinoextrud.com\/es\/wp-json\/wp\/v2\/media\/7621"}],"wp:attachment":[{"href":"https:\/\/sinoextrud.com\/es\/wp-json\/wp\/v2\/media?parent=7622"}],"wp:term":[{"taxonomy":"category","embeddable":true,"href":"https:\/\/sinoextrud.com\/es\/wp-json\/wp\/v2\/categories?post=7622"}],"curies":[{"name":"wp","href":"https:\/\/api.w.org\/{rel}","templated":true}]}}