{"id":7618,"date":"2025-06-09T06:31:07","date_gmt":"2025-06-09T06:31:07","guid":{"rendered":"https:\/\/sinoextrud.com\/product\/profile-aluminium-extrusion-used-for-door\/"},"modified":"2025-06-24T06:13:15","modified_gmt":"2025-06-24T06:13:15","slug":"perfil-de-extrusion-de-aluminio-para-puertas","status":"publish","type":"product","link":"https:\/\/sinoextrud.com\/es\/product\/profile-aluminium-extrusion-used-for-door\/","title":{"rendered":"Perfil de extrusi\u00f3n de aluminio utilizado para puertas"},"content":{"rendered":"<h2>Productos<\/h2>\n<table class=\"custom-table\">\n<tbody>\n<tr>\n<td> Nombre de la empresa<\/td>\n<td> Sinoextrud <\/td>\n<\/tr>\n<tr>\n<td> Estilo empresarial<\/td>\n<td> Fabricante, empresa de importaci\u00f3n y exportaci\u00f3n<\/td>\n<\/tr>\n<tr>\n<td> Marca<\/td>\n<td> Sinoextrud \/ Sinoextrud \/ Perfiles de aluminio Sinoextrud<\/td>\n<\/tr>\n<tr>\n<td> Calidad del material<\/td>\n<td> 6061, 6063, 6005A, 6005, 6082, 6463, disponible<\/td>\n<\/tr>\n<tr>\n<td> Longitud<\/td>\n<td> 1-9m, o personalizaci\u00f3n<\/td>\n<\/tr>\n<tr>\n<td> MOQ<\/td>\n<td> 200KGS para cada art\u00edculo \/ color<\/td>\n<\/tr>\n<tr>\n<td> Tratamiento de superficies<\/td>\n<td> Acabado fresado, anodizado, pintura en polvo, electroforesis, fluorocarbono (PVDF), veteado de madera, pulido, cepillado, chorro de arena, etc.<\/td>\n<\/tr>\n<tr>\n<td> Proceso CNC<\/td>\n<td> Taladrado, plegado, soldadura, roscado, corte, punzonado, etc.<\/td>\n<\/tr>\n<tr>\n<td> Color<\/td>\n<td> Muchos colores, o personalizaci\u00f3n<\/td>\n<\/tr>\n<tr>\n<td> Paquete<\/td>\n<td> Interior con pel\u00edcula protectora, pl\u00e1stico retr\u00e1ctil o espuma de PE, exterior con cart\u00f3n, o marco de madera o a medida<\/td>\n<\/tr>\n<tr>\n<td> Plazo de pago<\/td>\n<td> 30% pago por adelantado, saldo antes del env\u00edo<\/td>\n<\/tr>\n<tr>\n<td> Puerto de carga<\/td>\n<td> FOB Shenzhen, Guangzhou, Foshan<\/td>\n<\/tr>\n<tr>\n<td> Plazo de entrega<\/td>\n<td> 25-30 d\u00edas despu\u00e9s de la recepci\u00f3n del dep\u00f3sito del comprador.<\/td>\n<\/tr>\n<\/tbody>\n<\/table>\n<h2>Nuestra base de fabricaci\u00f3n<\/h2>\n<h3>Panorama de la f\u00e1brica<\/h3>\n<p><img decoding=\"async\" src=\"\/wp-content\/uploads\/factory-01.webp\"\/><\/p>\n<h3>Taller de fabricaci\u00f3n de barras de aluminio<\/h3>\n<p><img decoding=\"async\" src=\"\/wp-content\/uploads\/factory-02.webp\"\/><\/p>\n<\/p>\n<p><img decoding=\"async\" src=\"\/wp-content\/uploads\/factory-03.webp\"\/><\/p>\n<h3>Almac\u00e9n de moldes<\/h3>\n<p><img decoding=\"async\" src=\"\/wp-content\/uploads\/factory-04.webp\"\/><\/p>\n<h3>43 L\u00c3neas de extrusi\u00c3\u00b3n de aluminio (500\u00e2\u20ac\"5500 toneladas)<\/h3>\n<p><img decoding=\"async\" src=\"\/wp-content\/uploads\/factory-05.webp\"\/><\/p>\n<p><img decoding=\"async\" src=\"\/wp-content\/uploads\/factory-06.webp\"\/><\/p>\n<p><img decoding=\"async\" src=\"\/wp-content\/uploads\/factory-07.webp\"\/><\/p>\n<h3>Taller de pintura en polvo<\/h3>\n<p><img decoding=\"async\" src=\"\/wp-content\/uploads\/factory-09.webp\"\/><\/p>\n<h3>Taller de anodizado<\/h3>\n<p><img decoding=\"async\" src=\"\/wp-content\/uploads\/factory-10.webp\"\/><\/p>\n<h3>Taller de procesamiento profundo<\/h3>\n<p><img decoding=\"async\" src=\"\/wp-content\/uploads\/factory-11.webp\"\/><\/p>\n<h3>Taller de mecanizado de precisi\u00f3n CNC<\/h3>\n<p><img decoding=\"async\" src=\"\/wp-content\/uploads\/factory-11.5.webp\"\/><\/p>\n<h3>Almac\u00e9n de productos acabados y de exportaci\u00f3n<\/h3>\n<p><img decoding=\"async\" src=\"\/wp-content\/uploads\/factory-12.webp\"\/><\/p>\n<p><img decoding=\"async\" src=\"\/wp-content\/uploads\/factory-13.webp\"\/><\/p>\n<p><img decoding=\"async\" src=\"\/wp-content\/uploads\/factory-14.webp\"\/><\/p>\n<h2>PREGUNTAS FRECUENTES<\/h2>\n<p><b>1. \u00bfQu\u00e9 es la extrusi\u00f3n de perfil de aluminio utilizada para puertas?<\/b><\/p>\n<p>La extrusi\u00f3n de perfiles de aluminio utilizada para puertas se refiere a perfiles de aluminio especialmente dise\u00f1ados que forman el marco estructural de diferentes tipos de puertas.\n<\/p>\n<p><\/p>\n<p><b>2.\u00bfCu\u00e1les son las ventajas de utilizar perfiles de extrusi\u00f3n de aluminio para las puertas?<\/b><\/p>\n<p>Ofrecen solidez, resistencia a la corrosi\u00f3n, estructura ligera y soporte para el aislamiento t\u00e9rmico en los sistemas de puertas modernos.\n<\/p>\n<p><\/p>\n<p><b>3.\u00bfLos perfiles de aluminio para puertas son adecuados para su uso en exteriores?<\/b><\/p>\n<p>S\u00ed, los perfiles de aluminio son resistentes a la corrosi\u00f3n y est\u00e1n dise\u00f1ados para soportar condiciones clim\u00e1ticas adversas, por lo que son ideales para puertas de exterior.\n<\/p>\n<p><\/p>\n<p><b>4.\u00bfSe puede personalizar la extrusi\u00f3n de perfiles de aluminio para diferentes dise\u00f1os de puertas?<\/b><\/p>\n<p>S\u00ed, ofrecemos tama\u00f1os, colores y acabados personalizados para adaptarse a tipos de puertas y requisitos arquitect\u00f3nicos espec\u00edficos.\n<\/p>\n<p><\/p>\n<p><b>5.\u00bfQu\u00e9 tipos de puertas utilizan perfiles de extrusi\u00f3n de aluminio?<\/b><\/p>\n<p>Estos perfiles se utilizan en puertas correderas, puertas batientes, puertas plegables y puertas de cristal sin marco.\n<\/p>\n<p><\/p>\n<p><b>6.\u00bfEs eficiente energ\u00e9ticamente la extrusi\u00f3n de perfiles de aluminio?<\/b><\/p>\n<p>S\u00ed, existen opciones de rotura de puente t\u00e9rmico que ayudan a reducir la transferencia de calor y mejoran la eficiencia energ\u00e9tica de los edificios.\n<\/p>\n<p><\/p>\n<p><b>7.\u00bfSon f\u00e1ciles de instalar los perfiles de aluminio para puertas?<\/b><\/p>\n<p>S\u00ed, son ligeros y est\u00e1n dise\u00f1ados para ser compatibles con los racores est\u00e1ndar, por lo que su instalaci\u00f3n es r\u00e1pida y eficaz.\n<\/p>\n<p><\/p>\n<p><b>8.\u00bfD\u00f3nde se utilizan habitualmente los perfiles de aluminio para puertas?<\/b><\/p>\n<p>Se utilizan ampliamente en edificios residenciales, comerciales e industriales para puertas de entrada, puertas de patio y tabiques interiores.\n<\/p>\n<p><\/p>","protected":false},"featured_media":7617,"template":"","categories":[67],"class_list":["post-7618","product","type-product","status-publish","has-post-thumbnail","hentry","category-architectural-aluminium-profile"],"meta_box":{"hilight_text_group":{"product_hilight_text":"<li>High-strength aluminum profiles provide stable and durable door framing<\/li>\r\r\n<li>Corrosion-resistant finish ensures long service life in all climates<\/li>\r\r\n<li>Lightweight design allows for easier transportation and installation<\/li>\r\r\n<li>Compatible with various door types including sliding, hinged, and folding<\/li>\r\r\n<li>Supports thermal break for improved energy efficiency<\/li>\r\r\n<li>Custom sizes, colors, and finishes available to match architectural styles<\/li>\r\r\n<li>Precision extrusion ensures consistent fit and seamless integration<\/li>","product_chanpin_blog":"<ul>\r\r\n<li><a href=\"https:\/\/sinoextrud.com\/t-slot-v-slot-differences\/\" target=\"_blank\">t slot vs v slot<\/a><\/li>\r\r\n<li><a href=\"https:\/\/sinoextrud.com\/what-is-4040-aluminium-extrud\/\" target=\"_blank\">4040 aluminium extrusion<\/a><\/li>\r\r\n<li><a href=\"https:\/\/sinoextrud.com\/what-is-4040-aluminium-extrud\/\" target=\"_blank\">aluminum extrusions for industrial racks<\/a><\/li>\r\r\n<li><a href=\"https:\/\/sinoextrud.com\/powder-coating-aluminium-process\/\" target=\"_blank\">powder coating aluminium<\/a><\/li>\r\r\n<li><a href=\"https:\/\/sinoextrud.com\/what-is-an-aluminium-strip-ceiling\/\" target=\"_blank\">aluminium strip ceiling<\/a><\/li>\r\r\n<li><a href=\"https:\/\/sinoextrud.com\/what-is-a-heat-sink\/\" target=\"_blank\">what is a heat sink<\/a><\/li>\r\r\n<\/ul>","product_chanpin_chanpin":"<li><a href=\"https:\/\/sinoextrud.com\/product\/aluminium-profiles-for-bedroom-doors\/\" target=\"_blank\">Aluminium Profiles For Bedroom Doors<\/a><\/li>\r\n<li><a href=\"https:\/\/sinoextrud.com\/product\/extruded-aluminum-framing\/\" target=\"_blank\">Extruded Aluminum Framing<\/a><\/li>\r\n<li><a href=\"https:\/\/sinoextrud.com\/product\/aluminum-window-extrusion-profiles\/\" target=\"_blank\">Aluminum Window Extrusion Profiles<\/a><\/li>\r\n<li><a href=\"https:\/\/sinoextrud.com\/product\/extruded-aluminium-window-frames\/\" target=\"_blank\">Extruded Aluminium Window Frames<\/a><\/li>\r\n<li><a href=\"https:\/\/sinoextrud.com\/product\/profile-aluminium-extrusion-used-for-door\/\" target=\"_blank\">Profile Aluminium Extrusion Used For Door<\/a><\/li>\r\n<li><a href=\"https:\/\/sinoextrud.com\/product\/square-aluminum-extrusion\/\" target=\"_blank\">Square Aluminum Extrusion<\/a><\/li>\r\n<li><a href=\"https:\/\/sinoextrud.com\/product\/extruded-aluminum-drawer-pulls\/\" target=\"_blank\">Extruded Aluminum Drawer Pulls<\/a><\/li>\r\n<li><a href=\"https:\/\/sinoextrud.com\/product\/picture-frame-extrusions\/\" target=\"_blank\">Picture Frame Extrusions<\/a><\/li>\r\n<li><a href=\"https:\/\/sinoextrud.com\/product\/architectural-aluminum-extrusion-profiles\/\" target=\"_blank\">Architectural Aluminum Extrusion Profiles<\/a><\/li>\r\n<li><a href=\"https:\/\/sinoextrud.com\/product\/aluminum-extrusion-bathroom-mirror-cabinet-aluminum-profile\/\" target=\"_blank\">Aluminum Extrusion Bathroom Mirror Cabinet Aluminum Profile<\/a><\/li>\r\n<li><a href=\"https:\/\/sinoextrud.com\/product\/aluminum-extrusion-framing-components\/\" target=\"_blank\">Aluminum Extrusion Framing Components<\/a><\/li>"},"feature_list":[]},"_links":{"self":[{"href":"https:\/\/sinoextrud.com\/es\/wp-json\/wp\/v2\/product\/7618","targetHints":{"allow":["GET"]}}],"collection":[{"href":"https:\/\/sinoextrud.com\/es\/wp-json\/wp\/v2\/product"}],"about":[{"href":"https:\/\/sinoextrud.com\/es\/wp-json\/wp\/v2\/types\/product"}],"wp:featuredmedia":[{"embeddable":true,"href":"https:\/\/sinoextrud.com\/es\/wp-json\/wp\/v2\/media\/7617"}],"wp:attachment":[{"href":"https:\/\/sinoextrud.com\/es\/wp-json\/wp\/v2\/media?parent=7618"}],"wp:term":[{"taxonomy":"category","embeddable":true,"href":"https:\/\/sinoextrud.com\/es\/wp-json\/wp\/v2\/categories?post=7618"}],"curies":[{"name":"wp","href":"https:\/\/api.w.org\/{rel}","templated":true}]}}