{"id":7613,"date":"2025-06-09T06:22:41","date_gmt":"2025-06-09T06:22:41","guid":{"rendered":"https:\/\/sinoextrud.com\/product\/aluminum-window-extrusion-profiles\/"},"modified":"2025-06-24T06:13:14","modified_gmt":"2025-06-24T06:13:14","slug":"perfiles-de-aluminio-para-ventanas-2","status":"publish","type":"product","link":"https:\/\/sinoextrud.com\/es\/product\/aluminum-window-extrusion-profiles\/","title":{"rendered":"Perfiles de aluminio para extrusi\u00f3n de ventanas"},"content":{"rendered":"<h2>Productos<\/h2>\n<table class=\"custom-table\">\n<tr>\n<td class=\"label\">Nombre<\/td>\n<td>Perfiles de aluminio para ventanas<\/td>\n<\/tr>\n<tr>\n<td class=\"label\">Marca<\/td>\n<td>Sinoextrud<\/td>\n<\/tr>\n<tr>\n<td class=\"label\">Categor\u00eda<\/td>\n<td>Perfil de aluminio<\/td>\n<\/tr>\n<tr>\n<td class=\"label\">Material<\/td>\n<td>Especializados en la producci\u00f3n de aleaci\u00f3n 6061. Tambi\u00e9n podemos hacer aleaci\u00f3n 6063, 6463, 6005, 6082<\/td>\n<\/tr>\n<tr>\n<td class=\"label\">Temple<\/td>\n<td>T5-T8<\/td>\n<\/tr>\n<tr>\n<td class=\"label\">Longitud<\/td>\n<td>1-9m u otros est\u00e1 disponible<\/td>\n<\/tr>\n<tr>\n<td class=\"label\">Tama\u00f1o (mm)<\/td>\n<td>Bas\u00e1ndose en el dibujo de la oferta<\/td>\n<\/tr>\n<tr>\n<td class=\"label\">Forma<\/td>\n<td>Cuadrado\/ rect\u00e1ngulo \/personalizaci\u00f3n<\/td>\n<\/tr>\n<tr>\n<td class=\"label\">Tratamiento de superficies<\/td>\n<td>Acabado de fresado, anodizado, chorro de arena, pulido, electroforesis, revestimiento de potencia, grano de madera, etc.<\/td>\n<\/tr>\n<tr>\n<td class=\"label\">Color<\/td>\n<td>Mientras que, negro, plata, bronce, oro, champ\u00e1n, oscuro, cobre , etc<\/td>\n<\/tr>\n<tr>\n<td class=\"label\">Certificado<\/td>\n<td>TUV, ASTM, GB<\/td>\n<\/tr>\n<tr>\n<td class=\"label\">En<\/td>\n<td>Guangdong, China<\/td>\n<\/tr>\n<tr>\n<td class=\"label\">Aplicaci\u00f3n<\/td>\n<td>Puertas y ventanas<\/td>\n<\/tr>\n<tr>\n<td class=\"label\">L\u00ednea de oxidaci\u00f3n an\u00f3dica<\/td>\n<td>L\u00ednea de revestimiento de energ\u00eda\uff0c<\/td>\n<\/tr>\n<\/table>\n<h2>Nuestra base de fabricaci\u00f3n<\/h2>\n<h3>Panorama de la f\u00e1brica<\/h3>\n<p><img decoding=\"async\" src=\"\/wp-content\/uploads\/factory-01.webp\"\/><\/p>\n<h3>Taller de fabricaci\u00f3n de barras de aluminio<\/h3>\n<p><img decoding=\"async\" src=\"\/wp-content\/uploads\/factory-02.webp\"\/><\/p>\n<\/p>\n<p><img decoding=\"async\" src=\"\/wp-content\/uploads\/factory-03.webp\"\/><\/p>\n<h3>Almac\u00e9n de moldes<\/h3>\n<p><img decoding=\"async\" src=\"\/wp-content\/uploads\/factory-04.webp\"\/><\/p>\n<h3>43 L\u00c3neas de extrusi\u00c3\u00b3n de aluminio (500\u00e2\u20ac\"5500 toneladas)<\/h3>\n<p><img decoding=\"async\" src=\"\/wp-content\/uploads\/factory-05.webp\"\/><\/p>\n<p><img decoding=\"async\" src=\"\/wp-content\/uploads\/factory-06.webp\"\/><\/p>\n<p><img decoding=\"async\" src=\"\/wp-content\/uploads\/factory-07.webp\"\/><\/p>\n<h3>Taller de pintura en polvo<\/h3>\n<p><img decoding=\"async\" src=\"\/wp-content\/uploads\/factory-09.webp\"\/><\/p>\n<h3>Taller de anodizado<\/h3>\n<p><img decoding=\"async\" src=\"\/wp-content\/uploads\/factory-10.webp\"\/><\/p>\n<h3>Taller de procesamiento profundo<\/h3>\n<p><img decoding=\"async\" src=\"\/wp-content\/uploads\/factory-11.webp\"\/><\/p>\n<h3>Taller de mecanizado de precisi\u00f3n CNC<\/h3>\n<p><img decoding=\"async\" src=\"\/wp-content\/uploads\/factory-11.5.webp\"\/><\/p>\n<h3>Almac\u00e9n de productos acabados y de exportaci\u00f3n<\/h3>\n<p><img decoding=\"async\" src=\"\/wp-content\/uploads\/factory-12.webp\"\/><\/p>\n<p><img decoding=\"async\" src=\"\/wp-content\/uploads\/factory-13.webp\"\/><\/p>\n<p><img decoding=\"async\" src=\"\/wp-content\/uploads\/factory-14.webp\"\/><\/p>\n<h2>PREGUNTAS FRECUENTES<\/h2>\n<p><b>1. \u00bfQu\u00e9 son los perfiles de aluminio para extrusi\u00f3n de ventanas?<\/b><\/p>\n<p>Los perfiles de extrusi\u00f3n de aluminio para ventanas son perfiles de aluminio especialmente dise\u00f1ados que se utilizan para construir marcos de ventanas duraderos y eficientes para edificios residenciales y comerciales.\n<\/p>\n<p><\/p>\n<p><b>2. \u00bfPor qu\u00e9 elegir perfiles de aluminio para extrusi\u00f3n de ventanas?<\/b><\/p>\n<p>Ofrecen una excelente solidez, resistencia a la corrosi\u00f3n y opciones de personalizaci\u00f3n, por lo que son ideales para soluciones de ventanas duraderas.\n<\/p>\n<p><\/p>\n<p><b>3.\u00bfExisten opciones de rotura de puente t\u00e9rmico para los perfiles de extrusi\u00f3n de aluminio para ventanas?<\/b><\/p>\n<p>S\u00ed, existen dise\u00f1os con rotura de puente t\u00e9rmico para mejorar la eficiencia energ\u00e9tica y reducir la transferencia de calor a trav\u00e9s del marco de la ventana.\n<\/p>\n<p><\/p>\n<p><b>4. \u00bfSe pueden personalizar los perfiles de aluminio para extrusi\u00f3n de ventanas?<\/b><\/p>\n<p>S\u00ed, suministramos perfiles a medida en varios tama\u00f1os, formas y acabados para satisfacer sus requisitos espec\u00edficos de sistemas de ventanas.\n<\/p>\n<p><\/p>\n<p><b>5. \u00bfQu\u00e9 tipos de ventanas pueden utilizar perfiles de aluminio para extrusi\u00f3n de ventanas?<\/b><\/p>\n<p>Estos perfiles son adecuados para ventanas correderas, abatibles, con toldo y fijas.\n<\/p>\n<p><\/p>\n<p><b>6.\u00bfLos perfiles de aluminio para extrusi\u00f3n de ventanas son resistentes a la intemperie?<\/b><\/p>\n<p>S\u00ed, est\u00e1n hechos de aluminio resistente a la corrosi\u00f3n y fabricados para soportar diversas condiciones ambientales.\n<\/p>\n<p><\/p>\n<p><b>7.\u00bfAdmiten los perfiles de aluminio para ventanas grandes superficies acristaladas?<\/b><\/p>\n<p>S\u00ed, su resistencia estructural permite soportar vidrios de mayor tama\u00f1o manteniendo la integridad y el rendimiento del marco.\n<\/p>\n<p><\/p>\n<p><b>8. \u00bfD\u00f3nde se suelen utilizar los perfiles de aluminio para extrusi\u00f3n de ventanas?<\/b><\/p>\n<p>Se utilizan ampliamente en viviendas residenciales, edificios comerciales, sistemas de muros cortina y edificios de gran altura.\n<\/p>\n<p><\/p>","protected":false},"featured_media":7612,"template":"","categories":[67],"class_list":["post-7613","product","type-product","status-publish","has-post-thumbnail","hentry","category-architectural-aluminium-profile"],"meta_box":{"hilight_text_group":{"product_hilight_text":"<li>High-strength aluminum profiles ensure window frame durability<\/li>\r\r\n<li>Excellent thermal insulation options available with thermal breaks<\/li>\r\r\n<li>Corrosion-resistant for long-term outdoor performance<\/li>\r\r\n<li>Supports various window styles including sliding, casement, and fixed<\/li>\r\r\n<li>Smooth surface finish enhances aesthetic appeal<\/li>\r\r\n<li>Available in custom sizes, colors, and finishes<\/li>\r\r\n<li>Lightweight material makes installation faster and easier<\/li>","product_chanpin_blog":"<ul>\r\r\n<li><a href=\"https:\/\/sinoextrud.com\/t-slot-v-slot-differences\/\" target=\"_blank\">t slot vs v slot<\/a><\/li>\r\r\n<li><a href=\"https:\/\/sinoextrud.com\/what-is-4040-aluminium-extrud\/\" target=\"_blank\">4040 aluminium extrusion<\/a><\/li>\r\r\n<li><a href=\"https:\/\/sinoextrud.com\/what-is-4040-aluminium-extrud\/\" target=\"_blank\">aluminum extrusions for industrial racks<\/a><\/li>\r\r\n<li><a href=\"https:\/\/sinoextrud.com\/powder-coating-aluminium-process\/\" target=\"_blank\">powder coating aluminium<\/a><\/li>\r\r\n<li><a href=\"https:\/\/sinoextrud.com\/what-is-an-aluminium-strip-ceiling\/\" target=\"_blank\">aluminium strip ceiling<\/a><\/li>\r\r\n<li><a href=\"https:\/\/sinoextrud.com\/what-is-a-heat-sink\/\" target=\"_blank\">what is a heat sink<\/a><\/li>\r\r\n<\/ul>","product_chanpin_chanpin":"<li><a href=\"https:\/\/sinoextrud.com\/product\/aluminum-extrusion-profile-rolling-shutter\/\" target=\"_blank\">Aluminum Extrusion Profile Rolling Shutter<\/a><\/li>\r\n<li><a href=\"https:\/\/sinoextrud.com\/product\/aluminum-fireproof-outdoor-terracce-decking-floor\/\" target=\"_blank\">Aluminum Fireproof Outdoor Terracce Decking Floor<\/a><\/li>\r\n<li><a href=\"https:\/\/sinoextrud.com\/product\/aluminium-profiles-for-bedroom-doors\/\" target=\"_blank\">Aluminium Profiles For Bedroom Doors<\/a><\/li>\r\n<li><a href=\"https:\/\/sinoextrud.com\/product\/extruded-aluminum-framing\/\" target=\"_blank\">Extruded Aluminum Framing<\/a><\/li>\r\n<li><a href=\"https:\/\/sinoextrud.com\/product\/aluminum-window-extrusion-profiles\/\" target=\"_blank\">Aluminum Window Extrusion Profiles<\/a><\/li>\r\n<li><a href=\"https:\/\/sinoextrud.com\/product\/extruded-aluminium-window-frames\/\" target=\"_blank\">Extruded Aluminium Window Frames<\/a><\/li>\r\n<li><a href=\"https:\/\/sinoextrud.com\/product\/profile-aluminium-extrusion-used-for-door\/\" target=\"_blank\">Profile Aluminium Extrusion Used For Door<\/a><\/li>\r\n<li><a href=\"https:\/\/sinoextrud.com\/product\/square-aluminum-extrusion\/\" target=\"_blank\">Square Aluminum Extrusion<\/a><\/li>\r\n<li><a href=\"https:\/\/sinoextrud.com\/product\/extruded-aluminum-drawer-pulls\/\" target=\"_blank\">Extruded Aluminum Drawer Pulls<\/a><\/li>\r\n<li><a href=\"https:\/\/sinoextrud.com\/product\/extruded-aluminium-channel\/\" target=\"_blank\">Extruded Aluminium Channel<\/a><\/li>\r\n<li><a href=\"https:\/\/sinoextrud.com\/product\/aluminium-profiles-doors-windows-wood-imitation\/\" target=\"_blank\">Aluminium Profiles Doors Windows Wood Imitation<\/a><\/li>"},"feature_list":[]},"_links":{"self":[{"href":"https:\/\/sinoextrud.com\/es\/wp-json\/wp\/v2\/product\/7613","targetHints":{"allow":["GET"]}}],"collection":[{"href":"https:\/\/sinoextrud.com\/es\/wp-json\/wp\/v2\/product"}],"about":[{"href":"https:\/\/sinoextrud.com\/es\/wp-json\/wp\/v2\/types\/product"}],"wp:featuredmedia":[{"embeddable":true,"href":"https:\/\/sinoextrud.com\/es\/wp-json\/wp\/v2\/media\/7612"}],"wp:attachment":[{"href":"https:\/\/sinoextrud.com\/es\/wp-json\/wp\/v2\/media?parent=7613"}],"wp:term":[{"taxonomy":"category","embeddable":true,"href":"https:\/\/sinoextrud.com\/es\/wp-json\/wp\/v2\/categories?post=7613"}],"curies":[{"name":"wp","href":"https:\/\/api.w.org\/{rel}","templated":true}]}}