{"id":7596,"date":"2025-06-09T02:48:13","date_gmt":"2025-06-09T02:48:13","guid":{"rendered":"https:\/\/sinoextrud.com\/product\/aluminum-extrusion-frame\/"},"modified":"2025-06-24T06:13:12","modified_gmt":"2025-06-24T06:13:12","slug":"marco-de-extrusion-de-aluminio-2","status":"publish","type":"product","link":"https:\/\/sinoextrud.com\/es\/product\/aluminum-extrusion-frame\/","title":{"rendered":"Marco de extrusi\u00f3n de aluminio"},"content":{"rendered":"<h2>Productos<\/h2>\n<table class=\"custom-table\">\n<tr>\n<td class=\"label\">Nombre del producto:<\/td>\n<td>Marco de extrusi\u00f3n de aluminio, marco de extrusi\u00f3n de aluminio para cuadros<\/td>\n<\/tr>\n<tr>\n<td class=\"label\">Tipo de negocio:<\/td>\n<td>Fabricante\/F\u00e1brica<\/td>\n<\/tr>\n<tr>\n<td class=\"label\">Aleaci\u00f3n:<\/td>\n<td>6063\/6061\/6005\/6060\/7005. (Se pueden fabricar aleaciones especiales seg\u00fan sus necesidades).<\/td>\n<\/tr>\n<tr>\n<td class=\"label\">Temperamento:<\/td>\n<td>T5\/T6\/T4<\/td>\n<\/tr>\n<tr>\n<td class=\"label\">Est\u00e1ndar:<\/td>\n<td>Norma de alta precisi\u00f3n GB de China.<\/td>\n<\/tr>\n<tr>\n<td class=\"label\">Grosor:<\/td>\n<td>En funci\u00f3n de sus necesidades.<\/td>\n<\/tr>\n<tr>\n<td class=\"label\">Longitud:<\/td>\n<td>5,8 m es adecuado para la carga y la entrega. Y podemos producir cualquier longitud que desee.<\/td>\n<\/tr>\n<tr>\n<td class=\"label\">MOQ:<\/td>\n<td>Normalmente 200 kg. Normalmente 10~12 toneladas para 1*20GP y 20~23 toneladas para 1*40HQ.<\/td>\n<\/tr>\n<tr>\n<td class=\"label\">Acabado superficial:<\/td>\n<td>Acabado de fresado, anodizado, pintura en polvo, veteado de madera, pulido, cepillado, electroforesis.<\/td>\n<\/tr>\n<tr>\n<td class=\"label\">Color We Can Do:<\/td>\n<td>Plata, negro, blanco, bronce, champ\u00e1n, verde, gris, amarillo dorado, n\u00edquel o personalizado.<\/td>\n<\/tr>\n<tr>\n<td class=\"label\">Recubrimiento en polvo:<\/td>\n<td>A medida. Grosor normal: 80-120 um.<\/td>\n<\/tr>\n<tr>\n<td class=\"label\">Pel\u00edcula compleja de electroforesis:<\/td>\n<td>Grosor normal: 16 um.<\/td>\n<\/tr>\n<tr>\n<td class=\"label\">Grano de madera:<\/td>\n<td>A medida. Grosor normal: 60-120 um.<\/td>\n<\/tr>\n<\/table>\n<h2>Nuestra base de fabricaci\u00f3n<\/h2>\n<h3>Panorama de la f\u00e1brica<\/h3>\n<p><img decoding=\"async\" src=\"\/wp-content\/uploads\/factory-01.webp\"\/><\/p>\n<h3>Taller de fabricaci\u00f3n de barras de aluminio<\/h3>\n<p><img decoding=\"async\" src=\"\/wp-content\/uploads\/factory-02.webp\"\/><\/p>\n<p><img decoding=\"async\" src=\"\/wp-content\/uploads\/factory-03.webp\"\/><\/p>\n<h3>Almac\u00e9n de moldes<\/h3>\n<p><img decoding=\"async\" src=\"\/wp-content\/uploads\/factory-04.webp\"\/><\/p>\n<h3>43 l\u00edneas de extrusi\u00f3n de aluminio (500-5500 toneladas)<\/h3>\n<p><img decoding=\"async\" src=\"\/wp-content\/uploads\/factory-05.webp\"\/><\/p>\n<p><img decoding=\"async\" src=\"\/wp-content\/uploads\/factory-06.webp\"\/><\/p>\n<p><img decoding=\"async\" src=\"\/wp-content\/uploads\/factory-07.webp\"\/><\/p>\n<h3>Taller de pintura en polvo<\/h3>\n<p><img decoding=\"async\" src=\"\/wp-content\/uploads\/factory-09.webp\"\/><\/p>\n<h3>Taller de anodizado<\/h3>\n<p><img decoding=\"async\" src=\"\/wp-content\/uploads\/factory-10.webp\"\/><\/p>\n<h3>Taller de procesamiento profundo<\/h3>\n<p><img decoding=\"async\" src=\"\/wp-content\/uploads\/factory-11.webp\"\/><\/p>\n<h3>Taller de mecanizado de precisi\u00f3n CNC<\/h3>\n<p><img decoding=\"async\" src=\"\/wp-content\/uploads\/factory-11.5.webp\"\/><\/p>\n<h3>Almac\u00e9n de productos acabados y de exportaci\u00f3n<\/h3>\n<p><img decoding=\"async\" src=\"\/wp-content\/uploads\/factory-12.webp\"\/><\/p>\n<p><img decoding=\"async\" src=\"\/wp-content\/uploads\/factory-13.webp\"\/><\/p>\n<p><img decoding=\"async\" src=\"\/wp-content\/uploads\/factory-14.webp\"\/><\/p>\n<h2>PREGUNTAS FRECUENTES<\/h2>\n<p><p><b>1. \u00bfQu\u00e9 es un marco de extrusi\u00f3n de aluminio? <\/b><\/p>\n<p> Un marco de extrusi\u00f3n de aluminio es un sistema estructural construido con perfiles de aluminio extruido, conocidos por su solidez, modularidad y resistencia a la corrosi\u00f3n.<br \/>\n<\/p><br \/>\n<br \/>\n<p><b>2.\u00bfCu\u00e1les son las ventajas de los bastidores de extrusi\u00f3n de aluminio? <\/b><\/p>\n<p> Los bastidores de extrusi\u00f3n de aluminio ofrecen resistencia ligera, construcci\u00f3n modular, resistencia a la corrosi\u00f3n y f\u00e1cil personalizaci\u00f3n para diversos usos industriales y comerciales.<br \/>\n<\/p><br \/>\n<br \/>\n<p><b>3.\u00bfEs necesario soldar los bastidores de extrusi\u00f3n de aluminio? <\/b><\/p>\n<p> No, estos bastidores utilizan conectores atornillados, lo que elimina la necesidad de soldar y permite un montaje m\u00e1s r\u00e1pido y seguro.<br \/>\n<\/p><br \/>\n<br \/>\n<p><b>4.\u00bfSe pueden personalizar los marcos? <\/b><\/p>\n<p> S\u00ed, los marcos de extrusi\u00f3n de aluminio pueden personalizarse en cuanto a longitud, forma del perfil, tama\u00f1o de las ranuras y acabado para satisfacer las especificaciones \u00fanicas de cada proyecto.<br \/>\n<\/p><br \/>\n<br \/>\n<p><b>5.\u00bfSon duraderos los marcos de extrusi\u00f3n de aluminio en entornos dif\u00edciles? <\/b><\/p>\n<p> Por supuesto, el acabado anodizado o con recubrimiento de polvo proporciona una excelente resistencia a la corrosi\u00f3n, el desgaste y los factores ambientales.<br \/>\n<\/p><br \/>\n<br \/>\n<p><b>6.\u00bfQu\u00e9 industrias utilizan marcos de extrusi\u00f3n de aluminio? <\/b><\/p>\n<p> Estos bastidores se utilizan ampliamente en automatizaci\u00f3n, rob\u00f3tica, fabricaci\u00f3n, sistemas de visualizaci\u00f3n y construcci\u00f3n de salas blancas.<br \/>\n<\/p><br \/>\n<br \/>\n<p><b>7.\u00bfEs reutilizable el sistema de bastidor? <\/b><\/p>\n<p> S\u00ed, su naturaleza modular permite desmontarla y reutilizarla, por lo que resulta rentable para configuraciones din\u00e1micas o en evoluci\u00f3n.<br \/>\n<\/p><br \/>\n<br \/>\n<p><b>8.\u00bfEs f\u00e1cil integrar accesorios? <\/b><\/p>\n<p> Muy f\u00e1cil-Los marcos de extrusi\u00f3n de aluminio est\u00e1n dise\u00f1ados con ranuras estandarizadas compatibles con soportes, paneles, puertas y otros herrajes.<br \/>\n<\/p><br \/><\/p>","protected":false},"featured_media":7595,"template":"","categories":[67],"class_list":["post-7596","product","type-product","status-publish","has-post-thumbnail","hentry","category-architectural-aluminium-profile"],"meta_box":{"hilight_text_group":{"product_hilight_text":"<li>Modular aluminum extrusion design enables flexible and scalable structures.<\/li>\r\r\n<li>Lightweight yet high-strength material ideal for industrial and commercial framing.<\/li>\r\r\n<li>Corrosion-resistant surface treatment ensures durability in harsh environments.<\/li>\r\r\n<li>Compatible with standard connectors and accessories for easy assembly.<\/li>\r\r\n<li>No welding required\u00e2\u20ac\u201dreduces installation time and labor costs.<\/li>\r\r\n<li>Customizable sizes and cross-sections to meet specific application needs.<\/li>","product_chanpin_blog":"<ul>\r\r\n<li><a href=\"https:\/\/sinoextrud.com\/t-slot-v-slot-differences\/\" target=\"_blank\">t slot vs v slot<\/a><\/li>\r\r\n<li><a href=\"https:\/\/sinoextrud.com\/what-is-4040-aluminium-extrud\/\" target=\"_blank\">4040 aluminium extrusion<\/a><\/li>\r\r\n<li><a href=\"https:\/\/sinoextrud.com\/what-is-4040-aluminium-extrud\/\" target=\"_blank\">aluminum extrusions for industrial racks<\/a><\/li>\r\r\n<li><a href=\"https:\/\/sinoextrud.com\/powder-coating-aluminium-process\/\" target=\"_blank\">powder coating aluminium<\/a><\/li>\r\r\n<li><a href=\"https:\/\/sinoextrud.com\/what-is-an-aluminium-strip-ceiling\/\" target=\"_blank\">aluminium strip ceiling<\/a><\/li>\r\r\n<li><a href=\"https:\/\/sinoextrud.com\/what-is-a-heat-sink\/\" target=\"_blank\">what is a heat sink<\/a><\/li>\r\r\n<\/ul>","product_chanpin_chanpin":"<li><a href=\"https:\/\/sinoextrud.com\/product\/aluminum-window-frames-mosquito-netting-suppliers\/\" target=\"_blank\">Aluminum Window Frames Mosquito Netting Suppliers<\/a><\/li>\r\n<li><a href=\"https:\/\/sinoextrud.com\/product\/anodized-aluminum-kitchen-profile-for-handle-price\/\" target=\"_blank\">Anodized Aluminum Kitchen Profile For Handle Price<\/a><\/li>\r\n<li><a href=\"https:\/\/sinoextrud.com\/product\/triangular-aluminium-extrusion\/\" target=\"_blank\">Triangular Aluminium Extrusion<\/a><\/li>\r\n<li><a href=\"https:\/\/sinoextrud.com\/product\/aluminum-extrusion-alloys\/\" target=\"_blank\">Aluminum Extrusion Alloys<\/a><\/li>\r\n<li><a href=\"https:\/\/sinoextrud.com\/product\/aluminum-extrusion-frame\/\" target=\"_blank\">Aluminum Extrusion Frame<\/a><\/li>\r\n<li><a href=\"https:\/\/sinoextrud.com\/product\/aluminum-mirror-frame-extrusions\/\" target=\"_blank\">Aluminum Mirror Frame Extrusions<\/a><\/li>\r\n<li><a href=\"https:\/\/sinoextrud.com\/product\/aluminum-extrusion-profile-for-clean-room\/\" target=\"_blank\">Aluminum Extrusion Profile For Clean Room<\/a><\/li>\r\n<li><a href=\"https:\/\/sinoextrud.com\/product\/aluminum-extrusion-profile-rolling-shutter\/\" target=\"_blank\">Aluminum Extrusion Profile Rolling Shutter<\/a><\/li>\r\n<li><a href=\"https:\/\/sinoextrud.com\/product\/aluminum-fireproof-outdoor-terracce-decking-floor\/\" target=\"_blank\">Aluminum Fireproof Outdoor Terracce Decking Floor<\/a><\/li>\r\n<li><a href=\"https:\/\/sinoextrud.com\/product\/aluminium-rail-profile\/\" target=\"_blank\">Aluminium Rail Profile<\/a><\/li>\r\n<li><a href=\"https:\/\/sinoextrud.com\/product\/aluminum-extruded-profile\/\" target=\"_blank\">Aluminum Extruded Profile<\/a><\/li>"},"feature_list":[]},"_links":{"self":[{"href":"https:\/\/sinoextrud.com\/es\/wp-json\/wp\/v2\/product\/7596","targetHints":{"allow":["GET"]}}],"collection":[{"href":"https:\/\/sinoextrud.com\/es\/wp-json\/wp\/v2\/product"}],"about":[{"href":"https:\/\/sinoextrud.com\/es\/wp-json\/wp\/v2\/types\/product"}],"wp:featuredmedia":[{"embeddable":true,"href":"https:\/\/sinoextrud.com\/es\/wp-json\/wp\/v2\/media\/7595"}],"wp:attachment":[{"href":"https:\/\/sinoextrud.com\/es\/wp-json\/wp\/v2\/media?parent=7596"}],"wp:term":[{"taxonomy":"category","embeddable":true,"href":"https:\/\/sinoextrud.com\/es\/wp-json\/wp\/v2\/categories?post=7596"}],"curies":[{"name":"wp","href":"https:\/\/api.w.org\/{rel}","templated":true}]}}