{"id":7592,"date":"2025-06-09T02:42:40","date_gmt":"2025-06-09T02:42:40","guid":{"rendered":"https:\/\/sinoextrud.com\/product\/triangular-aluminium-extrusion\/"},"modified":"2025-06-24T06:13:11","modified_gmt":"2025-06-24T06:13:11","slug":"extrusion-triangular-de-aluminio","status":"publish","type":"product","link":"https:\/\/sinoextrud.com\/es\/product\/triangular-aluminium-extrusion\/","title":{"rendered":"Extrusi\u00f3n triangular de aluminio"},"content":{"rendered":"<h2>Productos<\/h2>\n<table class=\"custom-table\">\n<tbody>\n<tr>\n<td> Art\u00edculo<\/td>\n<td> Extrusi\u00f3n triangular de aluminio<\/td>\n<\/tr>\n<tr>\n<td> Temple<\/td>\n<td> T3-T8<\/td>\n<\/tr>\n<tr>\n<td> Flujo de procesos<\/td>\n<td> Desarrollo de moldes-Palanquillas de aluminio-Calentamiento-Moldeo con aluminio bruto-Recubrimiento de polvo anodizado<\/td>\n<\/tr>\n<tr>\n<td> Certificaci\u00f3n<\/td>\n<td> CE, ISO, SGS, TUV<\/td>\n<\/tr>\n<tr>\n<td> Aplicaci\u00f3n<\/td>\n<td> Construcci\u00f3n, industria<\/td>\n<\/tr>\n<tr>\n<td> Forma<\/td>\n<td> Triangular<\/td>\n<\/tr>\n<tr>\n<td> Tratamiento de superficies<\/td>\n<td> Acabado de fresado, anodizado, recubrimiento en\u00e9rgico, arenado, electroforesis, cepillado, pulido, etc.<\/td>\n<\/tr>\n<tr>\n<td> Color<\/td>\n<td> En funci\u00f3n de las demandas de los clientes<\/td>\n<\/tr>\n<tr>\n<td> Tratamiento en profundidad<\/td>\n<td> Corte, taladrado, mecanizado, punzonado, plegado, roscado, etc.<\/td>\n<\/tr>\n<tr>\n<td> Garant\u00eda<\/td>\n<td> ISO:9001, SONCAP , Certificado BV, TUV, SGS, o certificado del cliente Disponible<\/td>\n<\/tr>\n<tr>\n<td> MOQ<\/td>\n<td> 200KGpor cada perfil<\/td>\n<\/tr>\n<tr>\n<td> Plazo de entrega<\/td>\n<td> El desarrollo del molde y la conformaci\u00f3n de la muestra es de 12-15 d\u00edas, luego la duraci\u00f3n de la producci\u00f3n es de 15-25 d\u00edas despu\u00e9s de la recepci\u00f3n del dep\u00f3sito del comprador.<\/td>\n<\/tr>\n<tr>\n<td> Muestra gratuita<\/td>\n<td> 1-3 d\u00edas se puede enviar<\/td>\n<\/tr>\n<\/tbody>\n<\/table>\n<h2>Nuestra base de fabricaci\u00f3n<\/h2>\n<h3>Panorama de la f\u00e1brica<\/h3>\n<p><img decoding=\"async\" src=\"\/wp-content\/uploads\/factory-01.webp\"\/><\/p>\n<h3>Taller de fabricaci\u00f3n de barras de aluminio<\/h3>\n<p><img decoding=\"async\" src=\"\/wp-content\/uploads\/factory-02.webp\"\/><\/p>\n<p><img decoding=\"async\" src=\"\/wp-content\/uploads\/factory-03.webp\"\/><\/p>\n<h3>Almac\u00e9n de moldes<\/h3>\n<p><img decoding=\"async\" src=\"\/wp-content\/uploads\/factory-04.webp\"\/><\/p>\n<h3>43 L\u00c3neas de extrusi\u00c3\u00b3n de aluminio (500\u00e2\u20ac\"5500 toneladas)<\/h3>\n<p><img decoding=\"async\" src=\"\/wp-content\/uploads\/factory-05.webp\"\/><\/p>\n<p><img decoding=\"async\" src=\"\/wp-content\/uploads\/factory-06.webp\"\/><\/p>\n<p><img decoding=\"async\" src=\"\/wp-content\/uploads\/factory-07.webp\"\/><\/p>\n<h3>Taller de pintura en polvo<\/h3>\n<p><img decoding=\"async\" src=\"\/wp-content\/uploads\/factory-09.webp\"\/><\/p>\n<h3>Taller de anodizado<\/h3>\n<p><img decoding=\"async\" src=\"\/wp-content\/uploads\/factory-10.webp\"\/><\/p>\n<h3>Taller de procesamiento profundo<\/h3>\n<p><img decoding=\"async\" src=\"\/wp-content\/uploads\/factory-11.webp\"\/><\/p>\n<h3>Taller de mecanizado de precisi\u00f3n CNC<\/h3>\n<p><img decoding=\"async\" src=\"\/wp-content\/uploads\/factory-11.5.webp\"\/><\/p>\n<h3>Almac\u00e9n de productos acabados y de exportaci\u00f3n<\/h3>\n<p><img decoding=\"async\" src=\"\/wp-content\/uploads\/factory-12.webp\"\/><\/p>\n<p><img decoding=\"async\" src=\"\/wp-content\/uploads\/factory-13.webp\"\/><\/p>\n<p><img decoding=\"async\" src=\"\/wp-content\/uploads\/factory-14.webp\"\/><\/p>\n<h2>PREGUNTAS FRECUENTES<\/h2>\n<p><p><b>1. \u00bfQu\u00e9 es una extrusi\u00f3n triangular de aluminio?<\/b><\/p>\n<p>Una extrusi\u00f3n triangular de aluminio es un perfil de aluminio con una forma geom\u00e9trica de tres lados que se utiliza en aplicaciones arquitect\u00f3nicas, decorativas y estructurales.<br \/>\n<\/p><br \/>\n<br \/>\n<p><b>2.\u00bfPor qu\u00e9 utilizar perfiles triangulares de aluminio?<\/b><\/p>\n<p>Los perfiles triangulares proporcionan tanto atractivo est\u00e9tico como estabilidad mec\u00e1nica, por lo que son ideales para arriostramientos, entramados y acentos de dise\u00f1o moderno.<br \/>\n<\/p><br \/>\n<br \/>\n<p><b>3.\u00bfSe pueden personalizar las extrusiones triangulares de aluminio?<\/b><\/p>\n<p>S\u00ed, pueden personalizarse en cuanto a longitud de los lados, grosor de las paredes, \u00e1ngulo, acabado superficial y requisitos de corte a medida.<br \/>\n<\/p><br \/>\n<br \/>\n<p><b>4. \u00bfEn qu\u00e9 aplicaciones se utilizan los perfiles triangulares de aluminio?<\/b><\/p>\n<p>Se utilizan en molduras de edificios, marcos de se\u00f1alizaci\u00f3n, carcasas de LED, soportes de construcci\u00f3n y sistemas de exposici\u00f3n.<br \/>\n<\/p><br \/>\n<br \/>\n<p><b>5.\u00bfEs el material resistente a la corrosi\u00f3n?<\/b><\/p>\n<p>Por supuesto, la capa de \u00f3xido natural del aluminio y los acabados opcionales anodizados o con recubrimiento de polvo proporcionan una excelente resistencia a la corrosi\u00f3n.<br \/>\n<\/p><br \/>\n<br \/>\n<p><b>6.\u00bfPueden anodizarse o recubrirse de polvo los perfiles triangulares?<\/b><\/p>\n<p>S\u00ed, est\u00e1n disponibles en varios acabados, como anodizado, recubrimiento en polvo y cepillado, para mejorar la protecci\u00f3n y el atractivo visual.<br \/>\n<\/p><br \/>\n<br \/>\n<p><b>7.\u00bfOfrecen OEM o suministro a granel de extrusiones triangulares de aluminio?<\/b><\/p>\n<p>S\u00ed, la mayor\u00eda de los fabricantes ofrecen personalizaci\u00f3n OEM y precios directos de f\u00e1brica para pedidos de gran volumen.<br \/>\n<\/p><br \/><\/p>","protected":false},"featured_media":7591,"template":"","categories":[67],"class_list":["post-7592","product","type-product","status-publish","has-post-thumbnail","hentry","category-architectural-aluminium-profile"],"meta_box":{"hilight_text_group":{"product_hilight_text":"<li>Unique triangular shape offers structural support and modern aesthetics<\/li>\r\r\n<li>Lightweight aluminum ensures easy handling and installation<\/li>\r\r\n<li>Corrosion-resistant finish suitable for indoor and outdoor use<\/li>\r\r\n<li>Customizable angles, wall thicknesses, and finishes available<\/li>\r\r\n<li>Ideal for architectural trim, signage, framing, and industrial structures<\/li>\r\r\n<li>OEM production and competitive pricing for bulk orders<\/li>","product_chanpin_blog":"<ul>\r\r\n<li><a href=\"https:\/\/sinoextrud.com\/t-slot-v-slot-differences\/\" target=\"_blank\">t slot vs v slot<\/a><\/li>\r\r\n<li><a href=\"https:\/\/sinoextrud.com\/what-is-4040-aluminium-extrud\/\" target=\"_blank\">4040 aluminium extrusion<\/a><\/li>\r\r\n<li><a href=\"https:\/\/sinoextrud.com\/what-is-4040-aluminium-extrud\/\" target=\"_blank\">aluminum extrusions for industrial racks<\/a><\/li>\r\r\n<li><a href=\"https:\/\/sinoextrud.com\/powder-coating-aluminium-process\/\" target=\"_blank\">powder coating aluminium<\/a><\/li>\r\r\n<li><a href=\"https:\/\/sinoextrud.com\/what-is-an-aluminium-strip-ceiling\/\" target=\"_blank\">aluminium strip ceiling<\/a><\/li>\r\r\n<li><a href=\"https:\/\/sinoextrud.com\/what-is-a-heat-sink\/\" target=\"_blank\">what is a heat sink<\/a><\/li>\r\r\n<\/ul>","product_chanpin_chanpin":"<li><a href=\"https:\/\/sinoextrud.com\/product\/extruded-profiles-aluminium\/\" target=\"_blank\">Extruded Profiles Aluminium<\/a><\/li>\r\n<li><a href=\"https:\/\/sinoextrud.com\/product\/customized-extruded-aluminum-flat-bar-profile\/\" target=\"_blank\">Customized Extruded Aluminum Flat Bar Profile<\/a><\/li>\r\n<li><a href=\"https:\/\/sinoextrud.com\/product\/aluminum-window-frames-mosquito-netting-suppliers\/\" target=\"_blank\">Aluminum Window Frames Mosquito Netting Suppliers<\/a><\/li>\r\n<li><a href=\"https:\/\/sinoextrud.com\/product\/anodized-aluminum-kitchen-profile-for-handle-price\/\" target=\"_blank\">Anodized Aluminum Kitchen Profile For Handle Price<\/a><\/li>\r\n<li><a href=\"https:\/\/sinoextrud.com\/product\/triangular-aluminium-extrusion\/\" target=\"_blank\">Triangular Aluminium Extrusion<\/a><\/li>\r\n<li><a href=\"https:\/\/sinoextrud.com\/product\/aluminum-extrusion-alloys\/\" target=\"_blank\">Aluminum Extrusion Alloys<\/a><\/li>\r\n<li><a href=\"https:\/\/sinoextrud.com\/product\/aluminum-extrusion-frame\/\" target=\"_blank\">Aluminum Extrusion Frame<\/a><\/li>\r\n<li><a href=\"https:\/\/sinoextrud.com\/product\/aluminum-mirror-frame-extrusions\/\" target=\"_blank\">Aluminum Mirror Frame Extrusions<\/a><\/li>\r\n<li><a href=\"https:\/\/sinoextrud.com\/product\/aluminum-extrusion-profile-for-clean-room\/\" target=\"_blank\">Aluminum Extrusion Profile For Clean Room<\/a><\/li>\r\n<li><a href=\"https:\/\/sinoextrud.com\/product\/hot-selling-high-quality-powder-coating-wood-grain-single-sided-aluminum-plate\/\" target=\"_blank\">Hot Selling High-quality Powder Coating Wood Grain Single-sided Aluminum Plate<\/a><\/li>\r\n<li><a href=\"https:\/\/sinoextrud.com\/product\/aluminum-enclosure-housing-and-shell\/\" target=\"_blank\">Aluminum Enclosure Housing And Shell<\/a><\/li>"},"feature_list":[]},"_links":{"self":[{"href":"https:\/\/sinoextrud.com\/es\/wp-json\/wp\/v2\/product\/7592","targetHints":{"allow":["GET"]}}],"collection":[{"href":"https:\/\/sinoextrud.com\/es\/wp-json\/wp\/v2\/product"}],"about":[{"href":"https:\/\/sinoextrud.com\/es\/wp-json\/wp\/v2\/types\/product"}],"wp:featuredmedia":[{"embeddable":true,"href":"https:\/\/sinoextrud.com\/es\/wp-json\/wp\/v2\/media\/7591"}],"wp:attachment":[{"href":"https:\/\/sinoextrud.com\/es\/wp-json\/wp\/v2\/media?parent=7592"}],"wp:term":[{"taxonomy":"category","embeddable":true,"href":"https:\/\/sinoextrud.com\/es\/wp-json\/wp\/v2\/categories?post=7592"}],"curies":[{"name":"wp","href":"https:\/\/api.w.org\/{rel}","templated":true}]}}