{"id":7572,"date":"2025-06-09T01:59:12","date_gmt":"2025-06-09T01:59:12","guid":{"rendered":"https:\/\/sinoextrud.com\/product\/oem-aluminum-manufacturing-processes-cnc-machining\/"},"modified":"2025-06-24T06:13:08","modified_gmt":"2025-06-24T06:13:08","slug":"procesos-de-fabricacion-de-aluminio-oem-mecanizado-cnc","status":"publish","type":"product","link":"https:\/\/sinoextrud.com\/es\/product\/oem-aluminum-manufacturing-processes-cnc-machining\/","title":{"rendered":"Procesos de fabricaci\u00f3n de aluminio OEM Mecanizado CNC"},"content":{"rendered":"<h2>Productos<\/h2>\n<table class=\"custom-table\">\n<tr>\n<td class=\"label\">Certificaci\u00f3n:<\/td>\n<td> CE, RoHS, SGS, ISO9001<\/td>\n<\/tr>\n<tr>\n<td class=\"label\">Art\u00edculo:<\/td>\n<td> M\u00e1quina CNC Aluminio<\/td>\n<\/tr>\n<tr>\n<td class=\"label\">Material:<\/td>\n<td> Metal<\/td>\n<\/tr>\n<tr>\n<td class=\"label\">Nombre del producto:<\/td>\n<td> Mecanizado CNC<\/td>\n<\/tr>\n<tr>\n<td class=\"label\">Tratamiento de la superficie:<\/td>\n<td> Pintura, chorro de arena, anodizado, etc.<\/td>\n<\/tr>\n<tr>\n<td class=\"label\">MOQ:<\/td>\n<td> Por tipo de forma <\/td>\n<\/tr>\n<tr>\n<td class=\"label\">Control de calidad:<\/td>\n<td> 100% Inspecci\u00f3n Control de calidad<\/td>\n<\/tr>\n<tr>\n<td class=\"label\">Caracter\u00edsticas principales:<\/td>\n<td> Tama\u00f1o de precisi\u00f3n, colorido<\/td>\n<\/tr>\n<tr>\n<td class=\"label\">Especificaci\u00f3n:<\/td>\n<td> OEM<\/td>\n<\/tr>\n<tr>\n<td class=\"label\">Estado:<\/td>\n<td> Nuevo<\/td>\n<\/tr>\n<tr>\n<td class=\"label\">A medida:<\/td>\n<td> Personalizado<\/td>\n<\/tr>\n<tr>\n<td class=\"label\">Aplicaci\u00f3n:<\/td>\n<td> M\u00e1quina de reciclaje de metal, m\u00e1quina de corte de metal, piezas de maquinaria de procesamiento de metal, maquinaria de grabado de metal, maquinaria de fundici\u00f3n de metal, m\u00e1quina de corte CNC de aluminio<\/td>\n<\/tr>\n<tr>\n<td class=\"label\">Ubicaci\u00f3n de la f\u00e1brica:<\/td>\n<td> Guangzhou, Foshan, Shenzhen China<\/td>\n<\/tr>\n<tr>\n<td class=\"label\">Muestra:<\/td>\n<td> Disponible<\/td>\n<\/tr>\n<tr>\n<td class=\"label\">OEM\/ODM:<\/td>\n<td> Aceptable<\/td>\n<\/tr>\n<tr>\n<td class=\"label\">Paquete de transporte:<\/td>\n<td> (1)Interior:embalado con pel\u00edcula protectora de pl\u00e1stico para proteger eachprofile.\uff0c<\/td>\n<\/tr>\n<tr>\n<td class=\"label\">            <\/td>\n<td> (2)Exterior: embalado con papel craft waterpfoof.<\/td>\n<\/tr>\n<tr>\n<td class=\"label\">Origen:<\/td>\n<td> Foshan, China<\/td>\n<\/tr>\n<\/table>\n<h2>Nuestra base de fabricaci\u00f3n<\/h2>\n<h3>Panorama de la f\u00e1brica<\/h3>\n<p><img decoding=\"async\" src=\"\/wp-content\/uploads\/factory-01.webp\"\/><\/p>\n<h3>Taller de fabricaci\u00f3n de barras de aluminio<\/h3>\n<p><img decoding=\"async\" src=\"\/wp-content\/uploads\/factory-02.webp\"\/><\/p>\n<\/p>\n<p><img decoding=\"async\" src=\"\/wp-content\/uploads\/factory-03.webp\"\/><\/p>\n<h3>Almac\u00e9n de moldes<\/h3>\n<p><img decoding=\"async\" src=\"\/wp-content\/uploads\/factory-04.webp\"\/><\/p>\n<h3>43 l\u00edneas de extrusi\u00f3n de aluminio (500-5500 toneladas)<\/h3>\n<p><img decoding=\"async\" src=\"\/wp-content\/uploads\/factory-05.webp\"\/><\/p>\n<p><img decoding=\"async\" src=\"\/wp-content\/uploads\/factory-06.webp\"\/><\/p>\n<p><img decoding=\"async\" src=\"\/wp-content\/uploads\/factory-07.webp\"\/><\/p>\n<h3>Taller de pintura en polvo<\/h3>\n<p><img decoding=\"async\" src=\"\/wp-content\/uploads\/factory-09.webp\"\/><\/p>\n<h3>Taller de anodizado<\/h3>\n<p><img decoding=\"async\" src=\"\/wp-content\/uploads\/factory-10.webp\"\/><\/p>\n<h3>Taller de procesamiento profundo<\/h3>\n<p><img decoding=\"async\" src=\"\/wp-content\/uploads\/factory-11.webp\"\/><\/p>\n<h3>Taller de mecanizado de precisi\u00f3n CNC<\/h3>\n<p><img decoding=\"async\" src=\"\/wp-content\/uploads\/factory-11.5.webp\"\/><\/p>\n<h3>Almac\u00e9n de productos acabados y de exportaci\u00f3n<\/h3>\n<p><img decoding=\"async\" src=\"\/wp-content\/uploads\/factory-12.webp\"\/><\/p>\n<p><img decoding=\"async\" src=\"\/wp-content\/uploads\/factory-13.webp\"\/><\/p>\n<p><img decoding=\"async\" src=\"\/wp-content\/uploads\/factory-14.webp\"\/><\/p>\n<h2>PREGUNTAS FRECUENTES<\/h2>\n<p><b>1.\u00bfQu\u00e9 es la fabricaci\u00f3n de aluminio OEM con mecanizado CNC?<\/b><\/p>\n<p>Se refiere a la producci\u00f3n de piezas de aluminio personalizadas mediante procesos de mecanizado CNC, dise\u00f1adas para cumplir requisitos espec\u00edficos de OEM con alta precisi\u00f3n.\n<\/p>\n<p><\/p>\n<p><b>2.\u00bfPor qu\u00e9 elegir el mecanizado CNC para la fabricaci\u00f3n de aluminio?<\/b><\/p>\n<p>El mecanizado CNC ofrece tolerancias estrechas, alta repetibilidad y la capacidad de crear geometr\u00edas complejas en piezas de aluminio.\n<\/p>\n<p><\/p>\n<p><b>3.\u00bfEl aluminio mecanizado CNC es adecuado para aplicaciones de alto rendimiento?<\/b><\/p>\n<p>S\u00ed, las piezas de aluminio mecanizadas por CNC se utilizan en las industrias aeroespacial, automovil\u00edstica, electr\u00f3nica y m\u00e9dica debido a su resistencia y precisi\u00f3n.\n<\/p>\n<p><\/p>\n<p><b>4.\u00bfSe pueden personalizar las piezas CNC de aluminio OEM?<\/b><\/p>\n<p>Por supuesto, todas las dimensiones, caracter\u00edsticas y acabados pueden personalizarse totalmente a partir de los dibujos t\u00e9cnicos o las muestras del cliente.\n<\/p>\n<p><\/p>\n<p><b>5.\u00bfCu\u00e1les son las ventajas de trabajar con un fabricante de aluminio OEM?<\/b><\/p>\n<p>Trabajar con un fabricante de aluminio OEM garantiza el control de calidad, la flexibilidad de dise\u00f1o, la rentabilidad y la rapidez de producci\u00f3n.\n<\/p>\n<p><\/p>\n<p><b>6.\u00bfQu\u00e9 acabados superficiales est\u00e1n disponibles para las piezas de aluminio mecanizadas por CNC?<\/b><\/p>\n<p>Los acabados disponibles incluyen anodizado, recubrimiento en polvo, chorro de arena, pulido y otros, en funci\u00f3n de los requisitos funcionales y est\u00e9ticos.\n<\/p>\n<p><\/p>\n<p><b>7.\u00bfEs rentable el mecanizado CNC para la creaci\u00f3n de prototipos en aluminio?<\/b><\/p>\n<p>S\u00ed, el mecanizado CNC es ideal para la creaci\u00f3n de prototipos debido a su velocidad, precisi\u00f3n y flexibilidad, lo que permite una r\u00e1pida validaci\u00f3n del dise\u00f1o antes de la producci\u00f3n en serie.\n<\/p>\n<p><\/p>","protected":false},"featured_media":7571,"template":"","categories":[67],"class_list":["post-7572","product","type-product","status-publish","has-post-thumbnail","hentry","category-architectural-aluminium-profile"],"meta_box":{"hilight_text_group":{"product_hilight_text":"<li>High-precision CNC machining for complex aluminum parts<\/li>\r\r\n<li>Custom OEM production tailored to client specifications<\/li>\r\r\n<li>Fast turnaround with consistent quality and tight tolerances<\/li>\r\r\n<li>Supports low- to high-volume manufacturing requirements<\/li>\r\r\n<li>Advanced equipment ensures smooth surface finish and accuracy<\/li>\r\r\n<li>Cost-effective solution for aluminum prototyping and production<\/li>","product_chanpin_blog":"<ul>\r\r\n<li><a href=\"https:\/\/sinoextrud.com\/t-slot-v-slot-differences\/\" target=\"_blank\">t slot vs v slot<\/a><\/li>\r\r\n<li><a href=\"https:\/\/sinoextrud.com\/what-is-4040-aluminium-extrud\/\" target=\"_blank\">4040 aluminium extrusion<\/a><\/li>\r\r\n<li><a href=\"https:\/\/sinoextrud.com\/what-is-4040-aluminium-extrud\/\" target=\"_blank\">aluminum extrusions for industrial racks<\/a><\/li>\r\r\n<li><a href=\"https:\/\/sinoextrud.com\/powder-coating-aluminium-process\/\" target=\"_blank\">powder coating aluminium<\/a><\/li>\r\r\n<li><a href=\"https:\/\/sinoextrud.com\/what-is-an-aluminium-strip-ceiling\/\" target=\"_blank\">aluminium strip ceiling<\/a><\/li>\r\r\n<li><a href=\"https:\/\/sinoextrud.com\/what-is-a-heat-sink\/\" target=\"_blank\">what is a heat sink<\/a><\/li>\r\r\n<\/ul>","product_chanpin_chanpin":"<li><a href=\"https:\/\/sinoextrud.com\/product\/aluminum-u-profile-glass-railing\/\" target=\"_blank\">Aluminum U profile Glass Railing<\/a><\/li>\r\n<li><a href=\"https:\/\/sinoextrud.com\/product\/aluminium-screen-door-extrusions\/\" target=\"_blank\">Aluminium Screen Door Extrusions<\/a><\/li>\r\n<li><a href=\"https:\/\/sinoextrud.com\/product\/anodized-colorful-oem-aluminium-profile-for-decoration-furniture-accessory-price\/\" target=\"_blank\">Anodized Colorful OEM Aluminium Profile For Decoration Furniture Accessory price<\/a><\/li>\r\n<li><a href=\"https:\/\/sinoextrud.com\/product\/sliver-anodized-aluminum-extrusions-kitchen-cabinets-profiles-frame\/\" target=\"_blank\">Sliver Anodized Aluminum Extrusions Kitchen Cabinets Profiles Frame<\/a><\/li>\r\n<li><a href=\"https:\/\/sinoextrud.com\/product\/oem-aluminum-manufacturing-processes-cnc-machining\/\" target=\"_blank\">OEM Aluminum Manufacturing Processes CNC Machining<\/a><\/li>\r\n<li><a href=\"https:\/\/sinoextrud.com\/product\/extruded-aluminum-louver-blade-profile\/\" target=\"_blank\">Extruded Aluminum Louver Blade Profile<\/a><\/li>\r\n<li><a href=\"https:\/\/sinoextrud.com\/product\/aluminum-curtain-wall-extrusion\/\" target=\"_blank\">Aluminum Curtain Wall Extrusion<\/a><\/li>\r\n<li><a href=\"https:\/\/sinoextrud.com\/product\/aluminium-v-slot-extrusion\/\" target=\"_blank\">Aluminium V Slot Extrusion<\/a><\/li>\r\n<li><a href=\"https:\/\/sinoextrud.com\/product\/aluminium-windows-with-mosquito-net-profile-catalog-uses-best-factory-price-per-pound\/\" target=\"_blank\">aluminium windows with mosquito net profile catalog uses best Factory Price per pound<\/a><\/li>\r\n<li><a href=\"https:\/\/sinoextrud.com\/product\/sand-blastedsand-blastedaluminium-profile-extuded-for-handrail-and-barrier-with-internation-standard\/\" target=\"_blank\">Sand BlastedSand BlastedAluminium Profile Extuded For Handrail And Barrier With Internation Standard<\/a><\/li>\r\n<li><a href=\"https:\/\/sinoextrud.com\/product\/soundproofed-watertigh\/\" target=\"_blank\">Soundproofed Watertight Wind resistant occulting frame powder coated Facade Cladding and Glass wall aluminium profile<\/a><\/li>"},"feature_list":[]},"_links":{"self":[{"href":"https:\/\/sinoextrud.com\/es\/wp-json\/wp\/v2\/product\/7572","targetHints":{"allow":["GET"]}}],"collection":[{"href":"https:\/\/sinoextrud.com\/es\/wp-json\/wp\/v2\/product"}],"about":[{"href":"https:\/\/sinoextrud.com\/es\/wp-json\/wp\/v2\/types\/product"}],"wp:featuredmedia":[{"embeddable":true,"href":"https:\/\/sinoextrud.com\/es\/wp-json\/wp\/v2\/media\/7571"}],"wp:attachment":[{"href":"https:\/\/sinoextrud.com\/es\/wp-json\/wp\/v2\/media?parent=7572"}],"wp:term":[{"taxonomy":"category","embeddable":true,"href":"https:\/\/sinoextrud.com\/es\/wp-json\/wp\/v2\/categories?post=7572"}],"curies":[{"name":"wp","href":"https:\/\/api.w.org\/{rel}","templated":true}]}}