{"id":7570,"date":"2025-06-09T01:55:09","date_gmt":"2025-06-09T01:55:09","guid":{"rendered":"https:\/\/sinoextrud.com\/product\/sliver-anodized-aluminum-extrusions-kitchen-cabinets-profiles-frame\/"},"modified":"2025-06-24T06:13:08","modified_gmt":"2025-06-24T06:13:08","slug":"extrusiones-de-aluminio-anodizado-plata-armarios-de-cocina-perfiles-marco","status":"publish","type":"product","link":"https:\/\/sinoextrud.com\/es\/product\/sliver-anodized-aluminum-extrusions-kitchen-cabinets-profiles-frame\/","title":{"rendered":"Extrusiones de aluminio anodizado plata Armarios de cocina Perfiles Marco"},"content":{"rendered":"<h2>Productos<\/h2>\n<table class=\"custom-table\">\n<tr>\n<td class=\"label\">Marca<\/td>\n<td>Extrusiones de aluminio anodizado plata Armarios de cocina Perfiles Marco<\/td>\n<\/tr>\n<tr>\n<td class=\"label\">Material<\/td>\n<td>Aleaci\u00f3n 6063 T5<\/td>\n<\/tr>\n<tr>\n<td class=\"label\">Aplicaci\u00f3n<\/td>\n<td>Tubo de aluminio de gran di\u00e1metro<\/td>\n<\/tr>\n<tr>\n<td class=\"label\">Certificado<\/td>\n<td>ISO9001, ISO14001<\/td>\n<\/tr>\n<tr>\n<td class=\"label\">Capacidad<\/td>\n<td>Producci\u00f3n anual de m\u00e1s de 200.000 toneladas<\/td>\n<\/tr>\n<tr>\n<td class=\"label\">Color<\/td>\n<td>Disponible a medida<\/td>\n<\/tr>\n<tr>\n<td class=\"label\">Longitud<\/td>\n<td>1-9 metros o personalizado<\/td>\n<\/tr>\n<tr>\n<td class=\"label\">Espesor<\/td>\n<td>Personalizado<\/td>\n<\/tr>\n<tr>\n<td class=\"label\">Acabado superficial<\/td>\n<td>acabado de fresado, anodizado, recubrimiento en polvo, transferencia de grano de madera, revestimiento, etc.<\/td>\n<\/tr>\n<tr>\n<td class=\"label\">Aplicaci\u00f3n<\/td>\n<td>secci\u00f3n de puerta y ventana,barandilla,muro cortina<br \/>\nCarga , Puerto de Foshan<\/td>\n<\/tr>\n<tr>\n<td class=\"label\">Pago<\/td>\n<td>T\/T, 30% anticipo mientras que el saldo se pagar\u00e1 antes de la entrega<\/td>\n<\/tr>\n<tr>\n<td class=\"label\">Paquete<\/td>\n<td>1.Interior: embalado con pel\u00edcula protectora de pl\u00e1stico para proteger cada perfil.<\/td>\n<\/tr>\n<tr>\n<td class=\"label\"><\/td>\n<td>2.Exterior: embalado con papel craft impermeable<\/td>\n<\/tr>\n<tr>\n<td class=\"label\">Entrega<\/td>\n<td>25-30 d\u00edas despu\u00e9s del pago inicial<\/td>\n<\/tr>\n<tr>\n<td class=\"label\">Secuencia de pedidos<\/td>\n<td>1. Confirme los planos, el tratamiento superficial y el precio;<\/td>\n<\/tr>\n<tr>\n<td class=\"label\"><\/td>\n<td>2. Pague el importe del molde y empezaremos a fabricar los moldes;<\/td>\n<\/tr>\n<tr>\n<td class=\"label\"><\/td>\n<td>3. Le enviamos muestras para su confirmaci\u00f3n;<\/td>\n<\/tr>\n<tr>\n<td class=\"label\"><\/td>\n<td>4. Realizar el pago del dep\u00f3sito 30%, iniciar la producci\u00f3n;<\/td>\n<\/tr>\n<\/table>\n<h2>Nuestra base de fabricaci\u00f3n<\/h2>\n<h3>Panorama de la f\u00e1brica<\/h3>\n<p><img decoding=\"async\" src=\"\/wp-content\/uploads\/factory-01.webp\"\/><\/p>\n<h3>Taller de fabricaci\u00f3n de barras de aluminio<\/h3>\n<p><img decoding=\"async\" src=\"\/wp-content\/uploads\/factory-02.webp\"\/><\/p>\n<\/p>\n<p><img decoding=\"async\" src=\"\/wp-content\/uploads\/factory-03.webp\"\/><\/p>\n<h3>Almac\u00e9n de moldes<\/h3>\n<p><img decoding=\"async\" src=\"\/wp-content\/uploads\/factory-04.webp\"\/><\/p>\n<h3>43 l\u00edneas de extrusi\u00f3n de aluminio (500-5500 toneladas)<\/h3>\n<p><img decoding=\"async\" src=\"\/wp-content\/uploads\/factory-05.webp\"\/><\/p>\n<p><img decoding=\"async\" src=\"\/wp-content\/uploads\/factory-06.webp\"\/><\/p>\n<p><img decoding=\"async\" src=\"\/wp-content\/uploads\/factory-07.webp\"\/><\/p>\n<h3>Taller de pintura en polvo<\/h3>\n<p><img decoding=\"async\" src=\"\/wp-content\/uploads\/factory-09.webp\"\/><\/p>\n<h3>Taller de anodizado<\/h3>\n<p><img decoding=\"async\" src=\"\/wp-content\/uploads\/factory-10.webp\"\/><\/p>\n<h3>Taller de procesamiento profundo<\/h3>\n<p><img decoding=\"async\" src=\"\/wp-content\/uploads\/factory-11.webp\"\/><\/p>\n<h3>Taller de mecanizado de precisi\u00f3n CNC<\/h3>\n<p><img decoding=\"async\" src=\"\/wp-content\/uploads\/factory-11.5.webp\"\/><\/p>\n<h3>Almac\u00e9n de productos acabados y de exportaci\u00f3n<\/h3>\n<p><img decoding=\"async\" src=\"\/wp-content\/uploads\/factory-12.webp\"\/><\/p>\n<p><img decoding=\"async\" src=\"\/wp-content\/uploads\/factory-13.webp\"\/><\/p>\n<p><img decoding=\"async\" src=\"\/wp-content\/uploads\/factory-14.webp\"\/><\/p>\n<h2>PREGUNTAS FRECUENTES<\/h2>\n<p><b>1. \u00bfQu\u00e9 son las extrusiones de aluminio anodizado plateado para marcos de gabinetes de cocina?<\/b><\/p>\n<p>Se trata de perfiles de aluminio con acabado anodizado plateado, utilizados como marcos estructurales y decorativos en sistemas de armarios de cocina.\n<\/p>\n<p><\/p>\n<p><b>2.\u00bfPor qu\u00e9 elegir perfiles de aluminio anodizado plata para armarios de cocina?<\/b><\/p>\n<p>Los perfiles anodizados plateados ofrecen un aspecto moderno, resistencia a la corrosi\u00f3n y un rendimiento duradero, ideal para entornos de cocina.\n<\/p>\n<p><\/p>\n<p><b>3.\u00bfSon duraderos estos perfiles de aluminio para armarios?<\/b><\/p>\n<p>S\u00ed, la superficie anodizada protege contra ara\u00f1azos, humedad y desgaste, garantizando un uso prolongado en zonas de cocina muy transitadas.\n<\/p>\n<p><\/p>\n<p><b>4.\u00bfSe pueden personalizar los perfiles de extrusi\u00f3n de aluminio para proyectos de cocina?<\/b><\/p>\n<p>Por supuesto, los perfiles pueden adaptarse en tama\u00f1o, secci\u00f3n transversal y acabado para ajustarse a diferentes estilos de armario y requisitos de disposici\u00f3n.\n<\/p>\n<p><\/p>\n<p><b>5.\u00bfQu\u00e9 materiales son compatibles con estos marcos de aluminio para armarios?<\/b><\/p>\n<p>Estos marcos funcionan bien con cristal, madera, acr\u00edlico y paneles compuestos, ofreciendo flexibilidad en el dise\u00f1o de armarios.\n<\/p>\n<p><\/p>\n<p><b>6.\u00bfEs el acabado anodizado f\u00e1cil de limpiar y mantener?<\/b><\/p>\n<p>S\u00ed, la superficie anodizada lisa es f\u00e1cil de limpiar y requiere un mantenimiento m\u00ednimo, ideal para cocinas con mucho trabajo.\n<\/p>\n<p><\/p>\n<p><b>7.\u00bfSon adecuados los perfiles anodizados en plata tanto para cocinas residenciales como comerciales?<\/b><\/p>\n<p>S\u00ed, su dise\u00f1o elegante y su durabilidad las hacen perfectas tanto para aplicaciones dom\u00e9sticas como para cocinas comerciales.\n<\/p>\n<p><\/p>","protected":false},"featured_media":7569,"template":"","categories":[67],"class_list":["post-7570","product","type-product","status-publish","has-post-thumbnail","hentry","category-architectural-aluminium-profile"],"meta_box":{"hilight_text_group":{"product_hilight_text":"<li>Silver anodized finish provides a sleek, modern appearance<\/li>\r\r\n<li>Corrosion-resistant surface ideal for humid kitchen environments<\/li>\r\r\n<li>Lightweight yet durable aluminum for long-term cabinet structure<\/li>\r\r\n<li>Precision extrusions ensure tight fit and easy assembly<\/li>\r\r\n<li>Compatible with various panel materials like glass and wood<\/li>\r\r\n<li>Customizable profiles to match different kitchen design needs<\/li>","product_chanpin_blog":"<ul>\r\r\n<li><a href=\"https:\/\/sinoextrud.com\/t-slot-v-slot-differences\/\" target=\"_blank\">t slot vs v slot<\/a><\/li>\r\r\n<li><a href=\"https:\/\/sinoextrud.com\/what-is-4040-aluminium-extrud\/\" target=\"_blank\">4040 aluminium extrusion<\/a><\/li>\r\r\n<li><a href=\"https:\/\/sinoextrud.com\/what-is-4040-aluminium-extrud\/\" target=\"_blank\">aluminum extrusions for industrial racks<\/a><\/li>\r\r\n<li><a href=\"https:\/\/sinoextrud.com\/powder-coating-aluminium-process\/\" target=\"_blank\">powder coating aluminium<\/a><\/li>\r\r\n<li><a href=\"https:\/\/sinoextrud.com\/what-is-an-aluminium-strip-ceiling\/\" target=\"_blank\">aluminium strip ceiling<\/a><\/li>\r\r\n<li><a href=\"https:\/\/sinoextrud.com\/what-is-a-heat-sink\/\" target=\"_blank\">what is a heat sink<\/a><\/li>\r\r\n<\/ul>","product_chanpin_chanpin":"<li><a href=\"https:\/\/sinoextrud.com\/product\/aluminum-section-window\/\" target=\"_blank\">Aluminum Section Window<\/a><\/li>\r\n<li><a href=\"https:\/\/sinoextrud.com\/product\/aluminum-u-profile-glass-railing\/\" target=\"_blank\">Aluminum U profile Glass Railing<\/a><\/li>\r\n<li><a href=\"https:\/\/sinoextrud.com\/product\/aluminium-screen-door-extrusions\/\" target=\"_blank\">Aluminium Screen Door Extrusions<\/a><\/li>\r\n<li><a href=\"https:\/\/sinoextrud.com\/product\/anodized-colorful-oem-aluminium-profile-for-decoration-furniture-accessory-price\/\" target=\"_blank\">Anodized Colorful OEM Aluminium Profile For Decoration Furniture Accessory price<\/a><\/li>\r\n<li><a href=\"https:\/\/sinoextrud.com\/product\/sliver-anodized-aluminum-extrusions-kitchen-cabinets-profiles-frame\/\" target=\"_blank\">Sliver Anodized Aluminum Extrusions Kitchen Cabinets Profiles Frame<\/a><\/li>\r\n<li><a href=\"https:\/\/sinoextrud.com\/product\/oem-aluminum-manufacturing-processes-cnc-machining\/\" target=\"_blank\">OEM Aluminum Manufacturing Processes CNC Machining<\/a><\/li>\r\n<li><a href=\"https:\/\/sinoextrud.com\/product\/extruded-aluminum-louver-blade-profile\/\" target=\"_blank\">Extruded Aluminum Louver Blade Profile<\/a><\/li>\r\n<li><a href=\"https:\/\/sinoextrud.com\/product\/aluminum-curtain-wall-extrusion\/\" target=\"_blank\">Aluminum Curtain Wall Extrusion<\/a><\/li>\r\n<li><a href=\"https:\/\/sinoextrud.com\/product\/aluminium-v-slot-extrusion\/\" target=\"_blank\">Aluminium V Slot Extrusion<\/a><\/li>\r\n<li><a href=\"https:\/\/sinoextrud.com\/product\/40x40-aluminium-profile\/\" target=\"_blank\">40\u00c3\u201440 Aluminium Profile<\/a><\/li>\r\n<li><a href=\"https:\/\/sinoextrud.com\/product\/indoor-and-outdoor-aluminium-louver-profile\/\" target=\"_blank\">Indoor and Outdoor Aluminium Louver Profile<\/a><\/li>"},"feature_list":[]},"_links":{"self":[{"href":"https:\/\/sinoextrud.com\/es\/wp-json\/wp\/v2\/product\/7570","targetHints":{"allow":["GET"]}}],"collection":[{"href":"https:\/\/sinoextrud.com\/es\/wp-json\/wp\/v2\/product"}],"about":[{"href":"https:\/\/sinoextrud.com\/es\/wp-json\/wp\/v2\/types\/product"}],"wp:featuredmedia":[{"embeddable":true,"href":"https:\/\/sinoextrud.com\/es\/wp-json\/wp\/v2\/media\/7569"}],"wp:attachment":[{"href":"https:\/\/sinoextrud.com\/es\/wp-json\/wp\/v2\/media?parent=7570"}],"wp:term":[{"taxonomy":"category","embeddable":true,"href":"https:\/\/sinoextrud.com\/es\/wp-json\/wp\/v2\/categories?post=7570"}],"curies":[{"name":"wp","href":"https:\/\/api.w.org\/{rel}","templated":true}]}}