{"id":7568,"date":"2025-06-09T01:52:18","date_gmt":"2025-06-09T01:52:18","guid":{"rendered":"https:\/\/sinoextrud.com\/product\/anodized-colorful-oem-aluminium-profile-for-decoration-furniture-accessory-price\/"},"modified":"2025-06-24T06:13:06","modified_gmt":"2025-06-24T06:13:06","slug":"anodizado-colorido-oem-perfil-de-aluminio-para-la-decoracion-de-muebles-accesorio-precio","status":"publish","type":"product","link":"https:\/\/sinoextrud.com\/es\/product\/anodized-colorful-oem-aluminium-profile-for-decoration-furniture-accessory-price\/","title":{"rendered":"Perfil de aluminio anodizado colorido del OEM para el precio del accesorio de los muebles de la decoraci\u00f3n"},"content":{"rendered":"<h2>Productos<\/h2>\n<table class=\"custom-table\">\n<tbody>\n<tr>\n<td> <strong>Nombre del producto<\/strong><\/td>\n<td> Perfil de muebles de extrusi\u00f3n de aluminio de aleaci\u00f3n de la serie 6000<\/td>\n<\/tr>\n<tr>\n<td> <strong>Material<\/strong><\/td>\n<td> aleaci\u00f3n de aluminio<\/td>\n<\/tr>\n<tr>\n<td> <strong>Color<\/strong><\/td>\n<td> natural<\/td>\n<\/tr>\n<tr>\n<td> <strong>Est\u00e1ndar<\/strong><\/td>\n<td> GB\/5237-2004<\/td>\n<\/tr>\n<tr>\n<td> <strong>Grado<\/strong><\/td>\n<td> 6005\/6061\/6063<\/td>\n<\/tr>\n<tr>\n<td> <strong>Superficie<\/strong><\/td>\n<td> acabado de fresado, anodizado, chorro de arena, pintura en polvo, etc.<\/td>\n<\/tr>\n<tr>\n<td> <strong>Tratamiento en profundidad<\/strong><\/td>\n<td> cortar, taladrar, roscar, doblar, etc.<\/td>\n<\/tr>\n<tr>\n<td> <strong>Usado<\/strong><\/td>\n<td> maquinaria para la construcci\u00f3n<\/td>\n<\/tr>\n<\/tbody>\n<\/table>\n<h2>Nuestra base de fabricaci\u00f3n<\/h2>\n<h3>Panorama de la f\u00e1brica<\/h3>\n<p><img decoding=\"async\" src=\"\/wp-content\/uploads\/factory-01.webp\"\/><\/p>\n<h3>Taller de fabricaci\u00f3n de barras de aluminio<\/h3>\n<p><img decoding=\"async\" src=\"\/wp-content\/uploads\/factory-02.webp\"\/><\/p>\n<p><img decoding=\"async\" src=\"\/wp-content\/uploads\/factory-03.webp\"\/><\/p>\n<h3>Almac\u00e9n de moldes<\/h3>\n<p><img decoding=\"async\" src=\"\/wp-content\/uploads\/factory-04.webp\"\/><\/p>\n<h3>43 L\u00c3neas de extrusi\u00c3\u00b3n de aluminio (500\u00e2\u20ac\"5500 toneladas)<\/h3>\n<p><img decoding=\"async\" src=\"\/wp-content\/uploads\/factory-05.webp\"\/><\/p>\n<p><img decoding=\"async\" src=\"\/wp-content\/uploads\/factory-06.webp\"\/><\/p>\n<p><img decoding=\"async\" src=\"\/wp-content\/uploads\/factory-07.webp\"\/><\/p>\n<h3>Taller de pintura en polvo<\/h3>\n<p><img decoding=\"async\" src=\"\/wp-content\/uploads\/factory-09.webp\"\/><\/p>\n<h3>Taller de anodizado<\/h3>\n<p><img decoding=\"async\" src=\"\/wp-content\/uploads\/factory-10.webp\"\/><\/p>\n<h3>Taller de procesamiento profundo<\/h3>\n<p><img decoding=\"async\" src=\"\/wp-content\/uploads\/factory-11.webp\"\/><\/p>\n<h3>Taller de mecanizado de precisi\u00f3n CNC<\/h3>\n<p><img decoding=\"async\" src=\"\/wp-content\/uploads\/factory-11.5.webp\"\/><\/p>\n<h3>Almac\u00e9n de productos acabados y de exportaci\u00f3n<\/h3>\n<p><img decoding=\"async\" src=\"\/wp-content\/uploads\/factory-12.webp\"\/><\/p>\n<p><img decoding=\"async\" src=\"\/wp-content\/uploads\/factory-13.webp\"\/><\/p>\n<p><img decoding=\"async\" src=\"\/wp-content\/uploads\/factory-14.webp\"\/><\/p>\n<h2>PREGUNTAS FRECUENTES<\/h2>\n<p><p><b>1. \u00bfQu\u00e9 es un perfil de aluminio anodizado de colores OEM para accesorios de decoraci\u00f3n de muebles?<\/b><\/p>\n<p>Se trata de una extrusi\u00f3n de aluminio dise\u00f1ada a medida con acabados de color anodizado, que se utiliza en accesorios decorativos para muebles para darles un aspecto moderno y duradero.<br \/>\n<\/p><br \/>\n<br \/>\n<p><b>2.\u00bfPor qu\u00e9 elegir perfiles de aluminio anodizado para accesorios de muebles?<\/b><\/p>\n<p>Los perfiles de aluminio anodizado ofrecen mayor durabilidad, resistencia a la corrosi\u00f3n y colores vivos y resistentes a la decoloraci\u00f3n, ideales para aplicaciones decorativas.<br \/>\n<\/p><br \/>\n<br \/>\n<p><b>3.\u00bfSe pueden personalizar los perfiles de aluminio OEM en forma y color?<\/b><\/p>\n<p>S\u00ed, los perfiles de aluminio OEM pueden adaptarse en color, forma y dimensiones para ajustarse a dise\u00f1os de mobiliario y necesidades de marca espec\u00edficos.<br \/>\n<\/p><br \/>\n<br \/>\n<p><b>4.\u00bfEl acabado anodizado es adecuado para un uso prolongado en interiores?<\/b><\/p>\n<p>Por supuesto, los acabados anodizados son muy duraderos y perfectos para aplicaciones de mobiliario de interior, ya que mantienen el color y el aspecto con el paso del tiempo.<br \/>\n<\/p><br \/>\n<br \/>\n<p><b>5.\u00bfEn qu\u00e9 se diferencia el aluminio anodizado de los perfiles lacados o recubiertos?<\/b><\/p>\n<p>El aluminio anodizado proporciona una superficie m\u00e1s dura y duradera, con mejor consistencia de color y resistencia al desgaste en comparaci\u00f3n con los perfiles pintados o con recubrimiento de polvo.<br \/>\n<\/p><br \/>\n<br \/>\n<p><b>6.\u00bfPueden utilizarse estos perfiles de aluminio en entornos de alta humedad?<\/b><\/p>\n<p>S\u00ed, la superficie anodizada mejora la resistencia a la corrosi\u00f3n, por lo que son adecuados para cocinas, ba\u00f1os y otras zonas propensas a la humedad.<br \/>\n<\/p><br \/>\n<br \/>\n<p><b>7. \u00bfCu\u00e1l es el precio habitual de los perfiles de aluminio anodizado OEM?<\/b><\/p>\n<p>Los precios var\u00edan en funci\u00f3n de la complejidad del dise\u00f1o, la cantidad y el acabado, pero son competitivos tanto para pedidos al por mayor est\u00e1ndar como personalizados.<br \/>\n<\/p><br \/><\/p>","protected":false},"featured_media":7567,"template":"","categories":[67],"class_list":["post-7568","product","type-product","status-publish","has-post-thumbnail","hentry","category-architectural-aluminium-profile"],"meta_box":{"hilight_text_group":{"product_hilight_text":"<li>High-quality anodized finish offers vibrant, long-lasting color<\/li>\r\r\n<li>Custom OEM designs available for unique furniture applications<\/li>\r\r\n<li>Corrosion-resistant surface ideal for indoor and light-duty outdoor use<\/li>\r\r\n<li>Lightweight and easy to integrate into decorative furniture systems<\/li>\r\r\n<li>Precise extrusion ensures seamless fit and professional appearance<\/li>\r\r\n<li>Competitive pricing for bulk orders and customized specifications<\/li>","product_chanpin_blog":"<ul>\r\r\n<li><a href=\"https:\/\/sinoextrud.com\/t-slot-v-slot-differences\/\" target=\"_blank\">t slot vs v slot<\/a><\/li>\r\r\n<li><a href=\"https:\/\/sinoextrud.com\/what-is-4040-aluminium-extrud\/\" target=\"_blank\">4040 aluminium extrusion<\/a><\/li>\r\r\n<li><a href=\"https:\/\/sinoextrud.com\/what-is-4040-aluminium-extrud\/\" target=\"_blank\">aluminum extrusions for industrial racks<\/a><\/li>\r\r\n<li><a href=\"https:\/\/sinoextrud.com\/powder-coating-aluminium-process\/\" target=\"_blank\">powder coating aluminium<\/a><\/li>\r\r\n<li><a href=\"https:\/\/sinoextrud.com\/what-is-an-aluminium-strip-ceiling\/\" target=\"_blank\">aluminium strip ceiling<\/a><\/li>\r\r\n<li><a href=\"https:\/\/sinoextrud.com\/what-is-a-heat-sink\/\" target=\"_blank\">what is a heat sink<\/a><\/li>\r\r\n<\/ul>","product_chanpin_chanpin":"<li><a href=\"https:\/\/sinoextrud.com\/product\/extruded-aluminium-skirting-aluminium-skirting-board\/\" target=\"_blank\">Extruded Aluminium Skirting Aluminium Skirting Board<\/a><\/li>\r\n<li><a href=\"https:\/\/sinoextrud.com\/product\/aluminum-section-window\/\" target=\"_blank\">Aluminum Section Window<\/a><\/li>\r\n<li><a href=\"https:\/\/sinoextrud.com\/product\/aluminum-u-profile-glass-railing\/\" target=\"_blank\">Aluminum U profile Glass Railing<\/a><\/li>\r\n<li><a href=\"https:\/\/sinoextrud.com\/product\/aluminium-screen-door-extrusions\/\" target=\"_blank\">Aluminium Screen Door Extrusions<\/a><\/li>\r\n<li><a href=\"https:\/\/sinoextrud.com\/product\/anodized-colorful-oem-aluminium-profile-for-decoration-furniture-accessory-price\/\" target=\"_blank\">Anodized Colorful OEM Aluminium Profile For Decoration Furniture Accessory price<\/a><\/li>\r\n<li><a href=\"https:\/\/sinoextrud.com\/product\/sliver-anodized-aluminum-extrusions-kitchen-cabinets-profiles-frame\/\" target=\"_blank\">Sliver Anodized Aluminum Extrusions Kitchen Cabinets Profiles Frame<\/a><\/li>\r\n<li><a href=\"https:\/\/sinoextrud.com\/product\/oem-aluminum-manufacturing-processes-cnc-machining\/\" target=\"_blank\">OEM Aluminum Manufacturing Processes CNC Machining<\/a><\/li>\r\n<li><a href=\"https:\/\/sinoextrud.com\/product\/extruded-aluminum-louver-blade-profile\/\" target=\"_blank\">Extruded Aluminum Louver Blade Profile<\/a><\/li>\r\n<li><a href=\"https:\/\/sinoextrud.com\/product\/aluminum-curtain-wall-extrusion\/\" target=\"_blank\">Aluminum Curtain Wall Extrusion<\/a><\/li>\r\n<li><a href=\"https:\/\/sinoextrud.com\/product\/aluminium-shower-extrusions\/\" target=\"_blank\">Aluminium Shower Extrusions<\/a><\/li>\r\n<li><a href=\"https:\/\/sinoextrud.com\/product\/customized-structural-aluminum-profiles\/\" target=\"_blank\">Customized Structural Aluminum Profiles<\/a><\/li>"},"feature_list":[]},"_links":{"self":[{"href":"https:\/\/sinoextrud.com\/es\/wp-json\/wp\/v2\/product\/7568","targetHints":{"allow":["GET"]}}],"collection":[{"href":"https:\/\/sinoextrud.com\/es\/wp-json\/wp\/v2\/product"}],"about":[{"href":"https:\/\/sinoextrud.com\/es\/wp-json\/wp\/v2\/types\/product"}],"wp:featuredmedia":[{"embeddable":true,"href":"https:\/\/sinoextrud.com\/es\/wp-json\/wp\/v2\/media\/7567"}],"wp:attachment":[{"href":"https:\/\/sinoextrud.com\/es\/wp-json\/wp\/v2\/media?parent=7568"}],"wp:term":[{"taxonomy":"category","embeddable":true,"href":"https:\/\/sinoextrud.com\/es\/wp-json\/wp\/v2\/categories?post=7568"}],"curies":[{"name":"wp","href":"https:\/\/api.w.org\/{rel}","templated":true}]}}