{"id":7531,"date":"2025-06-07T10:06:51","date_gmt":"2025-06-07T10:06:51","guid":{"rendered":"https:\/\/sinoextrud.com\/product\/aluminium-powder-coating\/"},"modified":"2025-06-24T06:13:03","modified_gmt":"2025-06-24T06:13:03","slug":"revestimiento-de-aluminio-en-polvo","status":"publish","type":"product","link":"https:\/\/sinoextrud.com\/es\/product\/aluminium-powder-coating\/","title":{"rendered":"Recubrimiento de aluminio en polvo"},"content":{"rendered":"<h2>Productos<\/h2>\n<table class=\"custom-table\">\n<tr>\n<td class=\"label\">Material<\/td>\n<td>Aleaci\u00f3n de aluminio 6063-T5,6061-T6<\/td>\n<\/tr>\n<tr>\n<td class=\"label\">Espesor<\/td>\n<td>personalizado<\/td>\n<\/tr>\n<tr>\n<td class=\"label\">Tratamiento de superficies<\/td>\n<td>Acabado de laminaci\u00f3n, anodizado, recubrimiento en polvo, electroforesis, veteado de madera, pulido, cepillado, etc.<\/td>\n<\/tr>\n<tr>\n<td class=\"label\">Moldes<\/td>\n<td>molde gratuito si se trata de un dise\u00f1o de stock, coste de molde si se trata de un dise\u00f1o personalizado.<\/td>\n<\/tr>\n<tr>\n<td class=\"label\">Certificaci\u00f3n<\/td>\n<td>1. ISO9001-2008\/ISO 9001:2008; CE<\/td>\n<\/tr>\n<tr>\n<td class=\"label\">Procesamiento en profundidad<\/td>\n<td>CNC \/ Corte \/ Punzonado \/ Control \/ Roscado \/ Taladrado \/ Fresado<\/td>\n<\/tr>\n<tr>\n<td class=\"label\">MOQ<\/td>\n<td>200 KG<\/td>\n<\/tr>\n<tr>\n<td class=\"label\">Pel\u00edcula Est\u00e1ndar\/Color<\/td>\n<td>Plata, Champ\u00e1n, Bronce, Dorado, Negro, Revestimiento de arena, Anodizado \u00c1cido y \u00e1lcali o Personalizado.<\/td>\n<\/tr>\n<tr>\n<td class=\"label\">muestras<\/td>\n<td>peque\u00f1as muestras gratuitas<\/td>\n<\/tr>\n<tr>\n<td class=\"label\">servicio<\/td>\n<td>OEM\/ODM<\/td>\n<\/tr>\n<\/table>\n<h2>Nuestra base de fabricaci\u00f3n<\/h2>\n<h3>Panorama de la f\u00e1brica<\/h3>\n<p><img decoding=\"async\" src=\"\/wp-content\/uploads\/factory-01.webp\"\/><\/p>\n<h3>Taller de fabricaci\u00f3n de barras de aluminio<\/h3>\n<p><img decoding=\"async\" src=\"\/wp-content\/uploads\/factory-02.webp\"\/><\/p>\n<\/p>\n<p><img decoding=\"async\" src=\"\/wp-content\/uploads\/factory-03.webp\"\/><\/p>\n<h3>Almac\u00e9n de moldes<\/h3>\n<p><img decoding=\"async\" src=\"\/wp-content\/uploads\/factory-04.webp\"\/><\/p>\n<h3>43 l\u00edneas de extrusi\u00f3n de aluminio (500-5500 toneladas)<\/h3>\n<p><img decoding=\"async\" src=\"\/wp-content\/uploads\/factory-05.webp\"\/><\/p>\n<p><img decoding=\"async\" src=\"\/wp-content\/uploads\/factory-06.webp\"\/><\/p>\n<p><img decoding=\"async\" src=\"\/wp-content\/uploads\/factory-07.webp\"\/><\/p>\n<h3>Taller de pintura en polvo<\/h3>\n<p><img decoding=\"async\" src=\"\/wp-content\/uploads\/factory-09.webp\"\/><\/p>\n<h3>Taller de anodizado<\/h3>\n<p><img decoding=\"async\" src=\"\/wp-content\/uploads\/factory-10.webp\"\/><\/p>\n<h3>Taller de procesamiento profundo<\/h3>\n<p><img decoding=\"async\" src=\"\/wp-content\/uploads\/factory-11.webp\"\/><\/p>\n<h3>Taller de mecanizado de precisi\u00f3n CNC<\/h3>\n<p><img decoding=\"async\" src=\"\/wp-content\/uploads\/factory-11.5.webp\"\/><\/p>\n<h3>Almac\u00e9n de productos acabados y de exportaci\u00f3n<\/h3>\n<p><img decoding=\"async\" src=\"\/wp-content\/uploads\/factory-12.webp\"\/><\/p>\n<p><img decoding=\"async\" src=\"\/wp-content\/uploads\/factory-13.webp\"\/><\/p>\n<p><img decoding=\"async\" src=\"\/wp-content\/uploads\/factory-14.webp\"\/><\/p>\n<h2>PREGUNTAS FRECUENTES<\/h2>\n<p><b>1. \u00bfQu\u00e9 es el revestimiento de aluminio en polvo?<\/b><\/p>\n<p>El revestimiento de aluminio en polvo es un proceso de acabado en seco que aplica una capa protectora y decorativa a las superficies de aluminio mediante polvo cargado electrost\u00e1ticamente.\n<\/p>\n<p><\/p>\n<p><b>2.\u00bfPor qu\u00e9 utilizar el recubrimiento en polvo en el aluminio?<\/b><\/p>\n<p>El recubrimiento en polvo mejora la resistencia a la corrosi\u00f3n, la durabilidad de la superficie y el atractivo visual, lo que hace que el aluminio sea m\u00e1s adecuado para entornos dif\u00edciles.\n<\/p>\n<p><\/p>\n<p><b>3.\u00bfEs mejor el recubrimiento en polvo que la pintura para el aluminio?<\/b><\/p>\n<p>S\u00ed, el recubrimiento en polvo proporciona un acabado m\u00e1s grueso, uniforme y duradero que la pintura l\u00edquida tradicional.\n<\/p>\n<p><\/p>\n<p><b>4.\u00bfSe puede utilizar aluminio con recubrimiento en polvo en exteriores?<\/b><\/p>\n<p>Por supuesto, es muy resistente a los rayos UV, la humedad y los cambios de temperatura, por lo que resulta ideal para aplicaciones exteriores.\n<\/p>\n<p><\/p>\n<p><b>5. \u00bfQu\u00e9 colores y acabados est\u00e1n disponibles con el recubrimiento en polvo?<\/b><\/p>\n<p>Existe una amplia gama de colores RAL y acabados mates, brillantes, texturados y met\u00e1licos para satisfacer las necesidades de dise\u00f1o.\n<\/p>\n<p><\/p>\n<p><b>6.\u00bfEs ecol\u00f3gico el recubrimiento en polvo?<\/b><\/p>\n<p>S\u00ed, es un proceso sin disolventes que produce un m\u00ednimo de residuos y cumple las normas de fabricaci\u00f3n ecol\u00f3gicas.\n<\/p>\n<p><\/p>\n<p><b>7.\u00bfNecesita mantenimiento el aluminio con recubrimiento en polvo?<\/b><\/p>\n<p>El mantenimiento es m\u00ednimo: basta con limpiarlo de vez en cuando con agua y un detergente suave para que la superficie se mantenga como nueva.\n<\/p>\n<p><\/p>\n<p><b>8. \u00bfQu\u00e9 industrias utilizan el revestimiento de aluminio en polvo?<\/b><\/p>\n<p>Se utiliza ampliamente en la construcci\u00f3n, la automoci\u00f3n, el mobiliario, la electr\u00f3nica y las aplicaciones arquitect\u00f3nicas por sus beneficios protectores y decorativos.\n<\/p>\n<p><\/p>","protected":false},"featured_media":7530,"template":"","categories":[67],"class_list":["post-7531","product","type-product","status-publish","has-post-thumbnail","hentry","category-architectural-aluminium-profile"],"meta_box":{"hilight_text_group":{"product_hilight_text":"<li>Provides a durable, weather-resistant finish for aluminium surfaces<\/li>\r\r\n<li>Wide range of colors and textures for aesthetic flexibility<\/li>\r\r\n<li>Enhances corrosion resistance and extends product lifespan<\/li>\r\r\n<li>Eco-friendly process with no harmful solvents or emissions<\/li>\r\r\n<li>Low-maintenance surface ideal for indoor and outdoor use<\/li>\r\r\n<li>Improves impact and scratch resistance of aluminum products<\/li>\r\r\n<li>Cost-effective and efficient for large-scale industrial applications<\/li>","product_chanpin_blog":"<ul>\r\r\n<li><a href=\"https:\/\/sinoextrud.com\/t-slot-v-slot-differences\/\" target=\"_blank\">t slot vs v slot<\/a><\/li>\r\r\n<li><a href=\"https:\/\/sinoextrud.com\/what-is-4040-aluminium-extrud\/\" target=\"_blank\">4040 aluminium extrusion<\/a><\/li>\r\r\n<li><a href=\"https:\/\/sinoextrud.com\/what-is-4040-aluminium-extrud\/\" target=\"_blank\">aluminum extrusions for industrial racks<\/a><\/li>\r\r\n<li><a href=\"https:\/\/sinoextrud.com\/powder-coating-aluminium-process\/\" target=\"_blank\">powder coating aluminium<\/a><\/li>\r\r\n<li><a href=\"https:\/\/sinoextrud.com\/what-is-an-aluminium-strip-ceiling\/\" target=\"_blank\">aluminium strip ceiling<\/a><\/li>\r\r\n<li><a href=\"https:\/\/sinoextrud.com\/what-is-a-heat-sink\/\" target=\"_blank\">what is a heat sink<\/a><\/li>\r\r\n<\/ul>","product_chanpin_chanpin":"<li><a href=\"https:\/\/sinoextrud.com\/product\/aluminium-flat-bar\/\" target=\"_blank\">Aluminium Flat Bar<\/a><\/li>\r\n<li><a href=\"https:\/\/sinoextrud.com\/product\/anodizing-aluminium-extrusion-profiles-for-windows-and-door\/\" target=\"_blank\">Anodizing Aluminium Extrusion Profiles for Windows and Door<\/a><\/li>\r\n<li><a href=\"https:\/\/sinoextrud.com\/product\/aluminium-louver-extrusions\/\" target=\"_blank\">Aluminium Louver Extrusions<\/a><\/li>\r\n<li><a href=\"https:\/\/sinoextrud.com\/product\/aluminium-picture-frame-extrusions\/\" target=\"_blank\">Aluminium Picture Frame Extrusions<\/a><\/li>\r\n<li><a href=\"https:\/\/sinoextrud.com\/product\/aluminium-powder-coating\/\" target=\"_blank\">Aluminium Powder Coating<\/a><\/li>\r\n<li><a href=\"https:\/\/sinoextrud.com\/product\/greenhouse-aluminum-profile-customized-aluminum-profile-beam-powder-coated\/\" target=\"_blank\">greenhouse aluminum profile customized aluminum profile beam powder coated<\/a><\/li>\r\n<li><a href=\"https:\/\/sinoextrud.com\/product\/aluminium-profile-bracket\/\" target=\"_blank\">Aluminium Profile Bracket<\/a><\/li>\r\n<li><a href=\"https:\/\/sinoextrud.com\/product\/aluminum-u-shape-channel-profile\/\" target=\"_blank\">Aluminum U Shape Channel Profile<\/a><\/li>\r\n<li><a href=\"https:\/\/sinoextrud.com\/product\/aluminium-profile-glass-curtain-wall-system\/\" target=\"_blank\">Aluminium Profile Glass Curtain Wall System<\/a><\/li>\r\n<li><a href=\"https:\/\/sinoextrud.com\/product\/o-shape-baffle-ceiling-system\/\" target=\"_blank\">O-shape Baffle Ceiling System<\/a><\/li>\r\n<li><a href=\"https:\/\/sinoextrud.com\/product\/industrial-aluminium-doors\/\" target=\"_blank\">Industrial Aluminium Doors<\/a><\/li>"},"feature_list":[]},"_links":{"self":[{"href":"https:\/\/sinoextrud.com\/es\/wp-json\/wp\/v2\/product\/7531","targetHints":{"allow":["GET"]}}],"collection":[{"href":"https:\/\/sinoextrud.com\/es\/wp-json\/wp\/v2\/product"}],"about":[{"href":"https:\/\/sinoextrud.com\/es\/wp-json\/wp\/v2\/types\/product"}],"wp:featuredmedia":[{"embeddable":true,"href":"https:\/\/sinoextrud.com\/es\/wp-json\/wp\/v2\/media\/7530"}],"wp:attachment":[{"href":"https:\/\/sinoextrud.com\/es\/wp-json\/wp\/v2\/media?parent=7531"}],"wp:term":[{"taxonomy":"category","embeddable":true,"href":"https:\/\/sinoextrud.com\/es\/wp-json\/wp\/v2\/categories?post=7531"}],"curies":[{"name":"wp","href":"https:\/\/api.w.org\/{rel}","templated":true}]}}