{"id":7523,"date":"2025-06-07T10:00:36","date_gmt":"2025-06-07T10:00:36","guid":{"rendered":"https:\/\/sinoextrud.com\/product\/anodizing-aluminium-extrusion-profiles-for-windows-and-door\/"},"modified":"2025-06-24T06:13:03","modified_gmt":"2025-06-24T06:13:03","slug":"anodizado-de-perfiles-de-extrusion-de-aluminio-para-ventanas-y-puertas","status":"publish","type":"product","link":"https:\/\/sinoextrud.com\/es\/product\/anodizing-aluminium-extrusion-profiles-for-windows-and-door\/","title":{"rendered":"Perfiles de extrusi\u00f3n de aluminio anodizado para ventanas y puertas"},"content":{"rendered":"<h2>Productos<\/h2>\n<table class=\"custom-table\">\n<tr>\n<td class=\"label\">\nModelo NO.:<\/td>\n<td>Perfiles de extrusi\u00f3n de aluminio anodizado para ventanas y puertas<\/td>\n<\/tr>\n<tr>\n<td class=\"label\">Forma:<\/td>\n<td> ventanas y puertas<\/td>\n<\/tr>\n<tr>\n<td class=\"label\">Temperamento:<\/td>\n<td> T3-T8<\/td>\n<\/tr>\n<tr>\n<td class=\"label\">Aleaci\u00f3n:<\/td>\n<td> Aleaci\u00f3n<\/td>\n<\/tr>\n<tr>\n<td class=\"label\">Ingrediente de aleaci\u00f3n:<\/td>\n<td> 6063<\/td>\n<\/tr>\n<tr>\n<td class=\"label\">Perfil de aluminio pulido:<\/td>\n<td> Pulido qu\u00edmico<\/td>\n<\/tr>\n<tr>\n<td class=\"label\">Marca registrada:<\/td>\n<td> N\/A<\/td>\n<\/tr>\n<tr>\n<td class=\"label\">Especificaci\u00f3n:<\/td>\n<td> 1.5*1.5m<\/td>\n<\/tr>\n<tr>\n<td class=\"label\">C\u00f3digo SA:<\/td>\n<td> 76101000<\/td>\n<\/tr>\n<tr>\n<td class=\"label\">Tipo:<\/td>\n<td> Perfil de aluminio para puertas y ventanas, Perfil de aluminio decorativo, Perfil de aluminio para paredes de vidrio<\/td>\n<\/tr>\n<tr>\n<td class=\"label\">Grado:<\/td>\n<td> Serie 3000<\/td>\n<\/tr>\n<tr>\n<td class=\"label\">Perfil de aluminio para puertas y ventanas:<\/td>\n<td> Serie 70<\/td>\n<\/tr>\n<tr>\n<td class=\"label\">Acabado superficial:<\/td>\n<td> Pulverizaci\u00f3n de polvo<\/td>\n<\/tr>\n<tr>\n<td class=\"label\">Certificaci\u00f3n:<\/td>\n<td> CE, SONCAP, RoHS, TUV<\/td>\n<\/tr>\n<tr>\n<td class=\"label\">Tama\u00f1o:<\/td>\n<td> Personalizado<\/td>\n<\/tr>\n<tr>\n<td class=\"label\">Paquete de transporte:<\/td>\n<td> Pel\u00edcula de pl\u00e1stico, papel<\/td>\n<\/tr>\n<tr>\n<td class=\"label\">Origen:<\/td>\n<td> China<\/td>\n<\/tr>\n<\/table>\n<h2>Nuestra base de fabricaci\u00f3n<\/h2>\n<h3>Panorama de la f\u00e1brica<\/h3>\n<p><img decoding=\"async\" src=\"\/wp-content\/uploads\/factory-01.webp\"\/><\/p>\n<h3>Taller de fabricaci\u00f3n de barras de aluminio<\/h3>\n<p><img decoding=\"async\" src=\"\/wp-content\/uploads\/factory-02.webp\"\/><\/p>\n<p><img decoding=\"async\" src=\"\/wp-content\/uploads\/factory-03.webp\"\/><\/p>\n<h3>Almac\u00e9n de moldes<\/h3>\n<p><img decoding=\"async\" src=\"\/wp-content\/uploads\/factory-04.webp\"\/><\/p>\n<h3>43 l\u00edneas de extrusi\u00f3n de aluminio (500-5500 toneladas)<\/h3>\n<p><img decoding=\"async\" src=\"\/wp-content\/uploads\/factory-05.webp\"\/><\/p>\n<p><img decoding=\"async\" src=\"\/wp-content\/uploads\/factory-06.webp\"\/><\/p>\n<p><img decoding=\"async\" src=\"\/wp-content\/uploads\/factory-07.webp\"\/><\/p>\n<h3>Taller de pintura en polvo<\/h3>\n<p><img decoding=\"async\" src=\"\/wp-content\/uploads\/factory-09.webp\"\/><\/p>\n<h3>Taller de anodizado<\/h3>\n<p><img decoding=\"async\" src=\"\/wp-content\/uploads\/factory-10.webp\"\/><\/p>\n<h3>Taller de procesamiento profundo<\/h3>\n<p><img decoding=\"async\" src=\"\/wp-content\/uploads\/factory-11.webp\"\/><\/p>\n<h3>Taller de mecanizado de precisi\u00f3n CNC<\/h3>\n<p><img decoding=\"async\" src=\"\/wp-content\/uploads\/factory-11.5.webp\"\/><\/p>\n<h3>Almac\u00e9n de productos acabados y de exportaci\u00f3n<\/h3>\n<p><img decoding=\"async\" src=\"\/wp-content\/uploads\/factory-12.webp\"\/><\/p>\n<p><img decoding=\"async\" src=\"\/wp-content\/uploads\/factory-13.webp\"\/><\/p>\n<p><img decoding=\"async\" src=\"\/wp-content\/uploads\/factory-14.webp\"\/><\/p>\n<h2>PREGUNTAS FRECUENTES<\/h2>\n<p><p><b>1. \u00bfQu\u00e9 son los perfiles de extrusi\u00f3n de aluminio anodizado para ventanas y puertas?<\/b><\/p>\n<p>Se trata de perfiles de aluminio tratados con un proceso de anodizado para mejorar la durabilidad, la resistencia a la corrosi\u00f3n y la calidad est\u00e9tica de los marcos de puertas y ventanas.<br \/>\n<\/p><br \/>\n<br \/>\n<p><b>2.\u00bfPor qu\u00e9 elegir aluminio anodizado para ventanas y puertas?<\/b><\/p>\n<p>El anodizado crea una superficie dura y resistente a la intemperie que mantiene el color y el aspecto, por lo que es ideal para exteriores.<br \/>\n<\/p><br \/>\n<br \/>\n<p><b>3.\u00bfEl aluminio anodizado es resistente a la corrosi\u00f3n?<\/b><\/p>\n<p>S\u00ed, la capa anodizada protege el aluminio de la oxidaci\u00f3n, la humedad y el desgaste ambiental.<br \/>\n<\/p><br \/>\n<br \/>\n<p><b>4.\u00bfSe puede personalizar el acabado anodizado?<\/b><\/p>\n<p>Por supuesto, los perfiles de aluminio anodizado est\u00e1n disponibles en varios colores, acabados y grosores para adaptarse a necesidades de dise\u00f1o espec\u00edficas.<br \/>\n<\/p><br \/>\n<br \/>\n<p><b>5.\u00bfSon adecuados estos perfiles para su instalaci\u00f3n en exteriores?<\/b><\/p>\n<p>S\u00ed, est\u00e1n dise\u00f1ados para una alta exposici\u00f3n a los rayos UV y a la intemperie, perfectos para ventanas y puertas exteriores.<br \/>\n<\/p><br \/>\n<br \/>\n<p><b>6.\u00bfLos perfiles de aluminio anodizado requieren mantenimiento?<\/b><\/p>\n<p>Se necesita muy poca limpieza ocasional para mantener el acabado y el rendimiento.<br \/>\n<\/p><br \/>\n<br \/>\n<p><b>7.\u00bfQu\u00e9 tipos de sistemas de ventanas y puertas utilizan perfiles anodizados?<\/b><\/p>\n<p>Se utilizan habitualmente en sistemas correderos, abatibles, oscilobatientes y fijos, tanto en aplicaciones residenciales como comerciales.<br \/>\n<\/p><br \/>\n<br \/>\n<p><b>8.\u00bfEs el anodizado un proceso respetuoso con el medio ambiente?<\/b><\/p>\n<p>S\u00ed, el anodizado es un proceso limpio y no t\u00f3xico que produce acabados duraderos con un impacto medioambiental m\u00ednimo.<br \/>\n<\/p><br \/><\/p>","protected":false},"featured_media":7522,"template":"","categories":[67],"class_list":["post-7523","product","type-product","status-publish","has-post-thumbnail","hentry","category-architectural-aluminium-profile"],"meta_box":{"hilight_text_group":{"product_hilight_text":"<li>Durable anodized finish enhances corrosion and wear resistance<\/li>\r\r\n<li>Elegant metallic appearance ideal for modern windows and doors<\/li>\r\r\n<li>High-strength aluminum ensures long-term structural stability<\/li>\r\r\n<li>Available in multiple colors and anodizing thickness levels<\/li>\r\r\n<li>Low-maintenance surface retains finish for years<\/li>\r\r\n<li>Custom extrusions designed to fit various window and door systems<\/li>\r\r\n<li>Eco-friendly anodizing process with no harmful emissions<\/li>","product_chanpin_blog":"<ul>\r\r\n<li><a href=\"https:\/\/sinoextrud.com\/t-slot-v-slot-differences\/\" target=\"_blank\">t slot vs v slot<\/a><\/li>\r\r\n<li><a href=\"https:\/\/sinoextrud.com\/what-is-4040-aluminium-extrud\/\" target=\"_blank\">4040 aluminium extrusion<\/a><\/li>\r\r\n<li><a href=\"https:\/\/sinoextrud.com\/what-is-4040-aluminium-extrud\/\" target=\"_blank\">aluminum extrusions for industrial racks<\/a><\/li>\r\r\n<li><a href=\"https:\/\/sinoextrud.com\/powder-coating-aluminium-process\/\" target=\"_blank\">powder coating aluminium<\/a><\/li>\r\r\n<li><a href=\"https:\/\/sinoextrud.com\/what-is-an-aluminium-strip-ceiling\/\" target=\"_blank\">aluminium strip ceiling<\/a><\/li>\r\r\n<li><a href=\"https:\/\/sinoextrud.com\/what-is-a-heat-sink\/\" target=\"_blank\">what is a heat sink<\/a><\/li>\r\r\n<\/ul>","product_chanpin_chanpin":"<li><a href=\"https:\/\/sinoextrud.com\/product\/aluminium-sections-for-sliding-doors\/\" target=\"_blank\">Aluminium Sections For Sliding Doors<\/a><\/li>\r\n<li><a href=\"https:\/\/sinoextrud.com\/product\/aluminum-profile-manufacturer\/\" target=\"_blank\">Aluminum Profile Manufacturer<\/a><\/li>\r\n<li><a href=\"https:\/\/sinoextrud.com\/product\/aluminium-fence\/\" target=\"_blank\">Aluminium Fence<\/a><\/li>\r\n<li><a href=\"https:\/\/sinoextrud.com\/product\/aluminium-flat-bar\/\" target=\"_blank\">Aluminium Flat Bar<\/a><\/li>\r\n<li><a href=\"https:\/\/sinoextrud.com\/product\/anodizing-aluminium-extrusion-profiles-for-windows-and-door\/\" target=\"_blank\">Anodizing Aluminium Extrusion Profiles for Windows and Door<\/a><\/li>\r\n<li><a href=\"https:\/\/sinoextrud.com\/product\/aluminium-louver-extrusions\/\" target=\"_blank\">Aluminium Louver Extrusions<\/a><\/li>\r\n<li><a href=\"https:\/\/sinoextrud.com\/product\/aluminium-picture-frame-extrusions\/\" target=\"_blank\">Aluminium Picture Frame Extrusions<\/a><\/li>\r\n<li><a href=\"https:\/\/sinoextrud.com\/product\/aluminium-powder-coating\/\" target=\"_blank\">Aluminium Powder Coating<\/a><\/li>\r\n<li><a href=\"https:\/\/sinoextrud.com\/product\/greenhouse-aluminum-profile-customized-aluminum-profile-beam-powder-coated\/\" target=\"_blank\">greenhouse aluminum profile customized aluminum profile beam powder coated<\/a><\/li>\r\n<li><a href=\"https:\/\/sinoextrud.com\/product\/wood-look-aluminium-cladding\/\" target=\"_blank\">Wood Look Aluminium Cladding<\/a><\/li>\r\n<li><a href=\"https:\/\/sinoextrud.com\/product\/aluminium-profile-for-wardrobe-sliding-door-frame\/\" target=\"_blank\">Aluminium Profile For Wardrobe Sliding Door Frame<\/a><\/li>"},"feature_list":[]},"_links":{"self":[{"href":"https:\/\/sinoextrud.com\/es\/wp-json\/wp\/v2\/product\/7523","targetHints":{"allow":["GET"]}}],"collection":[{"href":"https:\/\/sinoextrud.com\/es\/wp-json\/wp\/v2\/product"}],"about":[{"href":"https:\/\/sinoextrud.com\/es\/wp-json\/wp\/v2\/types\/product"}],"wp:featuredmedia":[{"embeddable":true,"href":"https:\/\/sinoextrud.com\/es\/wp-json\/wp\/v2\/media\/7522"}],"wp:attachment":[{"href":"https:\/\/sinoextrud.com\/es\/wp-json\/wp\/v2\/media?parent=7523"}],"wp:term":[{"taxonomy":"category","embeddable":true,"href":"https:\/\/sinoextrud.com\/es\/wp-json\/wp\/v2\/categories?post=7523"}],"curies":[{"name":"wp","href":"https:\/\/api.w.org\/{rel}","templated":true}]}}