{"id":7517,"date":"2025-06-07T09:55:49","date_gmt":"2025-06-07T09:55:49","guid":{"rendered":"https:\/\/sinoextrud.com\/product\/aluminum-profile-manufacturer\/"},"modified":"2025-06-24T06:13:01","modified_gmt":"2025-06-24T06:13:01","slug":"fabricante-de-perfiles-de-aluminio","status":"publish","type":"product","link":"https:\/\/sinoextrud.com\/es\/product\/aluminum-profile-manufacturer\/","title":{"rendered":"Fabricantes de perfiles de aluminio"},"content":{"rendered":"<h2>Productos<\/h2>\n<table class=\"custom-table\">\n<tr>\n<td class=\"label\">Tipo de negocio:<\/td>\n<td>Fabricantes de perfiles de aluminio<\/td>\n<\/tr>\n<tr>\n<td class=\"label\">Serie de productos:<\/td>\n<td>perfil de extrusi\u00f3n de aluminio<\/td>\n<\/tr>\n<tr>\n<td class=\"label\">Determinaci\u00f3n del precio:<\/td>\n<td>Basado en el precio del lingote de aluminio + el coste del proceso<\/td>\n<\/tr>\n<tr>\n<td class=\"label\">Plazo de pago:<\/td>\n<td>30% por T\/T como dep\u00f3sito por adelantado,el saldo 70% por T\/T antes de la entrega.<\/td>\n<\/tr>\n<tr>\n<td class=\"label\">Color:<\/td>\n<td>Podemos suministrar blanco, color madera, negro, dorado, azul, champ\u00e1n y otros colores seg\u00fan sus necesidades.<\/td>\n<\/tr>\n<tr>\n<td class=\"label\">Especificaci\u00f3n:<\/td>\n<td>1. Aleaci\u00f3n: 6063-T5\/T6<br \/>\n2. Longitud: 1-9 metros o seg\u00fan sus necesidades<br \/>\n3. Espesor normal del anodizado: de 8 a 15 micro<br \/>\n4.Espesor normal del recubrimiento en polvo: 60 - 100 micro<br \/>\n5. Resistencia a la tracci\u00f3n: \u2265160 MPa<br \/>\n6. L\u00edmite el\u00e1stico: \u2265110 MPa<br \/>\n7. Extensibilidad: \u22658%<br \/>\n8. Dureza (HW): \u22658<\/td>\n<\/tr>\n<tr>\n<td class=\"label\">Embalaje:<\/td>\n<td>EPE con pel\u00edcula retr\u00e1ctil, papel kraft, otro m\u00e9todo de embalaje requerido por los clientes est\u00e1 disponible.<\/td>\n<\/tr>\n<tr>\n<td class=\"label\">Plazo de entrega:<\/td>\n<td>De 20 a 25 d\u00edas si el molde est\u00e1 listo.<\/td>\n<\/tr>\n<tr>\n<td class=\"label\">Secuencia de orden normal:<\/td>\n<td>1. Confirme los dibujos, colores, precio y otros detalles;<br \/>\n2. Pague el importe del molde y empezaremos a fabricar los moldes;<br \/>\n3. Le enviamos muestras para su confirmaci\u00f3n;<br \/>\n4. Realizar el pago del dep\u00f3sito 30%, iniciar la producci\u00f3n;<br \/>\n5. Inspecci\u00f3n de las mercanc\u00edas<br \/>\n6.Entrega tras recibir el saldo<\/td>\n<\/tr>\n<tr>\n<td class=\"label\">Observaci\u00f3n:<\/td>\n<td>Podemos presentarle nuestros dise\u00f1os y tambi\u00e9n podemos producir seg\u00fan su dise\u00f1o.<\/td>\n<\/tr>\n<\/table>\n<h2>Nuestra base de fabricaci\u00f3n<\/h2>\n<h3>Panorama de la f\u00e1brica<\/h3>\n<p><img decoding=\"async\" src=\"\/wp-content\/uploads\/factory-01.webp\"\/><\/p>\n<h3>Taller de fabricaci\u00f3n de barras de aluminio<\/h3>\n<p><img decoding=\"async\" src=\"\/wp-content\/uploads\/factory-02.webp\"\/><\/p>\n<p><img decoding=\"async\" src=\"\/wp-content\/uploads\/factory-03.webp\"\/><\/p>\n<h3>Almac\u00e9n de moldes<\/h3>\n<p><img decoding=\"async\" src=\"\/wp-content\/uploads\/factory-04.webp\"\/><\/p>\n<h3>43 l\u00edneas de extrusi\u00f3n de aluminio (500-5500 toneladas)<\/h3>\n<p><img decoding=\"async\" src=\"\/wp-content\/uploads\/factory-05.webp\"\/><\/p>\n<p><img decoding=\"async\" src=\"\/wp-content\/uploads\/factory-06.webp\"\/><\/p>\n<p><img decoding=\"async\" src=\"\/wp-content\/uploads\/factory-07.webp\"\/><\/p>\n<h3>Taller de pintura en polvo<\/h3>\n<p><img decoding=\"async\" src=\"\/wp-content\/uploads\/factory-09.webp\"\/><\/p>\n<h3>Taller de anodizado<\/h3>\n<p><img decoding=\"async\" src=\"\/wp-content\/uploads\/factory-10.webp\"\/><\/p>\n<h3>Taller de procesamiento profundo<\/h3>\n<p><img decoding=\"async\" src=\"\/wp-content\/uploads\/factory-11.webp\"\/><\/p>\n<h3>Taller de mecanizado de precisi\u00f3n CNC<\/h3>\n<p><img decoding=\"async\" src=\"\/wp-content\/uploads\/factory-11.5.webp\"\/><\/p>\n<h3>Almac\u00e9n de productos acabados y de exportaci\u00f3n<\/h3>\n<p><img decoding=\"async\" src=\"\/wp-content\/uploads\/factory-12.webp\"\/><\/p>\n<p><img decoding=\"async\" src=\"\/wp-content\/uploads\/factory-13.webp\"\/><\/p>\n<p><img decoding=\"async\" src=\"\/wp-content\/uploads\/factory-14.webp\"\/><\/p>\n<h2>PREGUNTAS FRECUENTES<\/h2>\n<p><p><b>1. \u00bfQu\u00e9 hace un fabricante de perfiles de aluminio?<\/b><\/p>\n<p>Un fabricante de perfiles de aluminio dise\u00f1a y produce perfiles de aluminio extruido para uso industrial, arquitect\u00f3nico y comercial.<br \/>\n<\/p><br \/>\n<br \/>\n<p><b>2. \u00bfPor qu\u00e9 elegir un fabricante profesional de perfiles de aluminio?<\/b><\/p>\n<p>Un fabricante fiable garantiza una producci\u00f3n de alta calidad, ingenier\u00eda de precisi\u00f3n y un suministro constante para sus proyectos.<br \/>\n<\/p><br \/>\n<br \/>\n<p><b>3.\u00bfPuede un fabricante de perfiles de aluminio suministrar perfiles a medida?<\/b><\/p>\n<p>S\u00ed, la mayor\u00eda de los fabricantes ofrecen servicios OEM\/ODM para producir formas, tama\u00f1os y acabados personalizados seg\u00fan sus especificaciones.<br \/>\n<\/p><br \/>\n<br \/>\n<p><b>4.\u00bfQu\u00e9 industrias utilizan perfiles de aluminio de los fabricantes?<\/b><\/p>\n<p>Industrias como la construcci\u00f3n, la automoci\u00f3n, la electr\u00f3nica, el mobiliario y la energ\u00eda solar suelen abastecerse de perfiles de aluminio.<br \/>\n<\/p><br \/>\n<br \/>\n<p><b>5.\u00bfSe fabrican los perfiles de aluminio con materiales ecol\u00f3gicos?<\/b><\/p>\n<p>S\u00ed, el aluminio es 100% reciclable, y los fabricantes reputados adoptan pr\u00e1cticas de producci\u00f3n sostenibles.<br \/>\n<\/p><br \/>\n<br \/>\n<p><b>6.\u00bfQu\u00e9 tratamientos superficiales puede ofrecer un fabricante?<\/b><\/p>\n<p>Las opciones m\u00e1s comunes incluyen anodizado, recubrimiento en polvo, veteado de madera, cepillado y pulido para diversas necesidades funcionales y est\u00e9ticas.<br \/>\n<\/p><br \/>\n<br \/>\n<p><b>7.\u00bfC\u00f3mo puedo garantizar la calidad de los perfiles de aluminio?<\/b><\/p>\n<p>Elija fabricantes con certificaciones ISO, control de calidad interno y sistemas de trazabilidad de materiales.<br \/>\n<\/p><br \/>\n<br \/>\n<p><b>8.\u00bfAdmite el fabricante pedidos al por mayor?<\/b><\/p>\n<p>S\u00ed, los fabricantes de perfiles de aluminio suelen ofrecer precios competitivos y condiciones flexibles para pedidos de gran volumen.<br \/>\n<\/p><br \/><\/p>","protected":false},"featured_media":7516,"template":"","categories":[67],"class_list":["post-7517","product","type-product","status-publish","has-post-thumbnail","hentry","category-architectural-aluminium-profile"],"meta_box":{"hilight_text_group":{"product_hilight_text":"<li>Experienced aluminum profile manufacturer with advanced production equipment<\/li>\r\r\n<li>Offers custom extrusion solutions for various industrial applications<\/li>\r\r\n<li>High precision manufacturing ensures consistent product quality<\/li>\r\r\n<li>Wide range of profile shapes, sizes, and surface finishes available<\/li>\r\r\n<li>Strict quality control system for reliable and durable profiles<\/li>\r\r\n<li>Fast lead times and flexible OEM\/ODM services<\/li>\r\r\n<li>Eco-friendly production using recyclable aluminum materials<\/li>","product_chanpin_blog":"<ul>\r\r\n<li><a href=\"https:\/\/sinoextrud.com\/t-slot-v-slot-differences\/\" target=\"_blank\">t slot vs v slot<\/a><\/li>\r\r\n<li><a href=\"https:\/\/sinoextrud.com\/what-is-4040-aluminium-extrud\/\" target=\"_blank\">4040 aluminium extrusion<\/a><\/li>\r\r\n<li><a href=\"https:\/\/sinoextrud.com\/what-is-4040-aluminium-extrud\/\" target=\"_blank\">aluminum extrusions for industrial racks<\/a><\/li>\r\r\n<li><a href=\"https:\/\/sinoextrud.com\/powder-coating-aluminium-process\/\" target=\"_blank\">powder coating aluminium<\/a><\/li>\r\r\n<li><a href=\"https:\/\/sinoextrud.com\/what-is-an-aluminium-strip-ceiling\/\" target=\"_blank\">aluminium strip ceiling<\/a><\/li>\r\r\n<li><a href=\"https:\/\/sinoextrud.com\/what-is-a-heat-sink\/\" target=\"_blank\">what is a heat sink<\/a><\/li>\r\r\n<\/ul>","product_chanpin_chanpin":"<li><a href=\"https:\/\/sinoextrud.com\/product\/aluminium-u-channels\/\" target=\"_blank\">Aluminium U Channels<\/a><\/li>\r\n<li><a href=\"https:\/\/sinoextrud.com\/product\/aluminium-extruded-sections\/\" target=\"_blank\">Aluminium Extruded Sections<\/a><\/li>\r\n<li><a href=\"https:\/\/sinoextrud.com\/product\/wholesale-electrophoresis-aluminium-profile-price\/\" target=\"_blank\">Wholesale Electrophoresis Aluminium Profile Price<\/a><\/li>\r\n<li><a href=\"https:\/\/sinoextrud.com\/product\/aluminium-sections-for-sliding-doors\/\" target=\"_blank\">Aluminium Sections For Sliding Doors<\/a><\/li>\r\n<li><a href=\"https:\/\/sinoextrud.com\/product\/aluminum-profile-manufacturer\/\" target=\"_blank\">Aluminum Profile Manufacturer<\/a><\/li>\r\n<li><a href=\"https:\/\/sinoextrud.com\/product\/aluminium-fence\/\" target=\"_blank\">Aluminium Fence<\/a><\/li>\r\n<li><a href=\"https:\/\/sinoextrud.com\/product\/aluminium-flat-bar\/\" target=\"_blank\">Aluminium Flat Bar<\/a><\/li>\r\n<li><a href=\"https:\/\/sinoextrud.com\/product\/anodizing-aluminium-extrusion-profiles-for-windows-and-door\/\" target=\"_blank\">Anodizing Aluminium Extrusion Profiles for Windows and Door<\/a><\/li>\r\n<li><a href=\"https:\/\/sinoextrud.com\/product\/aluminium-louver-extrusions\/\" target=\"_blank\">Aluminium Louver Extrusions<\/a><\/li>\r\n<li><a href=\"https:\/\/sinoextrud.com\/product\/aluminum-window-frame\/\" target=\"_blank\">Aluminum Window Frame<\/a><\/li>\r\n<li><a href=\"https:\/\/sinoextrud.com\/product\/aluminum-skirting-profile\/\" target=\"_blank\">Aluminum Skirting Profile<\/a><\/li>"},"feature_list":[]},"_links":{"self":[{"href":"https:\/\/sinoextrud.com\/es\/wp-json\/wp\/v2\/product\/7517","targetHints":{"allow":["GET"]}}],"collection":[{"href":"https:\/\/sinoextrud.com\/es\/wp-json\/wp\/v2\/product"}],"about":[{"href":"https:\/\/sinoextrud.com\/es\/wp-json\/wp\/v2\/types\/product"}],"wp:featuredmedia":[{"embeddable":true,"href":"https:\/\/sinoextrud.com\/es\/wp-json\/wp\/v2\/media\/7516"}],"wp:attachment":[{"href":"https:\/\/sinoextrud.com\/es\/wp-json\/wp\/v2\/media?parent=7517"}],"wp:term":[{"taxonomy":"category","embeddable":true,"href":"https:\/\/sinoextrud.com\/es\/wp-json\/wp\/v2\/categories?post=7517"}],"curies":[{"name":"wp","href":"https:\/\/api.w.org\/{rel}","templated":true}]}}