{"id":7506,"date":"2025-06-07T09:33:55","date_gmt":"2025-06-07T09:33:55","guid":{"rendered":"https:\/\/sinoextrud.com\/product\/aluminium-structural-framing\/"},"modified":"2025-06-24T06:13:00","modified_gmt":"2025-06-24T06:13:00","slug":"armazon-estructural-de-aluminio","status":"publish","type":"product","link":"https:\/\/sinoextrud.com\/es\/product\/aluminium-structural-framing\/","title":{"rendered":"Estructuras de aluminio"},"content":{"rendered":"<h2>Productos<\/h2>\n<table class=\"custom-table\">\n<tr>\n<td class=\"label\">Modelo NO.:<\/td>\n<td> armaz\u00f3n estructural de aluminio<\/td>\n<\/tr>\n<tr>\n<td class=\"label\">Tipo:<\/td>\n<td> perfil de ventana<\/td>\n<\/tr>\n<tr>\n<td class=\"label\">Lugar de origen:<\/td>\n<td> Guangdong, China (continental)<\/td>\n<\/tr>\n<tr>\n<td class=\"label\">Marca registrada:<\/td>\n<td> Sinoextrud<\/td>\n<\/tr>\n<tr>\n<td class=\"label\">Origen:<\/td>\n<td> China<\/td>\n<\/tr>\n<tr>\n<td class=\"label\">Uso:<\/td>\n<td> Estructura del edificio Perfil de aluminio<\/td>\n<\/tr>\n<tr>\n<td class=\"label\">Material:<\/td>\n<td> aleaci\u00f3n de aluminio<\/td>\n<\/tr>\n<tr>\n<td class=\"label\">MOQ:<\/td>\n<td> 200 kgs<\/td>\n<\/tr>\n<tr>\n<td class=\"label\">Especificaci\u00f3n:<\/td>\n<td> grosor 1,0-3,5(mm)<\/td>\n<\/tr>\n<\/table>\n<h2>Nuestra base de fabricaci\u00f3n<\/h2>\n<h3>Panorama de la f\u00e1brica<\/h3>\n<p><img decoding=\"async\" src=\"\/wp-content\/uploads\/factory-01.webp\"\/><\/p>\n<h3>Taller de fabricaci\u00f3n de barras de aluminio<\/h3>\n<p><img decoding=\"async\" src=\"\/wp-content\/uploads\/factory-02.webp\"\/><\/p>\n<\/p>\n<p><img decoding=\"async\" src=\"\/wp-content\/uploads\/factory-03.webp\"\/><\/p>\n<h3>Almac\u00e9n de moldes<\/h3>\n<p><img decoding=\"async\" src=\"\/wp-content\/uploads\/factory-04.webp\"\/><\/p>\n<h3>43 l\u00edneas de extrusi\u00f3n de aluminio (500-5500 toneladas)<\/h3>\n<p><img decoding=\"async\" src=\"\/wp-content\/uploads\/factory-05.webp\"\/><\/p>\n<p><img decoding=\"async\" src=\"\/wp-content\/uploads\/factory-06.webp\"\/><\/p>\n<p><img decoding=\"async\" src=\"\/wp-content\/uploads\/factory-07.webp\"\/><\/p>\n<h3>Taller de pintura en polvo<\/h3>\n<p><img decoding=\"async\" src=\"\/wp-content\/uploads\/factory-09.webp\"\/><\/p>\n<h3>Taller de anodizado<\/h3>\n<p><img decoding=\"async\" src=\"\/wp-content\/uploads\/factory-10.webp\"\/><\/p>\n<h3>Taller de procesamiento profundo<\/h3>\n<p><img decoding=\"async\" src=\"\/wp-content\/uploads\/factory-11.webp\"\/><\/p>\n<h3>Taller de mecanizado de precisi\u00f3n CNC<\/h3>\n<p><img decoding=\"async\" src=\"\/wp-content\/uploads\/factory-11.5.webp\"\/><\/p>\n<h3>Almac\u00e9n de productos acabados y de exportaci\u00f3n<\/h3>\n<p><img decoding=\"async\" src=\"\/wp-content\/uploads\/factory-12.webp\"\/><\/p>\n<p><img decoding=\"async\" src=\"\/wp-content\/uploads\/factory-13.webp\"\/><\/p>\n<p><img decoding=\"async\" src=\"\/wp-content\/uploads\/factory-14.webp\"\/><\/p>\n<h2>PREGUNTAS FRECUENTES<\/h2>\n<p><b>1. \u00bfQu\u00e9 es la carpinter\u00eda estructural de aluminio?<\/b><\/p>\n<p>Las estructuras de aluminio son perfiles de aluminio de alta resistencia que se utilizan para construir armazones modulares para estructuras industriales y comerciales.\n<\/p>\n<p><\/p>\n<p><b>2. \u00bfPor qu\u00e9 utilizar estructuras de aluminio en la construcci\u00f3n?<\/b><\/p>\n<p>El armaz\u00f3n estructural de aluminio ofrece una soluci\u00f3n ligera, duradera y resistente a la corrosi\u00f3n, ideal para una construcci\u00f3n r\u00e1pida y flexible.\n<\/p>\n<p><\/p>\n<p><b>3. \u00bfEs el armaz\u00f3n estructural de aluminio lo suficientemente resistente para uso industrial?<\/b><\/p>\n<p>S\u00ed, las aleaciones de aluminio de calidad estructural ofrecen una excelente capacidad de carga para aplicaciones industriales.\n<\/p>\n<p><\/p>\n<p><b>4. \u00bfSe puede personalizar el marco estructural de aluminio?<\/b><\/p>\n<p>Por supuesto, los sistemas de entramado de aluminio son modulares y personalizables en tama\u00f1o, forma y configuraci\u00f3n para satisfacer necesidades espec\u00edficas.\n<\/p>\n<p><\/p>\n<p><b>5. \u00bfQu\u00e9 industrias utilizan estructuras de aluminio?<\/b><\/p>\n<p>Industrias como la automatizaci\u00f3n, la fabricaci\u00f3n, las salas blancas y la log\u00edstica utilizan habitualmente marcos de aluminio para m\u00e1quinas, armarios y estaciones de trabajo.\n<\/p>\n<p><\/p>\n<p><b>6.\u00bfSon los marcos estructurales de aluminio resistentes a la corrosi\u00f3n?<\/b><\/p>\n<p>S\u00ed, la resistencia natural del aluminio a la corrosi\u00f3n lo hace ideal para entornos duros o h\u00famedos.\n<\/p>\n<p><\/p>\n<p><b>7.\u00bfEs ecol\u00f3gica la carpinter\u00eda estructural de aluminio?<\/b><\/p>\n<p>S\u00ed, el aluminio es 100% reciclable y apoya las pr\u00e1cticas de construcci\u00f3n sostenibles.\n<\/p>\n<p><\/p>\n<p><b>8. \u00bfEs f\u00e1cil montar estructuras de aluminio?<\/b><\/p>\n<p>Es muy f\u00e1cil: los componentes modulares permiten un montaje r\u00e1pido con un m\u00ednimo de herramientas y mano de obra.\n<\/p>\n<p><\/p>","protected":false},"featured_media":7505,"template":"","categories":[67],"class_list":["post-7506","product","type-product","status-publish","has-post-thumbnail","hentry","category-architectural-aluminium-profile"],"meta_box":{"hilight_text_group":{"product_hilight_text":"<li>High-strength aluminum alloy ensures robust structural support<\/li>\r\r\n<li>Lightweight framing reduces installation time and transportation costs<\/li>\r\r\n<li>Corrosion-resistant for long-term indoor and outdoor use<\/li>\r\r\n<li>Modular design enables flexible customization and scalability<\/li>\r\r\n<li>Compatible with a wide range of industrial connectors and accessories<\/li>\r\r\n<li>Clean, professional appearance suitable for various environments<\/li>\r\r\n<li>Environmentally friendly and fully recyclable material<\/li>","product_chanpin_blog":"<ul>\r\r\n<li><a href=\"https:\/\/sinoextrud.com\/t-slot-v-slot-differences\/\" target=\"_blank\">t slot vs v slot<\/a><\/li>\r\r\n<li><a href=\"https:\/\/sinoextrud.com\/what-is-4040-aluminium-extrud\/\" target=\"_blank\">4040 aluminium extrusion<\/a><\/li>\r\r\n<li><a href=\"https:\/\/sinoextrud.com\/what-is-4040-aluminium-extrud\/\" target=\"_blank\">aluminum extrusions for industrial racks<\/a><\/li>\r\r\n<li><a href=\"https:\/\/sinoextrud.com\/powder-coating-aluminium-process\/\" target=\"_blank\">powder coating aluminium<\/a><\/li>\r\r\n<li><a href=\"https:\/\/sinoextrud.com\/what-is-an-aluminium-strip-ceiling\/\" target=\"_blank\">aluminium strip ceiling<\/a><\/li>\r\r\n<li><a href=\"https:\/\/sinoextrud.com\/what-is-a-heat-sink\/\" target=\"_blank\">what is a heat sink<\/a><\/li>\r\r\n<\/ul>","product_chanpin_chanpin":"<li><a href=\"https:\/\/sinoextrud.com\/product\/aluminium-railings\/\" target=\"_blank\">Aluminium Railings<\/a><\/li>\r\n<li><a href=\"https:\/\/sinoextrud.com\/product\/alloy-extrusion-profiles\/\" target=\"_blank\">Alloy Extrusion Profiles<\/a><\/li>\r\n<li><a href=\"https:\/\/sinoextrud.com\/product\/aluminum-frame\/\" target=\"_blank\">Aluminum Frame<\/a><\/li>\r\n<li><a href=\"https:\/\/sinoextrud.com\/product\/standard-aluminium-extrusions\/\" target=\"_blank\">Standard Aluminium Extrusions<\/a><\/li>\r\n<li><a href=\"https:\/\/sinoextrud.com\/product\/aluminium-structural-framing\/\" target=\"_blank\">Aluminium Structural Framing<\/a><\/li>\r\n<li><a href=\"https:\/\/sinoextrud.com\/product\/aluminium-u-channels\/\" target=\"_blank\">Aluminium U Channels<\/a><\/li>\r\n<li><a href=\"https:\/\/sinoextrud.com\/product\/aluminium-extruded-sections\/\" target=\"_blank\">Aluminium Extruded Sections<\/a><\/li>\r\n<li><a href=\"https:\/\/sinoextrud.com\/product\/wholesale-electrophoresis-aluminium-profile-price\/\" target=\"_blank\">Wholesale Electrophoresis Aluminium Profile Price<\/a><\/li>\r\n<li><a href=\"https:\/\/sinoextrud.com\/product\/aluminium-sections-for-sliding-doors\/\" target=\"_blank\">Aluminium Sections For Sliding Doors<\/a><\/li>\r\n<li><a href=\"https:\/\/sinoextrud.com\/product\/modular-aluminium-extrusions\/\" target=\"_blank\">Modular Aluminium Extrusions<\/a><\/li>\r\n<li><a href=\"https:\/\/sinoextrud.com\/product\/aluminium-powder-coating\/\" target=\"_blank\">Aluminium Powder Coating<\/a><\/li>"},"feature_list":[]},"_links":{"self":[{"href":"https:\/\/sinoextrud.com\/es\/wp-json\/wp\/v2\/product\/7506","targetHints":{"allow":["GET"]}}],"collection":[{"href":"https:\/\/sinoextrud.com\/es\/wp-json\/wp\/v2\/product"}],"about":[{"href":"https:\/\/sinoextrud.com\/es\/wp-json\/wp\/v2\/types\/product"}],"wp:featuredmedia":[{"embeddable":true,"href":"https:\/\/sinoextrud.com\/es\/wp-json\/wp\/v2\/media\/7505"}],"wp:attachment":[{"href":"https:\/\/sinoextrud.com\/es\/wp-json\/wp\/v2\/media?parent=7506"}],"wp:term":[{"taxonomy":"category","embeddable":true,"href":"https:\/\/sinoextrud.com\/es\/wp-json\/wp\/v2\/categories?post=7506"}],"curies":[{"name":"wp","href":"https:\/\/api.w.org\/{rel}","templated":true}]}}