{"id":7502,"date":"2025-06-07T09:27:30","date_gmt":"2025-06-07T09:27:30","guid":{"rendered":"https:\/\/sinoextrud.com\/product\/aluminum-frame\/"},"modified":"2025-06-24T06:13:00","modified_gmt":"2025-06-24T06:13:00","slug":"marco-de-aluminio","status":"publish","type":"product","link":"https:\/\/sinoextrud.com\/es\/product\/aluminum-frame\/","title":{"rendered":"Marco de aluminio"},"content":{"rendered":"<h2>Productos<\/h2>\n<table class=\"custom-table\">\n<tbody>\n<tr>\n<td> Nombre del producto<\/td>\n<td> marco de aluminio<\/td>\n<\/tr>\n<tr>\n<td> Material<\/td>\n<td> serie 6000, como 6063-t5<\/td>\n<\/tr>\n<tr>\n<td> Espesor<\/td>\n<td> Espesor de los perfiles: 1,0 mm;<br \/>\nEspesor del color del recubrimiento en polvo: 80 micras firmes<br \/>\nEspesor del grano de madera: 80 - 120 micras firmes<\/td>\n<\/tr>\n<tr>\n<td> Longitud<\/td>\n<td> 1m -9m por pieza.<\/td>\n<\/tr>\n<tr>\n<td> Forma<\/td>\n<td> marco de aluminio perfiles en L<\/td>\n<\/tr>\n<tr>\n<td> Tratamiento de superficies<\/td>\n<td> grano de madera blanco<\/td>\n<\/tr>\n<tr>\n<td> Color<\/td>\n<td> grano de madera blanco<\/td>\n<\/tr>\n<tr>\n<td> Aplicaci\u00f3n<\/td>\n<td> ventanas y puertas, muebles, cocina<\/td>\n<\/tr>\n<tr>\n<td> MOQ<\/td>\n<td> 200 kg por cada art\u00edculo<\/td>\n<\/tr>\n<\/tbody>\n<\/table>\n<h2>Nuestra base de fabricaci\u00f3n<\/h2>\n<h3>Panorama de la f\u00e1brica<\/h3>\n<p><img decoding=\"async\" src=\"\/wp-content\/uploads\/factory-01.webp\"\/><\/p>\n<h3>Taller de fabricaci\u00f3n de barras de aluminio<\/h3>\n<p><img decoding=\"async\" src=\"\/wp-content\/uploads\/factory-02.webp\"\/><\/p>\n<\/p>\n<p><img decoding=\"async\" src=\"\/wp-content\/uploads\/factory-03.webp\"\/><\/p>\n<h3>Almac\u00e9n de moldes<\/h3>\n<p><img decoding=\"async\" src=\"\/wp-content\/uploads\/factory-04.webp\"\/><\/p>\n<h3>43 L\u00c3neas de extrusi\u00c3\u00b3n de aluminio (500\u00e2\u20ac\"5500 toneladas)<\/h3>\n<p><img decoding=\"async\" src=\"\/wp-content\/uploads\/factory-05.webp\"\/><\/p>\n<p><img decoding=\"async\" src=\"\/wp-content\/uploads\/factory-06.webp\"\/><\/p>\n<p><img decoding=\"async\" src=\"\/wp-content\/uploads\/factory-07.webp\"\/><\/p>\n<h3>Taller de pintura en polvo<\/h3>\n<p><img decoding=\"async\" src=\"\/wp-content\/uploads\/factory-09.webp\"\/><\/p>\n<h3>Taller de anodizado<\/h3>\n<p><img decoding=\"async\" src=\"\/wp-content\/uploads\/factory-10.webp\"\/><\/p>\n<h3>Taller de procesamiento profundo<\/h3>\n<p><img decoding=\"async\" src=\"\/wp-content\/uploads\/factory-11.webp\"\/><\/p>\n<h3>Taller de mecanizado de precisi\u00f3n CNC<\/h3>\n<p><img decoding=\"async\" src=\"\/wp-content\/uploads\/factory-11.5.webp\"\/><\/p>\n<h3>Almac\u00e9n de productos acabados y de exportaci\u00f3n<\/h3>\n<p><img decoding=\"async\" src=\"\/wp-content\/uploads\/factory-12.webp\"\/><\/p>\n<p><img decoding=\"async\" src=\"\/wp-content\/uploads\/factory-13.webp\"\/><\/p>\n<p><img decoding=\"async\" src=\"\/wp-content\/uploads\/factory-14.webp\"\/><\/p>\n<h2>PREGUNTAS FRECUENTES<\/h2>\n<p><b>1.\u00bfQu\u00e9 es un marco de aluminio?<\/b><\/p>\n<p>Un marco de aluminio es una soluci\u00f3n estructural fabricada con aluminio ligero y resistente a la corrosi\u00f3n, ideal para uso industrial y comercial.\n<\/p>\n<p><\/p>\n<p><b>2. \u00bfPor qu\u00e9 elegir marcos de aluminio para proyectos industriales?<\/b><\/p>\n<p>Los marcos de aluminio ofrecen gran resistencia, durabilidad y facilidad de personalizaci\u00f3n, lo que los hace perfectos para entornos industriales exigentes.\n<\/p>\n<p><\/p>\n<p><b>3.\u00bfSon los marcos de aluminio resistentes a la corrosi\u00f3n?<\/b><\/p>\n<p>S\u00ed, los marcos de aluminio son resistentes a la corrosi\u00f3n por naturaleza, lo que los hace ideales tanto para interiores como para exteriores.\n<\/p>\n<p><\/p>\n<p><b>4.\u00bfEs ligero un marco de aluminio?<\/b><\/p>\n<p>S\u00ed, las estructuras de aluminio son mucho m\u00e1s ligeras que las de acero, lo que facilita su manejo y agiliza su instalaci\u00f3n.\n<\/p>\n<p><\/p>\n<p><b>5.\u00bfSe pueden personalizar los marcos de aluminio?<\/b><\/p>\n<p>Por supuesto, los marcos de aluminio pueden adaptarse a dimensiones y configuraciones espec\u00edficas para adaptarse a diversas aplicaciones.\n<\/p>\n<p><\/p>\n<p><b>6.\u00bfCu\u00e1les son los usos habituales de los marcos de aluminio?<\/b><\/p>\n<p>Los marcos de aluminio se utilizan habitualmente en carcasas de m\u00e1quinas, sistemas de automatizaci\u00f3n, estaciones de trabajo y estructuras de visualizaci\u00f3n.\n<\/p>\n<p><\/p>\n<p><b>7.\u00bfSon compatibles los marcos de aluminio con la construcci\u00f3n modular?<\/b><\/p>\n<p>S\u00ed, los marcos de aluminio son perfectos para la construcci\u00f3n modular gracias a su adaptabilidad y facilidad de montaje.\n<\/p>\n<p><\/p>\n<p><b>8.\u00bfC\u00f3mo benefician los marcos de aluminio a los entornos de salas limpias?<\/b><\/p>\n<p>Los marcos de aluminio son ideales para salas blancas por su naturaleza anticorrosiva, sus superficies lisas y su dise\u00f1o f\u00e1cil de limpiar.\n<\/p>\n<p><\/p>","protected":false},"featured_media":7501,"template":"","categories":[67],"class_list":["post-7502","product","type-product","status-publish","has-post-thumbnail","hentry","category-architectural-aluminium-profile"],"meta_box":{"hilight_text_group":{"product_hilight_text":"<li>Lightweight structure for easy transportation and installation<\/li>\r\r\n<li>Corrosion-resistant aluminum ensures long-term durability<\/li>\r\r\n<li>High precision and strength suitable for industrial applications<\/li>\r\r\n<li>Flexible design options for custom frame configurations<\/li>\r\r\n<li>Low maintenance and environmentally friendly material<\/li>\r\r\n<li>Excellent compatibility with various industrial components<\/li>\r\r\n<li>Ideal for cleanroom and automation system frameworks<\/li>","product_chanpin_blog":"<ul>\r\r\n<li><a href=\"https:\/\/sinoextrud.com\/t-slot-v-slot-differences\/\" target=\"_blank\">t slot vs v slot<\/a><\/li>\r\r\n<li><a href=\"https:\/\/sinoextrud.com\/what-is-4040-aluminium-extrud\/\" target=\"_blank\">4040 aluminium extrusion<\/a><\/li>\r\r\n<li><a href=\"https:\/\/sinoextrud.com\/what-is-4040-aluminium-extrud\/\" target=\"_blank\">aluminum extrusions for industrial racks<\/a><\/li>\r\r\n<li><a href=\"https:\/\/sinoextrud.com\/powder-coating-aluminium-process\/\" target=\"_blank\">powder coating aluminium<\/a><\/li>\r\r\n<li><a href=\"https:\/\/sinoextrud.com\/what-is-an-aluminium-strip-ceiling\/\" target=\"_blank\">aluminium strip ceiling<\/a><\/li>\r\r\n<li><a href=\"https:\/\/sinoextrud.com\/what-is-a-heat-sink\/\" target=\"_blank\">what is a heat sink<\/a><\/li>\r\r\n<\/ul>","product_chanpin_chanpin":"<li><a href=\"https:\/\/sinoextrud.com\/product\/6063-t5-oem-aluminum-profile-conner-angle-for-window-and-door-or-led-light-display-2\/\" target=\"_blank\">6063 T5  OEM  aluminum  profile  conner angle for window and door or led light display<\/a><\/li>\r\n<li><a href=\"https:\/\/sinoextrud.com\/product\/aluminum-beam-extrusion-curtain-wall-profile-hollow-bar-price-by-per-ton\/\" target=\"_blank\">aluminum beam Extrusion Curtain Wall Profile hollow bar price by per ton<\/a><\/li>\r\n<li><a href=\"https:\/\/sinoextrud.com\/product\/aluminium-railings\/\" target=\"_blank\">Aluminium Railings<\/a><\/li>\r\n<li><a href=\"https:\/\/sinoextrud.com\/product\/alloy-extrusion-profiles\/\" target=\"_blank\">Alloy Extrusion Profiles<\/a><\/li>\r\n<li><a href=\"https:\/\/sinoextrud.com\/product\/aluminum-frame\/\" target=\"_blank\">Aluminum Frame<\/a><\/li>\r\n<li><a href=\"https:\/\/sinoextrud.com\/product\/standard-aluminium-extrusions\/\" target=\"_blank\">Standard Aluminium Extrusions<\/a><\/li>\r\n<li><a href=\"https:\/\/sinoextrud.com\/product\/aluminium-structural-framing\/\" target=\"_blank\">Aluminium Structural Framing<\/a><\/li>\r\n<li><a href=\"https:\/\/sinoextrud.com\/product\/aluminium-u-channels\/\" target=\"_blank\">Aluminium U Channels<\/a><\/li>\r\n<li><a href=\"https:\/\/sinoextrud.com\/product\/aluminium-extruded-sections\/\" target=\"_blank\">Aluminium Extruded Sections<\/a><\/li>\r\n<li><a href=\"https:\/\/sinoextrud.com\/product\/aluminum-partitioning-windows-doors-nigeria-design\/\" target=\"_blank\">Aluminum Partitioning Windows Doors Nigeria Design<\/a><\/li>\r\n<li><a href=\"https:\/\/sinoextrud.com\/product\/aluminum-profiles-led-strip-lighting\/\" target=\"_blank\">Aluminum Profiles Led Strip Lighting<\/a><\/li>"},"feature_list":[]},"_links":{"self":[{"href":"https:\/\/sinoextrud.com\/es\/wp-json\/wp\/v2\/product\/7502","targetHints":{"allow":["GET"]}}],"collection":[{"href":"https:\/\/sinoextrud.com\/es\/wp-json\/wp\/v2\/product"}],"about":[{"href":"https:\/\/sinoextrud.com\/es\/wp-json\/wp\/v2\/types\/product"}],"wp:featuredmedia":[{"embeddable":true,"href":"https:\/\/sinoextrud.com\/es\/wp-json\/wp\/v2\/media\/7501"}],"wp:attachment":[{"href":"https:\/\/sinoextrud.com\/es\/wp-json\/wp\/v2\/media?parent=7502"}],"wp:term":[{"taxonomy":"category","embeddable":true,"href":"https:\/\/sinoextrud.com\/es\/wp-json\/wp\/v2\/categories?post=7502"}],"curies":[{"name":"wp","href":"https:\/\/api.w.org\/{rel}","templated":true}]}}