{"id":7496,"date":"2025-06-07T09:07:09","date_gmt":"2025-06-07T09:07:09","guid":{"rendered":"https:\/\/sinoextrud.com\/product\/aluminum-beam-extrusion-curtain-wall-profile-hollow-bar-price-by-per-ton\/"},"modified":"2025-06-24T06:12:59","modified_gmt":"2025-06-24T06:12:59","slug":"viga-de-aluminio-extrusion-muro-cortina-perfil-barra-hueca-precio-por-tonelada","status":"publish","type":"product","link":"https:\/\/sinoextrud.com\/es\/product\/aluminum-beam-extrusion-curtain-wall-profile-hollow-bar-price-by-per-ton\/","title":{"rendered":"viga de aluminio Extrusi\u00f3n Muro Cortina Perfil barra hueca precio por tonelada"},"content":{"rendered":"<h2>Productos<\/h2>\n<table class=\"custom-table\">\n<tbody>\n<tr>\n<td> Art\u00edculo:<\/td>\n<td> viga de aluminio Extrusi\u00f3n Muro Cortina Perfil barra hueca precio por tonelada<\/td>\n<\/tr>\n<tr>\n<td> Forma:<\/td>\n<td> barra hueca de aluminio<\/td>\n<\/tr>\n<tr>\n<td> muro cortina de aluminio:<\/td>\n<td> Serie 70<\/td>\n<\/tr>\n<tr>\n<td> Acabado superficial:<\/td>\n<td> Oxidaci\u00f3n an\u00f3dica<\/td>\n<\/tr>\n<tr>\n<td> Certificaci\u00f3n:<\/td>\n<td> CE, SONCAP, ISO, RoHS<\/td>\n<\/tr>\n<tr>\n<td> Color:<\/td>\n<td> Personalice<\/td>\n<\/tr>\n<tr>\n<td> Material:<\/td>\n<td> Aluminio<\/td>\n<\/tr>\n<tr>\n<td> Grosor:<\/td>\n<td> 0,7-3,0 mm<\/td>\n<\/tr>\n<tr>\n<td> Especificaci\u00f3n:<\/td>\n<td> 5,8 m o 6 mm<\/td>\n<\/tr>\n<tr>\n<td> C\u00f3digo SA:<\/td>\n<td> 76101000<\/td>\n<\/tr>\n<tr>\n<td> Tipo:<\/td>\n<td> Perfil de aluminio para puertas y ventanas, Perfil de aluminio para decoraci\u00f3n, Perfil de aluminio para disipadores de calor, Perfil de aluminio para paredes de vidrio, Perfil de aluminio para transporte<\/td>\n<\/tr>\n<tr>\n<td> Temperamento:<\/td>\n<td> T3-T8<\/td>\n<\/tr>\n<tr>\n<td> Aleaci\u00f3n:<\/td>\n<td> Aleaci\u00f3n<\/td>\n<\/tr>\n<tr>\n<td> Ingrediente de aleaci\u00f3n:<\/td>\n<td> 6063<\/td>\n<\/tr>\n<tr>\n<td> Perfil de aluminio pulido:<\/td>\n<td> Pulido qu\u00edmico<\/td>\n<\/tr>\n<tr>\n<td> MOQ:<\/td>\n<td> 200 KGS<\/td>\n<\/tr>\n<tr>\n<td> Caracter\u00edstica:<\/td>\n<td> Rotura de Puente T\u00e9rmico<\/td>\n<\/tr>\n<tr>\n<td> Longitud:<\/td>\n<td> 1-9m<\/td>\n<\/tr>\n<tr>\n<td> Palabra clave:<\/td>\n<td> Aluminio con Rotura de Puente T\u00e9rmico<\/td>\n<\/tr>\n<tr>\n<td> OEM:<\/td>\n<td> Disponible<\/td>\n<\/tr>\n<tr>\n<td> Paquete de transporte:<\/td>\n<td> Film de pl\u00e1stico<\/td>\n<\/tr>\n<tr>\n<td> Origen:<\/td>\n<td> China<\/td>\n<\/tr>\n<\/tbody>\n<\/table>\n<h2>Nuestra base de fabricaci\u00f3n<\/h2>\n<h3>Panorama de la f\u00e1brica<\/h3>\n<p><img decoding=\"async\" src=\"\/wp-content\/uploads\/factory-01.webp\"\/><\/p>\n<h3>Taller de fabricaci\u00f3n de barras de aluminio<\/h3>\n<p><img decoding=\"async\" src=\"\/wp-content\/uploads\/factory-02.webp\"\/><\/p>\n<\/p>\n<p><img decoding=\"async\" src=\"\/wp-content\/uploads\/factory-03.webp\"\/><\/p>\n<h3>Almac\u00e9n de moldes<\/h3>\n<p><img decoding=\"async\" src=\"\/wp-content\/uploads\/factory-04.webp\"\/><\/p>\n<h3>43 L\u00c3neas de extrusi\u00c3\u00b3n de aluminio (500\u00e2\u20ac\"5500 toneladas)<\/h3>\n<p><img decoding=\"async\" src=\"\/wp-content\/uploads\/factory-05.webp\"\/><\/p>\n<p><img decoding=\"async\" src=\"\/wp-content\/uploads\/factory-06.webp\"\/><\/p>\n<p><img decoding=\"async\" src=\"\/wp-content\/uploads\/factory-07.webp\"\/><\/p>\n<h3>Taller de pintura en polvo<\/h3>\n<p><img decoding=\"async\" src=\"\/wp-content\/uploads\/factory-09.webp\"\/><\/p>\n<h3>Taller de anodizado<\/h3>\n<p><img decoding=\"async\" src=\"\/wp-content\/uploads\/factory-10.webp\"\/><\/p>\n<h3>Taller de procesamiento profundo<\/h3>\n<p><img decoding=\"async\" src=\"\/wp-content\/uploads\/factory-11.webp\"\/><\/p>\n<h3>Taller de mecanizado de precisi\u00f3n CNC<\/h3>\n<p><img decoding=\"async\" src=\"\/wp-content\/uploads\/factory-11.5.webp\"\/><\/p>\n<h3>Almac\u00e9n de productos acabados y de exportaci\u00f3n<\/h3>\n<p><img decoding=\"async\" src=\"\/wp-content\/uploads\/factory-12.webp\"\/><\/p>\n<p><img decoding=\"async\" src=\"\/wp-content\/uploads\/factory-13.webp\"\/><\/p>\n<p><img decoding=\"async\" src=\"\/wp-content\/uploads\/factory-14.webp\"\/><\/p>\n<h2>PREGUNTAS FRECUENTES<\/h2>\n<p><b>1.\u00bfCu\u00e1les son las ventajas de utilizar aluminio de la serie 6000 para los perfiles de muros cortina? <\/b><\/p>\n<p>El aluminio de la serie 6000 ofrece una relaci\u00f3n resistencia-peso superior, una excelente resistencia a la corrosi\u00f3n y durabilidad, lo que lo hace ideal para perfiles de muros cortina.\n<\/p>\n<p><\/p>\n<p><b>2.\u00bfPueden personalizarse los perfiles de extrusi\u00f3n de vigas de aluminio para proyectos espec\u00edficos? <\/b><\/p>\n<p>S\u00ed, los perfiles de extrusi\u00f3n de vigas de aluminio pueden adaptarse en cuanto a forma, tama\u00f1o y acabado para satisfacer requisitos arquitect\u00f3nicos y estructurales \u00fanicos.\n<\/p>\n<p><\/p>\n<p><b>3.\u00bfCu\u00e1l es el rango de precios t\u00edpico de los perfiles de barra hueca de aluminio utilizados en muros cortina? <\/b><\/p>\n<p>El precio de fabricaci\u00f3n de los perfiles de barra hueca de aluminio utilizados en muros cortina oscila entre $2.000 y $3.300 por tonelada, en funci\u00f3n de la personalizaci\u00f3n y el volumen del pedido.\n<\/p>\n<p><\/p>\n<p><b>4.\u00bfSon adecuados los perfiles huecos de aluminio para aplicaciones en edificios de gran altura? <\/b><\/p>\n<p>Absolutamente, los perfiles huecos de aluminio proporcionan integridad estructural a la vez que reducen el peso, lo que los hace ideales para aplicaciones de muros cortina en edificios de gran altura.\n<\/p>\n<p><\/p>\n<p><b>5.\u00bfC\u00f3mo mejoran los perfiles de extrusi\u00f3n de aluminio el proceso de instalaci\u00f3n de muros cortina? <\/b><\/p>\n<p>Los perfiles de extrusi\u00f3n de aluminio est\u00e1n dise\u00f1ados para ser compatibles con los sistemas de muro cortina est\u00e1ndar, lo que facilita el montaje y la instalaci\u00f3n.\n<\/p>\n<p><\/p>","protected":false},"featured_media":7495,"template":"","categories":[67],"class_list":["post-7496","product","type-product","status-publish","has-post-thumbnail","hentry","category-architectural-aluminium-profile"],"meta_box":{"hilight_text_group":{"product_hilight_text":"<li>High-strength 6000 series aluminum alloy ensures durability and corrosion resistance for curtain wall applications<\/li>\r\r\n<li>Hollow bar design reduces weight while maintaining structural integrity, ideal for large-scale constructions<\/li>\r\r\n<li>Precision-extruded profiles available in various shapes and sizes to meet specific architectural requirements<\/li>\r\r\n<li>Cost-effective manufacturing prices, ranging from $2,000 to $3,300 per ton depending on customization and order volume<\/li>\r\r\n<li>Compatible with standard curtain wall systems, enhancing design flexibility and ease of installation<\/li>","product_chanpin_blog":"<ul>\r\r\n<li><a href=\"https:\/\/sinoextrud.com\/t-slot-v-slot-differences\/\" target=\"_blank\">t slot vs v slot<\/a><\/li>\r\r\n<li><a href=\"https:\/\/sinoextrud.com\/what-is-4040-aluminium-extrud\/\" target=\"_blank\">4040 aluminium extrusion<\/a><\/li>\r\r\n<li><a href=\"https:\/\/sinoextrud.com\/what-is-4040-aluminium-extrud\/\" target=\"_blank\">aluminum extrusions for industrial racks<\/a><\/li>\r\r\n<li><a href=\"https:\/\/sinoextrud.com\/powder-coating-aluminium-process\/\" target=\"_blank\">powder coating aluminium<\/a><\/li>\r\r\n<li><a href=\"https:\/\/sinoextrud.com\/what-is-an-aluminium-strip-ceiling\/\" target=\"_blank\">aluminium strip ceiling<\/a><\/li>\r\r\n<li><a href=\"https:\/\/sinoextrud.com\/what-is-a-heat-sink\/\" target=\"_blank\">what is a heat sink<\/a><\/li>\r\r\n<\/ul>","product_chanpin_chanpin":"<li><a href=\"https:\/\/sinoextrud.com\/product\/6063-t5-aluminum-extrusion-profile-for-windows-and-doors-and-curtain-walls\/\" target=\"_blank\">6063 T5 Aluminum Extrusion Profile for Windows and Doors and Curtain Walls<\/a><\/li>\r\n<li><a href=\"https:\/\/sinoextrud.com\/product\/6063-t5-oem-aluminum-profile-conner-angle-for-window-and-door-or-led-light-display\/\" target=\"_blank\">6063 T5 OEM Aluminum Profile Conner Angle For Window And Door Or Led Light Display<\/a><\/li>\r\n<li><a href=\"https:\/\/sinoextrud.com\/product\/80-x-80-aluminium-extrusion\/\" target=\"_blank\">80 X 80 Aluminium Extrusion<\/a><\/li>\r\n<li><a href=\"https:\/\/sinoextrud.com\/product\/6063-t5-oem-aluminum-profile-conner-angle-for-window-and-door-or-led-light-display-2\/\" target=\"_blank\">6063 T5  OEM  aluminum  profile  conner angle for window and door or led light display<\/a><\/li>\r\n<li><a href=\"https:\/\/sinoextrud.com\/product\/aluminum-beam-extrusion-curtain-wall-profile-hollow-bar-price-by-per-ton\/\" target=\"_blank\">aluminum beam Extrusion Curtain Wall Profile hollow bar price by per ton<\/a><\/li>\r\n<li><a href=\"https:\/\/sinoextrud.com\/product\/aluminium-railings\/\" target=\"_blank\">Aluminium Railings<\/a><\/li>\r\n<li><a href=\"https:\/\/sinoextrud.com\/product\/alloy-extrusion-profiles\/\" target=\"_blank\">Alloy Extrusion Profiles<\/a><\/li>\r\n<li><a href=\"https:\/\/sinoextrud.com\/product\/aluminum-frame\/\" target=\"_blank\">Aluminum Frame<\/a><\/li>\r\n<li><a href=\"https:\/\/sinoextrud.com\/product\/standard-aluminium-extrusions\/\" target=\"_blank\">Standard Aluminium Extrusions<\/a><\/li>\r\n<li><a href=\"https:\/\/sinoextrud.com\/product\/aluminium-sliding-door-matt-black\/\" target=\"_blank\">Aluminium Sliding Door Matt Black<\/a><\/li>\r\n<li><a href=\"https:\/\/sinoextrud.com\/product\/t-slot-industrial-extruded-aluminum-profile\/\" target=\"_blank\">T-slot Industrial Extruded Aluminum Profile<\/a><\/li>"},"feature_list":[]},"_links":{"self":[{"href":"https:\/\/sinoextrud.com\/es\/wp-json\/wp\/v2\/product\/7496","targetHints":{"allow":["GET"]}}],"collection":[{"href":"https:\/\/sinoextrud.com\/es\/wp-json\/wp\/v2\/product"}],"about":[{"href":"https:\/\/sinoextrud.com\/es\/wp-json\/wp\/v2\/types\/product"}],"wp:featuredmedia":[{"embeddable":true,"href":"https:\/\/sinoextrud.com\/es\/wp-json\/wp\/v2\/media\/7495"}],"wp:attachment":[{"href":"https:\/\/sinoextrud.com\/es\/wp-json\/wp\/v2\/media?parent=7496"}],"wp:term":[{"taxonomy":"category","embeddable":true,"href":"https:\/\/sinoextrud.com\/es\/wp-json\/wp\/v2\/categories?post=7496"}],"curies":[{"name":"wp","href":"https:\/\/api.w.org\/{rel}","templated":true}]}}