{"id":7494,"date":"2025-06-07T08:54:35","date_gmt":"2025-06-07T08:54:35","guid":{"rendered":"https:\/\/sinoextrud.com\/product\/6063-t5-oem-aluminum-profile-conner-angle-for-window-and-door-or-led-light-display-2\/"},"modified":"2025-06-24T06:12:59","modified_gmt":"2025-06-24T06:12:59","slug":"6063-t5-oem-perfil-de-aluminio-angulo-conner-para-ventana-y-puerta-o-pantalla-de-luz-led-2","status":"publish","type":"product","link":"https:\/\/sinoextrud.com\/es\/product\/6063-t5-oem-aluminum-profile-conner-angle-for-window-and-door-or-led-light-display-2\/","title":{"rendered":"6063 T5 OEM perfil de aluminio \u00e1ngulo conner para ventana y puerta o pantalla de luz led"},"content":{"rendered":"<h2>Productos<\/h2>\n<table class=\"custom-table\">\n<tr>\n<td class=\"label\">Forma:<\/td>\n<td> Cuadrado<\/td>\n<\/tr>\n<tr>\n<td class=\"label\">Temperamento:<\/td>\n<td> T3-T8<\/td>\n<\/tr>\n<tr>\n<td class=\"label\">Aleaci\u00f3n:<\/td>\n<td> Aleaci\u00f3n<\/td>\n<\/tr>\n<tr>\n<td class=\"label\">Ingrediente de aleaci\u00f3n:<\/td>\n<td> 6063<\/td>\n<\/tr>\n<tr>\n<td class=\"label\">Longitud m\u00e1xima del perfil:<\/td>\n<td> 9 metros<\/td>\n<\/tr>\n<tr>\n<td class=\"label\">Color:<\/td>\n<td> Transparente , Bronce, Champ\u00e1n, Negro<\/td>\n<\/tr>\n<tr>\n<td class=\"label\">Marca registrada:<\/td>\n<td> Sinoextrud\/Sinoextrud<\/td>\n<\/tr>\n<tr>\n<td class=\"label\">Especificaci\u00f3n:<\/td>\n<td> seg\u00fan planos<\/td>\n<\/tr>\n<tr>\n<td class=\"label\">C\u00f3digo SA:<\/td>\n<td> 7604210000<\/td>\n<\/tr>\n<tr>\n<td class=\"label\">Tipo:<\/td>\n<td> Perfil de aluminio para puertas y ventanas, Perfil de aluminio decorativo, Perfil de aluminio para disipadores de calor, Perfil de aluminio para paredes de vidrio, Montaje solar<\/td>\n<\/tr>\n<tr>\n<td class=\"label\">Grado:<\/td>\n<td> Serie 6000<\/td>\n<\/tr>\n<tr>\n<td class=\"label\">Perfil de aluminio para puertas y ventanas:<\/td>\n<td> Todas las series<\/td>\n<\/tr>\n<tr>\n<td class=\"label\">Acabado superficial:<\/td>\n<td> Oxidaci\u00f3n an\u00f3dica<\/td>\n<\/tr>\n<tr>\n<td class=\"label\">Certificaci\u00f3n:<\/td>\n<td> CE, ISO, RoHS<\/td>\n<\/tr>\n<tr>\n<td class=\"label\">Espesor m\u00ednimo del perfil:<\/td>\n<td> 0,8 mm<\/td>\n<\/tr>\n<tr>\n<td class=\"label\">Paquete de transporte:<\/td>\n<td> 1. Pel\u00edcula protectora+Kraft; 2. Pel\u00edcula protectora+Espuma<\/td>\n<\/tr>\n<tr>\n<td class=\"label\">Origen:<\/td>\n<td> China<\/td>\n<\/tr>\n<\/table>\n<h2>Nuestra base de fabricaci\u00f3n<\/h2>\n<h3>Panorama de la f\u00e1brica<\/h3>\n<p><img decoding=\"async\" src=\"\/wp-content\/uploads\/factory-01.webp\"\/><\/p>\n<h3>Taller de fabricaci\u00f3n de barras de aluminio<\/h3>\n<p><img decoding=\"async\" src=\"\/wp-content\/uploads\/factory-02.webp\"\/><\/p>\n<\/p>\n<p><img decoding=\"async\" src=\"\/wp-content\/uploads\/factory-03.webp\"\/><\/p>\n<h3>Almac\u00e9n de moldes<\/h3>\n<p><img decoding=\"async\" src=\"\/wp-content\/uploads\/factory-04.webp\"\/><\/p>\n<h3>43 l\u00edneas de extrusi\u00f3n de aluminio (500-5500 toneladas)<\/h3>\n<p><img decoding=\"async\" src=\"\/wp-content\/uploads\/factory-05.webp\"\/><\/p>\n<p><img decoding=\"async\" src=\"\/wp-content\/uploads\/factory-06.webp\"\/><\/p>\n<p><img decoding=\"async\" src=\"\/wp-content\/uploads\/factory-07.webp\"\/><\/p>\n<h3>Taller de pintura en polvo<\/h3>\n<p><img decoding=\"async\" src=\"\/wp-content\/uploads\/factory-09.webp\"\/><\/p>\n<h3>Taller de anodizado<\/h3>\n<p><img decoding=\"async\" src=\"\/wp-content\/uploads\/factory-10.webp\"\/><\/p>\n<h3>Taller de procesamiento profundo<\/h3>\n<p><img decoding=\"async\" src=\"\/wp-content\/uploads\/factory-11.webp\"\/><\/p>\n<h3>Taller de mecanizado de precisi\u00f3n CNC<\/h3>\n<p><img decoding=\"async\" src=\"\/wp-content\/uploads\/factory-11.5.webp\"\/><\/p>\n<h3>Almac\u00e9n de productos acabados y de exportaci\u00f3n<\/h3>\n<p><img decoding=\"async\" src=\"\/wp-content\/uploads\/factory-12.webp\"\/><\/p>\n<p><img decoding=\"async\" src=\"\/wp-content\/uploads\/factory-13.webp\"\/><\/p>\n<p><img decoding=\"async\" src=\"\/wp-content\/uploads\/factory-14.webp\"\/><\/p>\n<h2>PREGUNTAS FRECUENTES<\/h2>\n<p><b>1. \u00bfPara qu\u00e9 se utiliza el perfil de aluminio 6063 T5?<\/b><\/p>\n<p>El perfil de aluminio 6063 T5 se utiliza habitualmente en marcos de puertas y ventanas, as\u00ed como en estructuras de pantallas de luz LED, debido a su resistencia, durabilidad y excelente acabado superficial.\n<\/p>\n<p><\/p>\n<p><b>2.\u00bfQu\u00e9 hace que la aleaci\u00f3n 6063 T5 sea adecuada para marcos de puertas y ventanas?<\/b><\/p>\n<p>La aleaci\u00f3n de aluminio 6063 T5 proporciona alta resistencia, buena resistencia a la corrosi\u00f3n y acabados lisos, por lo que es ideal para aplicaciones arquitect\u00f3nicas como ventanas y puertas.\n<\/p>\n<p><\/p>\n<p><b>3.\u00bfSe puede personalizar el \u00e1ngulo angular de aluminio para pedidos OEM?<\/b><\/p>\n<p>S\u00ed, el \u00e1ngulo de esquina de aluminio 6063 T5 puede ser totalmente personalizado para los requisitos del OEM en tama\u00f1o, forma y tratamiento superficial.\n<\/p>\n<p><\/p>\n<p><b>4. \u00bfPor qu\u00e9 elegir el perfil de aluminio 6063 T5 para los marcos de las pantallas de luz LED?<\/b><\/p>\n<p>El aluminio 6063 T5 ofrece resistencia ligera, disipaci\u00f3n del calor y dimensiones precisas, por lo que es ideal para la integraci\u00f3n de marcos de pantallas de luz LED.\n<\/p>\n<p><\/p>\n<p><b>5.\u00bfPueden utilizarse estos perfiles de aluminio en exteriores?<\/b><\/p>\n<p>S\u00ed, los perfiles de aluminio 6063 T5 tienen una excelente resistencia a la intemperie y a la corrosi\u00f3n, por lo que son adecuados tanto para interiores como para exteriores.\n<\/p>\n<p><\/p>\n<p><b>6.\u00bfQu\u00e9 acabados superficiales est\u00e1n disponibles para estos perfiles angulares de aluminio?<\/b><\/p>\n<p>Los perfiles de aluminio 6063 T5 pueden anodizarse, recubrirse de polvo o pulirse para mejorar su aspecto y protecci\u00f3n.\n<\/p>\n<p><\/p>\n<p><b>7.\u00bfEs el aluminio 6063 T5 respetuoso con el medio ambiente?<\/b><\/p>\n<p>S\u00ed, el aluminio 6063 T5 es 100% reciclable, lo que lo convierte en una opci\u00f3n de material ecol\u00f3gico para la construcci\u00f3n y los sistemas de exposici\u00f3n.\n<\/p>\n<p><\/p>","protected":false},"featured_media":7493,"template":"","categories":[67],"class_list":["post-7494","product","type-product","status-publish","has-post-thumbnail","hentry","category-architectural-aluminium-profile"],"meta_box":{"hilight_text_group":{"product_hilight_text":"<li>High strength 6063 T5 aluminum alloy ensures excellent durability and structural integrity<\/li>\r\r\n<li>Custom OEM designs available for window, door, and LED light display applications<\/li>\r\r\n<li>Superior corrosion resistance ideal for both indoor and outdoor use<\/li>\r\r\n<li>Accurate angle design for seamless corner fitting and aesthetic finish<\/li>\r\r\n<li>Lightweight yet strong for easy installation and long-term performance<\/li>\r\r\n<li>Excellent surface finish options including anodizing, powder coating, and polishing<\/li>\r\r\n<li>Environmentally friendly material with recyclable properties<\/li>","product_chanpin_blog":"<ul>\r\r\n<li><a href=\"https:\/\/sinoextrud.com\/t-slot-v-slot-differences\/\" target=\"_blank\">t slot vs v slot<\/a><\/li>\r\r\n<li><a href=\"https:\/\/sinoextrud.com\/what-is-4040-aluminium-extrud\/\" target=\"_blank\">4040 aluminium extrusion<\/a><\/li>\r\r\n<li><a href=\"https:\/\/sinoextrud.com\/what-is-4040-aluminium-extrud\/\" target=\"_blank\">aluminum extrusions for industrial racks<\/a><\/li>\r\r\n<li><a href=\"https:\/\/sinoextrud.com\/powder-coating-aluminium-process\/\" target=\"_blank\">powder coating aluminium<\/a><\/li>\r\r\n<li><a href=\"https:\/\/sinoextrud.com\/what-is-an-aluminium-strip-ceiling\/\" target=\"_blank\">aluminium strip ceiling<\/a><\/li>\r\r\n<li><a href=\"https:\/\/sinoextrud.com\/what-is-a-heat-sink\/\" target=\"_blank\">what is a heat sink<\/a><\/li>\r\r\n<\/ul>","product_chanpin_chanpin":"<li><a href=\"https:\/\/sinoextrud.com\/product\/6063-slotted-aluminum-bar-extrusion-profiles\/\" target=\"_blank\">6063 Slotted Aluminum Bar Extrusion Profiles<\/a><\/li>\r\n<li><a href=\"https:\/\/sinoextrud.com\/product\/6063-t5-aluminum-extrusion-profile-for-windows-and-doors-and-curtain-walls\/\" target=\"_blank\">6063 T5 Aluminum Extrusion Profile for Windows and Doors and Curtain Walls<\/a><\/li>\r\n<li><a href=\"https:\/\/sinoextrud.com\/product\/6063-t5-oem-aluminum-profile-conner-angle-for-window-and-door-or-led-light-display\/\" target=\"_blank\">6063 T5 OEM Aluminum Profile Conner Angle For Window And Door Or Led Light Display<\/a><\/li>\r\n<li><a href=\"https:\/\/sinoextrud.com\/product\/80-x-80-aluminium-extrusion\/\" target=\"_blank\">80 X 80 Aluminium Extrusion<\/a><\/li>\r\n<li><a href=\"https:\/\/sinoextrud.com\/product\/6063-t5-oem-aluminum-profile-conner-angle-for-window-and-door-or-led-light-display-2\/\" target=\"_blank\">6063 T5  OEM  aluminum  profile  conner angle for window and door or led light display<\/a><\/li>\r\n<li><a href=\"https:\/\/sinoextrud.com\/product\/aluminum-beam-extrusion-curtain-wall-profile-hollow-bar-price-by-per-ton\/\" target=\"_blank\">aluminum beam Extrusion Curtain Wall Profile hollow bar price by per ton<\/a><\/li>\r\n<li><a href=\"https:\/\/sinoextrud.com\/product\/aluminium-railings\/\" target=\"_blank\">Aluminium Railings<\/a><\/li>\r\n<li><a href=\"https:\/\/sinoextrud.com\/product\/alloy-extrusion-profiles\/\" target=\"_blank\">Alloy Extrusion Profiles<\/a><\/li>\r\n<li><a href=\"https:\/\/sinoextrud.com\/product\/aluminum-frame\/\" target=\"_blank\">Aluminum Frame<\/a><\/li>\r\n<li><a href=\"https:\/\/sinoextrud.com\/product\/wood-grain-finish-extruded-architectural-use-aluminium-profile\/\" target=\"_blank\">Wood grain finish extruded architectural use aluminium profile<\/a><\/li>\r\n<li><a href=\"https:\/\/sinoextrud.com\/product\/color-anodized-structural-aluminum-extrusions-profile-for-window-frame-extruded-aluminium-alloys-6063\/\" target=\"_blank\">Color Anodized structural aluminum extrusions Profile for Window Frame extruded aluminium alloys 6063<\/a><\/li>"},"feature_list":[]},"_links":{"self":[{"href":"https:\/\/sinoextrud.com\/es\/wp-json\/wp\/v2\/product\/7494","targetHints":{"allow":["GET"]}}],"collection":[{"href":"https:\/\/sinoextrud.com\/es\/wp-json\/wp\/v2\/product"}],"about":[{"href":"https:\/\/sinoextrud.com\/es\/wp-json\/wp\/v2\/types\/product"}],"wp:featuredmedia":[{"embeddable":true,"href":"https:\/\/sinoextrud.com\/es\/wp-json\/wp\/v2\/media\/7493"}],"wp:attachment":[{"href":"https:\/\/sinoextrud.com\/es\/wp-json\/wp\/v2\/media?parent=7494"}],"wp:term":[{"taxonomy":"category","embeddable":true,"href":"https:\/\/sinoextrud.com\/es\/wp-json\/wp\/v2\/categories?post=7494"}],"curies":[{"name":"wp","href":"https:\/\/api.w.org\/{rel}","templated":true}]}}