{"id":7480,"date":"2025-06-07T08:28:34","date_gmt":"2025-06-07T08:28:34","guid":{"rendered":"https:\/\/sinoextrud.com\/product\/66-mm-aluminum-glass-railing-for-balcony-led-strip-u-channel-stair-railings\/"},"modified":"2025-06-24T06:12:55","modified_gmt":"2025-06-24T06:12:55","slug":"66-mm-barandilla-de-aluminio-de-vidrio-para-balcon-led-tira-u-barandilla-de-la-escalera-de-canal","status":"publish","type":"product","link":"https:\/\/sinoextrud.com\/es\/product\/66-mm-aluminum-glass-railing-for-balcony-led-strip-u-channel-stair-railings\/","title":{"rendered":"6+6 MM Barandilla de Aluminio para Balc\u00f3n LED Strip U Channel Barandilla de Escalera"},"content":{"rendered":"<h2>Productos<\/h2>\n<table class=\"custom-table\">\n<tr>\n<td class=\"label\">Art\u00edculo:<\/td>\n<td>Barandilla de cristal con tira de LED de canal en U<\/td>\n<\/tr>\n<tr>\n<td class=\"label\">Temperamento:<\/td>\n<td>T3-T8<\/td>\n<\/tr>\n<tr>\n<td class=\"label\">Vidrio:<\/td>\n<td>Cristal templado<\/td>\n<\/tr>\n<tr>\n<td class=\"label\">Material:<\/td>\n<td>Aluminio 6063<\/td>\n<\/tr>\n<tr>\n<td class=\"label\">Uso:<\/td>\n<td>Decoraci\u00f3n interior y exterior<\/td>\n<\/tr>\n<tr>\n<td class=\"label\">Tama\u00f1o:<\/td>\n<td>Personalizado<\/td>\n<\/tr>\n<tr>\n<td class=\"label\">Plazo de pago:<\/td>\n<td>30% dep\u00f3sito, 70% saldo antes de la entrega<\/td>\n<\/tr>\n<tr>\n<td class=\"label\">Puerto:<\/td>\n<td>Guangzhou, Shenzhen,Foshan<\/td>\n<\/tr>\n<tr>\n<td class=\"label\">MOQ:<\/td>\n<td>200KGs para cada perfil<\/td>\n<\/tr>\n<tr>\n<td class=\"label\">Grado:<\/td>\n<td>Serie 6000 6063<\/td>\n<\/tr>\n<tr>\n<td class=\"label\">Lugar de origen:<\/td>\n<td>Foshan, Guangdong<\/td>\n<\/tr>\n<tr>\n<td class=\"label\">De aleaci\u00f3n o no:<\/td>\n<td>Es aleaci\u00f3n<\/td>\n<\/tr>\n<tr>\n<td class=\"label\">Marca:<\/td>\n<td>Sinoextrud, Sinoextrud<\/td>\n<\/tr>\n<tr>\n<td class=\"label\">Aplicaci\u00f3n:<\/td>\n<td>Hotel\/apartamento\/escuela<\/td>\n<\/tr>\n<tr>\n<td class=\"label\">Estilo:<\/td>\n<td>Dise\u00f1o moderno<\/td>\n<\/tr>\n<tr>\n<td class=\"label\">Instalaci\u00f3n:<\/td>\n<td>F\u00e1cil instalaci\u00f3n<\/td>\n<\/tr>\n<tr>\n<td class=\"label\">Servicio de tramitaci\u00f3n:<\/td>\n<td>Plegado, desenrollado, soldadura, punzonado, corte<\/td>\n<\/tr>\n<tr>\n<td class=\"label\">Garantizado:<\/td>\n<td>certificado del cliente, como BV, Soncap, ISO<\/td>\n<\/tr>\n<tr>\n<td class=\"label\">Paquete:<\/td>\n<td>bolsa protectora de contrachapado<\/td>\n<\/tr>\n<\/table>\n<h2>Nuestra base de fabricaci\u00f3n<\/h2>\n<h3>Panorama de la f\u00e1brica<\/h3>\n<p><img decoding=\"async\" src=\"\/wp-content\/uploads\/factory-01.webp\"\/><\/p>\n<h3>Taller de fabricaci\u00f3n de barras de aluminio<\/h3>\n<p><img decoding=\"async\" src=\"\/wp-content\/uploads\/factory-02.webp\"\/><\/p>\n<\/p>\n<p><img decoding=\"async\" src=\"\/wp-content\/uploads\/factory-03.webp\"\/><\/p>\n<h3>Almac\u00e9n de moldes<\/h3>\n<p><img decoding=\"async\" src=\"\/wp-content\/uploads\/factory-04.webp\"\/><\/p>\n<h3>43 l\u00edneas de extrusi\u00f3n de aluminio (500-5500 toneladas)<\/h3>\n<p><img decoding=\"async\" src=\"\/wp-content\/uploads\/factory-05.webp\"\/><\/p>\n<p><img decoding=\"async\" src=\"\/wp-content\/uploads\/factory-06.webp\"\/><\/p>\n<p><img decoding=\"async\" src=\"\/wp-content\/uploads\/factory-07.webp\"\/><\/p>\n<h3>Taller de pintura en polvo<\/h3>\n<p><img decoding=\"async\" src=\"\/wp-content\/uploads\/factory-09.webp\"\/><\/p>\n<h3>Taller de anodizado<\/h3>\n<p><img decoding=\"async\" src=\"\/wp-content\/uploads\/factory-10.webp\"\/><\/p>\n<h3>Taller de procesamiento profundo<\/h3>\n<p><img decoding=\"async\" src=\"\/wp-content\/uploads\/factory-11.webp\"\/><\/p>\n<h3>Taller de mecanizado de precisi\u00f3n CNC<\/h3>\n<p><img decoding=\"async\" src=\"\/wp-content\/uploads\/factory-11.5.webp\"\/><\/p>\n<h3>Almac\u00e9n de productos acabados y de exportaci\u00f3n<\/h3>\n<p><img decoding=\"async\" src=\"\/wp-content\/uploads\/factory-12.webp\"\/><\/p>\n<p><img decoding=\"async\" src=\"\/wp-content\/uploads\/factory-13.webp\"\/><\/p>\n<p><img decoding=\"async\" src=\"\/wp-content\/uploads\/factory-14.webp\"\/><\/p>\n<h2>PREGUNTAS FRECUENTES<\/h2>\n<p><b>1. \u00bfQu\u00e9 es una baranda de aluminio y vidrio de 6+6 MM para balc\u00f3n?<\/b><\/p>\n<p>Es un sistema de barandilla que utiliza vidrio de seguridad laminado de 6+6 mm montado con perfiles de canal en U de aluminio para aplicaciones de balcones o escaleras seguras y elegantes.\n<\/p>\n<p><\/p>\n<p><b>2.\u00bfPor qu\u00e9 utilizar vidrio laminado de 6+6 mm en las barandillas?<\/b><\/p>\n<p>El vidrio laminado ofrece una resistencia a los impactos y una seguridad superiores, por lo que es ideal para balcones, terrazas y escaleras.\n<\/p>\n<p><\/p>\n<p><b>3.\u00bfCu\u00e1les son las ventajas de los perfiles en U de aluminio?<\/b><\/p>\n<p>Ofrecen ligereza, resistencia a la corrosi\u00f3n y son f\u00e1ciles de instalar tanto en aplicaciones interiores como exteriores.\n<\/p>\n<p><\/p>\n<p><b>4.\u00bfPuede esta barandilla incluir iluminaci\u00f3n LED?<\/b><\/p>\n<p>S\u00ed, el perfil admite tiras de LED integradas para mejorar la visibilidad nocturna y a\u00f1adir un toque decorativo moderno.\n<\/p>\n<p><\/p>\n<p><b>5.\u00bfD\u00f3nde se puede utilizar este sistema de barandillas de vidrio?<\/b><\/p>\n<p>Es adecuado para balcones, escaleras, azoteas, cubiertas y cerramientos de piscinas en espacios residenciales o comerciales.\n<\/p>\n<p><\/p>\n<p><b>6. \u00bfEs el sistema resistente a la intemperie?<\/b><\/p>\n<p>S\u00ed, el perfil de aluminio est\u00e1 anodizado o recubierto de polvo para resistir la corrosi\u00f3n, los rayos UV y la lluvia, lo que garantiza su durabilidad a largo plazo en exteriores.\n<\/p>\n<p><\/p>\n<p><b>7.\u00bfExisten acabados personalizados y opciones LED?<\/b><\/p>\n<p>S\u00ed, ofrecemos varios acabados de superficie y colores de LED que se adaptan a las necesidades arquitect\u00f3nicas y de dise\u00f1o.\n<\/p>\n<p><\/p>\n<p><b>8.\u00bfC\u00f3mo se instala esta barandilla de cristal?<\/b><\/p>\n<p>El sistema incluye canales en U prefabricados y kits de montaje, por lo que su instalaci\u00f3n resulta r\u00e1pida y eficaz para contratistas o constructores.\n<\/p>\n<p><\/p>","protected":false},"featured_media":7479,"template":"","categories":[67],"class_list":["post-7480","product","type-product","status-publish","has-post-thumbnail","hentry","category-architectural-aluminium-profile"],"meta_box":{"hilight_text_group":{"product_hilight_text":"<li>Designed for 6+6 mm laminated glass, offering high safety and strength<\/li>\r\r\n<li>Durable aluminum U channel provides structural support for balconies and stairs<\/li>\r\r\n<li>Integrated LED strip option enhances modern aesthetics and visibility<\/li>\r\r\n<li>Corrosion-resistant surface ideal for outdoor environments<\/li>\r\r\n<li>Easy installation with pre-drilled profiles and mounting accessories<\/li>\r\r\n<li>Suitable for residential and commercial balcony and stair applications<\/li>\r\r\n<li>Custom lengths, finishes, and LED color options available<\/li>","product_chanpin_blog":"<ul>\r\r\n<li><a href=\"https:\/\/sinoextrud.com\/t-slot-v-slot-differences\/\" target=\"_blank\">t slot vs v slot<\/a><\/li>\r\r\n<li><a href=\"https:\/\/sinoextrud.com\/what-is-4040-aluminium-extrud\/\" target=\"_blank\">4040 aluminium extrusion<\/a><\/li>\r\r\n<li><a href=\"https:\/\/sinoextrud.com\/what-is-4040-aluminium-extrud\/\" target=\"_blank\">aluminum extrusions for industrial racks<\/a><\/li>\r\r\n<li><a href=\"https:\/\/sinoextrud.com\/powder-coating-aluminium-process\/\" target=\"_blank\">powder coating aluminium<\/a><\/li>\r\r\n<li><a href=\"https:\/\/sinoextrud.com\/what-is-an-aluminium-strip-ceiling\/\" target=\"_blank\">aluminium strip ceiling<\/a><\/li>\r\r\n<li><a href=\"https:\/\/sinoextrud.com\/what-is-a-heat-sink\/\" target=\"_blank\">what is a heat sink<\/a><\/li>\r\r\n<\/ul>","product_chanpin_chanpin":"<li><a href=\"https:\/\/sinoextrud.com\/product\/aluminum-sliding-door-track\/\" target=\"_blank\">Aluminum Sliding Door Track<\/a><\/li>\r\n<li><a href=\"https:\/\/sinoextrud.com\/product\/aluminum-handrail-extrusions\/\" target=\"_blank\">Aluminum Handrail Extrusions<\/a><\/li>\r\n<li><a href=\"https:\/\/sinoextrud.com\/product\/aluminium-window-frame-section\/\" target=\"_blank\">Aluminium Window Frame Section<\/a><\/li>\r\n<li><a href=\"https:\/\/sinoextrud.com\/product\/aluminum-cabinet-frame-extrusions\/\" target=\"_blank\">Aluminum Cabinet Frame Extrusions<\/a><\/li>\r\n<li><a href=\"https:\/\/sinoextrud.com\/product\/66-mm-aluminum-glass-railing-for-balcony-led-strip-u-channel-stair-railings\/\" target=\"_blank\">6+6 MM Aluminum Glass Railing For Balcony LED Strip U Channel Stair Railings<\/a><\/li>\r\n<li><a href=\"https:\/\/sinoextrud.com\/product\/aluminum-channel-for-plexiglass\/\" target=\"_blank\">Aluminum Channel For Plexiglass<\/a><\/li>\r\n<li><a href=\"https:\/\/sinoextrud.com\/product\/aluminium-handrail-profiles\/\" target=\"_blank\">Aluminium Handrail Profiles<\/a><\/li>\r\n<li><a href=\"https:\/\/sinoextrud.com\/product\/6063-slotted-aluminum-bar-extrusion-profiles\/\" target=\"_blank\">6063 Slotted Aluminum Bar Extrusion Profiles<\/a><\/li>\r\n<li><a href=\"https:\/\/sinoextrud.com\/product\/6063-t5-aluminum-extrusion-profile-for-windows-and-doors-and-curtain-walls\/\" target=\"_blank\">6063 T5 Aluminum Extrusion Profile for Windows and Doors and Curtain Walls<\/a><\/li>\r\n<li><a href=\"https:\/\/sinoextrud.com\/product\/c-section-aluminium-extrusion\/\" target=\"_blank\">C Section Aluminium Extrusion<\/a><\/li>\r\n<li><a href=\"https:\/\/sinoextrud.com\/product\/customized-extruded-shaped-aluminum-profiles-6063-anodized-industrial-aluminum-profile\/\" target=\"_blank\">Customized Extruded Shaped Aluminum Profiles 6063 Anodized Industrial Aluminum Profile<\/a><\/li>"},"feature_list":[]},"_links":{"self":[{"href":"https:\/\/sinoextrud.com\/es\/wp-json\/wp\/v2\/product\/7480","targetHints":{"allow":["GET"]}}],"collection":[{"href":"https:\/\/sinoextrud.com\/es\/wp-json\/wp\/v2\/product"}],"about":[{"href":"https:\/\/sinoextrud.com\/es\/wp-json\/wp\/v2\/types\/product"}],"wp:featuredmedia":[{"embeddable":true,"href":"https:\/\/sinoextrud.com\/es\/wp-json\/wp\/v2\/media\/7479"}],"wp:attachment":[{"href":"https:\/\/sinoextrud.com\/es\/wp-json\/wp\/v2\/media?parent=7480"}],"wp:term":[{"taxonomy":"category","embeddable":true,"href":"https:\/\/sinoextrud.com\/es\/wp-json\/wp\/v2\/categories?post=7480"}],"curies":[{"name":"wp","href":"https:\/\/api.w.org\/{rel}","templated":true}]}}