{"id":7470,"date":"2025-06-07T08:16:49","date_gmt":"2025-06-07T08:16:49","guid":{"rendered":"https:\/\/sinoextrud.com\/product\/c-section-aluminium-extrusion\/"},"modified":"2025-06-24T06:12:54","modified_gmt":"2025-06-24T06:12:54","slug":"seccion-c-extrusion-de-aluminio","status":"publish","type":"product","link":"https:\/\/sinoextrud.com\/es\/product\/c-section-aluminium-extrusion\/","title":{"rendered":"Extrusi\u00f3n de aluminio de secci\u00f3n C"},"content":{"rendered":"<h2>Productos<\/h2>\n<table class=\"custom-table\">\n<tbody>\n<tr>\n<td> Art\u00edculo:<\/td>\n<td> Extrusi\u00f3n de aluminio de secci\u00f3n C<\/td>\n<td> Grado:<\/td>\n<td> 6063<\/td>\n<\/tr>\n<tr>\n<td> Temperamento:<\/td>\n<td> 6063-T5<\/td>\n<td> Lugar de origen:<\/td>\n<td> Foshan, Guangdong<\/td>\n<\/tr>\n<tr>\n<td> Forma:<\/td>\n<td> Canal en forma de U, Secci\u00f3n C<\/td>\n<td> De aleaci\u00f3n o no:<\/td>\n<td> Aleaci\u00f3n de aluminio<\/td>\n<\/tr>\n<tr>\n<td> Tolerancia:<\/td>\n<td> \u00b10,5%<\/td>\n<td> Marca:<\/td>\n<td> Sinoextrud, Sinoextrud<\/td>\n<\/tr>\n<tr>\n<td> Est\u00e1ndar:<\/td>\n<td> calidad media y alta<\/td>\n<td> Tratamiento superficial:<\/td>\n<td> pintura en polvo, electroforesis, grano de madera, anodizado, cepillado, pulido<\/td>\n<\/tr>\n<tr>\n<td> Plazo de entrega:<\/td>\n<td> 25-30 d\u00edas<\/td>\n<td> MOQ:<\/td>\n<td> 200KGs<\/td>\n<\/tr>\n<tr>\n<td> Plazo de pago:<\/td>\n<td> T\/T(30% Dep\u00f3sito), L\/C<\/td>\n<td> Servicio de tramitaci\u00f3n:<\/td>\n<td> Plegado, desenrollado, soldadura, punzonado, corte<\/td>\n<\/tr>\n<tr>\n<td> Puerto:<\/td>\n<td> Guangzhou, Shenzhen<\/td>\n<td> Longitud:<\/td>\n<td> 1-9m o personalizado<\/td>\n<\/tr>\n<\/tbody>\n<\/table>\n<h2>Nuestra base de fabricaci\u00f3n<\/h2>\n<h3>Panorama de la f\u00e1brica<\/h3>\n<p><img decoding=\"async\" src=\"\/wp-content\/uploads\/factory-01.webp\"\/><\/p>\n<h3>Taller de fabricaci\u00f3n de barras de aluminio<\/h3>\n<p><img decoding=\"async\" src=\"\/wp-content\/uploads\/factory-02.webp\"\/><\/p>\n<p><img decoding=\"async\" src=\"\/wp-content\/uploads\/factory-03.webp\"\/><\/p>\n<h3>Almac\u00e9n de moldes<\/h3>\n<p><img decoding=\"async\" src=\"\/wp-content\/uploads\/factory-04.webp\"\/><\/p>\n<h3>43 l\u00edneas de extrusi\u00f3n de aluminio (500-5500 toneladas)<\/h3>\n<p><img decoding=\"async\" src=\"\/wp-content\/uploads\/factory-05.webp\"\/><\/p>\n<p><img decoding=\"async\" src=\"\/wp-content\/uploads\/factory-06.webp\"\/><\/p>\n<p><img decoding=\"async\" src=\"\/wp-content\/uploads\/factory-07.webp\"\/><\/p>\n<h3>Taller de pintura en polvo<\/h3>\n<p><img decoding=\"async\" src=\"\/wp-content\/uploads\/factory-09.webp\"\/><\/p>\n<h3>Taller de anodizado<\/h3>\n<p><img decoding=\"async\" src=\"\/wp-content\/uploads\/factory-10.webp\"\/><\/p>\n<h3>Taller de procesamiento profundo<\/h3>\n<p><img decoding=\"async\" src=\"\/wp-content\/uploads\/factory-11.webp\"\/><\/p>\n<h3>Taller de mecanizado de precisi\u00f3n CNC<\/h3>\n<p><img decoding=\"async\" src=\"\/wp-content\/uploads\/factory-11.5.webp\"\/><\/p>\n<h3>Almac\u00e9n de productos acabados y de exportaci\u00f3n<\/h3>\n<p><img decoding=\"async\" src=\"\/wp-content\/uploads\/factory-12.webp\"\/><\/p>\n<p><img decoding=\"async\" src=\"\/wp-content\/uploads\/factory-13.webp\"\/><\/p>\n<p><img decoding=\"async\" src=\"\/wp-content\/uploads\/factory-14.webp\"\/><\/p>\n<h2>PREGUNTAS FRECUENTES<\/h2>\n<p><p><b>1. \u00bfQu\u00e9 es una extrusi\u00f3n de aluminio de secci\u00f3n en C? <\/b><\/p>\n<p> Una extrusi\u00f3n de aluminio de secci\u00f3n en C es un componente estructural con una secci\u00f3n transversal en forma de C, com\u00fanmente utilizado en la construcci\u00f3n y la fabricaci\u00f3n por su resistencia y versatilidad.<br \/>\n<\/p><br \/>\n<br \/>\n<p><b>2. \u00bfCu\u00e1les son las ventajas de utilizar extrusiones de aluminio de secci\u00f3n en C? <\/b><\/p>\n<p> Entre sus ventajas destacan su ligereza, resistencia a la corrosi\u00f3n, conductividad t\u00e9rmica y el\u00e9ctrica, propiedades no magn\u00e9ticas y reciclabilidad, lo que las hace vers\u00e1tiles para diversas aplicaciones.<br \/>\n<\/p><br \/>\n<br \/>\n<p><b>3. \u00bfEn qu\u00e9 industrias se suelen utilizar las extrusiones de aluminio de secci\u00f3n en C? <\/b><\/p>\n<p> Se utilizan ampliamente en la construcci\u00f3n, la automoci\u00f3n, la industria aeroespacial, la electr\u00f3nica y la marina debido a su resistencia, durabilidad y versatilidad.<br \/>\n<\/p><br \/>\n<br \/>\n<p><b>4.\u00bfPueden personalizarse las extrusiones de aluminio de secci\u00f3n C? <\/b><\/p>\n<p> S\u00ed, pueden personalizarse en cuanto a tama\u00f1o, forma, aleaci\u00f3n y acabado, incluidas opciones como el anodizado y el recubrimiento en polvo para satisfacer los requisitos espec\u00edficos de cada proyecto.<br \/>\n<\/p><br \/>\n<br \/>\n<p><b>5. \u00bfEn qu\u00e9 se diferencian las extrusiones de aluminio de secci\u00f3n en C de los canales de acero? <\/b><\/p>\n<p> Los canales de aluminio son m\u00e1s ligeros y resistentes a la corrosi\u00f3n que los de acero, por lo que son preferibles para aplicaciones en las que el peso y la durabilidad son factores cr\u00edticos.<br \/>\n<\/p><br \/>\n<br \/>\n<p><b>6. \u00bfSon adecuadas las extrusiones de aluminio de secci\u00f3n C para su uso en exteriores? <\/b><\/p>\n<p> S\u00ed, su resistencia a la corrosi\u00f3n y su capacidad para soportar los elementos ambientales los hacen ideales para aplicaciones exteriores, como entramados y soportes estructurales.<br \/>\n<\/p><br \/>\n<br \/>\n<p><b>7. \u00bfCu\u00e1les son los tama\u00f1os est\u00e1ndar disponibles para las extrusiones de aluminio de secci\u00f3n en C? <\/b><\/p>\n<p> Los tama\u00f1os est\u00e1ndar var\u00edan, pero las dimensiones comunes incluyen anchuras de 1\/4 de pulgada a varias pulgadas, con longitudes t\u00edpicamente de hasta 12 pies, dependiendo del fabricante.<br \/>\n<\/p><br \/>\n<br \/>\n<p><b>8.\u00bfC\u00f3mo afecta el proceso de extrusi\u00f3n a las propiedades de los perfiles en C de aluminio? <\/b><\/p>\n<p> El proceso de extrusi\u00f3n alinea la estructura del grano, lo que aumenta la resistencia y permite dise\u00f1os de secci\u00f3n transversal complejos, mejorando las propiedades mec\u00e1nicas de los canales de aluminio.<\/p>\n<p><\/p><br \/><\/p>","protected":false},"featured_media":7469,"template":"","categories":[67],"class_list":["post-7470","product","type-product","status-publish","has-post-thumbnail","hentry","category-architectural-aluminium-profile"],"meta_box":{"hilight_text_group":{"product_hilight_text":"<li>Lightweight yet strong, C-section aluminium extrusions offer an excellent strength-to-weight ratio, making them ideal for structural applications.<\/li>\r\r\n<li>Superior corrosion resistance ensures longevity, even in harsh environments, reducing maintenance costs.<\/li>\r\r\n<li>High thermal and electrical conductivity makes them suitable for heat sinks and electrical enclosures.<\/li>\r\r\n<li>Non-magnetic and non-sparking properties make them safe for use in sensitive electronic and explosive environments.<\/li>\r\r\n<li>Available in various shapes and sizes, including U, C, and Z channels, to meet diverse design requirements.<\/li>\r\r\n<li>Customizable through anodizing, powder coating, and painting for enhanced aesthetics and protection.<\/li>\r\r\n<li>100% recyclable, supporting sustainable and eco-friendly construction practices.<\/li>","product_chanpin_blog":"<ul>\r\r\n<li><a href=\"https:\/\/sinoextrud.com\/t-slot-v-slot-differences\/\" target=\"_blank\">t slot vs v slot<\/a><\/li>\r\r\n<li><a href=\"https:\/\/sinoextrud.com\/what-is-4040-aluminium-extrud\/\" target=\"_blank\">4040 aluminium extrusion<\/a><\/li>\r\r\n<li><a href=\"https:\/\/sinoextrud.com\/what-is-4040-aluminium-extrud\/\" target=\"_blank\">aluminum extrusions for industrial racks<\/a><\/li>\r\r\n<li><a href=\"https:\/\/sinoextrud.com\/powder-coating-aluminium-process\/\" target=\"_blank\">powder coating aluminium<\/a><\/li>\r\r\n<li><a href=\"https:\/\/sinoextrud.com\/what-is-an-aluminium-strip-ceiling\/\" target=\"_blank\">aluminium strip ceiling<\/a><\/li>\r\r\n<li><a href=\"https:\/\/sinoextrud.com\/what-is-a-heat-sink\/\" target=\"_blank\">what is a heat sink<\/a><\/li>\r\r\n<\/ul>","product_chanpin_chanpin":"<li><a href=\"https:\/\/sinoextrud.com\/product\/wood-grain-aluminum-extrusion-slider\/\" target=\"_blank\">Wood Grain Aluminum Extrusion Slider<\/a><\/li>\r\n<li><a href=\"https:\/\/sinoextrud.com\/product\/standard-aluminium-extrusion-profiles-windows-and-doors\/\" target=\"_blank\">Standard Aluminium Extrusion Profiles Windows And Doors<\/a><\/li>\r\n<li><a href=\"https:\/\/sinoextrud.com\/product\/l-shaped-aluminum-trim\/\" target=\"_blank\">L Shaped Aluminum Trim<\/a><\/li>\r\n<li><a href=\"https:\/\/sinoextrud.com\/product\/standard-aluminium-sections-for-partition\/\" target=\"_blank\">Standard Aluminium Sections For Partition<\/a><\/li>\r\n<li><a href=\"https:\/\/sinoextrud.com\/product\/c-section-aluminium-extrusion\/\" target=\"_blank\">C Section Aluminium Extrusion<\/a><\/li>\r\n<li><a href=\"https:\/\/sinoextrud.com\/product\/aluminum-sliding-door-track\/\" target=\"_blank\">Aluminum Sliding Door Track<\/a><\/li>\r\n<li><a href=\"https:\/\/sinoextrud.com\/product\/aluminum-handrail-extrusions\/\" target=\"_blank\">Aluminum Handrail Extrusions<\/a><\/li>\r\n<li><a href=\"https:\/\/sinoextrud.com\/product\/aluminium-window-frame-section\/\" target=\"_blank\">Aluminium Window Frame Section<\/a><\/li>\r\n<li><a href=\"https:\/\/sinoextrud.com\/product\/aluminum-cabinet-frame-extrusions\/\" target=\"_blank\">Aluminum Cabinet Frame Extrusions<\/a><\/li>\r\n<li><a href=\"https:\/\/sinoextrud.com\/product\/extruded-aluminum-shelving\/\" target=\"_blank\">Extruded Aluminum Shelving<\/a><\/li>\r\n<li><a href=\"https:\/\/sinoextrud.com\/product\/polished-aluminum-u-channel\/\" target=\"_blank\">Polished Aluminum U Channel<\/a><\/li>"},"feature_list":[]},"_links":{"self":[{"href":"https:\/\/sinoextrud.com\/es\/wp-json\/wp\/v2\/product\/7470","targetHints":{"allow":["GET"]}}],"collection":[{"href":"https:\/\/sinoextrud.com\/es\/wp-json\/wp\/v2\/product"}],"about":[{"href":"https:\/\/sinoextrud.com\/es\/wp-json\/wp\/v2\/types\/product"}],"wp:featuredmedia":[{"embeddable":true,"href":"https:\/\/sinoextrud.com\/es\/wp-json\/wp\/v2\/media\/7469"}],"wp:attachment":[{"href":"https:\/\/sinoextrud.com\/es\/wp-json\/wp\/v2\/media?parent=7470"}],"wp:term":[{"taxonomy":"category","embeddable":true,"href":"https:\/\/sinoextrud.com\/es\/wp-json\/wp\/v2\/categories?post=7470"}],"curies":[{"name":"wp","href":"https:\/\/api.w.org\/{rel}","templated":true}]}}