{"id":7452,"date":"2025-06-07T07:43:16","date_gmt":"2025-06-07T07:43:16","guid":{"rendered":"https:\/\/sinoextrud.com\/product\/extruded-aluminum-enclosure-case\/"},"modified":"2025-06-24T06:12:51","modified_gmt":"2025-06-24T06:12:51","slug":"caja-de-aluminio-extruido","status":"publish","type":"product","link":"https:\/\/sinoextrud.com\/es\/product\/extruded-aluminum-enclosure-case\/","title":{"rendered":"Caja de aluminio extruido"},"content":{"rendered":"<h2>Productos<\/h2>\n<table class=\"custom-table\">\n<tbody>\n<tr>\n<td> Mecanizado CNC<\/td>\n<td> 510 * 1020 * 500 mm(m\u00e1x) , +\/-0,01 mm<\/td>\n<\/tr>\n<tr>\n<td> Estampaci\u00f3n CNC<\/td>\n<td> 600 * 600 mm(m\u00e1x) , +\/-0,05 mm<\/td>\n<\/tr>\n<tr>\n<td> Formato de dibujo<\/td>\n<td> CAD PDF<\/td>\n<\/tr>\n<tr>\n<td> Equipos de prueba<\/td>\n<td> Instrumentos de medici\u00f3n, Proyector, MMC, Alt\u00edmetro, Micr\u00f3metro, Calibradores de roscas, Calibradores de espigas, etc.<\/td>\n<\/tr>\n<\/tbody>\n<\/table>\n<h2>Nuestra base de fabricaci\u00f3n<\/h2>\n<h3>Panorama de la f\u00e1brica<\/h3>\n<p><img decoding=\"async\" src=\"\/wp-content\/uploads\/factory-01.webp\"\/><\/p>\n<h3>Taller de fabricaci\u00f3n de barras de aluminio<\/h3>\n<p><img decoding=\"async\" src=\"\/wp-content\/uploads\/factory-02.webp\"\/><\/p>\n<\/p>\n<p><img decoding=\"async\" src=\"\/wp-content\/uploads\/factory-03.webp\"\/><\/p>\n<h3>Almac\u00e9n de moldes<\/h3>\n<p><img decoding=\"async\" src=\"\/wp-content\/uploads\/factory-04.webp\"\/><\/p>\n<h3>43 L\u00c3neas de extrusi\u00c3\u00b3n de aluminio (500\u00e2\u20ac\"5500 toneladas)<\/h3>\n<p><img decoding=\"async\" src=\"\/wp-content\/uploads\/factory-05.webp\"\/><\/p>\n<p><img decoding=\"async\" src=\"\/wp-content\/uploads\/factory-06.webp\"\/><\/p>\n<p><img decoding=\"async\" src=\"\/wp-content\/uploads\/factory-07.webp\"\/><\/p>\n<h3>Taller de pintura en polvo<\/h3>\n<p><img decoding=\"async\" src=\"\/wp-content\/uploads\/factory-09.webp\"\/><\/p>\n<h3>Taller de anodizado<\/h3>\n<p><img decoding=\"async\" src=\"\/wp-content\/uploads\/factory-10.webp\"\/><\/p>\n<h3>Taller de procesamiento profundo<\/h3>\n<p><img decoding=\"async\" src=\"\/wp-content\/uploads\/factory-11.webp\"\/><\/p>\n<h3>Taller de mecanizado de precisi\u00f3n CNC<\/h3>\n<p><img decoding=\"async\" src=\"\/wp-content\/uploads\/factory-11.5.webp\"\/><\/p>\n<h3>Almac\u00e9n de productos acabados y de exportaci\u00f3n<\/h3>\n<p><img decoding=\"async\" src=\"\/wp-content\/uploads\/factory-12.webp\"\/><\/p>\n<p><img decoding=\"async\" src=\"\/wp-content\/uploads\/factory-13.webp\"\/><\/p>\n<p><img decoding=\"async\" src=\"\/wp-content\/uploads\/factory-14.webp\"\/><\/p>\n<h2>PREGUNTAS FRECUENTES<\/h2>\n<p><b>1. \u00bfQu\u00e9 es una caja de aluminio extruido? <\/b><\/p>\n<p> Una caja de aluminio extruido es una carcasa protectora fabricada en aluminio, que se suele utilizar para encerrar y proteger componentes electr\u00f3nicos, maquinaria y equipos industriales.\n<\/p>\n<p><\/p>\n<p><b>2. \u00bfPor qu\u00e9 elegir el aluminio para las cajas? <\/b><\/p>\n<p> El aluminio es ligero, duradero, resistente a la corrosi\u00f3n y ofrece una excelente protecci\u00f3n contra los da\u00f1os f\u00edsicos y los factores ambientales, por lo que resulta ideal para las cajas.\n<\/p>\n<p><\/p>\n<p><b>3.\u00bfPueden personalizarse estas cajas de aluminio? <\/b><\/p>\n<p> S\u00ed, pueden personalizarse en cuanto a tama\u00f1o, forma, aleaci\u00f3n, acabado y opciones de montaje para satisfacer los requisitos espec\u00edficos de cada proyecto.\n<\/p>\n<p><\/p>\n<p><b>4.\u00bfQu\u00e9 acabados hay disponibles para las cajas de aluminio? <\/b><\/p>\n<p> Entre los acabados m\u00e1s comunes se encuentran el anodizado, el recubrimiento en polvo y el cepillado, que proporcionan una mayor resistencia a la corrosi\u00f3n y un aspecto m\u00e1s elegante.\n<\/p>\n<p><\/p>\n<p><b>5.\u00bfSon las cajas de aluminio resistentes a la intemperie? <\/b><\/p>\n<p> S\u00ed, las cajas de aluminio son muy resistentes a la humedad, los rayos UV y las fluctuaciones de temperatura, por lo que son adecuadas tanto para interiores como para exteriores.\n<\/p>\n<p><\/p>\n<p><b>6. \u00bfQu\u00e9 industrias utilizan cajas de aluminio? <\/b><\/p>\n<p> Se utilizan ampliamente en los sectores de la electr\u00f3nica, las telecomunicaciones, los sistemas de control industrial, la automoci\u00f3n y las energ\u00edas renovables.\n<\/p>\n<p><\/p>\n<p><b>7.\u00bfEs f\u00e1cil modificar los cerramientos de aluminio? <\/b><\/p>\n<p> El aluminio es f\u00e1cil de mecanizar, cortar, taladrar y ensamblar, lo que permite realizar modificaciones y personalizaciones eficaces durante la fabricaci\u00f3n.\n<\/p>\n<p><\/p>\n<p><b>8.\u00bfEs el aluminio respetuoso con el medio ambiente? <\/b><\/p>\n<p> S\u00ed, el aluminio es 100% reciclable y ofrece una opci\u00f3n sostenible para las pr\u00e1cticas de fabricaci\u00f3n respetuosas con el medio ambiente.\n<\/p>\n<p><\/p>","protected":false},"featured_media":7451,"template":"","categories":[67],"class_list":["post-7452","product","type-product","status-publish","has-post-thumbnail","hentry","category-architectural-aluminium-profile"],"meta_box":{"hilight_text_group":{"product_hilight_text":"<li>High-strength extruded aluminum provides excellent protection for sensitive electronic components.<\/li>\r\r\n<li>Lightweight yet durable, offering strong structural integrity without added weight.<\/li>\r\r\n<li>Corrosion-resistant finish ensures long-term performance in harsh environments.<\/li>\r\r\n<li>Customizable sizes, shapes, and surface finishes to meet specific design requirements.<\/li>\r\r\n<li>Easy to machine, cut, and assemble, reducing manufacturing time and costs.<\/li>\r\r\n<li>Ideal for electronics, control systems, and industrial enclosures requiring secure, rugged protection.<\/li>","product_chanpin_blog":"<ul>\r\r\n<li><a href=\"https:\/\/sinoextrud.com\/t-slot-v-slot-differences\/\" target=\"_blank\">t slot vs v slot<\/a><\/li>\r\r\n<li><a href=\"https:\/\/sinoextrud.com\/what-is-4040-aluminium-extrud\/\" target=\"_blank\">4040 aluminium extrusion<\/a><\/li>\r\r\n<li><a href=\"https:\/\/sinoextrud.com\/what-is-4040-aluminium-extrud\/\" target=\"_blank\">aluminum extrusions for industrial racks<\/a><\/li>\r\r\n<li><a href=\"https:\/\/sinoextrud.com\/powder-coating-aluminium-process\/\" target=\"_blank\">powder coating aluminium<\/a><\/li>\r\r\n<li><a href=\"https:\/\/sinoextrud.com\/what-is-an-aluminium-strip-ceiling\/\" target=\"_blank\">aluminium strip ceiling<\/a><\/li>\r\r\n<li><a href=\"https:\/\/sinoextrud.com\/what-is-a-heat-sink\/\" target=\"_blank\">what is a heat sink<\/a><\/li>\r\r\n<\/ul>","product_chanpin_chanpin":"<li><a href=\"https:\/\/sinoextrud.com\/product\/anodized-aluminum-handrail\/\" target=\"_blank\">Anodized Aluminum Handrail<\/a><\/li>\r\n<li><a href=\"https:\/\/sinoextrud.com\/product\/anodized-aluminum-railing-systems\/\" target=\"_blank\">Anodized Aluminum Railing Systems<\/a><\/li>\r\n<li><a href=\"https:\/\/sinoextrud.com\/product\/customize-extruded-aluminium-shower-profiles\/\" target=\"_blank\">Customize Extruded Aluminium Shower Profiles<\/a><\/li>\r\n<li><a href=\"https:\/\/sinoextrud.com\/product\/customize-extruded-aluminum-channel-profiles\/\" target=\"_blank\">Customize Extruded Aluminum Channel Profiles<\/a><\/li>\r\n<li><a href=\"https:\/\/sinoextrud.com\/product\/extruded-aluminum-enclosure-case\/\" target=\"_blank\">Extruded Aluminum Enclosure Case<\/a><\/li>\r\n<li><a href=\"https:\/\/sinoextrud.com\/product\/flat-aluminum-extrusions\/\" target=\"_blank\">Flat Aluminum Extrusions<\/a><\/li>\r\n<li><a href=\"https:\/\/sinoextrud.com\/product\/factory-offer-6061-aluminum-railing-profiles\/\" target=\"_blank\">Factory Offer 6061 Aluminum Railing Profiles<\/a><\/li>\r\n<li><a href=\"https:\/\/sinoextrud.com\/product\/coated-treatment-aluminium-extrusion\/\" target=\"_blank\">Coated Treatment Aluminium Extrusion<\/a><\/li>\r\n<li><a href=\"https:\/\/sinoextrud.com\/product\/shutter-type-of-aluminum-profiles-for-doors-and-windows\/\" target=\"_blank\">Shutter Type Of Aluminum Profiles For Doors And Windows<\/a><\/li>\r\n<li><a href=\"https:\/\/sinoextrud.com\/product\/aluminum-handrail-profiles\/\" target=\"_blank\">Aluminum Handrail Profiles<\/a><\/li>\r\n<li><a href=\"https:\/\/sinoextrud.com\/product\/professional-aluminium-tubing\/\" target=\"_blank\">Professional Aluminium Tubing<\/a><\/li>"},"feature_list":[]},"_links":{"self":[{"href":"https:\/\/sinoextrud.com\/es\/wp-json\/wp\/v2\/product\/7452","targetHints":{"allow":["GET"]}}],"collection":[{"href":"https:\/\/sinoextrud.com\/es\/wp-json\/wp\/v2\/product"}],"about":[{"href":"https:\/\/sinoextrud.com\/es\/wp-json\/wp\/v2\/types\/product"}],"wp:featuredmedia":[{"embeddable":true,"href":"https:\/\/sinoextrud.com\/es\/wp-json\/wp\/v2\/media\/7451"}],"wp:attachment":[{"href":"https:\/\/sinoextrud.com\/es\/wp-json\/wp\/v2\/media?parent=7452"}],"wp:term":[{"taxonomy":"category","embeddable":true,"href":"https:\/\/sinoextrud.com\/es\/wp-json\/wp\/v2\/categories?post=7452"}],"curies":[{"name":"wp","href":"https:\/\/api.w.org\/{rel}","templated":true}]}}