{"id":7444,"date":"2025-06-07T07:36:43","date_gmt":"2025-06-07T07:36:43","guid":{"rendered":"https:\/\/sinoextrud.com\/product\/anodized-aluminum-handrail\/"},"modified":"2025-06-24T06:12:50","modified_gmt":"2025-06-24T06:12:50","slug":"pasamanos-de-aluminio-anodizado","status":"publish","type":"product","link":"https:\/\/sinoextrud.com\/es\/product\/anodized-aluminum-handrail\/","title":{"rendered":"Pasamanos de aluminio anodizado"},"content":{"rendered":"<h2>Productos<\/h2>\n<table class=\"custom-table\">\n<tbody>\n<tr>\n<td> Art\u00edculo<\/td>\n<td> Pasamanos de aluminio anodizado<\/td>\n<\/tr>\n<tr>\n<td> Temple<\/td>\n<td> T3-T8<\/td>\n<\/tr>\n<tr>\n<td> Flujo de procesos<\/td>\n<td> Desarrollo de moldes-Palanquillas de aluminio-Calentamiento-Moldeo con aluminio bruto-Recubrimiento de polvo anodizado<\/td>\n<\/tr>\n<tr>\n<td> Certificaci\u00f3n<\/td>\n<td> CE, ISO, SGS, TUV<\/td>\n<\/tr>\n<tr>\n<td> Aplicaci\u00f3n<\/td>\n<td> Construcci\u00f3n, industria<\/td>\n<\/tr>\n<tr>\n<td> Forma<\/td>\n<td> Triangular<\/td>\n<\/tr>\n<tr>\n<td> Tratamiento de superficies<\/td>\n<td> Acabado de fresado, anodizado, recubrimiento de potencia, chorro de arena, electroforesis, cepillado, pulido, etc.<\/td>\n<\/tr>\n<tr>\n<td> Color<\/td>\n<td> En funci\u00f3n de las demandas de los clientes<\/td>\n<\/tr>\n<tr>\n<td> Tratamiento en profundidad<\/td>\n<td> Corte, taladrado, mecanizado, punzonado, plegado, roscado, etc.<\/td>\n<\/tr>\n<tr>\n<td> Garant\u00eda<\/td>\n<td> ISO:9001, SONCAP , Certificado BV, TUV, SGS, o certificado del cliente Disponible<\/td>\n<\/tr>\n<tr>\n<td> MOQ<\/td>\n<td> 200KG para cada perfil<\/td>\n<\/tr>\n<tr>\n<td> Plazo de entrega<\/td>\n<td> El desarrollo del molde y la conformaci\u00f3n de la muestra es de 12-15 d\u00edas, luego la duraci\u00f3n de la producci\u00f3n es de 15-25 d\u00edas despu\u00e9s de la recepci\u00f3n del dep\u00f3sito del comprador.<\/td>\n<\/tr>\n<tr>\n<td> Muestra gratuita<\/td>\n<td> 1-3 d\u00edas se puede enviar<\/td>\n<\/tr>\n<\/tbody>\n<\/table>\n<h2>Nuestra base de fabricaci\u00f3n<\/h2>\n<h3>Panorama de la f\u00e1brica<\/h3>\n<p><img decoding=\"async\" src=\"\/wp-content\/uploads\/factory-01.webp\"\/><\/p>\n<h3>Taller de fabricaci\u00f3n de barras de aluminio<\/h3>\n<p><img decoding=\"async\" src=\"\/wp-content\/uploads\/factory-02.webp\"\/><\/p>\n<p><img decoding=\"async\" src=\"\/wp-content\/uploads\/factory-03.webp\"\/><\/p>\n<h3>Almac\u00e9n de moldes<\/h3>\n<p><img decoding=\"async\" src=\"\/wp-content\/uploads\/factory-04.webp\"\/><\/p>\n<h3>43 L\u00c3neas de extrusi\u00c3\u00b3n de aluminio (500\u00e2\u20ac\"5500 toneladas)<\/h3>\n<p><img decoding=\"async\" src=\"\/wp-content\/uploads\/factory-05.webp\"\/><\/p>\n<p><img decoding=\"async\" src=\"\/wp-content\/uploads\/factory-06.webp\"\/><\/p>\n<p><img decoding=\"async\" src=\"\/wp-content\/uploads\/factory-07.webp\"\/><\/p>\n<h3>Taller de pintura en polvo<\/h3>\n<p><img decoding=\"async\" src=\"\/wp-content\/uploads\/factory-09.webp\"\/><\/p>\n<h3>Taller de anodizado<\/h3>\n<p><img decoding=\"async\" src=\"\/wp-content\/uploads\/factory-10.webp\"\/><\/p>\n<h3>Taller de procesamiento profundo<\/h3>\n<p><img decoding=\"async\" src=\"\/wp-content\/uploads\/factory-11.webp\"\/><\/p>\n<h3>Taller de mecanizado de precisi\u00f3n CNC<\/h3>\n<p><img decoding=\"async\" src=\"\/wp-content\/uploads\/factory-11.5.webp\"\/><\/p>\n<h3>Almac\u00e9n de productos acabados y de exportaci\u00f3n<\/h3>\n<p><img decoding=\"async\" src=\"\/wp-content\/uploads\/factory-12.webp\"\/><\/p>\n<p><img decoding=\"async\" src=\"\/wp-content\/uploads\/factory-13.webp\"\/><\/p>\n<p><img decoding=\"async\" src=\"\/wp-content\/uploads\/factory-14.webp\"\/><\/p>\n<h2>PREGUNTAS FRECUENTES<\/h2>\n<p><p><b>1. \u00bfQu\u00e9 es un pasamanos de aluminio anodizado? <\/b><\/p>\n<p> Un pasamanos de aluminio anodizado es un sistema de barandillas de aluminio que ha sido anodizado para una mayor protecci\u00f3n, durabilidad y atractivo est\u00e9tico.<br \/>\n<\/p><br \/>\n<br \/>\n<p><b>2.\u00bfPor qu\u00e9 elegir aluminio anodizado para barandillas? <\/b><\/p>\n<p> El aluminio anodizado ofrece una excelente resistencia a la corrosi\u00f3n, durabilidad y un aspecto elegante, por lo que resulta ideal para sistemas de pasamanos tanto interiores como exteriores.<br \/>\n<\/p><br \/>\n<br \/>\n<p><b>3.\u00bfPueden utilizarse estas barandillas en el exterior? <\/b><\/p>\n<p> S\u00ed, el aluminio anodizado es muy resistente a la corrosi\u00f3n y a los rayos UV, por lo que es perfecto para instalaciones exteriores como balcones, terrazas y pasarelas.<br \/>\n<\/p><br \/>\n<br \/>\n<p><b>4.\u00bfSon f\u00e1ciles de mantener las barandillas de aluminio anodizado? <\/b><\/p>\n<p> S\u00ed, el aluminio anodizado requiere un mantenimiento m\u00ednimo; resiste la suciedad, la corrosi\u00f3n y la decoloraci\u00f3n, y s\u00f3lo requiere una limpieza ocasional.<br \/>\n<\/p><br \/>\n<br \/>\n<p><b>5.\u00bfPueden personalizarse el tama\u00f1o y el color de las barandillas de aluminio anodizado? <\/b><\/p>\n<p> Por supuesto, las barandillas de aluminio anodizado pueden personalizarse en longitud, forma y color para adaptarse a los requisitos espec\u00edficos del proyecto y a las preferencias de dise\u00f1o.<br \/>\n<\/p><br \/>\n<br \/>\n<p><b>6.\u00bfCu\u00e1nto dura el acabado anodizado? <\/b><\/p>\n<p> El acabado anodizado es duradero y proporciona una protecci\u00f3n superior contra el desgaste, los rayos UV y los da\u00f1os ambientales, garantizando que el pasamanos mantenga su aspecto con el paso del tiempo.<br \/>\n<\/p><br \/>\n<br \/>\n<p><b>7.\u00bfQu\u00e9 industrias utilizan pasamanos de aluminio anodizado? <\/b><\/p>\n<p> Se utilizan habitualmente en la construcci\u00f3n, la arquitectura, los edificios p\u00fablicos y los espacios industriales, tanto por motivos est\u00e9ticos como de seguridad.<br \/>\n<\/p><br \/>\n<br \/>\n<p><b>8.\u00bfEs el aluminio respetuoso con el medio ambiente para aplicaciones de pasamanos? <\/b><\/p>\n<p> S\u00ed, el aluminio es 100% reciclable, lo que convierte a las barandillas de aluminio anodizado en una opci\u00f3n ecol\u00f3gica y sostenible para los proyectos de construcci\u00f3n modernos.<br \/>\n<\/p><br \/><\/p>","protected":false},"featured_media":7443,"template":"","categories":[67],"class_list":["post-7444","product","type-product","status-publish","has-post-thumbnail","hentry","category-architectural-aluminium-profile"],"meta_box":{"hilight_text_group":{"product_hilight_text":"<li>Anodized aluminum handrails provide enhanced corrosion resistance and durability for both indoor and outdoor applications.<\/li>\r\r\n<li>Lightweight yet strong, offering high structural integrity and ease of installation.<\/li>\r\r\n<li>The anodized finish ensures long-lasting color retention and scratch resistance, even in high-traffic areas.<\/li>\r\r\n<li>Customizable in size, shape, and color to fit specific design and aesthetic needs.<\/li>\r\r\n<li>Requires minimal maintenance, reducing the need for frequent repairs or replacements.<\/li>\r\r\n<li>Eco-friendly material, as aluminum is 100% recyclable, contributing to sustainable building practices.<\/li>","product_chanpin_blog":"<ul>\r\r\n<li><a href=\"https:\/\/sinoextrud.com\/t-slot-v-slot-differences\/\" target=\"_blank\">t slot vs v slot<\/a><\/li>\r\r\n<li><a href=\"https:\/\/sinoextrud.com\/what-is-4040-aluminium-extrud\/\" target=\"_blank\">4040 aluminium extrusion<\/a><\/li>\r\r\n<li><a href=\"https:\/\/sinoextrud.com\/what-is-4040-aluminium-extrud\/\" target=\"_blank\">aluminum extrusions for industrial racks<\/a><\/li>\r\r\n<li><a href=\"https:\/\/sinoextrud.com\/powder-coating-aluminium-process\/\" target=\"_blank\">powder coating aluminium<\/a><\/li>\r\r\n<li><a href=\"https:\/\/sinoextrud.com\/what-is-an-aluminium-strip-ceiling\/\" target=\"_blank\">aluminium strip ceiling<\/a><\/li>\r\r\n<li><a href=\"https:\/\/sinoextrud.com\/what-is-a-heat-sink\/\" target=\"_blank\">what is a heat sink<\/a><\/li>\r\r\n<\/ul>","product_chanpin_chanpin":"<li><a href=\"https:\/\/sinoextrud.com\/product\/extruded-aluminum-interlocking-plank-floor\/\" target=\"_blank\">Extruded Aluminum Interlocking Plank Floor<\/a><\/li>\r\n<li><a href=\"https:\/\/sinoextrud.com\/product\/anodized-brushed-black-extruded-frame-profile\/\" target=\"_blank\">Anodized Brushed Black Extruded Frame Profile<\/a><\/li>\r\n<li><a href=\"https:\/\/sinoextrud.com\/product\/precision-cnc-machining-industrial-profile\/\" target=\"_blank\">Precision CNC Machining Industrial Profile<\/a><\/li>\r\n<li><a href=\"https:\/\/sinoextrud.com\/product\/architectural-aluminium-profiles\/\" target=\"_blank\">Architectural Aluminium Profiles<\/a><\/li>\r\n<li><a href=\"https:\/\/sinoextrud.com\/product\/anodized-aluminum-handrail\/\" target=\"_blank\">Anodized Aluminum Handrail<\/a><\/li>\r\n<li><a href=\"https:\/\/sinoextrud.com\/product\/anodized-aluminum-railing-systems\/\" target=\"_blank\">Anodized Aluminum Railing Systems<\/a><\/li>\r\n<li><a href=\"https:\/\/sinoextrud.com\/product\/customize-extruded-aluminium-shower-profiles\/\" target=\"_blank\">Customize Extruded Aluminium Shower Profiles<\/a><\/li>\r\n<li><a href=\"https:\/\/sinoextrud.com\/product\/customize-extruded-aluminum-channel-profiles\/\" target=\"_blank\">Customize Extruded Aluminum Channel Profiles<\/a><\/li>\r\n<li><a href=\"https:\/\/sinoextrud.com\/product\/extruded-aluminum-enclosure-case\/\" target=\"_blank\">Extruded Aluminum Enclosure Case<\/a><\/li>\r\n<li><a href=\"https:\/\/sinoextrud.com\/product\/aluminium-profile-cutting\/\" target=\"_blank\">Aluminium Profile Cutting<\/a><\/li>\r\n<li><a href=\"https:\/\/sinoextrud.com\/product\/aluminum-extrusion-aluminum-rolling-shutters-profile\/\" target=\"_blank\">Aluminum Extrusion Aluminum Rolling Shutters Profile<\/a><\/li>"},"feature_list":[]},"_links":{"self":[{"href":"https:\/\/sinoextrud.com\/es\/wp-json\/wp\/v2\/product\/7444","targetHints":{"allow":["GET"]}}],"collection":[{"href":"https:\/\/sinoextrud.com\/es\/wp-json\/wp\/v2\/product"}],"about":[{"href":"https:\/\/sinoextrud.com\/es\/wp-json\/wp\/v2\/types\/product"}],"wp:featuredmedia":[{"embeddable":true,"href":"https:\/\/sinoextrud.com\/es\/wp-json\/wp\/v2\/media\/7443"}],"wp:attachment":[{"href":"https:\/\/sinoextrud.com\/es\/wp-json\/wp\/v2\/media?parent=7444"}],"wp:term":[{"taxonomy":"category","embeddable":true,"href":"https:\/\/sinoextrud.com\/es\/wp-json\/wp\/v2\/categories?post=7444"}],"curies":[{"name":"wp","href":"https:\/\/api.w.org\/{rel}","templated":true}]}}