{"id":7442,"date":"2025-06-07T07:25:57","date_gmt":"2025-06-07T07:25:57","guid":{"rendered":"https:\/\/sinoextrud.com\/product\/architectural-aluminium-profiles\/"},"modified":"2025-06-24T06:12:49","modified_gmt":"2025-06-24T06:12:49","slug":"perfiles-arquitectonicos-de-aluminio","status":"publish","type":"product","link":"https:\/\/sinoextrud.com\/es\/product\/architectural-aluminium-profiles\/","title":{"rendered":"Perfiles de aluminio arquitect\u00f3nico"},"content":{"rendered":"<h2>Productos<\/h2>\n<table class=\"custom-table\">\n<tbody>\n<tr>\n<td> Modelo NO.:<\/td>\n<td> TL 800 (Perfiles de aluminio arquitect\u00f3nico)<\/td>\n<\/tr>\n<tr>\n<td> Aplicaci\u00f3n:<\/td>\n<td> nombres de las piezas de las ventanas de aluminio<\/td>\n<\/tr>\n<tr>\n<td> Grado:<\/td>\n<td> Serie 6000<\/td>\n<\/tr>\n<tr>\n<td> T\u00e9cnica:<\/td>\n<td> Perfiles y accesorios de aluminio extruido<\/td>\n<\/tr>\n<tr>\n<td> Temperamento:<\/td>\n<td> T3 - T8<\/td>\n<\/tr>\n<tr>\n<td> Tallas:<\/td>\n<td> Podr\u00eda Personalizar como Dise\u00f1o Proporcionado<\/td>\n<\/tr>\n<tr>\n<td> Servicios de mecanizado:<\/td>\n<td> Taladrado, roscado, remachado, montaje, etc.<\/td>\n<\/tr>\n<tr>\n<td> Marca registrada:<\/td>\n<td> N\/A.<\/td>\n<\/tr>\n<tr>\n<td> Origen:<\/td>\n<td> Guangdong<\/td>\n<\/tr>\n<tr>\n<td> Tipo:<\/td>\n<td> Perfiles de aluminio para amante<\/td>\n<\/tr>\n<tr>\n<td> Forma:<\/td>\n<td> Hecho a medida del cliente<\/td>\n<\/tr>\n<tr>\n<td> Tratamiento de la superficie:<\/td>\n<td> grano de madera<\/td>\n<\/tr>\n<tr>\n<td> Aleaci\u00f3n:<\/td>\n<td> Aleaci\u00f3n<\/td>\n<\/tr>\n<tr>\n<td> Certificaci\u00f3n:<\/td>\n<td> ISO, RoHS<\/td>\n<\/tr>\n<tr>\n<td> Longitud:<\/td>\n<td> Puede cortar seg\u00fan las necesidades espec\u00edficas<\/td>\n<\/tr>\n<tr>\n<td> Colores:<\/td>\n<td> Fabricado como se indica N\u00famero de color<\/td>\n<\/tr>\n<tr>\n<td> Especificaci\u00f3n:<\/td>\n<td> SGS, Rohs, ISO<\/td>\n<\/tr>\n<tr>\n<td> C\u00f3digo SA:<\/td>\n<td> 76042990<\/td>\n<\/tr>\n<\/tbody>\n<\/table>\n<h2>Nuestra base de fabricaci\u00f3n<\/h2>\n<h3>Panorama de la f\u00e1brica<\/h3>\n<p><img decoding=\"async\" src=\"\/wp-content\/uploads\/factory-01.webp\"\/><\/p>\n<h3>Taller de fabricaci\u00f3n de barras de aluminio<\/h3>\n<p><img decoding=\"async\" src=\"\/wp-content\/uploads\/factory-02.webp\"\/><\/p>\n<p><img decoding=\"async\" src=\"\/wp-content\/uploads\/factory-03.webp\"\/><\/p>\n<h3>Almac\u00e9n de moldes<\/h3>\n<p><img decoding=\"async\" src=\"\/wp-content\/uploads\/factory-04.webp\"\/><\/p>\n<h3>43 L\u00c3neas de extrusi\u00c3\u00b3n de aluminio (500\u00e2\u20ac\"5500 toneladas)<\/h3>\n<p><img decoding=\"async\" src=\"\/wp-content\/uploads\/factory-05.webp\"\/><\/p>\n<p><img decoding=\"async\" src=\"\/wp-content\/uploads\/factory-06.webp\"\/><\/p>\n<p><img decoding=\"async\" src=\"\/wp-content\/uploads\/factory-07.webp\"\/><\/p>\n<h3>Taller de pintura en polvo<\/h3>\n<p><img decoding=\"async\" src=\"\/wp-content\/uploads\/factory-09.webp\"\/><\/p>\n<h3>Taller de anodizado<\/h3>\n<p><img decoding=\"async\" src=\"\/wp-content\/uploads\/factory-10.webp\"\/><\/p>\n<h3>Taller de procesamiento profundo<\/h3>\n<p><img decoding=\"async\" src=\"\/wp-content\/uploads\/factory-11.webp\"\/><\/p>\n<h3>Taller de mecanizado de precisi\u00f3n CNC<\/h3>\n<p><img decoding=\"async\" src=\"\/wp-content\/uploads\/factory-11.5.webp\"\/><\/p>\n<h3>Almac\u00e9n de productos acabados y de exportaci\u00f3n<\/h3>\n<p><img decoding=\"async\" src=\"\/wp-content\/uploads\/factory-12.webp\"\/><\/p>\n<p><img decoding=\"async\" src=\"\/wp-content\/uploads\/factory-13.webp\"\/><\/p>\n<p><img decoding=\"async\" src=\"\/wp-content\/uploads\/factory-14.webp\"\/><\/p>\n<h2>PREGUNTAS FRECUENTES<\/h2>\n<p><p><b>1. \u00bfQu\u00e9 son los perfiles de aluminio arquitect\u00f3nico? <\/b><\/p>\n<p> Los perfiles de aluminio arquitect\u00f3nico son componentes de aluminio extruido de precisi\u00f3n dise\u00f1ados para su uso en fachadas de edificios, muros cortina, ventanas y sistemas decorativos.<br \/>\n<\/p><br \/>\n<br \/>\n<p><b>2.\u00bfPor qu\u00e9 utilizar aluminio en el dise\u00f1o arquitect\u00f3nico? <\/b><\/p>\n<p> El aluminio es ligero, fuerte, resistente a la corrosi\u00f3n y admite una gran variedad de acabados, por lo que resulta ideal para aplicaciones arquitect\u00f3nicas modernas.<br \/>\n<\/p><br \/>\n<br \/>\n<p><b>3.\u00bfSe pueden personalizar los perfiles? <\/b><\/p>\n<p> S\u00ed, los perfiles de aluminio arquitect\u00f3nico pueden adaptarse en forma, tama\u00f1o, acabado superficial y grosor para satisfacer los requisitos estructurales y de dise\u00f1o espec\u00edficos de cada proyecto.<br \/>\n<\/p><br \/>\n<br \/>\n<p><b>4. \u00bfQu\u00e9 acabados superficiales hay disponibles? <\/b><\/p>\n<p> Las opciones incluyen anodizado, recubrimiento en polvo, PVDF y veteado de madera para adaptarse a los objetivos funcionales y est\u00e9ticos.<br \/>\n<\/p><br \/>\n<br \/>\n<p><b>5.\u00bfLos perfiles de aluminio son resistentes a la intemperie? <\/b><\/p>\n<p> Por supuesto, los perfiles de aluminio con un tratamiento superficial adecuado son muy resistentes a los rayos UV, la humedad y la contaminaci\u00f3n, por lo que son aptos para todos los climas.<br \/>\n<\/p><br \/>\n<br \/>\n<p><b>6.\u00bfEs el aluminio respetuoso con el medio ambiente? <\/b><\/p>\n<p> S\u00ed, el aluminio es 100% reciclable y contribuye a las certificaciones de construcci\u00f3n ecol\u00f3gica como LEED y BREEAM.<br \/>\n<\/p><br \/>\n<br \/>\n<p><b>7.\u00bfC\u00f3mo se instalan estos perfiles? <\/b><\/p>\n<p> Los perfiles de aluminio arquitect\u00f3nico son compatibles con diversos sistemas de entramado y pueden instalarse f\u00e1cilmente mediante soportes, clips o fijaciones ocultas.<br \/>\n<\/p><br \/>\n<br \/>\n<p><b>8.\u00bfCu\u00e1les son las aplicaciones t\u00edpicas de los perfiles de aluminio arquitect\u00f3nico? <\/b><\/p>\n<p> Los usos m\u00e1s comunes son el revestimiento de fachadas, marcos de ventanas, barandillas, persianas, parasoles y sistemas de tabiquer\u00eda en edificios comerciales y residenciales.<br \/>\n<\/p><br \/><\/p>","protected":false},"featured_media":7441,"template":"","categories":[67],"class_list":["post-7442","product","type-product","status-publish","has-post-thumbnail","hentry","category-architectural-aluminium-profile"],"meta_box":{"hilight_text_group":{"product_hilight_text":"<li>High-strength aluminum provides structural stability for architectural applications.<\/li>\r\r\n<li>Corrosion-resistant finishes ensure long-lasting performance in outdoor environments.<\/li>\r\r\n<li>Customizable profiles to fit modern and complex architectural designs.<\/li>\r\r\n<li>Lightweight material reduces construction load and simplifies installation.<\/li>\r\r\n<li>Supports anodizing, powder coating, and wood grain finishes for aesthetic flexibility.<\/li>\r\r\n<li>Suitable for facades, curtain walls, partitions, windows, and decorative systems.<\/li>","product_chanpin_blog":"<ul>\r\r\n<li><a href=\"https:\/\/sinoextrud.com\/t-slot-v-slot-differences\/\" target=\"_blank\">t slot vs v slot<\/a><\/li>\r\r\n<li><a href=\"https:\/\/sinoextrud.com\/what-is-4040-aluminium-extrud\/\" target=\"_blank\">4040 aluminium extrusion<\/a><\/li>\r\r\n<li><a href=\"https:\/\/sinoextrud.com\/what-is-4040-aluminium-extrud\/\" target=\"_blank\">aluminum extrusions for industrial racks<\/a><\/li>\r\r\n<li><a href=\"https:\/\/sinoextrud.com\/powder-coating-aluminium-process\/\" target=\"_blank\">powder coating aluminium<\/a><\/li>\r\r\n<li><a href=\"https:\/\/sinoextrud.com\/what-is-an-aluminium-strip-ceiling\/\" target=\"_blank\">aluminium strip ceiling<\/a><\/li>\r\r\n<li><a href=\"https:\/\/sinoextrud.com\/what-is-a-heat-sink\/\" target=\"_blank\">what is a heat sink<\/a><\/li>\r\r\n<\/ul>","product_chanpin_chanpin":"<li><a href=\"https:\/\/sinoextrud.com\/product\/customized-aluminum-alloy-housing-grow-light\/\" target=\"_blank\">Customized Aluminum Alloy Housing Grow Light<\/a><\/li>\r\n<li><a href=\"https:\/\/sinoextrud.com\/product\/extruded-aluminum-interlocking-plank-floor\/\" target=\"_blank\">Extruded Aluminum Interlocking Plank Floor<\/a><\/li>\r\n<li><a href=\"https:\/\/sinoextrud.com\/product\/anodized-brushed-black-extruded-frame-profile\/\" target=\"_blank\">Anodized Brushed Black Extruded Frame Profile<\/a><\/li>\r\n<li><a href=\"https:\/\/sinoextrud.com\/product\/precision-cnc-machining-industrial-profile\/\" target=\"_blank\">Precision CNC Machining Industrial Profile<\/a><\/li>\r\n<li><a href=\"https:\/\/sinoextrud.com\/product\/architectural-aluminium-profiles\/\" target=\"_blank\">Architectural Aluminium Profiles<\/a><\/li>\r\n<li><a href=\"https:\/\/sinoextrud.com\/product\/anodized-aluminum-handrail\/\" target=\"_blank\">Anodized Aluminum Handrail<\/a><\/li>\r\n<li><a href=\"https:\/\/sinoextrud.com\/product\/anodized-aluminum-railing-systems\/\" target=\"_blank\">Anodized Aluminum Railing Systems<\/a><\/li>\r\n<li><a href=\"https:\/\/sinoextrud.com\/product\/customize-extruded-aluminium-shower-profiles\/\" target=\"_blank\">Customize Extruded Aluminium Shower Profiles<\/a><\/li>\r\n<li><a href=\"https:\/\/sinoextrud.com\/product\/customize-extruded-aluminum-channel-profiles\/\" target=\"_blank\">Customize Extruded Aluminum Channel Profiles<\/a><\/li>\r\n<li><a href=\"https:\/\/sinoextrud.com\/product\/extruded-aluminum-bar\/\" target=\"_blank\">Extruded Aluminum Bar<\/a><\/li>\r\n<li><a href=\"https:\/\/sinoextrud.com\/product\/g-shaped-linear-ceiling-system\/\" target=\"_blank\">G-Shaped Linear Ceiling System<\/a><\/li>"},"feature_list":[]},"_links":{"self":[{"href":"https:\/\/sinoextrud.com\/es\/wp-json\/wp\/v2\/product\/7442","targetHints":{"allow":["GET"]}}],"collection":[{"href":"https:\/\/sinoextrud.com\/es\/wp-json\/wp\/v2\/product"}],"about":[{"href":"https:\/\/sinoextrud.com\/es\/wp-json\/wp\/v2\/types\/product"}],"wp:featuredmedia":[{"embeddable":true,"href":"https:\/\/sinoextrud.com\/es\/wp-json\/wp\/v2\/media\/7441"}],"wp:attachment":[{"href":"https:\/\/sinoextrud.com\/es\/wp-json\/wp\/v2\/media?parent=7442"}],"wp:term":[{"taxonomy":"category","embeddable":true,"href":"https:\/\/sinoextrud.com\/es\/wp-json\/wp\/v2\/categories?post=7442"}],"curies":[{"name":"wp","href":"https:\/\/api.w.org\/{rel}","templated":true}]}}