{"id":7440,"date":"2025-06-07T07:24:34","date_gmt":"2025-06-07T07:24:34","guid":{"rendered":"https:\/\/sinoextrud.com\/product\/precision-cnc-machining-industrial-profile\/"},"modified":"2025-06-24T06:12:50","modified_gmt":"2025-06-24T06:12:50","slug":"mecanizado-cnc-de-precision-perfil-industrial","status":"publish","type":"product","link":"https:\/\/sinoextrud.com\/es\/product\/precision-cnc-machining-industrial-profile\/","title":{"rendered":"Mecanizado CNC de precisi\u00f3n Perfil industrial"},"content":{"rendered":"<h2>Productos<\/h2>\n<table class=\"custom-table\">\n<tbody>\n<tr>\n<td> Grado:<\/td>\n<td> 6063 -t5<\/td>\n<\/tr>\n<tr>\n<td> T\u00e9cnica:<\/td>\n<td> Mecanizado CNC de precisi\u00f3n<\/td>\n<\/tr>\n<tr>\n<td> Temperamento:<\/td>\n<td> T3 - T8<\/td>\n<\/tr>\n<tr>\n<td> Servicios de mecanizado:<\/td>\n<td> Taladrado, roscado, remachado, montaje, etc.<\/td>\n<\/tr>\n<tr>\n<td> Marca registrada:<\/td>\n<td> Sinoextrud Sinoextrud <\/td>\n<\/tr>\n<tr>\n<td> Tipo:<\/td>\n<td> Mecanizado CNC de precisi\u00f3n Perfil industrial<\/td>\n<\/tr>\n<tr>\n<td> Forma:<\/td>\n<td> Hecho a medida del cliente<\/td>\n<\/tr>\n<tr>\n<td> Tratamiento de la superficie:<\/td>\n<td> Acabado fresado Anodizado Cepillado<\/td>\n<\/tr>\n<tr>\n<td> Longitud:<\/td>\n<td> De 1 a 9 m por longitud<\/td>\n<\/tr>\n<tr>\n<td> Colores:<\/td>\n<td> Plata Negro<\/td>\n<\/tr>\n<tr>\n<td> C\u00f3digo SA:<\/td>\n<td> 76042990<\/td>\n<\/tr>\n<\/tbody>\n<\/table>\n<h2>Nuestra base de fabricaci\u00f3n<\/h2>\n<h3>Panorama de la f\u00e1brica<\/h3>\n<p><img decoding=\"async\" src=\"\/wp-content\/uploads\/factory-01.webp\"\/><\/p>\n<h3>Taller de fabricaci\u00f3n de barras de aluminio<\/h3>\n<p><img decoding=\"async\" src=\"\/wp-content\/uploads\/factory-02.webp\"\/><\/p>\n<p><img decoding=\"async\" src=\"\/wp-content\/uploads\/factory-03.webp\"\/><\/p>\n<h3>Almac\u00e9n de moldes<\/h3>\n<p><img decoding=\"async\" src=\"\/wp-content\/uploads\/factory-04.webp\"\/><\/p>\n<h3>43 l\u00edneas de extrusi\u00f3n de aluminio (500-5500 toneladas)<\/h3>\n<p><img decoding=\"async\" src=\"\/wp-content\/uploads\/factory-05.webp\"\/><\/p>\n<p><img decoding=\"async\" src=\"\/wp-content\/uploads\/factory-06.webp\"\/><\/p>\n<p><img decoding=\"async\" src=\"\/wp-content\/uploads\/factory-07.webp\"\/><\/p>\n<h3>Taller de pintura en polvo<\/h3>\n<p><img decoding=\"async\" src=\"\/wp-content\/uploads\/factory-09.webp\"\/><\/p>\n<h3>Taller de anodizado<\/h3>\n<p><img decoding=\"async\" src=\"\/wp-content\/uploads\/factory-10.webp\"\/><\/p>\n<h3>Taller de procesamiento profundo<\/h3>\n<p><img decoding=\"async\" src=\"\/wp-content\/uploads\/factory-11.webp\"\/><\/p>\n<h3>Taller de mecanizado de precisi\u00f3n CNC<\/h3>\n<p><img decoding=\"async\" src=\"\/wp-content\/uploads\/factory-11.5.webp\"\/><\/p>\n<h3>Almac\u00e9n de productos acabados y de exportaci\u00f3n<\/h3>\n<p><img decoding=\"async\" src=\"\/wp-content\/uploads\/factory-12.webp\"\/><\/p>\n<p><img decoding=\"async\" src=\"\/wp-content\/uploads\/factory-13.webp\"\/><\/p>\n<p><img decoding=\"async\" src=\"\/wp-content\/uploads\/factory-14.webp\"\/><\/p>\n<h2>PREGUNTAS FRECUENTES<\/h2>\n<p><p><b>1.\u00bfQu\u00e9 es un perfil industrial de mecanizado CNC de precisi\u00f3n? <\/b><\/p>\n<p> Un perfil industrial de mecanizado CNC de precisi\u00f3n es un componente met\u00e1lico con forma personalizada fabricado con m\u00e1quinas CNC para lograr una gran precisi\u00f3n y tolerancias estrechas para uso industrial.<br \/>\n<\/p><br \/>\n<br \/>\n<p><b>2.\u00bfPor qu\u00e9 elegir el mecanizado CNC para perfiles industriales? <\/b><\/p>\n<p> El mecanizado CNC ofrece una precisi\u00f3n superior, repetibilidad y la capacidad de producir geometr\u00edas complejas necesarias en aplicaciones industriales de alto rendimiento.<br \/>\n<\/p><br \/>\n<br \/>\n<p><b>3. \u00bfQu\u00e9 materiales se utilizan para los perfiles industriales CNC? <\/b><\/p>\n<p> Los materiales m\u00e1s comunes son el aluminio, el acero inoxidable y otras aleaciones de alta resistencia, elegidas por su durabilidad y maquinabilidad.<br \/>\n<\/p><br \/>\n<br \/>\n<p><b>4.\u00bfSe pueden personalizar los perfiles? <\/b><\/p>\n<p> S\u00ed, los perfiles industriales de mecanizado CNC de precisi\u00f3n pueden personalizarse completamente en forma, tama\u00f1o, orificios, ranuras y acabados superficiales para satisfacer las necesidades exactas del proyecto.<br \/>\n<\/p><br \/>\n<br \/>\n<p><b>5. \u00bfQu\u00e9 industrias utilizan perfiles mecanizados por CNC? <\/b><\/p>\n<p> Estos perfiles se utilizan ampliamente en los sectores de la automatizaci\u00f3n, aeroespacial, rob\u00f3tica, electr\u00f3nica, automoci\u00f3n y fabricaci\u00f3n de maquinaria.<br \/>\n<\/p><br \/>\n<br \/>\n<p><b>6.\u00bfEs adecuado el mecanizado CNC para la producci\u00f3n de grandes vol\u00famenes? <\/b><\/p>\n<p> Por supuesto, el mecanizado CNC proporciona una calidad y precisi\u00f3n constantes, por lo que resulta ideal tanto para la creaci\u00f3n de prototipos como para la producci\u00f3n a gran escala.<br \/>\n<\/p><br \/>\n<br \/>\n<p><b>7. \u00bfCu\u00e1l es la precisi\u00f3n de los perfiles industriales mecanizados con CNC? <\/b><\/p>\n<p> Los perfiles mecanizados por CNC pueden alcanzar tolerancias tan estrechas como \u00b10,01 mm, en funci\u00f3n del material y el dise\u00f1o.<br \/>\n<\/p><br \/>\n<br \/>\n<p><b>8.\u00bfExisten tratamientos superficiales para los perfiles CNC? <\/b><\/p>\n<p> S\u00ed, las opciones de superficie como el anodizado, el recubrimiento en polvo y el pulido pueden mejorar el aspecto, la resistencia a la corrosi\u00f3n y la resistencia al desgaste.<br \/>\n<\/p><br \/><\/p>","protected":false},"featured_media":7439,"template":"","categories":[67],"class_list":["post-7440","product","type-product","status-publish","has-post-thumbnail","hentry","category-architectural-aluminium-profile"],"meta_box":{"hilight_text_group":{"product_hilight_text":"<li>High-precision CNC machining ensures tight tolerances and excellent fit.<\/li>\r\r\n<li>Customizable profiles meet diverse industrial and mechanical requirements.<\/li>\r\r\n<li>Made from durable aluminum or alloy materials for long-term performance.<\/li>\r\r\n<li>Ideal for automation, robotics, enclosures, and structural assemblies.<\/li>\r\r\n<li>Supports complex geometries and intricate design features.<\/li>\r\r\n<li>Consistent quality and repeatability for mass production needs.<\/li>","product_chanpin_blog":"<ul>\r\r\n<li><a href=\"https:\/\/sinoextrud.com\/t-slot-v-slot-differences\/\" target=\"_blank\">t slot vs v slot<\/a><\/li>\r\r\n<li><a href=\"https:\/\/sinoextrud.com\/what-is-4040-aluminium-extrud\/\" target=\"_blank\">4040 aluminium extrusion<\/a><\/li>\r\r\n<li><a href=\"https:\/\/sinoextrud.com\/what-is-4040-aluminium-extrud\/\" target=\"_blank\">aluminum extrusions for industrial racks<\/a><\/li>\r\r\n<li><a href=\"https:\/\/sinoextrud.com\/powder-coating-aluminium-process\/\" target=\"_blank\">powder coating aluminium<\/a><\/li>\r\r\n<li><a href=\"https:\/\/sinoextrud.com\/what-is-an-aluminium-strip-ceiling\/\" target=\"_blank\">aluminium strip ceiling<\/a><\/li>\r\r\n<li><a href=\"https:\/\/sinoextrud.com\/what-is-a-heat-sink\/\" target=\"_blank\">what is a heat sink<\/a><\/li>\r\r\n<\/ul>","product_chanpin_chanpin":"<li><a href=\"https:\/\/sinoextrud.com\/product\/bright-anodize-brushed-black-window-profile\/\" target=\"_blank\">Bright Anodize Brushed Black Window Profile<\/a><\/li>\r\n<li><a href=\"https:\/\/sinoextrud.com\/product\/customized-aluminum-alloy-housing-grow-light\/\" target=\"_blank\">Customized Aluminum Alloy Housing Grow Light<\/a><\/li>\r\n<li><a href=\"https:\/\/sinoextrud.com\/product\/extruded-aluminum-interlocking-plank-floor\/\" target=\"_blank\">Extruded Aluminum Interlocking Plank Floor<\/a><\/li>\r\n<li><a href=\"https:\/\/sinoextrud.com\/product\/anodized-brushed-black-extruded-frame-profile\/\" target=\"_blank\">Anodized Brushed Black Extruded Frame Profile<\/a><\/li>\r\n<li><a href=\"https:\/\/sinoextrud.com\/product\/precision-cnc-machining-industrial-profile\/\" target=\"_blank\">Precision CNC Machining Industrial Profile<\/a><\/li>\r\n<li><a href=\"https:\/\/sinoextrud.com\/product\/architectural-aluminium-profiles\/\" target=\"_blank\">Architectural Aluminium Profiles<\/a><\/li>\r\n<li><a href=\"https:\/\/sinoextrud.com\/product\/anodized-aluminum-handrail\/\" target=\"_blank\">Anodized Aluminum Handrail<\/a><\/li>\r\n<li><a href=\"https:\/\/sinoextrud.com\/product\/anodized-aluminum-railing-systems\/\" target=\"_blank\">Anodized Aluminum Railing Systems<\/a><\/li>\r\n<li><a href=\"https:\/\/sinoextrud.com\/product\/customize-extruded-aluminium-shower-profiles\/\" target=\"_blank\">Customize Extruded Aluminium Shower Profiles<\/a><\/li>\r\n<li><a href=\"https:\/\/sinoextrud.com\/product\/extruded-aluminium-curtain-rails-profile-prices\/\" target=\"_blank\">Extruded Aluminium Curtain Rails Profile Prices<\/a><\/li>\r\n<li><a href=\"https:\/\/sinoextrud.com\/product\/aluminum-windows-and-doors\/\" target=\"_blank\">Aluminum Windows And Doors<\/a><\/li>"},"feature_list":[]},"_links":{"self":[{"href":"https:\/\/sinoextrud.com\/es\/wp-json\/wp\/v2\/product\/7440","targetHints":{"allow":["GET"]}}],"collection":[{"href":"https:\/\/sinoextrud.com\/es\/wp-json\/wp\/v2\/product"}],"about":[{"href":"https:\/\/sinoextrud.com\/es\/wp-json\/wp\/v2\/types\/product"}],"wp:featuredmedia":[{"embeddable":true,"href":"https:\/\/sinoextrud.com\/es\/wp-json\/wp\/v2\/media\/7439"}],"wp:attachment":[{"href":"https:\/\/sinoextrud.com\/es\/wp-json\/wp\/v2\/media?parent=7440"}],"wp:term":[{"taxonomy":"category","embeddable":true,"href":"https:\/\/sinoextrud.com\/es\/wp-json\/wp\/v2\/categories?post=7440"}],"curies":[{"name":"wp","href":"https:\/\/api.w.org\/{rel}","templated":true}]}}